{"id":4553,"date":"2026-02-28T01:26:40","date_gmt":"2026-02-28T04:26:40","guid":{"rendered":"https:\/\/bibliotecajuridicavirtual.cl\/?post_type=product&#038;p=4553"},"modified":"2026-02-28T01:26:52","modified_gmt":"2026-02-28T04:26:52","slug":"derecho-penal-economico-y-teoria-del-delito-ano-2020-720-pag-autor-eduardo-demetrio-crespo-monica-de-la-cuerda-martin-y-faustino-garcia-de-la-torre-garcia","status":"publish","type":"product","link":"https:\/\/bibliotecajuridicavirtual.cl\/index.php\/product\/derecho-penal-economico-y-teoria-del-delito-ano-2020-720-pag-autor-eduardo-demetrio-crespo-monica-de-la-cuerda-martin-y-faustino-garcia-de-la-torre-garcia\/","title":{"rendered":"Derecho Penal Econ\u00f3mico y Teor\u00eda del Delito. A\u00f1o 2020\/720 P\u00e1g. Autor Eduardo Demetrio Crespo,  M\u00f3nica de la Cuerda Mart\u00edn y Faustino Garc\u00eda de la Torre Garc\u00eda"},"content":{"rendered":"<p>Libro en papel s\u00f3lo disponible en IBD (impresi\u00f3n bajo demanda). El libro bajo demanda se imprime de forma autom\u00e1tica y de manera exclusiva para cada cliente. No admite devoluci\u00f3n.<\/p>\n<p>El libro que el lector tiene entre sus manos es un magn\u00edfico compendio acerca del estado actual de la teor\u00eda del delito en el Derecho penal econ\u00f3mico y empresarial, lo que abarca un haz de temas de enorme complejidad t\u00e9cnica, que han sido abordados en este volumen por algunos de los m\u00e1s destacados especialistas en la materia. La propia sistem\u00e1tica de la obra -confeccionada a partir de algunos ejes clave que van desde las estructuras m\u00e1s cl\u00e1sicas de la Parte General, pasando por la responsabilidad penal de las personas jur\u00eddicas y el compliance penal, hasta algunos aspectos controvertidos de la Parte Especial- es reflejo de esta vocaci\u00f3n. Desde el punto de vista de los contenidos, es posible encontrar en ella art\u00edculos de lectura imprescindible, que se ocupan de cuestiones tales como la necesidad de formular las particularidades en este \u00e1mbito dentro de par\u00e1metros constitucionalmente aceptables, m\u00faltiples interrogantes que resultan de la &#8220;encrucijada&#8221; entre la responsabilidad penal individual y la del ente colectivo, la dif\u00edcil delimitaci\u00f3n de la intervenci\u00f3n delictiva y su configuraci\u00f3n concreta a partir de ciertos principios normativos, la tendencia a la &#8220;objetivaci\u00f3n&#8221; de la responsabilidad penal, el surgimiento de nuevos problemas intrasistem\u00e1ticos o la necesidad de orientar el Derecho penal a la protecci\u00f3n de los Derechos Humanos en un contexto de internacionalizaci\u00f3n, entre otros.<\/p>\n<p>\u00cdndice<br \/>\nNota Preliminar\u00a0\u00a0 \u00a0\u00a0\u00a0 \u00a015<br \/>\nEduardo Demetrio Crespo<br \/>\nDerecho penal econ\u00f3mico y teor\u00eda del delito: otra vuelta de tuerca\u00a0\u00a0 \u00a0\u00a0\u00a0 \u00a017<br \/>\nEduardo Demetrio Crespo<br \/>\nPARTE I<br \/>\nINTRODUCCI\u00d3N<br \/>\nEstado actual de la teor\u00eda del delito y Derecho penal econ\u00f3mico\u00a0\u00a0 \u00a0\u00a0\u00a0 \u00a049<br \/>\nGonzalo Quintero Olivares<br \/>\nProtecci\u00f3n de los derechos econ\u00f3micos, sociales y culturales. Consideraciones pol\u00edtico-criminales\u00a0\u00a0 \u00a0\u00a0\u00a0 \u00a065<br \/>\nJuan M. Terradillos Basoco<br \/>\nPARTE II<br \/>\nLAS ESTRUCTURAS DE LA TEOR\u00cdA DE DELITO EN LA PARTE GENERAL DEL DERECHO PENAL ECON\u00d3MICO Y DE LA EMPRESA VISTAS TRANSVERSALMENTE<br \/>\nMecanismos de atribuci\u00f3n de responsabilidad penal individual en la empresa: Responsabilidad de los \u00f3rganos de administraci\u00f3n, asesores y oficiales de cumplimiento\u00a0\u00a0 \u00a0\u00a0\u00a0 \u00a087<br \/>\nMirentxu Corcoy Bidasolo<br \/>\nTeor\u00eda de los actos neutrales y participaci\u00f3n delictiva. Los l\u00edmites de la participaci\u00f3n criminal en los delitos econ\u00f3micos\u00a0\u00a0 \u00a0\u00a0\u00a0 \u00a0131<br \/>\nBernardo Feijoo S\u00e1nchez<br \/>\nEl principio de confianza como criterio de imputaci\u00f3n en el \u00e1mbito de la empresa\u00a0\u00a0 \u00a0\u00a0\u00a0 \u00a0179<br \/>\nMario Maraver G\u00f3mez<br \/>\nDesarrollos de la dogm\u00e1tica de la autor\u00eda en el Derecho penal econ\u00f3mico y empresarial. Peculiaridades a la luz de la concepci\u00f3n significativa de la acci\u00f3n (y del C\u00f3digo penal espa\u00f1ol)\u00a0\u00a0 \u00a0\u00a0\u00a0 \u00a0239<br \/>\nCarlos Mart\u00ednez-Buj\u00e1n P\u00e9rez<br \/>\nA vueltas con la vieja delimitaci\u00f3n entre il\u00edcito administrativo e il\u00edcito penal, a prop\u00f3sito de algunos nuevos problemas\u00a0\u00a0 \u00a0\u00a0\u00a0 \u00a0263<br \/>\nFernando Navarro Cardoso<br \/>\nLa responsabilidad penal del administrador de empresa por decisiones colegiales\u00a0\u00a0 \u00a0\u00a0\u00a0 \u00a0293<br \/>\nAna Isabel P\u00e9rez Cepeda<br \/>\nLa delimitaci\u00f3n entre prueba y subsunci\u00f3n del dolo en Derecho penal econ\u00f3mico: el caso de los testaferros\u00a0\u00a0 \u00a0\u00a0\u00a0 \u00a0327<br \/>\nMercedes P\u00e9rez Manzano<br \/>\nPARTE III<br \/>\nRESPONSABILIDAD PENAL DE LAS PERSONAS JUR\u00cdDICAS, COMPLIANCE Y TEOR\u00cdA DEL DELITO: \u00bfUNA NUEVA TEOR\u00cdA DEL DELITO O UNA TEOR\u00cdA DEL DELITO SIN BASE?<br \/>\nImputaci\u00f3n objetiva y compliance penal\u00a0\u00a0 \u00a0\u00a0\u00a0 \u00a0371<br \/>\nDino Carlos Caro Coria<br \/>\nEl cumplimiento normativo eficaz penalmente\u00a0\u00a0 \u00a0\u00a0\u00a0 \u00a0411<br \/>\nNorberto J. de la Mata Barranco<br \/>\nLa transmisi\u00f3n de las penas en las modificaciones estructurales de las personas jur\u00eddicas. Una reflexi\u00f3n sobre la aplicaci\u00f3n del principio de personalidad de las penas a los entes colectivos\u00a0\u00a0 \u00a0\u00a0\u00a0 \u00a0431<br \/>\nPatricia Faraldo Cabana<br \/>\nPersonas jur\u00eddicas imputables e inimputables, incluidas y excluidas en el modelo vigente de responsabilidad penal de las personas jur\u00eddicas\u00a0\u00a0 \u00a0\u00a0\u00a0 \u00a0451<br \/>\nJavier Gustavo Fern\u00e1ndez Teruelo<br \/>\nProgramas de cumplimiento normativo como paradigma de la justicia penal preventiva\u00a0\u00a0 \u00a0\u00a0\u00a0 \u00a0471<br \/>\nAna Isabel P\u00e9rez Mach\u00edo<br \/>\n\u00bfCu\u00e1l es la valoraci\u00f3n jur\u00eddica de los compliance en la teor\u00eda de la responsabilidad penal de las personas jur\u00eddicas?\u00a0\u00a0 \u00a0\u00a0\u00a0 \u00a0503<br \/>\nLaura Z\u00fa\u00f1iga Rodr\u00edguez<br \/>\nPARTE IV<br \/>\nASPECTOS CONFLICTIVOS DESDE LA PARTE ESPECIAL DEL DERECHO PENAL<br \/>\nBlanqueo de dinero, criminalidad organizada y responsabilidad penal de las personas jur\u00eddicas\u00a0\u00a0 \u00a0\u00a0\u00a0 \u00a0539<br \/>\nMiguel Abel Souto<br \/>\nEl soborno internacional: Normas, obst\u00e1culos y propuestas\u00a0\u00a0 \u00a0\u00a0\u00a0 \u00a0569<br \/>\nIgnacio Berdugo G\u00f3mez de la Torre<br \/>\nLa responsabilidad penal del asesor fiscal en la era del compliance\u00a0\u00a0 \u00a0\u00a0\u00a0 \u00a0603<br \/>\nJuan Carlos Ferr\u00e9 Oliv\u00e9<br \/>\nLa protecci\u00f3n penal de la informaci\u00f3n privilegiada\u00a0\u00a0 \u00a0\u00a0\u00a0 \u00a0629<br \/>\nDiego Jos\u00e9 G\u00f3mez Iniesta<br \/>\nLa \u00faltima crisis bancaria en la jurisprudencia penal\u00a0\u00a0 \u00a0\u00a0\u00a0 \u00a0657<br \/>\nAd\u00e1n Nieto Mart\u00edn<br \/>\nAna Mar\u00eda Prieto del Pino<\/p>\n","protected":false},"excerpt":{"rendered":"<h4 style=\"text-align: center;\"><span style=\"color: #ff0000;\">( LIBRO ESPA\u00d1OL)<\/span><\/h4>\n<h5 style=\"text-align: center;\">Envi\u00f3 10 d\u00edas h\u00e1biles.<\/h5>\n","protected":false},"featured_media":4583,"comment_status":"open","ping_status":"closed","template":"","meta":{"inline_featured_image":false,"_joinchat":[]},"product_brand":[],"product_cat":[30],"product_tag":[],"class_list":{"0":"post-4553","1":"product","2":"type-product","3":"status-publish","4":"has-post-thumbnail","6":"product_cat-penal","7":"product_shipping_class-a-convenir","9":"first","10":"instock","11":"shipping-taxable","12":"purchasable","13":"product-type-simple"},"_links":{"self":[{"href":"https:\/\/bibliotecajuridicavirtual.cl\/index.php\/wp-json\/wp\/v2\/product\/4553","targetHints":{"allow":["GET"]}}],"collection":[{"href":"https:\/\/bibliotecajuridicavirtual.cl\/index.php\/wp-json\/wp\/v2\/product"}],"about":[{"href":"https:\/\/bibliotecajuridicavirtual.cl\/index.php\/wp-json\/wp\/v2\/types\/product"}],"replies":[{"embeddable":true,"href":"https:\/\/bibliotecajuridicavirtual.cl\/index.php\/wp-json\/wp\/v2\/comments?post=4553"}],"wp:featuredmedia":[{"embeddable":true,"href":"https:\/\/bibliotecajuridicavirtual.cl\/index.php\/wp-json\/wp\/v2\/media\/4583"}],"wp:attachment":[{"href":"https:\/\/bibliotecajuridicavirtual.cl\/index.php\/wp-json\/wp\/v2\/media?parent=4553"}],"wp:term":[{"taxonomy":"product_brand","embeddable":true,"href":"https:\/\/bibliotecajuridicavirtual.cl\/index.php\/wp-json\/wp\/v2\/product_brand?post=4553"},{"taxonomy":"product_cat","embeddable":true,"href":"https:\/\/bibliotecajuridicavirtual.cl\/index.php\/wp-json\/wp\/v2\/product_cat?post=4553"},{"taxonomy":"product_tag","embeddable":true,"href":"https:\/\/bibliotecajuridicavirtual.cl\/index.php\/wp-json\/wp\/v2\/product_tag?post=4553"}],"curies":[{"name":"wp","href":"https:\/\/api.w.org\/{rel}","templated":true}]}}