{"id":4555,"date":"2026-02-28T01:26:40","date_gmt":"2026-02-28T04:26:40","guid":{"rendered":"https:\/\/bibliotecajuridicavirtual.cl\/?post_type=product&#038;p=4555"},"modified":"2026-02-28T01:26:53","modified_gmt":"2026-02-28T04:26:53","slug":"derecho-penal-economico-y-de-empresa-parte-general-y-parte-especial-doctrina-y-jurisprudencia-con-casos-solucionados-tomo-2-ano-2020-768-pag-autor-mirentxu-corcoy-bidasolo-y-victor-gomez-martin","status":"publish","type":"product","link":"https:\/\/bibliotecajuridicavirtual.cl\/index.php\/product\/derecho-penal-economico-y-de-empresa-parte-general-y-parte-especial-doctrina-y-jurisprudencia-con-casos-solucionados-tomo-2-ano-2020-768-pag-autor-mirentxu-corcoy-bidasolo-y-victor-gomez-martin\/","title":{"rendered":"Derecho Penal Econ\u00f3mico y de Empresa Parte General y Parte Especial. Doctrina y jurisprudencia con casos solucionados. Tomo 2. A\u00f1o 2020\/768 P\u00e1g. Autor  Mirentxu Corcoy Bidasolo y V\u00edctor G\u00f3mez Mart\u00edn"},"content":{"rendered":"<p>Derecho Penal Econ\u00f3mico y de Empresa Parte General y Parte Especial. Doctrina y jurisprudencia con casos solucionados. Tomo 2.<\/p>\n<p>\u00cdndice<br \/>\nPr\u00f3logo 1\u00aa edici\u00f3n\u00a0\u00a0 \u00a0\u00a0\u00a0 \u00a015<br \/>\nPr\u00f3logo 2\u00aa edici\u00f3n\u00a0\u00a0 \u00a0\u00a0\u00a0 \u00a017<br \/>\nAbreviaturas\u00a0\u00a0 \u00a0\u00a0\u00a0 \u00a019<br \/>\nBibliograf\u00eda general\u00a0\u00a0 \u00a0\u00a0\u00a0 \u00a025<br \/>\nI. Parte general: Cuestiones b\u00e1sicas de parte general aplicadas a la actividad econ\u00f3mica<br \/>\nTema 1<br \/>\nConcepto y contexto del Derecho Penal Econ\u00f3mico<br \/>\nDavid Carpio Briz<br \/>\nI.\u00a0\u00a0 \u00a0Introducci\u00f3n pol\u00edtico-criminal a la protecci\u00f3n penal del sistema econ\u00f3mico\u00a0\u00a0 \u00a0\u00a0\u00a0 \u00a031<br \/>\nII.\u00a0\u00a0 \u00a0Algunos problemas vinculados al proceso de administrativizaci\u00f3n y mercantilizaci\u00f3n del Derecho penal econ\u00f3mico\u00a0\u00a0 \u00a0\u00a0\u00a0 \u00a033<br \/>\nIII.\u00a0\u00a0 \u00a0Las tesis cr\u00edticas frente al Derecho penal econ\u00f3mico\u00a0\u00a0 \u00a0\u00a0\u00a0 \u00a038<br \/>\nIV.\u00a0\u00a0 \u00a0Toma de postura frente a las tesis cr\u00edticas\u00a0\u00a0 \u00a0\u00a0\u00a0 \u00a040<br \/>\nTema 2<br \/>\nResponsabilidad Penal de las Personas F\u00edsicas<br \/>\nI.\u00a0\u00a0 \u00a0La organizaci\u00f3n de la actividad mercantil como presupuesto de la determinaci\u00f3n de la responsabilidad penal individual de la empresa\u00a0\u00a0 \u00a0\u00a0\u00a0 \u00a043<br \/>\nV\u00edctor G\u00f3mez Mart\u00edn<br \/>\nCarolina Bolea Bardon<br \/>\nII.\u00a0\u00a0 \u00a0Autor\u00eda. Actuar en nombre o representaci\u00f3n de otro\u00a0\u00a0 \u00a0\u00a0\u00a0 \u00a051<br \/>\nSantiago Mir Puig<br \/>\nV\u00edctor G\u00f3mez Mart\u00edn<br \/>\nIII.\u00a0\u00a0 \u00a0Concepto y responsabilidad del administrador y directivo\u00a0\u00a0 \u00a0\u00a0\u00a0 \u00a066<br \/>\nSilvia Fern\u00e1ndez Bautista<br \/>\nIV.\u00a0\u00a0 \u00a0Participaci\u00f3n. Participaci\u00f3n en delitos especiales\u00a0\u00a0 \u00a0\u00a0\u00a0 \u00a070<br \/>\nSantiago Mir Puig<br \/>\nV\u00edctor G\u00f3mez Mart\u00edn<br \/>\nV.\u00a0\u00a0 \u00a0La responsabilidad penal de los socios por la criminalidad empresarial\u00a0\u00a0 \u00a0\u00a0\u00a0 \u00a075<br \/>\nJavier Cig\u00fcela Sola<br \/>\nVI.\u00a0\u00a0 \u00a0Delegaci\u00f3n de funciones. Deberes de control y vigilancia\u00a0\u00a0 \u00a0\u00a0\u00a0 \u00a080<br \/>\nCarolina Bolea Bardon<br \/>\nV\u00edctor G\u00f3mez Mart\u00edn<\/p>\n<p>VII.\u00a0\u00a0 \u00a0Comisi\u00f3n por omisi\u00f3n. Deberes de garante en la empresa\u00a0\u00a0 \u00a0\u00a0\u00a0 \u00a089<br \/>\nCarolina Bolea Bardon<br \/>\nV\u00edctor G\u00f3mez Mart\u00edn<br \/>\nVIII.\u00a0\u00a0 \u00a0Imputaci\u00f3n objetiva. Riesgo permitido. Conductas neutrales\u00a0\u00a0 \u00a0\u00a0\u00a0 \u00a0100<br \/>\nMirentxu Corcoy Bidasolo<br \/>\nIX.\u00a0\u00a0 \u00a0Imputaci\u00f3n subjetiva. Dolo. Ignorancia deliberada. Imprudencia\u00a0\u00a0 \u00a0\u00a0\u00a0 \u00a0113<br \/>\nMirentxu Corcoy Bidasolo<br \/>\nX.\u00a0\u00a0 \u00a0Justificaci\u00f3n, inimputabilidad e inexigibilidad\u00a0\u00a0 \u00a0\u00a0\u00a0 \u00a0126<br \/>\nSantiago Mir Puig<br \/>\nV\u00edctor G\u00f3mez Mart\u00edn<br \/>\nXI.\u00a0\u00a0 \u00a0Atenuantes y agravantes. Reparaci\u00f3n. Confesi\u00f3n. Reincidencia\u00a0\u00a0 \u00a0\u00a0\u00a0 \u00a0144<br \/>\nSantiago Mir Puig<br \/>\nV\u00edctor G\u00f3mez Mart\u00edn<br \/>\nTema 3<br \/>\nResponsabilidad Penal de la Persona Jur\u00eddica<br \/>\nV\u00edctor G\u00f3mez Mart\u00edn<br \/>\nVicente Valiente Iv\u00e1\u00f1ez<br \/>\nJavier Cig\u00fcela Sola<br \/>\nI.\u00a0\u00a0 \u00a0Cuestiones generales\u00a0\u00a0 \u00a0\u00a0\u00a0 \u00a0156<br \/>\nII.\u00a0\u00a0 \u00a0Sujetos responsables\u00a0\u00a0 \u00a0\u00a0\u00a0 \u00a0160<br \/>\nIII.\u00a0\u00a0 \u00a0Numerus clausus: delitos incluidos\u00a0\u00a0 \u00a0\u00a0\u00a0 \u00a0161<br \/>\nIV.\u00a0\u00a0 \u00a0Presupuestos de atribuci\u00f3n de responsabilidad a la persona jur\u00eddica\u00a0\u00a0 \u00a0\u00a0\u00a0 \u00a0162<br \/>\nV.\u00a0\u00a0 \u00a0Causas de atenuaci\u00f3n de la responsabilidad penal\u00a0\u00a0 \u00a0\u00a0\u00a0 \u00a0166<br \/>\nTema 4<br \/>\nProgramas de cumplimiento<br \/>\nI.\u00a0\u00a0 \u00a0Concepto y funci\u00f3n del compliance\u00a0\u00a0 \u00a0\u00a0\u00a0 \u00a0172<br \/>\nJavier Cig\u00fcela Sola<br \/>\nII.\u00a0\u00a0 \u00a0Principios inspiradores de los modelos de prevenci\u00f3n de delitos\u00a0\u00a0 \u00a0\u00a0\u00a0 \u00a0175<br \/>\nV\u00edctor G\u00f3mez Mart\u00edn<br \/>\nIII.\u00a0\u00a0 \u00a0Elementos esenciales de los modelos de prevenci\u00f3n de delitos\u00a0\u00a0 \u00a0\u00a0\u00a0 \u00a0178<br \/>\nV\u00edctor G\u00f3mez Mart\u00edn<br \/>\nAlejandro Turienzo Fern\u00e1ndez<br \/>\nIV.\u00a0\u00a0 \u00a0Investigaciones internas\u00a0\u00a0 \u00a0\u00a0\u00a0 \u00a0184<br \/>\nV\u00edctor G\u00f3mez Mart\u00edn<br \/>\nV.\u00a0\u00a0 \u00a0El \u00f3rgano de cumplimiento o compliance officer\u00a0\u00a0 \u00a0\u00a0\u00a0 \u00a0191<br \/>\nV\u00edctor G\u00f3mez Mart\u00edn<br \/>\nAlejandro Turienzo Fern\u00e1ndez<\/p>\n<p>Tema 5<br \/>\nConsecuencias jur\u00eddicas<br \/>\nI.\u00a0\u00a0 \u00a0Consecuencias jur\u00eddicas para las personas f\u00edsicas\u00a0\u00a0 \u00a0\u00a0\u00a0 \u00a0205<br \/>\nUjala Joshi Jubert<br \/>\nII.\u00a0\u00a0 \u00a0Consecuencias jur\u00eddicas para las personas jur\u00eddicas\u00a0\u00a0 \u00a0\u00a0\u00a0 \u00a0208<br \/>\nSantiago Mir Puig<br \/>\nV\u00edctor G\u00f3mez Mart\u00edn<br \/>\nJavier Cig\u00fcela Sola<br \/>\nIII.\u00a0\u00a0 \u00a0Responsabilidad civil derivada de delito\u00a0\u00a0 \u00a0\u00a0\u00a0 \u00a0212<br \/>\nUjala Joshi Jubert<br \/>\nIV.\u00a0\u00a0 \u00a0Consecuencias accesorias\u00a0\u00a0 \u00a0\u00a0\u00a0 \u00a0230<br \/>\nMirentxu Corcoy Bidasolo<br \/>\nV.\u00a0\u00a0 \u00a0Especial consideraci\u00f3n del decomiso\u00a0\u00a0 \u00a0\u00a0\u00a0 \u00a0233<br \/>\nCarlos Castellv\u00ed Monserrat<br \/>\nTema 6<br \/>\nLa persona jur\u00eddica ante el proceso penal<br \/>\nJuan Sebasti\u00e1n Vera S\u00e1nchez<br \/>\nI.\u00a0\u00a0 \u00a0Teor\u00eda general\u00a0\u00a0 \u00a0\u00a0\u00a0 \u00a0245<br \/>\nII.\u00a0\u00a0 \u00a0Jurisdicci\u00f3n y competencia\u00a0\u00a0 \u00a0\u00a0\u00a0 \u00a0249<br \/>\nIII.\u00a0\u00a0 \u00a0Derechos y garant\u00edas procesales de la persona jur\u00eddica imputada\u00a0\u00a0 \u00a0\u00a0\u00a0 \u00a0259<br \/>\nIV.\u00a0\u00a0 \u00a0Medidas cautelares aplicables a la persona jur\u00eddica\u00a0\u00a0 \u00a0\u00a0\u00a0 \u00a0266<br \/>\nV.\u00a0\u00a0 \u00a0Cuestiones probatorias del proceso penal en contra de personas jur\u00eddicas\u00a0\u00a0 \u00a0\u00a0\u00a0 \u00a0269<br \/>\nVI.\u00a0\u00a0 \u00a0La conformidad de la persona jur\u00eddica\u00a0\u00a0 \u00a0\u00a0\u00a0 \u00a0285<br \/>\nII. Parte ESPECIAL: DELINCUENCIA SOCIOECON\u00d3MICA<br \/>\nTema 1<br \/>\nActividad econ\u00f3mica y delitos patrimoniales<br \/>\nJos\u00e9-Ignacio Gallego Soler<br \/>\nI.\u00a0\u00a0 \u00a0Estafa y modalidades equiparadas (arts. 248-249, 251 bis)\u00a0\u00a0 \u00a0\u00a0\u00a0 \u00a0291<br \/>\nII.\u00a0\u00a0 \u00a0Estafas agravadas e impropias (arts. 250-251)\u00a0\u00a0 \u00a0\u00a0\u00a0 \u00a0310<br \/>\nIII.\u00a0\u00a0 \u00a0Apropiaci\u00f3n indebida (arts. 253-254)\u00a0\u00a0 \u00a0\u00a0\u00a0 \u00a0316<br \/>\nIV.\u00a0\u00a0 \u00a0Administraci\u00f3n desleal (art. 252)\u00a0\u00a0 \u00a0\u00a0\u00a0 \u00a0327<br \/>\nTema 2<br \/>\nActividad societaria. Mercado y consumidores<br \/>\nI.\u00a0\u00a0 \u00a0Delitos societarios (arts. 290-297)\u00a0\u00a0 \u00a0\u00a0\u00a0 \u00a0335<br \/>\nJos\u00e9-Ignacio Gallego Soler<br \/>\nII.\u00a0\u00a0 \u00a0Mercado y los consumidores: cuestiones generales\u00a0\u00a0 \u00a0\u00a0\u00a0 \u00a0362<br \/>\nDulce M. Santana Vega<br \/>\nIII.\u00a0\u00a0 \u00a0Descubrimiento y revelaci\u00f3n de secreto empresarial (arts. 278-280)\u00a0\u00a0 \u00a0\u00a0\u00a0 \u00a0365<br \/>\nDulce M. Santana Vega<br \/>\nIV.\u00a0\u00a0 \u00a0Detracci\u00f3n del mercado de materias primas o productos de primera necesidad (art. 281)\u00a0\u00a0 \u00a0\u00a0\u00a0 \u00a0377<br \/>\nDulce M. Santana Vega<br \/>\nV.\u00a0\u00a0 \u00a0Delito de publicidad enga\u00f1osa (art. 282)\u00a0\u00a0 \u00a0\u00a0\u00a0 \u00a0380<br \/>\nDulce M. Santana Vega<br \/>\nVI.\u00a0\u00a0 \u00a0Fraude de inversores (art. 282 bis)\u00a0\u00a0 \u00a0\u00a0\u00a0 \u00a0384<br \/>\nDulce M. Santana Vega<br \/>\nVII.\u00a0\u00a0 \u00a0Facturaci\u00f3n indebida mediante aparatos autom\u00e1ticos (art. 283)\u00a0\u00a0 \u00a0\u00a0\u00a0 \u00a0389<br \/>\nDulce M. Santana Vega<br \/>\nVIII.\u00a0\u00a0 \u00a0Maquinaciones para alterar el precio de las cosas (art. 284)\u00a0\u00a0 \u00a0\u00a0\u00a0 \u00a0392<br \/>\nDulce M. Santana Vega<br \/>\nIX.\u00a0\u00a0 \u00a0Abuso de informaci\u00f3n privilegiada (art. 285)\u00a0\u00a0 \u00a0\u00a0\u00a0 \u00a0399<br \/>\nDulce M. Santana Vega<br \/>\nX.\u00a0\u00a0 \u00a0Manipulaciones realizadas en los medios de sonora o televisiva y de servicios interactivos prestados a distancia por v\u00eda electr\u00f3nica (art. 286)\u00a0\u00a0 \u00a0\u00a0\u00a0 \u00a0405<br \/>\nDulce M. Santana Vega<br \/>\nTema 3<br \/>\nActividad econ\u00f3mica y corrupci\u00f3n<br \/>\nI.\u00a0\u00a0 \u00a0Corrupci\u00f3n p\u00fablica: cohecho de particular (arts. 419-427 bis)\u00a0\u00a0 \u00a0\u00a0\u00a0 \u00a0409<br \/>\nDulce M. Santana Vega<br \/>\nII.\u00a0\u00a0 \u00a0Tr\u00e1fico de influencias (arts. 428-430)\u00a0\u00a0 \u00a0\u00a0\u00a0 \u00a0414<br \/>\nDulce M. Santana Vega<br \/>\nIII.\u00a0\u00a0 \u00a0Corrupci\u00f3n en los negocios o entre particulares (arts. 286 bis-286 qu\u00e1ter)\u00a0\u00a0 \u00a0\u00a0\u00a0 \u00a0419<br \/>\nDulce M. Santana Vega<br \/>\nIV.\u00a0\u00a0 \u00a0Financiaci\u00f3n ilegal de los partidos pol\u00edticos (arts. 304 bis-304 TER)\u00a0\u00a0 \u00a0\u00a0\u00a0 \u00a0436<br \/>\nGuillermo Ram\u00edrez Mart\u00edn<br \/>\nTema 4<br \/>\nDelitos contra la propiedad industrial e intelectual<br \/>\nV\u00edctor G\u00f3mez Mart\u00edn<br \/>\nI.\u00a0\u00a0 \u00a0Delitos contra la propiedad intelectual (arts. 270-272)\u00a0\u00a0 \u00a0\u00a0\u00a0 \u00a0443<br \/>\nII.\u00a0\u00a0 \u00a0Delitos contra la propiedad industrial (arts. 273-277)\u00a0\u00a0 \u00a0\u00a0\u00a0 \u00a0466<br \/>\nTema 5<br \/>\nProtecci\u00f3n penal de los acreedores<br \/>\nUjala Joshi Jubert<br \/>\nI.\u00a0\u00a0 \u00a0Protecci\u00f3n penal de los acreedores (arts. 257-261)\u00a0\u00a0 \u00a0\u00a0\u00a0 \u00a0481<br \/>\nII.\u00a0\u00a0 \u00a0Frustraci\u00f3n de la ejecuci\u00f3n (arts. 257-58 ter)\u00a0\u00a0 \u00a0\u00a0\u00a0 \u00a0483<br \/>\nIII.\u00a0\u00a0 \u00a0Insolvencias punibles (arts. 259-259 bis)\u00a0\u00a0 \u00a0\u00a0\u00a0 \u00a0506<br \/>\nIV.\u00a0\u00a0 \u00a0Delitos cometidos en el marco concursal (arts. 260-261)\u00a0\u00a0 \u00a0\u00a0\u00a0 \u00a0518<br \/>\nTema 6<br \/>\nDelitos tributarios y contra la Seguridad Social<br \/>\nI.\u00a0\u00a0 \u00a0Cuestiones generales (arts. 305-310 bis)\u00a0\u00a0 \u00a0\u00a0\u00a0 \u00a0525<br \/>\nCelia D\u00edaz Morgado<br \/>\nII.\u00a0\u00a0 \u00a0Delito fiscal (art. 305)\u00a0\u00a0 \u00a0\u00a0\u00a0 \u00a0530<br \/>\nJos\u00e9-Ignacio Gallego Soler<br \/>\nCelia D\u00edaz Morgado<br \/>\nIII.\u00a0\u00a0 \u00a0Delito contable\u00a0\u00a0 \u00a0\u00a0\u00a0 \u00a0545<br \/>\nCelia D\u00edaz Morgado<br \/>\nIV.\u00a0\u00a0 \u00a0Delitos contra la seguridad social (arts. 307-307 ter)\u00a0\u00a0 \u00a0\u00a0\u00a0 \u00a0549<br \/>\nCelia D\u00edaz Morgado<br \/>\nV.\u00a0\u00a0 \u00a0Delito de fraude de subvenciones (art. 308)\u00a0\u00a0 \u00a0\u00a0\u00a0 \u00a0560<br \/>\nCelia D\u00edaz Morgado<br \/>\nVI.\u00a0\u00a0 \u00a0Delitos contra los intereses financieros de la uni\u00f3n europea (arts. 305.3 y 306)\u00a0\u00a0 \u00a0\u00a0\u00a0 \u00a0566<br \/>\nCelia D\u00edaz Morgado<br \/>\nTema 7<br \/>\nBlanqueo de capitales<br \/>\nI.\u00a0\u00a0 \u00a0Prevenci\u00f3n del blanqueo de capitales\u00a0\u00a0 \u00a0\u00a0\u00a0 \u00a0575<br \/>\nDavid Carpio Briz<br \/>\nII.\u00a0\u00a0 \u00a0Delito de blanqueo de capitales (arts. 301-304)\u00a0\u00a0 \u00a0\u00a0\u00a0 \u00a0583<br \/>\nJos\u00e9-Ignacio Gallego Soler<br \/>\nTema 8<br \/>\nDelitos contra los derechos de los trabajadores y los ciudadanos extranjeros<br \/>\nI.\u00a0\u00a0 \u00a0Cuestiones generales. Imposici\u00f3n y mantenimiento de las condiciones ilegales de trabajo (art. 311)\u00a0\u00a0 \u00a0\u00a0\u00a0 \u00a0597<br \/>\nJuan Carlos Hortal Ibarra<br \/>\nII.\u00a0\u00a0 \u00a0Ocupaci\u00f3n reiterada a extranjeros o menores de edad carentes del permiso de trabajo (art. 311 BIS)\u00a0\u00a0 \u00a0\u00a0\u00a0 \u00a0610<br \/>\nJuan Carlos Hortal Ibarra<br \/>\nIII.\u00a0\u00a0 \u00a0Tr\u00e1fico ilegal de mano de obra y reclutamiento o determinaci\u00f3n al abandono del puesto de trabajo (art. 312.1 y 2)\u00a0\u00a0 \u00a0\u00a0\u00a0 \u00a0613<br \/>\nJuan Carlos Hortal Ibarra<br \/>\nIV.\u00a0\u00a0 \u00a0Contrataci\u00f3n de trabajadores extranjeros sin permiso de trabajo en condiciones laborales lesivas (art. 312.2 inciso II)\u00a0\u00a0 \u00a0\u00a0\u00a0 \u00a0614<br \/>\nJuan Carlos Hortal Ibarra<br \/>\nV.\u00a0\u00a0 \u00a0Determinaci\u00f3n o favorecimiento de la emigraci\u00f3n mediante simulaci\u00f3n o enga\u00f1o (art. 313)\u00a0\u00a0 \u00a0\u00a0\u00a0 \u00a0618<br \/>\nJuan Carlos Hortal Ibarra<br \/>\nVI.\u00a0\u00a0 \u00a0Delito contra la discriminaci\u00f3n laboral (art. 314)\u00a0\u00a0 \u00a0\u00a0\u00a0 \u00a0619<br \/>\nJuan Carlos Hortal Ibarra<br \/>\nVII.\u00a0\u00a0 \u00a0Protecci\u00f3n penal de la libertad sindical y el derecho de huelga (art. 315)\u00a0\u00a0 \u00a0\u00a0\u00a0 \u00a0622<br \/>\nJuan Carlos Hortal Ibarra<br \/>\nVIII.\u00a0\u00a0 \u00a0Delitos contra la seguridad en el trabajo (art. 316-318)\u00a0\u00a0 \u00a0\u00a0\u00a0 \u00a0627<br \/>\nJuan Carlos Hortal Ibarra<br \/>\nIX.\u00a0\u00a0 \u00a0Delitos contra los derechos de los ciudadanos extranjeros (art. 318 bis)\u00a0\u00a0 \u00a0\u00a0\u00a0 \u00a0644<br \/>\nDulce M. Santana Vega<br \/>\nTema 9<br \/>\nDelitos contra la salud de los consumidores<br \/>\nMirentxu Corcoy Bidasolo<br \/>\nI.\u00a0\u00a0 \u00a0Teor\u00eda general de la responsabilidad por el producto\u00a0\u00a0 \u00a0\u00a0\u00a0 \u00a0659<br \/>\nII.\u00a0\u00a0 \u00a0Delitos contra la salud de los consumidores. \u201cFraude alimentario\u201d (arts. 359-367)\u00a0\u00a0 \u00a0\u00a0\u00a0 \u00a0665<br \/>\nIII.\u00a0\u00a0 \u00a0Delitos de elaboraci\u00f3n y venta de medicamentos. Dopaje (arts. 361-362 sexies)\u00a0\u00a0 \u00a0\u00a0\u00a0 \u00a0676<br \/>\nTema 10<br \/>\nDelitos contra el medio ambiente, urban\u00edstico y contra el patrimonio hist\u00f3rico<br \/>\nI.\u00a0\u00a0 \u00a0Delitos contra el medio ambiente (arts. 325-331; 338-340)\u00a0\u00a0 \u00a0\u00a0\u00a0 \u00a0691<br \/>\nMirentxu Corcoy Bidasolo<br \/>\nII.\u00a0\u00a0 \u00a0Delitos relativos a la protecci\u00f3n de la flora, fauna, caza y pesca (arts. 332-336)\u00a0\u00a0 \u00a0\u00a0\u00a0 \u00a0719<br \/>\nMirentxu Corcoy Bidasolo<br \/>\nIII.\u00a0\u00a0 \u00a0Delito urban\u00edstico (art. 319)\u00a0\u00a0 \u00a0\u00a0\u00a0 \u00a0729<br \/>\nDulce M. Santana Vega<br \/>\nIV.\u00a0\u00a0 \u00a0Delitos contra el patrimonio hist\u00f3rico, art\u00edstico y cultural (arts. 321-324)\u00a0\u00a0 \u00a0\u00a0\u00a0 \u00a0743<br \/>\nMirentxu Corcoy Bidasolo<br \/>\nV.\u00a0\u00a0 \u00a0Prevaricaciones especiales (arts. 320, 322, 329)\u00a0\u00a0 \u00a0\u00a0\u00a0 \u00a0754<br \/>\nMirentxu Corcoy Bidasolo<\/p>\n","protected":false},"excerpt":{"rendered":"<h4 style=\"text-align: center;\"><span style=\"color: #ff0000;\">( LIBRO ESPA\u00d1OL)<\/span><\/h4>\n<h5 style=\"text-align: center;\">Envi\u00f3 10 d\u00edas h\u00e1biles.<\/h5>\n","protected":false},"featured_media":4585,"comment_status":"open","ping_status":"closed","template":"","meta":{"inline_featured_image":false,"_joinchat":[]},"product_brand":[],"product_cat":[30],"product_tag":[],"class_list":{"0":"post-4555","1":"product","2":"type-product","3":"status-publish","4":"has-post-thumbnail","6":"product_cat-penal","7":"product_shipping_class-a-convenir","9":"first","10":"instock","11":"shipping-taxable","12":"purchasable","13":"product-type-simple"},"_links":{"self":[{"href":"https:\/\/bibliotecajuridicavirtual.cl\/index.php\/wp-json\/wp\/v2\/product\/4555","targetHints":{"allow":["GET"]}}],"collection":[{"href":"https:\/\/bibliotecajuridicavirtual.cl\/index.php\/wp-json\/wp\/v2\/product"}],"about":[{"href":"https:\/\/bibliotecajuridicavirtual.cl\/index.php\/wp-json\/wp\/v2\/types\/product"}],"replies":[{"embeddable":true,"href":"https:\/\/bibliotecajuridicavirtual.cl\/index.php\/wp-json\/wp\/v2\/comments?post=4555"}],"wp:featuredmedia":[{"embeddable":true,"href":"https:\/\/bibliotecajuridicavirtual.cl\/index.php\/wp-json\/wp\/v2\/media\/4585"}],"wp:attachment":[{"href":"https:\/\/bibliotecajuridicavirtual.cl\/index.php\/wp-json\/wp\/v2\/media?parent=4555"}],"wp:term":[{"taxonomy":"product_brand","embeddable":true,"href":"https:\/\/bibliotecajuridicavirtual.cl\/index.php\/wp-json\/wp\/v2\/product_brand?post=4555"},{"taxonomy":"product_cat","embeddable":true,"href":"https:\/\/bibliotecajuridicavirtual.cl\/index.php\/wp-json\/wp\/v2\/product_cat?post=4555"},{"taxonomy":"product_tag","embeddable":true,"href":"https:\/\/bibliotecajuridicavirtual.cl\/index.php\/wp-json\/wp\/v2\/product_tag?post=4555"}],"curies":[{"name":"wp","href":"https:\/\/api.w.org\/{rel}","templated":true}]}}