{"id":4559,"date":"2026-02-28T01:26:41","date_gmt":"2026-02-28T04:26:41","guid":{"rendered":"https:\/\/bibliotecajuridicavirtual.cl\/?post_type=product&#038;p=4559"},"modified":"2026-02-28T01:26:56","modified_gmt":"2026-02-28T04:26:56","slug":"responsabilidad-penal-de-las-personas-juridicas-y-programas-de-cumplimiento-ano-2020-392-pag-autor-jose-luis-gonzalez-cussac","status":"publish","type":"product","link":"https:\/\/bibliotecajuridicavirtual.cl\/index.php\/product\/responsabilidad-penal-de-las-personas-juridicas-y-programas-de-cumplimiento-ano-2020-392-pag-autor-jose-luis-gonzalez-cussac\/","title":{"rendered":"Responsabilidad Penal de las Personas Jur\u00eddicas y Programas de Cumplimiento. A\u00f1o 2020\/392 P\u00e1g. Autor Jos\u00e9 Luis Gonz\u00e1lez Cussac"},"content":{"rendered":"<p>El libro puede decirse que consta de tres partes diferenciadas. En la primera se distinguen tres perspectivas en el an\u00e1lisis de la responsabilidad penal de las personas jur\u00eddicas. Una inicial aborda la discusi\u00f3n ideol\u00f3gica, esto es la justificaci\u00f3n pol\u00edtico-criminal de incluir a las personas jur\u00eddicas en el Derecho penal y en el caso espa\u00f1ol, de adjuntar los programas de cumplimento como eximente. A continuaci\u00f3n, se aborda la regulaci\u00f3n espa\u00f1ola desde una perspectiva estrictamente constitucional. Por fin, se completa con una mirada t\u00e9cnico-jur\u00eddica o dogm\u00e1tica, es decir, los problemas que plantea esta regulaci\u00f3n en el marco de un constructo jur\u00eddico liberal creado exclusivamente para explicar la responsabilidad penal de las personas f\u00edsicas.<\/p>\n<p>En un segundo bloque, el m\u00e1s extenso de la obra, se desarrolla una detallada ex\u00e9gesis de la regulaci\u00f3n contenida en el C\u00f3digo penal espa\u00f1ol. As\u00ed, se examinan desde los presupuestos hasta las condiciones y requisitos de los programas de cumplimento, as\u00ed como lo relativo a las consecuencias jur\u00eddicas.<\/p>\n<p>La parte final gira alrededor del fundamento del castigo de los entes morales, y tras exponer las diferentes opiniones, se propone explorar su entendimiento desde la filosof\u00eda del lenguaje. En concreto, desde la concepci\u00f3n significativa de la acci\u00f3n propuesta por VIVES ANT\u00d3N.<br \/>\n\u00cdndice<br \/>\nABREVIATURAS\u00a0\u00a0 \u00a0\u200311<br \/>\nCap\u00edtulo 1.<br \/>\nPlanteamiento<br \/>\n19<br \/>\nCap\u00edtulo 2.<br \/>\nEl plano pol\u00edtico-criminal<br \/>\n2.1. Una decisi\u00f3n pol\u00edtica\u00a0\u00a0 \u00a0\u200325<br \/>\n2.2. Populismo punitivo\u00a0\u00a0 \u00a0\u200329<br \/>\n2.3. Los actores globales\u00a0\u00a0 \u00a0\u200331<br \/>\n2.4. Corrupci\u00f3n transnacional y la lucha por el privilegio de la exclusi\u00f3n del Derecho Penal (autorregulaci\u00f3n).\u00a0\u00a0 \u00a0\u200333<br \/>\n2.5. Las opciones pol\u00edtico-criminales\u00a0\u00a0 \u00a0\u200338<br \/>\n2.6. Balance provisional\u00a0\u00a0 \u00a0\u200346<br \/>\nCap\u00edtulo 3.<br \/>\nEl plano constitucional<br \/>\n3.1. Principio de legalidad\u00a0\u00a0 \u00a0\u200357<br \/>\n3.2. Principios derivados del principio de legalidad.\u00a0\u00a0 \u00a0\u200359<br \/>\n3.2.1. Ne bis in \u00eddem.\u00a0\u00a0 \u00a0\u200359<br \/>\n3.2.2. Principio de culpabilidad\u00a0\u00a0 \u00a0\u200363<br \/>\n3.3. Principio de proporcionalidad\u00a0\u00a0 \u00a0\u200368<br \/>\n3.4. Derechos y garant\u00edas procesales\u00a0\u00a0 \u00a0\u200370<br \/>\n3.5. \u00bfUn cuerpo extra\u00f1o en un Derecho Penal constitucionalmente fundamentado?\u00a0\u00a0 \u00a0\u200375<br \/>\nCap\u00edtulo 4.<br \/>\nEl plano t\u00e9cnico-jur\u00eddico<br \/>\n4.1. Un Derecho Penal en transformaci\u00f3n\u00a0\u00a0 \u00a0\u200377<br \/>\n4.2. Apunte hist\u00f3rico de la persona jur\u00eddica en Derecho civil\u00a0\u00a0 \u00a0\u200378<br \/>\n4.3. La responsabilidad penal de la persona jur\u00eddica: \u00bfuna novedad jur\u00eddica?\u00a0\u00a0 \u00a0\u200380<br \/>\n4.4. Juegos alrededor de una m\u00e1xima: Societas delinquere nec punire potest.\u00a0\u00a0 \u00a0\u200382<br \/>\n4.5. El rendimiento de la teor\u00eda jur\u00eddica del delito y el m\u00e9todo dogm\u00e1tico\u00a0\u00a0 \u00a0\u200386<br \/>\n4.6. El c\u00f3mo se establece el presupuesto legal de la responsabilidad penal de la persona jur\u00eddica\u00a0\u00a0 \u00a0\u200390<br \/>\n4.7. Pol\u00edtica criminal, Constituci\u00f3n y dogm\u00e1tica\u00a0\u00a0 \u00a0\u200391<br \/>\nCap\u00edtulo 5.<br \/>\nLos presupuestos legales de a responsabilidad penal de las personas jur\u00eddicas<br \/>\n5.1. Exigencia legal de tres presupuestos comunes\u00a0\u00a0 \u00a0\u200395<br \/>\n5.2. El primer presupuesto legal com\u00fan: personalidad jur\u00eddica\u00a0\u00a0 \u00a0\u200397<br \/>\n5.2.1. El diferente r\u00e9gimen del art. 31 bis y del art. 129 CP\u00a0\u00a0 \u00a0\u200397<br \/>\n5.2.2. El concepto jur\u00eddico-penal de personalidad jur\u00eddica.\u00a0\u00a0 \u00a0\u200399<br \/>\n5.2.3. Sujetos legalmente excluidos del art. 31 bis CP (art. 31 quinquies)\u00a0\u00a0 \u00a0\u2003102<br \/>\n5.2.3.1. Exclusi\u00f3n absoluta de entidades dotadas de personalidad jur\u00eddica\u00a0\u00a0 \u00a0\u2003103<br \/>\n5.2.3.2. Personas jur\u00eddicas ahora incluidas en el r\u00e9gimen del art. 31 bis.\u00a0\u00a0 \u00a0\u2003105<br \/>\n5.2.3.3. Incluidas, pero, seg\u00fan los casos, con un r\u00e9gimen penol\u00f3gico especial.\u00a0\u00a0 \u00a0\u2003107<br \/>\n5.2.4. Personas jur\u00eddicas imputables y personas jur\u00eddicas inimputables\u00a0\u00a0 \u00a0\u2003110<br \/>\n5.3. Segundo presupuesto legal com\u00fan: sistema de numerus clausus de delitos\u00a0\u00a0 \u00a0\u2003112<br \/>\n5.4. Tercer presupuesto legal com\u00fan: la previa actuaci\u00f3n il\u00edcita de un sujeto id\u00f3neo persona f\u00edsica y los dos hechos de conexi\u00f3n\u00a0\u00a0 \u00a0\u2003116<br \/>\n5.4.1. La cuesti\u00f3n del hecho precedente y el t\u00e9rmino \u201ccometer\u201d el delito\u00a0\u00a0 \u00a0\u2003117<br \/>\n5.4.2. Modelo de doble v\u00eda: los dos hechos de conexi\u00f3n\u00a0\u00a0 \u00a0\u2003122<br \/>\n5.4.3. Primer hecho de conexi\u00f3n: representantes legales, administradores y directivos.\u00a0\u00a0 \u00a0\u2003130<br \/>\n5.4.3.1. Representantes, administradores y directivos.\u00a0\u00a0 \u00a0\u2003131<br \/>\n5.4.3.2. En nombre o por cuenta de la sociedad.\u00a0\u00a0 \u00a0\u2003136<br \/>\n5.4.3.3. En beneficio directo o indirecto de la sociedad.\u00a0\u00a0 \u00a0\u2003139<br \/>\n5.4.4. Segundo hecho de conexi\u00f3n: empleados\/subordinados.\u00a0\u00a0 \u00a0\u2003143<br \/>\n5.4.4.1. Empleados\/subordinados\u00a0\u00a0 \u00a0\u2003143<br \/>\n5.4.4.2. En el ejercicio de actividades sociales y por cuenta y en beneficio directo o indirecto de la sociedad.\u00a0\u00a0 \u00a0\u2003144<br \/>\n5.4.4.3. Haberse incumplido gravemente los deberes de supervisi\u00f3n, vigilancia y control\u00a0\u00a0 \u00a0\u2003146<br \/>\n5.5. Acumulaci\u00f3n y compatibilidad de la responsabilidad penal de personas f\u00edsicas y jur\u00eddicas (art. 31 ter)\u00a0\u00a0 \u00a0\u2003153<br \/>\n5.6. Ausencia de otras reglas espec\u00edficas de extensi\u00f3n de la punibilidad\u00a0\u00a0 \u00a0\u2003158<br \/>\nCap\u00edtulo 6.<br \/>\nCondiciones de los programas de cumplimiento<br \/>\n6.1. Eficacia jur\u00eddica de los programas de cumplimiento y modelo de doble v\u00eda\u00a0\u00a0 \u00a0\u2003163<br \/>\n6.2. Condiciones de los programas conforme al art. 31 bis 2\u00ba: exenci\u00f3n o atenuaci\u00f3n en los casos que el delito haya sido cometido por representantes, administradores o directivos, conforme a la transferencia operada por el art. 31 bis 1\u00aa a) CP.\u00a0\u00a0 \u00a0\u2003166<br \/>\n6.2.1. Idoneidad temporal, formal y material\u00a0\u00a0 \u00a0\u2003166<br \/>\n6.2.1.1. Idoneidad temporal.\u00a0\u00a0 \u00a0\u2003167<br \/>\n6.2.1.2. Idoneidad formal.\u00a0\u00a0 \u00a0\u2003167<br \/>\n6.2.1.3. Idoneidad material\u00a0\u00a0 \u00a0\u2003169<br \/>\n6.2.2. \u00d3rgano con poderes aut\u00f3nomos de supervisi\u00f3n del funcionamiento y cumplimiento del programa de prevenci\u00f3n.\u00a0\u00a0 \u00a0\u2003184<br \/>\n6.2.3. Que el delito se haya cometido eludiendo fraudulentamente los modelos de prevenci\u00f3n.\u00a0\u00a0 \u00a0\u2003189<br \/>\n6.2.4. Omisi\u00f3n o ejercicio insuficiente de las funciones de supervisi\u00f3n, control y vigilancia.\u00a0\u00a0 \u00a0\u2003192<br \/>\n6.3. Condiciones si el delito de referencia fue cometido por un empleado\/subordinado conforme al art. 31 bis 1 b), operan las condiciones del art. 31 bis 4.\u00a0\u00a0 \u00a0\u2003195<br \/>\n6.4. Condiciones si se trata de empresas de peque\u00f1as dimensiones (art. 31 bis 3).\u00a0\u00a0 \u00a0\u2003201<br \/>\n6.5. Las condiciones del art. 31 bis 2, 3 y 4 como atenuante\u00a0\u00a0 \u00a0\u2003202<br \/>\n6.5.1. Recapitulaci\u00f3n\u00a0\u00a0 \u00a0\u2003202<br \/>\n6.5.2. Naturaleza material y no procesal de la f\u00f3rmula legal\u00a0\u00a0 \u00a0\u2003204<br \/>\n6.5.3. Condiciones susceptibles de su apreciaci\u00f3n como atenuante\u00a0\u00a0 \u00a0\u2003205<br \/>\n6.5.3.1. Idoneidad. Es evidente la posibilidad de modulaci\u00f3n de la condici\u00f3n primera, idoneidad, en sus tres concreciones: temporal, formal y material.\u00a0\u00a0 \u00a0\u2003206<br \/>\n6.5.3.2. \u00d3rgano con poderes aut\u00f3nomos de supervisi\u00f3n del funcionamiento y cumplimiento del programa.\u00a0\u00a0 \u00a0\u2003207<br \/>\n6.5.3.3. Que el delito se haya cometido eludiendo fraudulentamente los modelos de prevenci\u00f3n. \u00a0\u00a0 \u00a0\u2003208<br \/>\n6.5.3.4. Omisi\u00f3n o ejercicio insuficiente de las funciones de supervisi\u00f3n, control y vigilancia. \u00a0\u00a0 \u00a0\u2003208<br \/>\n6.6. Naturaleza jur\u00eddica de las condiciones y la cuesti\u00f3n de la carga de la prueba.\u00a0\u00a0 \u00a0\u2003209<br \/>\n6.6.1. La carga de la prueba corresponde a la defensa.\u00a0\u00a0 \u00a0\u2003210<br \/>\n6.6.2. La carga de la prueba corresponde a la acusaci\u00f3n.\u00a0\u00a0 \u00a0\u2003212<br \/>\n6.6.3. Tesis \u201cconciliadora\u201d.\u00a0\u00a0 \u00a0\u2003214<br \/>\n6.6.4. Carga de la prueba, in dubio pro reo y momento procesal oportuno\u00a0\u00a0 \u00a0\u2003215<br \/>\n6.6.5. Apunte sobre el control judicial de los programas de cumplimiento.\u00a0\u00a0 \u00a0\u2003217<br \/>\nCap\u00edtulo 7.<br \/>\nRequisitos de los programas de cumplimiento (art. 31 Bis 5)<br \/>\n7.1. Primer requisito: mapa de actividades de riesgo penal en la sociedad\u00a0\u00a0 \u00a0\u2003224<br \/>\n7.2. Segundo requisito: protocolos de los procesos de formaci\u00f3n de la voluntad, toma de decisiones y de su ejecuci\u00f3n\u00a0\u00a0 \u00a0\u2003228<br \/>\n7.3. Tercer requisito: recursos financieros\u00a0\u00a0 \u00a0\u2003229<br \/>\n7.4. Cuarto requisito: obligaci\u00f3n de informar de riesgos e incumplimientos\u00a0\u00a0 \u00a0\u2003230<br \/>\n7.5. Quinto requisito: sistema disciplinario\u00a0\u00a0 \u00a0\u2003235<br \/>\n7.6. Sexto requisito: verificaci\u00f3n peri\u00f3dica\u00a0\u00a0 \u00a0\u2003236<br \/>\nCap\u00edtulo 8.<br \/>\nConsecuencias jur\u00eddicas<br \/>\n8.1. Penalidad (art. 33.7).\u00a0\u00a0 \u00a0\u2003239<br \/>\n8.1.1. Cuestiones generales\u00a0\u00a0 \u00a0\u2003239<br \/>\n8.1.2. Clases de penas\u00a0\u00a0 \u00a0\u2003242<br \/>\n8.2. Circunstancias atenuantes espec\u00edficas (art. 31 quater).\u00a0\u00a0 \u00a0\u2003250<br \/>\n8.3. Determinaci\u00f3n de la pena (art. 66 bis).\u00a0\u00a0 \u00a0\u2003255<br \/>\n8.3.1. El alcance de la eficacia atenuante\u00a0\u00a0 \u00a0\u2003255<br \/>\n8.3.2. Reenv\u00edo al art. 66 CP.\u00a0\u00a0 \u00a0\u2003258<br \/>\n8.3.3. Reglas espec\u00edficas.\u00a0\u00a0 \u00a0\u2003260<br \/>\n8.3.3.1. Primera.\u00a0\u00a0 \u00a0\u2003260<br \/>\n8.3.3.2. Segunda.\u00a0\u00a0 \u00a0\u2003261<br \/>\n8.4. Responsabilidad civil.\u00a0\u00a0 \u00a0\u2003264<br \/>\n8.5. Extinci\u00f3n de la responsabilidad penal\u00a0\u00a0 \u00a0\u2003266<br \/>\n8.6. Perseguibilidad y prescripci\u00f3n.\u00a0\u00a0 \u00a0\u2003268<br \/>\nCap\u00edtulo 9.<br \/>\nSobre el fundamento de la punici\u00f3n<br \/>\n9.1. Justificaci\u00f3n constitucional\u00a0\u00a0 \u00a0\u2003271<br \/>\n9.2. S\u00edntesis de las propuestas sobre el fundamento\u00a0\u00a0 \u00a0\u2003273<br \/>\n9.2.1. Modelo de negaci\u00f3n de una aut\u00e9ntica responsabilidad penal de la persona jur\u00eddica.\u00a0\u00a0 \u00a0\u2003276<br \/>\n9.2.2. Modelo mixto de cooperaci\u00f3n o favorecimiento: \u201cla tercera v\u00eda\u201d\u00a0\u00a0 \u00a0\u2003277<br \/>\n9.2.3. Modelo de responsabilidad por participaci\u00f3n omisiva e imprudente.\u00a0\u00a0 \u00a0\u2003279<br \/>\n9.2.4. Modelo de heterorresponsabilidad limitada.\u00a0\u00a0 \u00a0\u2003279<br \/>\n9.2.5. Modelo de autorresponsabilidad limitada.\u00a0\u00a0 \u00a0\u2003286<br \/>\n9.2.6. Modelo de autorresponsabilidad absoluta.\u00a0\u00a0 \u00a0\u2003288<br \/>\n9.2.7. Modelo de autorresponsabilidad desde la filosof\u00eda del lenguaje\u00a0\u00a0 \u00a0\u2003294<br \/>\n9.2.8. El principio de precauci\u00f3n como fundamento\u00a0\u00a0 \u00a0\u2003297<br \/>\n9.3. M\u00e1s all\u00e1 del debate: hacia un consenso m\u00ednimo\u00a0\u00a0 \u00a0\u2003298<br \/>\n9.4. Dogm\u00e1tica, ley y Constituci\u00f3n.\u00a0\u00a0 \u00a0\u2003304<br \/>\n9.4.1. El punto de partida\u00a0\u00a0 \u00a0\u2003304<br \/>\n9.4.2. Interpretaci\u00f3n estricta de la ley sujeta a la Constituci\u00f3n\u00a0\u00a0 \u00a0\u2003305<br \/>\n9.4.3. Texto de la ley y jurisprudencia constitucional\u00a0\u00a0 \u00a0\u2003311<br \/>\n9.5. Una mirada desde la filosof\u00eda del lenguaje\u00a0\u00a0 \u00a0\u2003314<br \/>\n9.5.1. La capacidad de acci\u00f3n.\u00a0\u00a0 \u00a0\u2003319<br \/>\n9.5.2. La capacidad de infringir la ley penal.\u00a0\u00a0 \u00a0\u2003328<br \/>\n9.5.3. \u00bfCortar o deshacer el nudo?\u00a0\u00a0 \u00a0\u2003337<br \/>\nCap\u00edtulo 10.<br \/>\nCr\u00edtica de lege data y propuesta de lege ferenda<br \/>\n343<\/p>\n<p>BIBLIOGRAF\u00cdA\u00a0\u00a0 \u00a0\u2003347<\/p>\n","protected":false},"excerpt":{"rendered":"<h4 style=\"text-align: center;\"><span style=\"color: #ff0000;\">( LIBRO ESPA\u00d1OL)<\/span><\/h4>\n<h5 style=\"text-align: center;\">Envi\u00f3 10 d\u00edas h\u00e1biles.<\/h5>\n<p>&nbsp;<\/p>\n","protected":false},"featured_media":4589,"comment_status":"open","ping_status":"closed","template":"","meta":{"inline_featured_image":false,"_joinchat":[]},"product_brand":[],"product_cat":[30],"product_tag":[],"class_list":{"0":"post-4559","1":"product","2":"type-product","3":"status-publish","4":"has-post-thumbnail","6":"product_cat-penal","7":"product_shipping_class-a-convenir","9":"first","10":"instock","11":"shipping-taxable","12":"purchasable","13":"product-type-simple"},"_links":{"self":[{"href":"https:\/\/bibliotecajuridicavirtual.cl\/index.php\/wp-json\/wp\/v2\/product\/4559","targetHints":{"allow":["GET"]}}],"collection":[{"href":"https:\/\/bibliotecajuridicavirtual.cl\/index.php\/wp-json\/wp\/v2\/product"}],"about":[{"href":"https:\/\/bibliotecajuridicavirtual.cl\/index.php\/wp-json\/wp\/v2\/types\/product"}],"replies":[{"embeddable":true,"href":"https:\/\/bibliotecajuridicavirtual.cl\/index.php\/wp-json\/wp\/v2\/comments?post=4559"}],"wp:featuredmedia":[{"embeddable":true,"href":"https:\/\/bibliotecajuridicavirtual.cl\/index.php\/wp-json\/wp\/v2\/media\/4589"}],"wp:attachment":[{"href":"https:\/\/bibliotecajuridicavirtual.cl\/index.php\/wp-json\/wp\/v2\/media?parent=4559"}],"wp:term":[{"taxonomy":"product_brand","embeddable":true,"href":"https:\/\/bibliotecajuridicavirtual.cl\/index.php\/wp-json\/wp\/v2\/product_brand?post=4559"},{"taxonomy":"product_cat","embeddable":true,"href":"https:\/\/bibliotecajuridicavirtual.cl\/index.php\/wp-json\/wp\/v2\/product_cat?post=4559"},{"taxonomy":"product_tag","embeddable":true,"href":"https:\/\/bibliotecajuridicavirtual.cl\/index.php\/wp-json\/wp\/v2\/product_tag?post=4559"}],"curies":[{"name":"wp","href":"https:\/\/api.w.org\/{rel}","templated":true}]}}