{"id":4560,"date":"2026-02-28T01:26:41","date_gmt":"2026-02-28T04:26:41","guid":{"rendered":"https:\/\/bibliotecajuridicavirtual.cl\/?post_type=product&#038;p=4560"},"modified":"2026-02-28T01:26:57","modified_gmt":"2026-02-28T04:26:57","slug":"justicia-y-nueva-constitucion-ano-2023-132-pag-autor-antonio-bascunan-r-rodrigo-p-correa-g-guillermo-jimenez-samuel-tschorne-ricardo-lillo-ycarlos-correa-robles","status":"publish","type":"product","link":"https:\/\/bibliotecajuridicavirtual.cl\/index.php\/product\/justicia-y-nueva-constitucion-ano-2023-132-pag-autor-antonio-bascunan-r-rodrigo-p-correa-g-guillermo-jimenez-samuel-tschorne-ricardo-lillo-ycarlos-correa-robles\/","title":{"rendered":"Justicia y Nueva Constituci\u00f3n. A\u00f1o 2023\/132 P\u00e1g. Autor Antonio Bascu\u00f1\u00e1n R., Rodrigo P. Correa G. ,Guillermo Jim\u00e9nez ,Samuel Tschorne ,Ricardo Lillo yCarlos Correa Robles"},"content":{"rendered":"<p>Los tribunales y los procedimientos judiciales cumplen la funci\u00f3n cr\u00edtica de garantizar la vigencia del Estado de Derecho. No es tarea de la constituci\u00f3n establecer los tribunales ni regular los m\u00faltiples procedimientos adecuados para los variados asuntos que les corresponde conocer. Pero la constituci\u00f3n s\u00ed debe establecer las bases fundamentales que garanticen la independencia judicial y la protecci\u00f3n de los derechos fundamentales de quienes se enfrentan a un juicio. La presente obra ofrece propuestas de regulaci\u00f3n para estas bases fundamentales. Es una contribuci\u00f3n fundamental al proceso constitucional a cargo de una Comisi\u00f3n de Expertos y un Consejo Constitucional.<\/p>\n<p>\u00cdNDICE<br \/>\nPresentaci\u00f3n\u00a0\u00a0 \u00a0\u00a0\u00a0 \u00a09<br \/>\nIsabel Aninat Sahli<br \/>\nel Poder Judicial en la Constituci\u00f3n\u00a0\u00a0 \u00a0\u00a0\u00a0 \u00a011<br \/>\nAntonio Bascu\u00f1\u00e1n Rodr\u00edguez<br \/>\nrodrigo p. correa g.<br \/>\nI. Consideraciones generales\u00a0\u00a0 \u00a0\u00a0\u00a0 \u00a011<br \/>\nII. Separaci\u00f3n de poderes y poder de juzgar\u00a0\u00a0 \u00a0\u00a0\u00a0 \u00a013<br \/>\nIII. Materias a ser reguladas por la constituci\u00f3n\u00a0\u00a0 \u00a0\u00a0\u00a0 \u00a017<br \/>\nIV. Independencia externa e interna del juez\u00a0\u00a0 \u00a0\u00a0\u00a0 \u00a018<br \/>\nV. Gesti\u00f3n administrativa de la organizaci\u00f3n judicial\u00a0\u00a0 \u00a0\u00a0\u00a0 \u00a021<br \/>\nVI. Consejo de la Justicia\u00a0\u00a0 \u00a0\u00a0\u00a0 \u00a022<br \/>\nVII. Presidente de la Administraci\u00f3n de Justicia\u00a0\u00a0 \u00a0\u00a0\u00a0 \u00a022<br \/>\nVIII. Control judicial de constitucionalidad\u00a0\u00a0 \u00a0\u00a0\u00a0 \u00a023<br \/>\nIX. Amparo constitucional\u00a0\u00a0 \u00a0\u00a0\u00a0 \u00a031<br \/>\nX. Cortes Superiores y unificaci\u00f3n de jurisprudencia\u00a0\u00a0 \u00a0\u00a0\u00a0 \u00a036<br \/>\nXI. Corte Suprema\u00a0\u00a0 \u00a0\u00a0\u00a0 \u00a038<br \/>\nXII. Designaci\u00f3n de los jueces\u00a0\u00a0 \u00a0\u00a0\u00a0 \u00a039<br \/>\nXIII. Responsabilidad de los jueces, sanciones disciplinarias y remoci\u00f3n\u00a0\u00a0 \u00a0\u00a0\u00a0 \u00a040<br \/>\nXIV. Ep\u00edgrafe del cap\u00edtulo de la constituci\u00f3n\u00a0\u00a0 \u00a0\u00a0\u00a0 \u00a041<br \/>\nXV. Propuesta de regulaci\u00f3n\u00a0\u00a0 \u00a0\u00a0\u00a0 \u00a043<br \/>\nJusticia administrativa y constituci\u00f3n\u00a0\u00a0 \u00a0\u00a0\u00a0 \u00a059<br \/>\nGuillermo Jim\u00e9nez<br \/>\nSamuel Tschorne<br \/>\nI. Introducci\u00f3n\u00a0\u00a0 \u00a0\u00a0\u00a0 \u00a059<br \/>\nII. La problem\u00e1tica historia de lo contencioso-administrativo y su regulaci\u00f3n constitucional\u00a0\u00a0 \u00a0\u00a0\u00a0 \u00a060<br \/>\nIII. Lo contencioso-administrativo bajo la constituci\u00f3n vigente\u00a0\u00a0 \u00a0\u00a0\u00a0 \u00a063<br \/>\nIV. La justicia administrativa en la propuesta de la Convenci\u00f3n Constitucional\u00a0\u00a0 \u00a0\u00a0\u00a0 \u00a070<br \/>\nV. Propuesta para la regulaci\u00f3n constitucional de la justicia administrativa\u00a0\u00a0 \u00a0\u00a0\u00a0 \u00a077<br \/>\nBibliograf\u00eda\u00a0\u00a0 \u00a0\u00a0\u00a0 \u00a081<br \/>\nBases constitucionales del derecho de acceso a la justicia\u00a0\u00a0 \u00a0\u00a0\u00a0 \u00a085<br \/>\nRicardo Lillo Lobos<br \/>\nI. Introducci\u00f3n\u00a0\u00a0 \u00a0\u00a0\u00a0 \u00a085<br \/>\nII. Algunos antecedentes generales del derecho de acceso a la justicia\u00a0\u00a0 \u00a0\u00a0\u00a0 \u00a085<br \/>\nIII. El acceso a la justicia en la Constituci\u00f3n de 1980\u00a0\u00a0 \u00a0\u00a0\u00a0 \u00a090<br \/>\nDesarrollos en la doctrina y jurisprudencia constitucional chilena.\u00a0\u00a0 \u00a0\u00a0\u00a0 \u00a091<br \/>\nDesarrollos aplicables en el \u00e1mbito nacional a partir del Derecho Internacional de los Derechos Humanos.\u00a0\u00a0 \u00a0\u00a0\u00a0 \u00a098<br \/>\nIV. Propuestas de incorporaci\u00f3n del derecho de acceso a la justicia a una nueva Constituci\u00f3n\u00a0\u00a0 \u00a0\u00a0\u00a0 \u00a0102<br \/>\nEl proyecto de reforma constitucional del 2018.\u00a0\u00a0 \u00a0\u00a0\u00a0 \u00a0103<br \/>\nLa propuesta constitucional de 2022.\u00a0\u00a0 \u00a0\u00a0\u00a0 \u00a0105<br \/>\nV. Reflexiones finales para una nueva propuesta en la materia\u00a0\u00a0 \u00a0\u00a0\u00a0 \u00a0107<br \/>\nVI. Propuesta de regulaci\u00f3n\u00a0\u00a0 \u00a0\u00a0\u00a0 \u00a0109<br \/>\nBibliograf\u00eda\u00a0\u00a0 \u00a0\u00a0\u00a0 \u00a0109<br \/>\nEl derecho a la libertad individual y seguridad personal y las garant\u00edas aplicables al proceso penal en una nueva Constituci\u00f3n\u00a0\u00a0 \u00a0\u00a0\u00a0 \u00a0113<br \/>\nCarlos Correa Robles<br \/>\nI. Introducci\u00f3n\u00a0\u00a0 \u00a0\u00a0\u00a0 \u00a0113<br \/>\nII. El tratamiento del derecho a la libertad individual y a la seguridad personal\u00a0\u00a0 \u00a0\u00a0\u00a0 \u00a0114<br \/>\nIII. Garant\u00edas aplicables al proceso penal\u00a0\u00a0 \u00a0\u00a0\u00a0 \u00a0119<br \/>\nIV. Propuesta normativa\u00a0\u00a0 \u00a0\u00a0\u00a0 \u00a0123<br \/>\nAUTORES\u00a0\u00a0 \u00a0\u00a0\u00a0 \u00a0127<\/p>\n","protected":false},"excerpt":{"rendered":"<p>Los tribunales y los procedimientos judiciales cumplen la funci\u00f3n cr\u00edtica de garantizar la vigencia del Estado de Derecho. No es tarea de la constituci\u00f3n establecer los tribunales ni regular los m\u00faltiples procedimientos adecuados para los variados asuntos que les corresponde conocer. Pero la constituci\u00f3n s\u00ed debe establecer las bases fundamentales que garanticen la independencia judicial y la protecci\u00f3n de los derechos fundamentales de quienes se enfrentan a un juicio. La presente obra ofrece propuestas de regulaci\u00f3n para estas bases fundamentales. Es una contribuci\u00f3n fundamental al proceso constitucional a cargo de una Comisi\u00f3n de Expertos y un Consejo Constitucional. \u00cdNDICE Presentaci\u00f3n\u00a0\u00a0 \u00a0\u00a0\u00a0 \u00a09 Isabel Aninat Sahli el Poder Judicial en la Constituci\u00f3n\u00a0\u00a0 \u00a0\u00a0\u00a0 \u00a011 Antonio Bascu\u00f1\u00e1n Rodr\u00edguez rodrigo p. correa g. I. Consideraciones generales\u00a0\u00a0 \u00a0\u00a0\u00a0 \u00a011 II. Separaci\u00f3n de poderes y poder de juzgar\u00a0\u00a0 \u00a0\u00a0\u00a0 \u00a013 III. Materias a ser reguladas por la constituci\u00f3n\u00a0\u00a0 \u00a0\u00a0\u00a0 \u00a017 IV. Independencia externa e interna del juez\u00a0\u00a0 \u00a0\u00a0\u00a0 \u00a018 V. Gesti\u00f3n administrativa de la organizaci\u00f3n judicial\u00a0\u00a0 \u00a0\u00a0\u00a0 \u00a021 VI. Consejo de la Justicia\u00a0\u00a0 \u00a0\u00a0\u00a0 \u00a022 VII. Presidente de la Administraci\u00f3n de Justicia\u00a0\u00a0 \u00a0\u00a0\u00a0 \u00a022 VIII. Control judicial de constitucionalidad\u00a0\u00a0 \u00a0\u00a0\u00a0 \u00a023 IX. Amparo constitucional\u00a0\u00a0 \u00a0\u00a0\u00a0 \u00a031 X. Cortes Superiores y unificaci\u00f3n de jurisprudencia\u00a0\u00a0 \u00a0\u00a0\u00a0 \u00a036 XI. Corte Suprema\u00a0\u00a0 \u00a0\u00a0\u00a0 \u00a038 XII. Designaci\u00f3n de los jueces\u00a0\u00a0 \u00a0\u00a0\u00a0 \u00a039 XIII. Responsabilidad de los jueces, sanciones disciplinarias y remoci\u00f3n\u00a0\u00a0 \u00a0\u00a0\u00a0 \u00a040 XIV. Ep\u00edgrafe del cap\u00edtulo de la constituci\u00f3n\u00a0\u00a0 \u00a0\u00a0\u00a0 \u00a041 XV. Propuesta de regulaci\u00f3n\u00a0\u00a0 \u00a0\u00a0\u00a0 \u00a043 Justicia administrativa y constituci\u00f3n\u00a0\u00a0 \u00a0\u00a0\u00a0 \u00a059 Guillermo Jim\u00e9nez Samuel Tschorne I. Introducci\u00f3n\u00a0\u00a0 \u00a0\u00a0\u00a0 \u00a059 II. La problem\u00e1tica historia de lo contencioso-administrativo y su regulaci\u00f3n constitucional\u00a0\u00a0 \u00a0\u00a0\u00a0 \u00a060 III. Lo contencioso-administrativo bajo la constituci\u00f3n vigente\u00a0\u00a0 \u00a0\u00a0\u00a0 \u00a063 IV. La justicia administrativa en la propuesta de la Convenci\u00f3n Constitucional\u00a0\u00a0 \u00a0\u00a0\u00a0 \u00a070 V. Propuesta para la regulaci\u00f3n constitucional de la justicia administrativa\u00a0\u00a0 \u00a0\u00a0\u00a0 \u00a077 Bibliograf\u00eda\u00a0\u00a0 \u00a0\u00a0\u00a0 \u00a081 Bases constitucionales del derecho de acceso a la justicia\u00a0\u00a0 \u00a0\u00a0\u00a0 \u00a085 Ricardo Lillo Lobos I. Introducci\u00f3n\u00a0\u00a0 \u00a0\u00a0\u00a0 \u00a085 II. Algunos antecedentes generales del derecho de acceso a la justicia\u00a0\u00a0 \u00a0\u00a0\u00a0 \u00a085 III. El acceso a la justicia en la Constituci\u00f3n de 1980\u00a0\u00a0 \u00a0\u00a0\u00a0 \u00a090 Desarrollos en la doctrina y jurisprudencia constitucional chilena.\u00a0\u00a0 \u00a0\u00a0\u00a0 \u00a091 Desarrollos aplicables en el \u00e1mbito nacional a partir del Derecho Internacional de los Derechos Humanos.\u00a0\u00a0 \u00a0\u00a0\u00a0 \u00a098 IV. Propuestas de incorporaci\u00f3n del derecho de acceso a la justicia a una nueva Constituci\u00f3n\u00a0\u00a0 \u00a0\u00a0\u00a0 \u00a0102 El proyecto de reforma constitucional del 2018.\u00a0\u00a0 \u00a0\u00a0\u00a0 \u00a0103 La propuesta constitucional de 2022.\u00a0\u00a0 \u00a0\u00a0\u00a0 \u00a0105 V. Reflexiones finales para una nueva propuesta en la materia\u00a0\u00a0 \u00a0\u00a0\u00a0 \u00a0107 VI. Propuesta de regulaci\u00f3n\u00a0\u00a0 \u00a0\u00a0\u00a0 \u00a0109 Bibliograf\u00eda\u00a0\u00a0 \u00a0\u00a0\u00a0 \u00a0109 El derecho a la libertad individual y seguridad personal y las garant\u00edas aplicables al proceso penal en una nueva Constituci\u00f3n\u00a0\u00a0 \u00a0\u00a0\u00a0 \u00a0113 Carlos Correa Robles I. Introducci\u00f3n\u00a0\u00a0 \u00a0\u00a0\u00a0 \u00a0113 II. El tratamiento del derecho a la libertad individual y a la seguridad personal\u00a0\u00a0 \u00a0\u00a0\u00a0 \u00a0114 III. Garant\u00edas aplicables al proceso penal\u00a0\u00a0 \u00a0\u00a0\u00a0 \u00a0119 IV. Propuesta normativa\u00a0\u00a0 \u00a0\u00a0\u00a0 \u00a0123 AUTORES\u00a0\u00a0 \u00a0\u00a0\u00a0 \u00a0127<\/p>\n","protected":false},"featured_media":4590,"comment_status":"open","ping_status":"closed","template":"","meta":{"inline_featured_image":false,"_joinchat":[]},"product_brand":[],"product_cat":[33],"product_tag":[],"class_list":{"0":"post-4560","1":"product","2":"type-product","3":"status-publish","4":"has-post-thumbnail","6":"product_cat-constitucional","7":"product_shipping_class-a-convenir","9":"first","10":"instock","11":"shipping-taxable","12":"purchasable","13":"product-type-simple"},"_links":{"self":[{"href":"https:\/\/bibliotecajuridicavirtual.cl\/index.php\/wp-json\/wp\/v2\/product\/4560","targetHints":{"allow":["GET"]}}],"collection":[{"href":"https:\/\/bibliotecajuridicavirtual.cl\/index.php\/wp-json\/wp\/v2\/product"}],"about":[{"href":"https:\/\/bibliotecajuridicavirtual.cl\/index.php\/wp-json\/wp\/v2\/types\/product"}],"replies":[{"embeddable":true,"href":"https:\/\/bibliotecajuridicavirtual.cl\/index.php\/wp-json\/wp\/v2\/comments?post=4560"}],"wp:featuredmedia":[{"embeddable":true,"href":"https:\/\/bibliotecajuridicavirtual.cl\/index.php\/wp-json\/wp\/v2\/media\/4590"}],"wp:attachment":[{"href":"https:\/\/bibliotecajuridicavirtual.cl\/index.php\/wp-json\/wp\/v2\/media?parent=4560"}],"wp:term":[{"taxonomy":"product_brand","embeddable":true,"href":"https:\/\/bibliotecajuridicavirtual.cl\/index.php\/wp-json\/wp\/v2\/product_brand?post=4560"},{"taxonomy":"product_cat","embeddable":true,"href":"https:\/\/bibliotecajuridicavirtual.cl\/index.php\/wp-json\/wp\/v2\/product_cat?post=4560"},{"taxonomy":"product_tag","embeddable":true,"href":"https:\/\/bibliotecajuridicavirtual.cl\/index.php\/wp-json\/wp\/v2\/product_tag?post=4560"}],"curies":[{"name":"wp","href":"https:\/\/api.w.org\/{rel}","templated":true}]}}