{"id":4562,"date":"2026-02-28T01:26:41","date_gmt":"2026-02-28T04:26:41","guid":{"rendered":"https:\/\/bibliotecajuridicavirtual.cl\/?post_type=product&#038;p=4562"},"modified":"2026-02-28T01:26:59","modified_gmt":"2026-02-28T04:26:59","slug":"suspension-del-proceso-penal-a-prueba-ano-2022-526-pag-autor-gustavo-l-vitale","status":"publish","type":"product","link":"https:\/\/bibliotecajuridicavirtual.cl\/index.php\/product\/suspension-del-proceso-penal-a-prueba-ano-2022-526-pag-autor-gustavo-l-vitale\/","title":{"rendered":"Suspensi\u00f3n del Proceso Penal a Prueba. A\u00f1o 2022\/526 P\u00e1g. Autor  Gustavo L.  Vitale"},"content":{"rendered":"<p>Caracterizaci\u00f3n.<\/p>\n<p>Derecho del imputado. Oposici\u00f3n fiscal no vinculante. Admisibilidad. Condiciones. Oportunidad. Ejecuci\u00f3n. Revocaci\u00f3n. Recursos. Aplicabilidad a ni\u00f1os, contravenciones, estupefacientes, delitos tributarios, previsionales, aduaneros y a procesos por violencia de g\u00e9nero. Condena condicional.<\/p>\n<p>Pr\u00f3logos de Julio B. J. Maier y Stella Maris Mart\u00ednez<br \/>\nPresentaci\u00f3n de Luis Fernando Ni\u00f1o<\/p>\n<p>&nbsp;<\/p>\n<pre><\/pre>\n","protected":false},"excerpt":{"rendered":"<h4 style=\"text-align: center;\"><span style=\"color: #ff0000;\">( LIBRO ARGENTINO)<\/span><\/h4>\n<h5 style=\"text-align: center;\">Envi\u00f3 10 d\u00edas h\u00e1biles.<\/h5>\n","protected":false},"featured_media":4592,"comment_status":"open","ping_status":"closed","template":"","meta":{"inline_featured_image":false,"_joinchat":[]},"product_brand":[],"product_cat":[34],"product_tag":[],"class_list":{"0":"post-4562","1":"product","2":"type-product","3":"status-publish","4":"has-post-thumbnail","6":"product_cat-procesal-penal","7":"product_shipping_class-a-convenir","9":"first","10":"instock","11":"shipping-taxable","12":"purchasable","13":"product-type-simple"},"_links":{"self":[{"href":"https:\/\/bibliotecajuridicavirtual.cl\/index.php\/wp-json\/wp\/v2\/product\/4562","targetHints":{"allow":["GET"]}}],"collection":[{"href":"https:\/\/bibliotecajuridicavirtual.cl\/index.php\/wp-json\/wp\/v2\/product"}],"about":[{"href":"https:\/\/bibliotecajuridicavirtual.cl\/index.php\/wp-json\/wp\/v2\/types\/product"}],"replies":[{"embeddable":true,"href":"https:\/\/bibliotecajuridicavirtual.cl\/index.php\/wp-json\/wp\/v2\/comments?post=4562"}],"wp:featuredmedia":[{"embeddable":true,"href":"https:\/\/bibliotecajuridicavirtual.cl\/index.php\/wp-json\/wp\/v2\/media\/4592"}],"wp:attachment":[{"href":"https:\/\/bibliotecajuridicavirtual.cl\/index.php\/wp-json\/wp\/v2\/media?parent=4562"}],"wp:term":[{"taxonomy":"product_brand","embeddable":true,"href":"https:\/\/bibliotecajuridicavirtual.cl\/index.php\/wp-json\/wp\/v2\/product_brand?post=4562"},{"taxonomy":"product_cat","embeddable":true,"href":"https:\/\/bibliotecajuridicavirtual.cl\/index.php\/wp-json\/wp\/v2\/product_cat?post=4562"},{"taxonomy":"product_tag","embeddable":true,"href":"https:\/\/bibliotecajuridicavirtual.cl\/index.php\/wp-json\/wp\/v2\/product_tag?post=4562"}],"curies":[{"name":"wp","href":"https:\/\/api.w.org\/{rel}","templated":true}]}}