{"id":4565,"date":"2026-02-28T01:26:41","date_gmt":"2026-02-28T04:26:41","guid":{"rendered":"https:\/\/bibliotecajuridicavirtual.cl\/?post_type=product&#038;p=4565"},"modified":"2026-02-28T01:27:01","modified_gmt":"2026-02-28T04:27:01","slug":"adn-y-sistema-penal-ano-2022-220-pag-autor-horacio-santiago-nager","status":"publish","type":"product","link":"https:\/\/bibliotecajuridicavirtual.cl\/index.php\/product\/adn-y-sistema-penal-ano-2022-220-pag-autor-horacio-santiago-nager\/","title":{"rendered":"ADN y Sistema Penal. A\u00f1o 2022\/ 220 P\u00e1g. Autor HORACIO SANTIAGO NAGER"},"content":{"rendered":"<p><strong>ADN Y SISTEMA PENAL<\/strong><br \/>\nUso forense del ADN. Protocolos de actuaci\u00f3n en materia de selecci\u00f3n, extracci\u00f3n y almacenamiento de muestras biol\u00f3gicas y preservaci\u00f3n de la cadena de custodia. Extracci\u00f3n compulsiva de ADN. Problemas constitucionales. Regulaci\u00f3n procesal. El derecho a la privacidad gen\u00e9tica. Bancos de datos gen\u00e9ticos. Registro Nacional de Datos Gen\u00e9ticos vinculados a delitos contra la integridad sexual (ley 26.879). Disposiciones penales. Derecho comparado. ADN y pron\u00f3sticos de peligrosidad.<\/p>\n<p><em>Pr\u00f3logo del Prof. Dr. D. Borja Mapelli Caffarena<\/em><\/p>\n<p><strong>En Anexo:<\/strong>\u00a0Jurisprudencia sistematizada. Compendio normativo. Protocolos de actuaci\u00f3n.<\/p>\n","protected":false},"excerpt":{"rendered":"<h4 style=\"text-align: center;\"><span style=\"color: #ff0000;\">(LIBRO ARGENTINO)<\/span><\/h4>\n<h5 style=\"text-align: center;\">Envi\u00f3 10 d\u00edas h\u00e1biles.<\/h5>\n","protected":false},"featured_media":4595,"comment_status":"open","ping_status":"closed","template":"","meta":{"inline_featured_image":false,"_joinchat":[]},"product_brand":[],"product_cat":[30],"product_tag":[],"class_list":{"0":"post-4565","1":"product","2":"type-product","3":"status-publish","4":"has-post-thumbnail","6":"product_cat-penal","7":"product_shipping_class-a-convenir","9":"first","10":"instock","11":"shipping-taxable","12":"purchasable","13":"product-type-simple"},"_links":{"self":[{"href":"https:\/\/bibliotecajuridicavirtual.cl\/index.php\/wp-json\/wp\/v2\/product\/4565","targetHints":{"allow":["GET"]}}],"collection":[{"href":"https:\/\/bibliotecajuridicavirtual.cl\/index.php\/wp-json\/wp\/v2\/product"}],"about":[{"href":"https:\/\/bibliotecajuridicavirtual.cl\/index.php\/wp-json\/wp\/v2\/types\/product"}],"replies":[{"embeddable":true,"href":"https:\/\/bibliotecajuridicavirtual.cl\/index.php\/wp-json\/wp\/v2\/comments?post=4565"}],"wp:featuredmedia":[{"embeddable":true,"href":"https:\/\/bibliotecajuridicavirtual.cl\/index.php\/wp-json\/wp\/v2\/media\/4595"}],"wp:attachment":[{"href":"https:\/\/bibliotecajuridicavirtual.cl\/index.php\/wp-json\/wp\/v2\/media?parent=4565"}],"wp:term":[{"taxonomy":"product_brand","embeddable":true,"href":"https:\/\/bibliotecajuridicavirtual.cl\/index.php\/wp-json\/wp\/v2\/product_brand?post=4565"},{"taxonomy":"product_cat","embeddable":true,"href":"https:\/\/bibliotecajuridicavirtual.cl\/index.php\/wp-json\/wp\/v2\/product_cat?post=4565"},{"taxonomy":"product_tag","embeddable":true,"href":"https:\/\/bibliotecajuridicavirtual.cl\/index.php\/wp-json\/wp\/v2\/product_tag?post=4565"}],"curies":[{"name":"wp","href":"https:\/\/api.w.org\/{rel}","templated":true}]}}