{"id":4568,"date":"2026-02-28T01:26:41","date_gmt":"2026-02-28T04:26:41","guid":{"rendered":"https:\/\/bibliotecajuridicavirtual.cl\/?post_type=product&#038;p=4568"},"modified":"2026-02-28T01:27:06","modified_gmt":"2026-02-28T04:27:06","slug":"nueva-doctrina-penal-ndp-ano-2023-322-pag-autor-nicolas-schiavo-leonel-gonzalez-postigo","status":"publish","type":"product","link":"https:\/\/bibliotecajuridicavirtual.cl\/index.php\/product\/nueva-doctrina-penal-ndp-ano-2023-322-pag-autor-nicolas-schiavo-leonel-gonzalez-postigo\/","title":{"rendered":"Nueva Doctrina Penal ( NDP) . A\u00f1o 2023\/322 P\u00e1g. Autor NICOL\u00c1S SCHIAVO &#8211; LEONEL GONZ\u00c1LEZ POSTIGO"},"content":{"rendered":"<p>NICOL\u00c1S SCHIAVO &#8211; LEONEL GONZ\u00c1LEZ POSTIGO direcci\u00f3n<br \/>\n<strong>NUEVA DOCTRINA PENAL<\/strong><br \/>\nDOCTRINA. T\u00c9CNICAS DE LITIGACI\u00d3N. FALLOS FUNDAMENTALES<br \/>\nLa relevancia de la prueba. Los delitos de infracci\u00f3n de deber. An\u00e1lisis profundizado de la Ley de V\u00edctimas. Instrucciones al jurado popular con perspectiva de g\u00e9nero. Razonamiento probatorio e inteligencia artificial. Propuesta de hibridaci\u00f3n entre la dogm\u00e1tica penal y la perspectiva de g\u00e9nero. El acceso al legajo de investigaci\u00f3n en el juicio por jurados<\/p>\n<p><strong>coordinaci\u00f3n:<\/strong>\u00a0Laura Cora Bogani<\/p>\n<p><strong>autores:\u00a0<\/strong>Hugo F. Apaza Mamani &#8211; Rub\u00e9n Chaia &#8211; Emma Cunliffe &#8211; Julieta Di Corletto &#8211; Mart\u00edn Fleming C\u00e1nepa &#8211; Clarisa Gal\u00e1n &#8211; Juan Agust\u00edn Garc\u00eda &#8211; Gustavo Herbel &#8211; Leticia Lorenzo &#8211; Andr\u00e9s F. Jaramillo Restrepo &#8211; Nicol\u00e1s Schiavo &#8211; Ori\u00f3n Vargas V\u00e9lez.<\/p>\n<p>&nbsp;<\/p>\n","protected":false},"excerpt":{"rendered":"<h4 style=\"text-align: center;\"><span style=\"color: #ff0000;\">(LIBRO ARGENTINO)<\/span><\/h4>\n<h5 style=\"text-align: center;\">Envi\u00f3 10 d\u00edas h\u00e1biles.<\/h5>\n","protected":false},"featured_media":4612,"comment_status":"open","ping_status":"closed","template":"","meta":{"inline_featured_image":false,"_joinchat":[]},"product_brand":[],"product_cat":[30],"product_tag":[],"class_list":{"0":"post-4568","1":"product","2":"type-product","3":"status-publish","4":"has-post-thumbnail","6":"product_cat-penal","7":"product_shipping_class-a-convenir","9":"first","10":"instock","11":"shipping-taxable","12":"purchasable","13":"product-type-simple"},"_links":{"self":[{"href":"https:\/\/bibliotecajuridicavirtual.cl\/index.php\/wp-json\/wp\/v2\/product\/4568","targetHints":{"allow":["GET"]}}],"collection":[{"href":"https:\/\/bibliotecajuridicavirtual.cl\/index.php\/wp-json\/wp\/v2\/product"}],"about":[{"href":"https:\/\/bibliotecajuridicavirtual.cl\/index.php\/wp-json\/wp\/v2\/types\/product"}],"replies":[{"embeddable":true,"href":"https:\/\/bibliotecajuridicavirtual.cl\/index.php\/wp-json\/wp\/v2\/comments?post=4568"}],"wp:featuredmedia":[{"embeddable":true,"href":"https:\/\/bibliotecajuridicavirtual.cl\/index.php\/wp-json\/wp\/v2\/media\/4612"}],"wp:attachment":[{"href":"https:\/\/bibliotecajuridicavirtual.cl\/index.php\/wp-json\/wp\/v2\/media?parent=4568"}],"wp:term":[{"taxonomy":"product_brand","embeddable":true,"href":"https:\/\/bibliotecajuridicavirtual.cl\/index.php\/wp-json\/wp\/v2\/product_brand?post=4568"},{"taxonomy":"product_cat","embeddable":true,"href":"https:\/\/bibliotecajuridicavirtual.cl\/index.php\/wp-json\/wp\/v2\/product_cat?post=4568"},{"taxonomy":"product_tag","embeddable":true,"href":"https:\/\/bibliotecajuridicavirtual.cl\/index.php\/wp-json\/wp\/v2\/product_tag?post=4568"}],"curies":[{"name":"wp","href":"https:\/\/api.w.org\/{rel}","templated":true}]}}