{"id":4596,"date":"2026-02-28T01:27:03","date_gmt":"2026-02-28T04:27:03","guid":{"rendered":"https:\/\/bibliotecajuridicavirtual.cl\/?post_type=product&#038;p=4596"},"modified":"2026-02-28T01:27:07","modified_gmt":"2026-02-28T04:27:07","slug":"fundamentos-para-la-defensa-tecnica-en-el-proceso-penal-ano-2023-184-pag-autor-rafael-ayala-yancce","status":"publish","type":"product","link":"https:\/\/bibliotecajuridicavirtual.cl\/index.php\/product\/fundamentos-para-la-defensa-tecnica-en-el-proceso-penal-ano-2023-184-pag-autor-rafael-ayala-yancce\/","title":{"rendered":"Fundamentos para la Defensa T\u00e9cnica en el Proceso Penal. A\u00f1o 2023\/184 P\u00e1g. Autor RAFAEL AYALA YANCCE"},"content":{"rendered":"<p><strong>FUNDAMENTOS PARA LA DEFENSA T\u00c9CNICA EN EL PROCESO PENAL<\/strong><br \/>\nDESDE LA PERSPECTIVA DEL RAZONAMIENTO PROBATORIO<br \/>\nLos sistemas procesales penales. Derecho a la asistencia jur\u00eddica como garant\u00eda del debido proceso. El abogado en la b\u00fasqueda de la verdad. El rol del abogado en la investigaci\u00f3n de los hechos y en la etapa de control de admisibilidad de la prueba. La defensa adecuada en la jurisprudencia de la Corte Interamericana de Derechos Humanos y en la jurisprudencia comparada<\/p>\n<p>Pr\u00f3logo de\u00a0<strong>Jeffry J. Mora S\u00e1nchez<\/strong><\/p>\n","protected":false},"excerpt":{"rendered":"<h4 style=\"text-align: center;\"><span style=\"color: #ff0000;\">(LIBRO ARGENTINO)<\/span><\/h4>\n<h5 style=\"text-align: center;\">Envi\u00f3 10 d\u00edas h\u00e1biles.<\/h5>\n","protected":false},"featured_media":4613,"comment_status":"open","ping_status":"closed","template":"","meta":{"inline_featured_image":false,"_joinchat":[]},"product_brand":[],"product_cat":[34],"product_tag":[],"class_list":{"0":"post-4596","1":"product","2":"type-product","3":"status-publish","4":"has-post-thumbnail","6":"product_cat-procesal-penal","7":"product_shipping_class-a-convenir","9":"first","10":"instock","11":"shipping-taxable","12":"purchasable","13":"product-type-simple"},"_links":{"self":[{"href":"https:\/\/bibliotecajuridicavirtual.cl\/index.php\/wp-json\/wp\/v2\/product\/4596","targetHints":{"allow":["GET"]}}],"collection":[{"href":"https:\/\/bibliotecajuridicavirtual.cl\/index.php\/wp-json\/wp\/v2\/product"}],"about":[{"href":"https:\/\/bibliotecajuridicavirtual.cl\/index.php\/wp-json\/wp\/v2\/types\/product"}],"replies":[{"embeddable":true,"href":"https:\/\/bibliotecajuridicavirtual.cl\/index.php\/wp-json\/wp\/v2\/comments?post=4596"}],"wp:featuredmedia":[{"embeddable":true,"href":"https:\/\/bibliotecajuridicavirtual.cl\/index.php\/wp-json\/wp\/v2\/media\/4613"}],"wp:attachment":[{"href":"https:\/\/bibliotecajuridicavirtual.cl\/index.php\/wp-json\/wp\/v2\/media?parent=4596"}],"wp:term":[{"taxonomy":"product_brand","embeddable":true,"href":"https:\/\/bibliotecajuridicavirtual.cl\/index.php\/wp-json\/wp\/v2\/product_brand?post=4596"},{"taxonomy":"product_cat","embeddable":true,"href":"https:\/\/bibliotecajuridicavirtual.cl\/index.php\/wp-json\/wp\/v2\/product_cat?post=4596"},{"taxonomy":"product_tag","embeddable":true,"href":"https:\/\/bibliotecajuridicavirtual.cl\/index.php\/wp-json\/wp\/v2\/product_tag?post=4596"}],"curies":[{"name":"wp","href":"https:\/\/api.w.org\/{rel}","templated":true}]}}