{"id":4597,"date":"2026-02-28T01:27:03","date_gmt":"2026-02-28T04:27:03","guid":{"rendered":"https:\/\/bibliotecajuridicavirtual.cl\/?post_type=product&#038;p=4597"},"modified":"2026-02-28T01:27:08","modified_gmt":"2026-02-28T04:27:08","slug":"como-argumentar-un-caso-penal-ano-2023-182-pag-autor-luciano-d-laise","status":"publish","type":"product","link":"https:\/\/bibliotecajuridicavirtual.cl\/index.php\/product\/como-argumentar-un-caso-penal-ano-2023-182-pag-autor-luciano-d-laise\/","title":{"rendered":"C\u00f3mo Argumentar un Caso Penal. A\u00f1o 2023\/182 P\u00e1g. Autor LUCIANO D. LAISE"},"content":{"rendered":"<p><strong>C\u00d3MO ARGUMENTAR UN CASO PENAL<\/strong><br \/>\nT\u00c9CNICAS PARA LA DEFENSA EN EL PROCESO ADVERSARIAL<br \/>\nEstrategia defensiva. Teor\u00eda del caso. Interpretaci\u00f3n de la ley penal. Tipos penales abiertos. Lagunas normativas. La defensa ante delitos de g\u00e9nero. Ret\u00f3rica. Persuasi\u00f3n. Convicci\u00f3n<\/p>\n<p>Pr\u00f3logo de\u00a0<strong>Daniel G. Gorra<\/strong><\/p>\n","protected":false},"excerpt":{"rendered":"<h4 style=\"text-align: center;\"><span style=\"color: #ff0000;\">(LIBRO ARGENTINO)<\/span><\/h4>\n<h5 style=\"text-align: center;\">Envi\u00f3 10 d\u00edas h\u00e1biles.<\/h5>\n","protected":false},"featured_media":4614,"comment_status":"open","ping_status":"closed","template":"","meta":{"inline_featured_image":false,"_joinchat":[]},"product_brand":[],"product_cat":[30],"product_tag":[],"class_list":{"0":"post-4597","1":"product","2":"type-product","3":"status-publish","4":"has-post-thumbnail","6":"product_cat-penal","7":"product_shipping_class-a-convenir","9":"first","10":"instock","11":"shipping-taxable","12":"purchasable","13":"product-type-simple"},"_links":{"self":[{"href":"https:\/\/bibliotecajuridicavirtual.cl\/index.php\/wp-json\/wp\/v2\/product\/4597","targetHints":{"allow":["GET"]}}],"collection":[{"href":"https:\/\/bibliotecajuridicavirtual.cl\/index.php\/wp-json\/wp\/v2\/product"}],"about":[{"href":"https:\/\/bibliotecajuridicavirtual.cl\/index.php\/wp-json\/wp\/v2\/types\/product"}],"replies":[{"embeddable":true,"href":"https:\/\/bibliotecajuridicavirtual.cl\/index.php\/wp-json\/wp\/v2\/comments?post=4597"}],"wp:featuredmedia":[{"embeddable":true,"href":"https:\/\/bibliotecajuridicavirtual.cl\/index.php\/wp-json\/wp\/v2\/media\/4614"}],"wp:attachment":[{"href":"https:\/\/bibliotecajuridicavirtual.cl\/index.php\/wp-json\/wp\/v2\/media?parent=4597"}],"wp:term":[{"taxonomy":"product_brand","embeddable":true,"href":"https:\/\/bibliotecajuridicavirtual.cl\/index.php\/wp-json\/wp\/v2\/product_brand?post=4597"},{"taxonomy":"product_cat","embeddable":true,"href":"https:\/\/bibliotecajuridicavirtual.cl\/index.php\/wp-json\/wp\/v2\/product_cat?post=4597"},{"taxonomy":"product_tag","embeddable":true,"href":"https:\/\/bibliotecajuridicavirtual.cl\/index.php\/wp-json\/wp\/v2\/product_tag?post=4597"}],"curies":[{"name":"wp","href":"https:\/\/api.w.org\/{rel}","templated":true}]}}