{"id":4598,"date":"2026-02-28T01:27:03","date_gmt":"2026-02-28T04:27:03","guid":{"rendered":"https:\/\/bibliotecajuridicavirtual.cl\/?post_type=product&#038;p=4598"},"modified":"2026-02-28T01:27:09","modified_gmt":"2026-02-28T04:27:09","slug":"el-delito-de-homicidio-agravado-por-alevosia-ano-2023-250-pag-autor-gustavo-e-aboso","status":"publish","type":"product","link":"https:\/\/bibliotecajuridicavirtual.cl\/index.php\/product\/el-delito-de-homicidio-agravado-por-alevosia-ano-2023-250-pag-autor-gustavo-e-aboso\/","title":{"rendered":"El Delito de Homicidio Agravado por Alevos\u00eda. A\u00f1o 2023\/250 P\u00e1g. Autor  GUSTAVO E. ABOSO"},"content":{"rendered":"<p><strong>EL DELITO DE HOMICIDIO AGRAVADO POR ALEVOS\u00cdA<\/strong><br \/>\nAN\u00c1LISIS DEL ART. 80, INC. 2\u00ba DEL C\u00d3DIGO PENAL<br \/>\nProvocaci\u00f3n o aprovechamiento del estado de indefensi\u00f3n de la v\u00edctima. Relaci\u00f3n de confianza entre autor y v\u00edctima. Casos especiales: personas menores, mayores, inconscientes y con incapacidades f\u00edsicas o ps\u00edquicas como sujetos pasivos del homicidio alevoso. \u00bfLa premeditaci\u00f3n como condici\u00f3n esencial de la alevos\u00eda? Abuso de superioridad f\u00edsica como modo de comisi\u00f3n alevoso. Alevos\u00eda \u00abespont\u00e1nea\u00bb o \u00absobrevenida\u00bb. Homicidios alevosos: en el marco de violencia familiar (alevos\u00eda dom\u00e9stica); por piedad o ruego de la v\u00edctima; por ira, arrebato u obcecaci\u00f3n (emoci\u00f3n violenta); aparatos organizados de poder<\/p>\n<p><strong>Colecci\u00f3n:<\/strong>\u00a0Tipos delictivos<br \/>\n<strong>Direcci\u00f3n:<\/strong>\u00a0Sandro Abraldes<br \/>\n<strong>Volumen:<\/strong>\u00a04<\/p>\n","protected":false},"excerpt":{"rendered":"<h4 style=\"text-align: center;\"><span style=\"color: #ff0000;\">(LIBRO ARGENTINO)<\/span><\/h4>\n<h5 style=\"text-align: center;\">Envi\u00f3 10 d\u00edas h\u00e1biles.<\/h5>\n","protected":false},"featured_media":4615,"comment_status":"open","ping_status":"closed","template":"","meta":{"inline_featured_image":false,"_joinchat":[]},"product_brand":[],"product_cat":[30],"product_tag":[],"class_list":{"0":"post-4598","1":"product","2":"type-product","3":"status-publish","4":"has-post-thumbnail","6":"product_cat-penal","7":"product_shipping_class-a-convenir","9":"first","10":"instock","11":"shipping-taxable","12":"purchasable","13":"product-type-simple"},"_links":{"self":[{"href":"https:\/\/bibliotecajuridicavirtual.cl\/index.php\/wp-json\/wp\/v2\/product\/4598","targetHints":{"allow":["GET"]}}],"collection":[{"href":"https:\/\/bibliotecajuridicavirtual.cl\/index.php\/wp-json\/wp\/v2\/product"}],"about":[{"href":"https:\/\/bibliotecajuridicavirtual.cl\/index.php\/wp-json\/wp\/v2\/types\/product"}],"replies":[{"embeddable":true,"href":"https:\/\/bibliotecajuridicavirtual.cl\/index.php\/wp-json\/wp\/v2\/comments?post=4598"}],"wp:featuredmedia":[{"embeddable":true,"href":"https:\/\/bibliotecajuridicavirtual.cl\/index.php\/wp-json\/wp\/v2\/media\/4615"}],"wp:attachment":[{"href":"https:\/\/bibliotecajuridicavirtual.cl\/index.php\/wp-json\/wp\/v2\/media?parent=4598"}],"wp:term":[{"taxonomy":"product_brand","embeddable":true,"href":"https:\/\/bibliotecajuridicavirtual.cl\/index.php\/wp-json\/wp\/v2\/product_brand?post=4598"},{"taxonomy":"product_cat","embeddable":true,"href":"https:\/\/bibliotecajuridicavirtual.cl\/index.php\/wp-json\/wp\/v2\/product_cat?post=4598"},{"taxonomy":"product_tag","embeddable":true,"href":"https:\/\/bibliotecajuridicavirtual.cl\/index.php\/wp-json\/wp\/v2\/product_tag?post=4598"}],"curies":[{"name":"wp","href":"https:\/\/api.w.org\/{rel}","templated":true}]}}