{"id":4600,"date":"2026-02-28T01:27:03","date_gmt":"2026-02-28T04:27:03","guid":{"rendered":"https:\/\/bibliotecajuridicavirtual.cl\/?post_type=product&#038;p=4600"},"modified":"2026-02-28T01:27:10","modified_gmt":"2026-02-28T04:27:10","slug":"practica-de-los-recursos-ordinarios-ano-2023-444-pag-autor-eduardo-a-diaz","status":"publish","type":"product","link":"https:\/\/bibliotecajuridicavirtual.cl\/index.php\/product\/practica-de-los-recursos-ordinarios-ano-2023-444-pag-autor-eduardo-a-diaz\/","title":{"rendered":"Pr\u00e1ctica de los Recursos Ordinarios. A\u00f1o 2023\/444 P\u00e1g. Autor EDUARDO A. D\u00cdAZ"},"content":{"rendered":"<p><strong>PR\u00c1CTICA DE LOS RECURSOS ORDINARIOS<\/strong><br \/>\nPOR QU\u00c9 Y C\u00d3MO IMPUGNAR UNA RESOLUCI\u00d3N JUDICIAL<br \/>\nFunci\u00f3n de los recursos. Requisitos para su eficacia. Resoluciones judiciales, objetivo del ataque: sus aspectos relevantes. Actividad del abogado: antes de interponer el recurso y en su tramitaci\u00f3n.<\/p>\n<p>Colaboraci\u00f3n de\u00a0<strong>Roxana In\u00e9s Arl\u00eda<\/strong><\/p>\n<p><strong>Colecci\u00f3n:\u00a0<\/strong>Actuaci\u00f3n profesional<br \/>\n<strong>Direcci\u00f3n:<\/strong>\u00a0Eduardo A. D\u00edaz<br \/>\n<strong>Volumen:<\/strong>\u00a08<\/p>\n","protected":false},"excerpt":{"rendered":"<h4 style=\"text-align: center;\"><span style=\"color: #ff0000;\">(LIBRO ARGENTINO)<\/span><\/h4>\n<h5 style=\"text-align: center;\">Envi\u00f3 10 d\u00edas h\u00e1biles.<\/h5>\n","protected":false},"featured_media":4617,"comment_status":"open","ping_status":"closed","template":"","meta":{"inline_featured_image":false,"_joinchat":[]},"product_brand":[],"product_cat":[27],"product_tag":[],"class_list":{"0":"post-4600","1":"product","2":"type-product","3":"status-publish","4":"has-post-thumbnail","6":"product_cat-civil","7":"product_shipping_class-a-convenir","9":"first","10":"instock","11":"shipping-taxable","12":"purchasable","13":"product-type-simple"},"_links":{"self":[{"href":"https:\/\/bibliotecajuridicavirtual.cl\/index.php\/wp-json\/wp\/v2\/product\/4600","targetHints":{"allow":["GET"]}}],"collection":[{"href":"https:\/\/bibliotecajuridicavirtual.cl\/index.php\/wp-json\/wp\/v2\/product"}],"about":[{"href":"https:\/\/bibliotecajuridicavirtual.cl\/index.php\/wp-json\/wp\/v2\/types\/product"}],"replies":[{"embeddable":true,"href":"https:\/\/bibliotecajuridicavirtual.cl\/index.php\/wp-json\/wp\/v2\/comments?post=4600"}],"wp:featuredmedia":[{"embeddable":true,"href":"https:\/\/bibliotecajuridicavirtual.cl\/index.php\/wp-json\/wp\/v2\/media\/4617"}],"wp:attachment":[{"href":"https:\/\/bibliotecajuridicavirtual.cl\/index.php\/wp-json\/wp\/v2\/media?parent=4600"}],"wp:term":[{"taxonomy":"product_brand","embeddable":true,"href":"https:\/\/bibliotecajuridicavirtual.cl\/index.php\/wp-json\/wp\/v2\/product_brand?post=4600"},{"taxonomy":"product_cat","embeddable":true,"href":"https:\/\/bibliotecajuridicavirtual.cl\/index.php\/wp-json\/wp\/v2\/product_cat?post=4600"},{"taxonomy":"product_tag","embeddable":true,"href":"https:\/\/bibliotecajuridicavirtual.cl\/index.php\/wp-json\/wp\/v2\/product_tag?post=4600"}],"curies":[{"name":"wp","href":"https:\/\/api.w.org\/{rel}","templated":true}]}}