{"id":4603,"date":"2026-02-28T01:27:03","date_gmt":"2026-02-28T04:27:03","guid":{"rendered":"https:\/\/bibliotecajuridicavirtual.cl\/?post_type=product&#038;p=4603"},"modified":"2026-02-28T01:27:13","modified_gmt":"2026-02-28T04:27:13","slug":"derecho-administrativo-sancionador-parte-general-5ta-edicion-marzo-ano-2023-autor-sanz-rubiales-inigo-y-gomez-tomillo-manuel","status":"publish","type":"product","link":"https:\/\/bibliotecajuridicavirtual.cl\/index.php\/product\/derecho-administrativo-sancionador-parte-general-5ta-edicion-marzo-ano-2023-autor-sanz-rubiales-inigo-y-gomez-tomillo-manuel\/","title":{"rendered":"Derecho Administrativo Sancionador. Parte General &#8211; 5ta Edici\u00f3n Marzo A\u00f1o 2023. Autor Sanz Rubiales I\u00f1igo y Gomez Tomillo Manuel"},"content":{"rendered":"<p class=\"ficha_texto\">La presente obra, que alcanza su quinta edici\u00f3n, tiene como objetivo el an\u00e1lisis exhaustivo del Derecho administrativo sancionador, o Derecho penal administrativo, conjugando la perspectiva doctrinal y la pr\u00e1ctica. Proporciona las pautas necesarias para hacer frente a los problemas que se pueden plantear tanto a quien ha de resolver problemas pr\u00e1cticos concretos, como a quien se dedica al estudio cient\u00edfico de esta rama del ordenamiento jur\u00eddico.<\/p>\n<ul>\n<li>Incluye materiales doctrinales, jurisprudenciales exhaustivos v\u00e1lidos para la soluci\u00f3n de casos pr\u00e1cticos.<\/li>\n<li>Actualizado conforme a las \u00faltimas reformas legislativas y desarrollos doctrinales y jurisprudenciales.<\/li>\n<li>Analiza los L\u00edmites entre el Derecho penal y el Derecho administrativo sancionador.<\/li>\n<li>Estudio del Procedimiento administrativo sancionador.<\/li>\n<\/ul>\n<p><strong>Manuel G\u00f3mez Tomillo<\/strong>\u00a0es Letrado del Tribunal Constitucional y Catedr\u00e1tico de Derecho penal e\u00a0<strong>\u00cd\u00f1igo Sanz Rubiales\u00a0<\/strong>es Catedr\u00e1tico de Derecho administrativo.<\/p>\n<p>Destinado a Profesionales del Derecho, abogados, funcionarios p\u00fablicos, jueces, fiscales, profesores universitarios y administraciones p\u00fablicas.<\/p>\n<p><strong>Extracto:<\/strong><br \/>\nLa presente obra, que alcanza su quinta edici\u00f3n, tiene como objetivo el an\u00e1lisis exhaustivo del Derecho administrativo sancionador, o Derecho penal administrativo, conjugando la perspectiva doctrinal y la pr\u00e1ctica. Los autores, reconocidos especialistas en la materia, desarrollan una teor\u00eda general de la infracci\u00f3n administrativa, y un tratamiento completo del procedimiento sancionador. De esta manera, se proporcionan las pautas necesarias para hacer frente a los problemas que se pueden plantear tanto a quien ha de resolver problemas pr\u00e1cticos concretos, como a quien se dedica al estudio cient\u00edfico de esta rama del ordenamiento jur\u00eddico. En su confecci\u00f3n, perfectamente actualizada conforme a las reformas de las Leyes 39\/2015 y 40\/2015, se han utilizado ampl\u00edsimas referencias bibliogr\u00e1ficas y jurisprudenciales, estas \u00faltimas procedentes sobre todo del Tribunal Constitucional y del Tribunal Supremo, aunque abundan referencias a resoluciones de otros \u00f3rganos jurisdiccionales nacionales e internacionales. Por ello resultar\u00e1 extremadamente \u00fatil tanto para los profesionales del Derecho, como para las Administraciones p\u00fablicas, al hacer accesible el estado actual del discurso acad\u00e9mico y los criterios que vienen desarrollando los Tribunales de justicia. A tal fin se han empleado no s\u00f3lo resoluciones procedentes de los Tribunales de lo contencioso-administrativo, sino tambi\u00e9n las que se desprenden de la jurisprudencia penal, las cuales muchas veces proporcionan una ineludible pauta para la soluci\u00f3n de problemas en aquel otro orden.<\/p>\n<p>&nbsp;<\/p>\n","protected":false},"excerpt":{"rendered":"<h4 style=\"text-align: center;\"><span style=\"color: #ff0000;\">( LIBRO ESPA\u00d1OL)<\/span><\/h4>\n<h5 style=\"text-align: center;\">Envi\u00f3 30 d\u00edas h\u00e1biles.<\/h5>\n","protected":false},"featured_media":4620,"comment_status":"open","ping_status":"closed","template":"","meta":{"inline_featured_image":false,"_joinchat":[]},"product_brand":[],"product_cat":[45],"product_tag":[],"class_list":{"0":"post-4603","1":"product","2":"type-product","3":"status-publish","4":"has-post-thumbnail","6":"product_cat-administrativo","7":"product_shipping_class-a-convenir","9":"first","10":"instock","11":"shipping-taxable","12":"purchasable","13":"product-type-simple"},"_links":{"self":[{"href":"https:\/\/bibliotecajuridicavirtual.cl\/index.php\/wp-json\/wp\/v2\/product\/4603","targetHints":{"allow":["GET"]}}],"collection":[{"href":"https:\/\/bibliotecajuridicavirtual.cl\/index.php\/wp-json\/wp\/v2\/product"}],"about":[{"href":"https:\/\/bibliotecajuridicavirtual.cl\/index.php\/wp-json\/wp\/v2\/types\/product"}],"replies":[{"embeddable":true,"href":"https:\/\/bibliotecajuridicavirtual.cl\/index.php\/wp-json\/wp\/v2\/comments?post=4603"}],"wp:featuredmedia":[{"embeddable":true,"href":"https:\/\/bibliotecajuridicavirtual.cl\/index.php\/wp-json\/wp\/v2\/media\/4620"}],"wp:attachment":[{"href":"https:\/\/bibliotecajuridicavirtual.cl\/index.php\/wp-json\/wp\/v2\/media?parent=4603"}],"wp:term":[{"taxonomy":"product_brand","embeddable":true,"href":"https:\/\/bibliotecajuridicavirtual.cl\/index.php\/wp-json\/wp\/v2\/product_brand?post=4603"},{"taxonomy":"product_cat","embeddable":true,"href":"https:\/\/bibliotecajuridicavirtual.cl\/index.php\/wp-json\/wp\/v2\/product_cat?post=4603"},{"taxonomy":"product_tag","embeddable":true,"href":"https:\/\/bibliotecajuridicavirtual.cl\/index.php\/wp-json\/wp\/v2\/product_tag?post=4603"}],"curies":[{"name":"wp","href":"https:\/\/api.w.org\/{rel}","templated":true}]}}