{"id":4604,"date":"2026-02-28T01:27:03","date_gmt":"2026-02-28T04:27:03","guid":{"rendered":"https:\/\/bibliotecajuridicavirtual.cl\/?post_type=product&#038;p=4604"},"modified":"2026-02-28T01:27:13","modified_gmt":"2026-02-28T04:27:13","slug":"el-recurso-de-casacion-civil-casacion-e-infraccion-procesal-3a-edicion-ano-2018-763-pag-autor-juan-montero-aroca-y-jose-flors-maties","status":"publish","type":"product","link":"https:\/\/bibliotecajuridicavirtual.cl\/index.php\/product\/el-recurso-de-casacion-civil-casacion-e-infraccion-procesal-3a-edicion-ano-2018-763-pag-autor-juan-montero-aroca-y-jose-flors-maties\/","title":{"rendered":"El Recurso de Casaci\u00f3n Civil. Casaci\u00f3n e Infracci\u00f3n Procesal 3\u00aa Edici\u00f3n. A\u00f1o 2018\/763 P\u00e1g. Autor Juan Montero Aroca y Jos\u00e9 Flors Mat\u00edes"},"content":{"rendered":"<p>El recurso de casaci\u00f3n, y lo mismo cabe decir de la infracci\u00f3n procesal, se ha ido convirtiendo, y no poco a poco, sino de modo muy claramente programado por la Sala de lo Civil del Tribunal Supremo (los c\u00e9lebres acuerdos no jurisdiccionales), en algo formal; en algo que tiende a exagerar los requisitos formales de admisi\u00f3n de los recursos, de modo que hoy estamos ya de modo evidente ante f\u00f3rmulas casi exot\u00e9ricas que hay que cumplir simplemente para la admisi\u00f3n del recurso. Esas f\u00f3rmulas no est\u00e1n tanto en la LEC como sobre todo en esos acuerdos. La forma, requisito de seguridad jur\u00eddica, se ha convertido en formalismo y \u00e9ste lleva a la mayor inseguridad. Cuando buena parte de los recursos no superan el tr\u00e1mite de admisi\u00f3n algo an\u00f3malo est\u00e1 sucediendo en nuestro sistema jur\u00eddico de justicia civil. Algo que deber\u00eda preocupar a todos y de modo principal a la propia Sala de lo Civil del Tribunal Supremo. En estas circunstancias una obra como la presente se hace especialmente necesaria. Por algo se trata de una 3\u00aa edici\u00f3n, lo que signifi ca que ha sido de utilidad para los abogados que han tenido y que tienen que llevar el asunto que les ha confi ado su cliente ante el Tribunal Supremo. Se ha pretendido y se sigue pretendiendo ofrecer una consideraci\u00f3n eminente pr\u00e1ctica del recurso de casaci\u00f3n pero sin renunciar a la dignidad cient\u00edfica. Naturalmente se atiende tambi\u00e9n al recurso extraordinario por infracci\u00f3n procesal.<\/p>\n","protected":false},"excerpt":{"rendered":"<h4 style=\"text-align: center;\"><span style=\"color: #ff0000;\">( LIBRO ESPA\u00d1OL)<\/span><\/h4>\n<h5 style=\"text-align: center;\">Envi\u00f3 10 d\u00edas h\u00e1biles.<\/h5>\n","protected":false},"featured_media":4621,"comment_status":"open","ping_status":"closed","template":"","meta":{"inline_featured_image":false,"_joinchat":[]},"product_brand":[],"product_cat":[27],"product_tag":[],"class_list":{"0":"post-4604","1":"product","2":"type-product","3":"status-publish","4":"has-post-thumbnail","6":"product_cat-civil","7":"product_shipping_class-a-convenir","9":"first","10":"instock","11":"shipping-taxable","12":"purchasable","13":"product-type-simple"},"_links":{"self":[{"href":"https:\/\/bibliotecajuridicavirtual.cl\/index.php\/wp-json\/wp\/v2\/product\/4604","targetHints":{"allow":["GET"]}}],"collection":[{"href":"https:\/\/bibliotecajuridicavirtual.cl\/index.php\/wp-json\/wp\/v2\/product"}],"about":[{"href":"https:\/\/bibliotecajuridicavirtual.cl\/index.php\/wp-json\/wp\/v2\/types\/product"}],"replies":[{"embeddable":true,"href":"https:\/\/bibliotecajuridicavirtual.cl\/index.php\/wp-json\/wp\/v2\/comments?post=4604"}],"wp:featuredmedia":[{"embeddable":true,"href":"https:\/\/bibliotecajuridicavirtual.cl\/index.php\/wp-json\/wp\/v2\/media\/4621"}],"wp:attachment":[{"href":"https:\/\/bibliotecajuridicavirtual.cl\/index.php\/wp-json\/wp\/v2\/media?parent=4604"}],"wp:term":[{"taxonomy":"product_brand","embeddable":true,"href":"https:\/\/bibliotecajuridicavirtual.cl\/index.php\/wp-json\/wp\/v2\/product_brand?post=4604"},{"taxonomy":"product_cat","embeddable":true,"href":"https:\/\/bibliotecajuridicavirtual.cl\/index.php\/wp-json\/wp\/v2\/product_cat?post=4604"},{"taxonomy":"product_tag","embeddable":true,"href":"https:\/\/bibliotecajuridicavirtual.cl\/index.php\/wp-json\/wp\/v2\/product_tag?post=4604"}],"curies":[{"name":"wp","href":"https:\/\/api.w.org\/{rel}","templated":true}]}}