{"id":4605,"date":"2026-02-28T01:27:03","date_gmt":"2026-02-28T04:27:03","guid":{"rendered":"https:\/\/bibliotecajuridicavirtual.cl\/?post_type=product&#038;p=4605"},"modified":"2026-02-28T01:27:14","modified_gmt":"2026-02-28T04:27:14","slug":"la-prueba-digital-ano-2023-602-pag-autor-francisco-jose-pinochet-cantwell","status":"publish","type":"product","link":"https:\/\/bibliotecajuridicavirtual.cl\/index.php\/product\/la-prueba-digital-ano-2023-602-pag-autor-francisco-jose-pinochet-cantwell\/","title":{"rendered":"La Prueba Digital. A\u00f1o 2023\/ 602 P\u00e1g. Autor Francisco Jos\u00e9 Pinochet Cantwell"},"content":{"rendered":"<p style=\"font-weight: 400;\">La prueba digital presenta desaf\u00edos fundamentales para acreditar los hechos en que las partes pretenden hacer valer sus pretensiones, siempre sumamente valiosas para las mismas.<\/p>\n<p style=\"font-weight: 400;\">Parece m\u00e1s necesario que nunca asumir el desaf\u00edo de acordar el concepto de prueba digital con el objetivo de dar luces acerca de lo que contempla, generando de paso mejores herramientas para afrontar actuales y futuros desaf\u00edos.<\/p>\n<p style=\"font-weight: 400;\">\n<p style=\"font-weight: 400;\"><b><strong>CAP\u00cdTULO I<\/strong><\/b><br \/>\n<b><strong>LA PRUEBA DIGITAL<\/strong><\/b><\/p>\n<ol>\n<li style=\"font-weight: 400;\">Introducci\u00f3n a la prueba digital<br \/>\n2. Concepto de prueba digital<br \/>\n3. Hacia un concepto de prueba digital<br \/>\n4. Nuestro concepto de prueba digital<\/li>\n<\/ol>\n<p style=\"font-weight: 400;\"><b><strong>CAP\u00cdTULO II<\/strong><\/b><br \/>\n<b><strong>EL DOCUMENTO EN SOPORTE PAPEL Y EL DOCUMENTO ELECTR\u00d3NICO EN GENERAL<\/strong><\/b><\/p>\n<ol start=\"5\">\n<li style=\"font-weight: 400;\">Generalidades<br \/>\n6. El documento p\u00fablico y el privado<br \/>\n7. El documento electr\u00f3nico<br \/>\ni. Documentos electr\u00f3nicos en sentido estricto<br \/>\nii. Documentos electr\u00f3nicos en sentido amplio<br \/>\n8. El documento electr\u00f3nico en la ley N\u00b0 19.799<br \/>\ni. Definici\u00f3n legal<br \/>\nii. Elementos del concepto<br \/>\n9. Documento electr\u00f3nico y P\u00e1gina Web<\/li>\n<\/ol>\n<p style=\"font-weight: 400;\"><b><strong>CAP\u00cdTULO III<\/strong><\/b><br \/>\n<b><strong>VALOR PROBATORIO DEL DOCUMENTO ELECTR\u00d3NICO<\/strong><\/b><\/p>\n<ol start=\"10\">\n<li style=\"font-weight: 400;\">Introducci\u00f3n<br \/>\n11. Valor probatorio de los documentos electr\u00f3nicos antes de la vigencia de la Ley N\u00b0 19.799<br \/>\ni. Repudio de nuestra legislaci\u00f3n con anterioridad al documento electr\u00f3nico y a otros medios de prueba similares<br \/>\nii. Los jueces repel\u00edan cualquier intento de aplicaci\u00f3n del documento electr\u00f3nico como medio de prueba<br \/>\n12. Con anterioridad a la Ley N\u00b0 19.799, s\u00f3lo exist\u00eda legislaci\u00f3n dispersa que otorgaba valor probatorio al documento electr\u00f3nico<br \/>\ni. En el C\u00f3digo de Procedimiento Penal los art\u00edculos 113 y 113 bis, admit\u00edan medios de prueba electr\u00f3nicos<br \/>\nii. La Ley N\u00b0 18.680, del 1 de enero de 1988, sustituy\u00f3 el Libro III del C\u00f3digo de Comercio, relativo al comercio mar\u00edtimo<br \/>\niii. El Titulo V del C\u00f3digo de Comercio, sobre contratos para la explotaci\u00f3n comercial de las naves<br \/>\niv. El Reglamento del Sistema de Pron\u00f3sticos Deportivos de Polla Chilena de Beneficiencia<br \/>\n13. Validez del documento electr\u00f3nico en la actualidad. Su incorporaci\u00f3n como medio de prueba al juicio<br \/>\ni. Principio general: los documentos electr\u00f3nicos son v\u00e1lidos y producen los mismos efectos que los celebrados por escrito y en soporte de papel<br \/>\nii. Excepciones o l\u00edmites al documento electr\u00f3nico<br \/>\niii. La legislaci\u00f3n positiva que distingue entre instrumentos p\u00fablicos y privados, es aplicable a los documentos electr\u00f3nicos<\/li>\n<\/ol>\n<p style=\"font-weight: 400;\"><b><strong>CAP\u00cdTULO IV<\/strong><\/b><br \/>\n<b><strong>VALOR PROBATORIO DEL DOCUMENTO ELECTR\u00d3NICO SEG\u00daN EL TIPO DE FIRMA CON QUE HA SIDO SUSCRITO<\/strong><\/b><\/p>\n<ol start=\"14\">\n<li style=\"font-weight: 400;\">Introducci\u00f3n<br \/>\ni. Documento electr\u00f3nico p\u00fablico<br \/>\nii. Documento electr\u00f3nico privado<br \/>\n15. Valor de los documentos electr\u00f3nicos p\u00fablicos o privados suscritos media firma electr\u00f3nica avanzada<br \/>\n16. Valor de los documentos electr\u00f3nicos suscritos mediante firma electr\u00f3nica simple<br \/>\n17. Valor de los documentos electr\u00f3nicos no generados o suscritos mediante firma electr\u00f3nica tradicional<br \/>\n18. Valor de los documentos electr\u00f3nicos que no cuentan con firma electr\u00f3nica alguna<br \/>\n19. Conclusiones acerca del valor probatorio de los documentos electr\u00f3nicos<br \/>\n20. El documento electr\u00f3nico en juicio suscrito por \u00f3rganos del Estado<\/li>\n<\/ol>\n<p style=\"font-weight: 400;\"><b><strong>CAP\u00cdTULO V<\/strong><\/b><br \/>\n<b><strong>OPORTUNIDAD EN QUE SE DEBE ACOMPA\u00d1AR EL DOCUMENTO ELECTR\u00d3NICO EN LOS PRINCIPALES PROCESOS<\/strong><\/b><\/p>\n<ol start=\"21\">\n<li style=\"font-weight: 400;\">Oportunidad para acompa\u00f1ar el documento electr\u00f3nico en un juicio ordinario<br \/>\n22. Oportunidad para acompa\u00f1ar los documentos electr\u00f3nicos en un juicio sumario<br \/>\n23. Oportunidad para acompa\u00f1ar los documentos electr\u00f3nicos en segunda instancia<br \/>\n24. Oportunidad para acompa\u00f1ar los documentos electr\u00f3nicos en el nuevo proceso civil oral<br \/>\n25. Oportunidad para acompa\u00f1ar los documentos electr\u00f3nicos en juicio oral en audiencias ante los juzgados de garant\u00eda<br \/>\n26. Oportunidad para acompa\u00f1ar los documentos electr\u00f3nicos en juicio oral en materia penal<br \/>\n27. Forma y oportunidad de acompa\u00f1ar la prueba digital en los juicios laborales<br \/>\n28. Forma y oportunidad de acompa\u00f1ar la prueba digital en los juicios laborales<br \/>\n29. Autorizaci\u00f3n de comparecencia remota por videoconferencia de cualquiera de las partes que as\u00ed lo solicite, a una o varias de las audiencias, en material laboral<br \/>\n30. Autorizaci\u00f3n de videoconferencia las audiencias de su competencia en que no se rinda prueba testimonial, absoluci\u00f3n de posiciones o declaraci\u00f3n de partes o de peritos<\/li>\n<\/ol>\n<p style=\"font-weight: 400;\"><b><strong>CAP\u00cdTULO VI<\/strong><\/b><br \/>\n<b><strong>LA AUDIENCIA DE PERCEPCI\u00d3N DEL DOCUMENTO ELECTR\u00d3NICO<\/strong><\/b><\/p>\n<p>31. Introducci\u00f3n<br \/>\ni. La valoraci\u00f3n del documento se realiza en la sentencia<br \/>\nii. El tribunal debe siempre acceder a la audiencia de percepci\u00f3n<br \/>\niii. Obligaci\u00f3n de aportar los medios t\u00e9cnicos electr\u00f3nicos necesarios para su percepci\u00f3n<br \/>\niv. Objeci\u00f3n del documento electr\u00f3nico y sanci\u00f3n en caso de que \u00e9sta sea infundada<br \/>\nv. Reglas para la realizaci\u00f3n de prueba pericial de autenticidad<br \/>\nvi. Nombramiento y n\u00famero de peritos<br \/>\nvii. Valoraci\u00f3n de la prueba complementaria de autenticidad del documento electr\u00f3nico<br \/>\nviii. Forma de realizaci\u00f3n de la audiencia de percepci\u00f3n documental<\/p>\n<p style=\"font-weight: 400;\"><b><strong>CAP\u00cdTULO VII<\/strong><\/b><br \/>\n<b><strong>LAS GRABACIONES DE AUDIO Y VIDEO COMO DOCUMENTOS ELECTR\u00d3NICOS<\/strong><\/b><\/p>\n<ol start=\"32\">\n<li style=\"font-weight: 400;\">Introducci\u00f3n<br \/>\n33. Opiniones en la doctrina<br \/>\n34. En el derecho comparado<\/li>\n<\/ol>\n<p style=\"font-weight: 400;\"><b><strong>CAP\u00cdTULO VII<\/strong><\/b><br \/>\n<b><strong>EL DOCUMENTO ELECTR\u00d3NICO EN EL DERECHO COMPARADO<\/strong><\/b><\/p>\n<ol start=\"35\">\n<li style=\"font-weight: 400;\">El documento electr\u00f3nico en la legislaci\u00f3n espa\u00f1ola<br \/>\ni. Los medios de reproducci\u00f3n del sonido y la imagen como documentos<br \/>\nii. La equiparaci\u00f3n del documento electr\u00f3nico al documento escrito de las grabaciones de audio y voz en la presentaci\u00f3n en juicio<br \/>\n36. Los documentos electr\u00f3nicos en Colombia<br \/>\n37. Los documentos electr\u00f3nicos en M\u00e9xico<br \/>\n38. Los documentos electr\u00f3nicos en Venezuela<br \/>\n39. R\u00e9gimen probatorio de los documentos electr\u00f3nicos en Argentina<br \/>\n40. R\u00e9gimen probatorio de los documentos electr\u00f3nicos en Italia<\/li>\n<\/ol>\n<p style=\"font-weight: 400;\"><b><strong>CAP\u00cdTULO IX<\/strong><\/b><br \/>\n<b><strong>LA FIRMA ELECTR\u00d3NICA<\/strong><\/b><\/p>\n<ol start=\"41\">\n<li style=\"font-weight: 400;\">Concepto de firma electr\u00f3nica y firma digital<br \/>\ni. Tipos de firma electr\u00f3nica<br \/>\nii. Criptograf\u00eda<br \/>\niii. Los sistemas sim\u00e9tricos<br \/>\niv. Sistemas asim\u00e9tricos<br \/>\nv. Infraestructura de clave p\u00fablica<br \/>\nvi. Ley Modelo sobre firmas electr\u00f3nicas de la C.N.U.D.M.I<br \/>\nvii. Situaci\u00f3n actual de la legislaci\u00f3n internacional sobre firma electr\u00f3nica<br \/>\n42. Firma digital en Chile<br \/>\ni. Antecedentes<br \/>\nii. Legislaci\u00f3n comparada en que se inspir\u00f3 el proyecto<br \/>\niii. Firma electr\u00f3nica simple y avanzada<br \/>\niv. Funcionamiento de la firma electr\u00f3nica avanzada<br \/>\n43. Prestadores de Servicios de Certificaci\u00f3n<br \/>\n44. Certificado de firma electr\u00f3nica<br \/>\n45. Uso de firmas electr\u00f3nicas por los \u00f3rganos del Estado<br \/>\n46. Derechos y obligaciones de los usuarios de firmas electr\u00f3nicas<br \/>\n47. Organigrama del sistema<\/li>\n<\/ol>\n<p style=\"font-weight: 400;\"><b><strong>CAP\u00cdTULO X<\/strong><\/b><br \/>\n<b><strong>EL USO DE LA FIRMA ELECTR\u00d3NICA POR LOS JUECES<\/strong><\/b><\/p>\n<p>48. El \u00e1mbito de aplicaci\u00f3n<br \/>\n49. Principios<br \/>\ni. Principio de responsabilidad<br \/>\nii. Principio de legalidad y competencia<br \/>\niii. Principio de eficiencia<br \/>\niv. Principio de eficacia<br \/>\nv. Principio de equivalencia de soportes<br \/>\n50. Uso obligatorio de sistemas inform\u00e1ticos para la tramitaci\u00f3n de las causas<br \/>\n51. Obligaci\u00f3n de uso de medios tecnol\u00f3gicos<br \/>\n52. Seguridad de los sistemas inform\u00e1ticos<\/p>\n<p style=\"font-weight: 400;\"><b><strong>CAP\u00cdTULO XI<\/strong><\/b><br \/>\n<b><strong>LEY DE TRAMITACI\u00d3N ELECTR\u00d3NICA DE PROCEDIMIENTOS JUDICIALES<\/strong><\/b><\/p>\n<ol start=\"53\">\n<li style=\"font-weight: 400;\">Ley de tramitaci\u00f3n electr\u00f3nica de procedimientos judiciales<br \/>\ni. Objetivos y beneficios perseguidos por el proyecto<br \/>\nii. Legislaci\u00f3n vigente y autoacordados de la Corte Suprema sobre la materia<br \/>\niii. Contenido del proyecto<br \/>\n54. Principales elementos de la ley de tramitaci\u00f3n electr\u00f3nica de procedimientos judiciales<br \/>\ni. Principios generales para la tramitaci\u00f3n de las causas regidas por la presente ley de tramitaci\u00f3n electr\u00f3nica<br \/>\nii. Uso obligatorio del sistema inform\u00e1tico, respaldo y conservaci\u00f3n<br \/>\niii. Firma electr\u00f3nica de resoluciones y actuaciones del tribunal y copias autorizadas<br \/>\niv. Presentaci\u00f3n de demandas y de escritos<br \/>\nv. Presentaci\u00f3n de documentos<br \/>\nvi. Patrocinio y poder electr\u00f3nico<br \/>\nvii. Otras formas de notificaci\u00f3n<br \/>\nviii. Registro de actuaciones de receptores<br \/>\nix. Tramitaci\u00f3n electr\u00f3nica de exhortos<br \/>\nx. Oficios y comunicaciones judiciales<br \/>\nxi. De la modificaci\u00f3n de diversos cuerpos legales<br \/>\n55. Las comunicaciones por medios electr\u00f3nicos<br \/>\n56. De los registros por medios electr\u00f3nicos o an\u00e1logos, necesarias para el adecuado funcionamiento del tribunal<br \/>\n57. Tramitaci\u00f3n e ingreso de causas: distribuci\u00f3n de causas<\/p>\n<p><b><strong>CAP\u00cdTULO XII<\/strong><\/b><br \/>\n<b><strong>EL USO DEL DOCUMENTO Y FIRMA ELECTR\u00d3NICA POR NOTARIOS, CONSERVADORES Y ARCHIVEROS JUDICIALES<\/strong><\/b><\/p>\n<p>58. Regulaci\u00f3n<br \/>\n59. Texto del auto acordado<\/li>\n<\/ol>\n<p style=\"font-weight: 400;\"><b><strong>CAP\u00cdTULO XIII<\/strong><\/b><br \/>\n<b><strong>LA VALIDEZ DE UNA GRABACI\u00d3N COMO MEDIO DE PRUEBA<\/strong><\/b><\/p>\n<ol start=\"60\">\n<li style=\"font-weight: 400;\">Validez de la grabaci\u00f3n de una conversaci\u00f3n entre dos o m\u00e1s personas<br \/>\n61. La protecci\u00f3n a las grabaciones como medio de prueba en Espa\u00f1a<br \/>\n62. Grabaci\u00f3n de la voz y tratamiento de los datos personales<br \/>\n63. La validez de las grabaciones como medio de prueba en Chile<br \/>\n64. Historia de la Ley N\u00b019.423 sobre protecci\u00f3n penal a la vida privada y p\u00fablica de la persona y su familia<\/li>\n<\/ol>\n<p style=\"font-weight: 400;\"><b><strong>CAP\u00cdTULO XIV<\/strong><\/b><br \/>\n<b><strong>JURISPRUDENCIA EN CHILE QUE ADMITE LAS GRABACIONES COMO MEDIO DE PRUEBA<\/strong><\/b><\/p>\n<ol start=\"65\">\n<li style=\"font-weight: 400;\">Jurisprudencia previa a la doctrina de la expectativa de privacidad<br \/>\n66. Jurisprudencia que inicia la doctrina de la expectativa de privacidad<\/li>\n<\/ol>\n<p style=\"font-weight: 400;\"><b><strong>CAP\u00cdTULO XV<\/strong><\/b><br \/>\n<b><strong>LA VALIDEZ DE UNA GRABACI\u00d3N COMO MEDIO DE PRUEBA EN ESTADOS UNIDOS DE NORTEAM\u00c9RICA<\/strong><\/b><\/p>\n<p>67. Reglas procesales aplicables en Norteam\u00e9rica para la validez de una grabaci\u00f3n<br \/>\n68. La doctrina de la expectativa razonable de intimidad<br \/>\n69. La evoluci\u00f3n de la validez de las grabaciones en el moderno derecho de familia del Reino Unido<\/p>\n<p style=\"font-weight: 400;\"><b><strong>CAP\u00cdTULO XVI<\/strong><\/b><br \/>\n<b><strong>DELITO DE GRABACI\u00d3N O CAPTACI\u00d3N DE CONVERSACIONES PRIVADAS Y EL PERIODISMO<\/strong><\/b><\/p>\n<ol start=\"70\">\n<li style=\"font-weight: 400;\">Hechos que podr\u00e1n configurar la causal en el \u00e1mbito del periodismo<br \/>\n71. El caso Guillier. Periodistas de Chilevisi\u00f3n condenados por grabar con c\u00e1maras ocultas a un juez de la Rep\u00fablica<\/li>\n<\/ol>\n<p style=\"font-weight: 400;\"><b><strong>CAP\u00cdTULO XVII<\/strong><\/b><br \/>\n<b><strong>PROTECCI\u00d3N DE LA INTIMIDAD DE LOS TRABAJADORES Y DERECHO DE LA EMPRESA A FISCALIZAR<\/strong><\/b><\/p>\n<ol start=\"72\">\n<li style=\"font-weight: 400;\">La posibilidad de fiscalizar correos de los trabajadores de la empresa<br \/>\n73. Dict\u00e1menes de la Direcci\u00f3n del Trabajo que se ocupan de la materia<br \/>\n74. Derechos fundamentales inespec\u00edficos m\u00e1s sensibles a su lesi\u00f3n en el desarrollo de la relaci\u00f3n laboral<br \/>\ni. La instalaci\u00f3n de dispositivos de control audiovisual<br \/>\nii. El tratamiento de datos personales y uso de c\u00e1maras de vigilancia<br \/>\niii. Grabar a un trabajador en su trabajo con una c\u00e1mara oculta mientras roba no viola su intimidad. Caso L\u00f3pez Ribalda y otros contra Espa\u00f1a<br \/>\niv. Afectaci\u00f3n de derechos de trabajadores o empleadores por escuchas subrepticias al interior de las empresas<br \/>\nv. Inviolabilidad de toda forma de comunicaci\u00f3n privada en el trabajo consagrada en el art\u00edculo 19 N\u00b05 de la Constituci\u00f3n Pol\u00edtica<br \/>\nvi. Conclusiones<\/li>\n<\/ol>\n<p style=\"font-weight: 400;\"><b><strong>CAP\u00cdTULO XVIII<\/strong><\/b><br \/>\n<b><strong>EL CONTROL DE CORREOS ELECTR\u00d3NICOS EN EL DERECHO COMPARADO<\/strong><\/b><\/p>\n<ol start=\"75\">\n<li style=\"font-weight: 400;\">Jurisprudencia del Tribunal europeo de Derechos Humanos<br \/>\n75. Jurisprudencia del Tribunal Constitucional Espa\u00f1ol<\/li>\n<\/ol>\n<p style=\"font-weight: 400;\"><b><strong>ANEXO DE 10 SENTENCIAS<\/strong><\/b><\/p>\n","protected":false},"excerpt":{"rendered":"<p>La prueba digital presenta desaf\u00edos fundamentales para acreditar los hechos en que las partes pretenden hacer valer sus pretensiones, siempre sumamente valiosas para las mismas. Parece m\u00e1s necesario que nunca asumir el desaf\u00edo de acordar el concepto de prueba digital con el objetivo de dar luces acerca de lo que contempla, generando de paso mejores herramientas para afrontar actuales y futuros desaf\u00edos. CAP\u00cdTULO I LA PRUEBA DIGITAL Introducci\u00f3n a la prueba digital 2. Concepto de prueba digital 3. Hacia un concepto de prueba digital 4. Nuestro concepto de prueba digital CAP\u00cdTULO II EL DOCUMENTO EN SOPORTE PAPEL Y EL DOCUMENTO ELECTR\u00d3NICO EN GENERAL Generalidades 6. El documento p\u00fablico y el privado 7. El documento electr\u00f3nico i. Documentos electr\u00f3nicos en sentido estricto ii. Documentos electr\u00f3nicos en sentido amplio 8. El documento electr\u00f3nico en la ley N\u00b0 19.799 i. Definici\u00f3n legal ii. Elementos del concepto 9. Documento electr\u00f3nico y P\u00e1gina Web CAP\u00cdTULO III VALOR PROBATORIO DEL DOCUMENTO ELECTR\u00d3NICO Introducci\u00f3n 11. Valor probatorio de los documentos electr\u00f3nicos antes de la vigencia de la Ley N\u00b0 19.799 i. Repudio de nuestra legislaci\u00f3n con anterioridad al documento electr\u00f3nico y a otros medios de prueba similares ii. Los jueces repel\u00edan cualquier intento de aplicaci\u00f3n del documento electr\u00f3nico como medio de prueba 12. Con anterioridad a la Ley N\u00b0 19.799, s\u00f3lo exist\u00eda legislaci\u00f3n dispersa que otorgaba valor probatorio al documento electr\u00f3nico i. En el C\u00f3digo de Procedimiento Penal los art\u00edculos 113 y 113 bis, admit\u00edan medios de prueba electr\u00f3nicos ii. La Ley N\u00b0 18.680, del 1 de enero de 1988, sustituy\u00f3 el Libro III del C\u00f3digo de Comercio, relativo al comercio mar\u00edtimo iii. El Titulo V del C\u00f3digo de Comercio, sobre contratos para la explotaci\u00f3n comercial de las naves iv. El Reglamento del Sistema de Pron\u00f3sticos Deportivos de Polla Chilena de Beneficiencia 13. Validez del documento electr\u00f3nico en la actualidad. Su incorporaci\u00f3n como medio de prueba al juicio i. Principio general: los documentos electr\u00f3nicos son v\u00e1lidos y producen los mismos efectos que los celebrados por escrito y en soporte de papel ii. Excepciones o l\u00edmites al documento electr\u00f3nico iii. La legislaci\u00f3n positiva que distingue entre instrumentos p\u00fablicos y privados, es aplicable a los documentos electr\u00f3nicos CAP\u00cdTULO IV VALOR PROBATORIO DEL DOCUMENTO ELECTR\u00d3NICO SEG\u00daN EL TIPO DE FIRMA CON QUE HA SIDO SUSCRITO Introducci\u00f3n i. Documento electr\u00f3nico p\u00fablico ii. Documento electr\u00f3nico privado 15. Valor de los documentos electr\u00f3nicos p\u00fablicos o privados suscritos media firma electr\u00f3nica avanzada 16. Valor de los documentos electr\u00f3nicos suscritos mediante firma electr\u00f3nica simple 17. Valor de los documentos electr\u00f3nicos no generados o suscritos mediante firma electr\u00f3nica tradicional 18. Valor de los documentos electr\u00f3nicos que no cuentan con firma electr\u00f3nica alguna 19. Conclusiones acerca del valor probatorio de los documentos electr\u00f3nicos 20. El documento electr\u00f3nico en juicio suscrito por \u00f3rganos del Estado CAP\u00cdTULO V OPORTUNIDAD EN QUE SE DEBE ACOMPA\u00d1AR EL DOCUMENTO ELECTR\u00d3NICO EN LOS PRINCIPALES PROCESOS Oportunidad para acompa\u00f1ar el documento electr\u00f3nico en un juicio ordinario 22. Oportunidad para acompa\u00f1ar los documentos electr\u00f3nicos en un juicio sumario 23. Oportunidad para acompa\u00f1ar los documentos electr\u00f3nicos en segunda instancia 24. Oportunidad para acompa\u00f1ar los documentos electr\u00f3nicos en el nuevo proceso civil oral 25. Oportunidad para acompa\u00f1ar los documentos electr\u00f3nicos en juicio oral en audiencias ante los juzgados de garant\u00eda 26. Oportunidad para acompa\u00f1ar los documentos electr\u00f3nicos en juicio oral en materia penal 27. Forma y oportunidad de acompa\u00f1ar la prueba digital en los juicios laborales 28. Forma y oportunidad de acompa\u00f1ar la prueba digital en los juicios laborales 29. Autorizaci\u00f3n de comparecencia remota por videoconferencia de cualquiera de las partes que as\u00ed lo solicite, a una o varias de las audiencias, en material laboral 30. Autorizaci\u00f3n de videoconferencia las audiencias de su competencia en que no se rinda prueba testimonial, absoluci\u00f3n de posiciones o declaraci\u00f3n de partes o de peritos CAP\u00cdTULO VI LA AUDIENCIA DE PERCEPCI\u00d3N DEL DOCUMENTO ELECTR\u00d3NICO 31. Introducci\u00f3n i. La valoraci\u00f3n del documento se realiza en la sentencia ii. El tribunal debe siempre acceder a la audiencia de percepci\u00f3n iii. Obligaci\u00f3n de aportar los medios t\u00e9cnicos electr\u00f3nicos necesarios para su percepci\u00f3n iv. Objeci\u00f3n del documento electr\u00f3nico y sanci\u00f3n en caso de que \u00e9sta sea infundada v. Reglas para la realizaci\u00f3n de prueba pericial de autenticidad vi. Nombramiento y n\u00famero de peritos vii. Valoraci\u00f3n de la prueba complementaria de autenticidad del documento electr\u00f3nico viii. Forma de realizaci\u00f3n de la audiencia de percepci\u00f3n documental CAP\u00cdTULO VII LAS GRABACIONES DE AUDIO Y VIDEO COMO DOCUMENTOS ELECTR\u00d3NICOS Introducci\u00f3n 33. Opiniones en la doctrina 34. En el derecho comparado CAP\u00cdTULO VII EL DOCUMENTO ELECTR\u00d3NICO EN EL DERECHO COMPARADO El documento electr\u00f3nico en la legislaci\u00f3n espa\u00f1ola i. Los medios de reproducci\u00f3n del sonido y la imagen como documentos ii. La equiparaci\u00f3n del documento electr\u00f3nico al documento escrito de las grabaciones de audio y voz en la presentaci\u00f3n en juicio 36. Los documentos electr\u00f3nicos en Colombia 37. Los documentos electr\u00f3nicos en M\u00e9xico 38. Los documentos electr\u00f3nicos en Venezuela 39. R\u00e9gimen probatorio de los documentos electr\u00f3nicos en Argentina 40. R\u00e9gimen probatorio de los documentos electr\u00f3nicos en Italia CAP\u00cdTULO IX LA FIRMA ELECTR\u00d3NICA Concepto de firma electr\u00f3nica y firma digital i. Tipos de firma electr\u00f3nica ii. Criptograf\u00eda iii. Los sistemas sim\u00e9tricos iv. Sistemas asim\u00e9tricos v. Infraestructura de clave p\u00fablica vi. Ley Modelo sobre firmas electr\u00f3nicas de la C.N.U.D.M.I vii. Situaci\u00f3n actual de la legislaci\u00f3n internacional sobre firma electr\u00f3nica 42. Firma digital en Chile i. Antecedentes ii. Legislaci\u00f3n comparada en que se inspir\u00f3 el proyecto iii. Firma electr\u00f3nica simple y avanzada iv. Funcionamiento de la firma electr\u00f3nica avanzada 43. Prestadores de Servicios de Certificaci\u00f3n 44. Certificado de firma electr\u00f3nica 45. Uso de firmas electr\u00f3nicas por los \u00f3rganos del Estado 46. Derechos y obligaciones de los usuarios de firmas electr\u00f3nicas 47. Organigrama del sistema CAP\u00cdTULO X EL USO DE LA FIRMA ELECTR\u00d3NICA POR LOS JUECES 48. El \u00e1mbito de aplicaci\u00f3n 49. Principios i. Principio de responsabilidad ii. Principio de legalidad y competencia iii. Principio de eficiencia iv. Principio de eficacia v. Principio de equivalencia de soportes 50. Uso obligatorio de sistemas inform\u00e1ticos para la tramitaci\u00f3n de las causas 51. Obligaci\u00f3n de uso de<\/p>\n","protected":false},"featured_media":4622,"comment_status":"open","ping_status":"closed","template":"","meta":{"inline_featured_image":false,"_joinchat":[]},"product_brand":[],"product_cat":[39],"product_tag":[],"class_list":{"0":"post-4605","1":"product","2":"type-product","3":"status-publish","4":"has-post-thumbnail","6":"product_cat-procesal-civil","7":"product_shipping_class-a-convenir","9":"first","10":"instock","11":"shipping-taxable","12":"purchasable","13":"product-type-simple"},"_links":{"self":[{"href":"https:\/\/bibliotecajuridicavirtual.cl\/index.php\/wp-json\/wp\/v2\/product\/4605","targetHints":{"allow":["GET"]}}],"collection":[{"href":"https:\/\/bibliotecajuridicavirtual.cl\/index.php\/wp-json\/wp\/v2\/product"}],"about":[{"href":"https:\/\/bibliotecajuridicavirtual.cl\/index.php\/wp-json\/wp\/v2\/types\/product"}],"replies":[{"embeddable":true,"href":"https:\/\/bibliotecajuridicavirtual.cl\/index.php\/wp-json\/wp\/v2\/comments?post=4605"}],"wp:featuredmedia":[{"embeddable":true,"href":"https:\/\/bibliotecajuridicavirtual.cl\/index.php\/wp-json\/wp\/v2\/media\/4622"}],"wp:attachment":[{"href":"https:\/\/bibliotecajuridicavirtual.cl\/index.php\/wp-json\/wp\/v2\/media?parent=4605"}],"wp:term":[{"taxonomy":"product_brand","embeddable":true,"href":"https:\/\/bibliotecajuridicavirtual.cl\/index.php\/wp-json\/wp\/v2\/product_brand?post=4605"},{"taxonomy":"product_cat","embeddable":true,"href":"https:\/\/bibliotecajuridicavirtual.cl\/index.php\/wp-json\/wp\/v2\/product_cat?post=4605"},{"taxonomy":"product_tag","embeddable":true,"href":"https:\/\/bibliotecajuridicavirtual.cl\/index.php\/wp-json\/wp\/v2\/product_tag?post=4605"}],"curies":[{"name":"wp","href":"https:\/\/api.w.org\/{rel}","templated":true}]}}