{"id":4609,"date":"2026-02-28T01:27:03","date_gmt":"2026-02-28T04:27:03","guid":{"rendered":"https:\/\/bibliotecajuridicavirtual.cl\/?post_type=product&#038;p=4609"},"modified":"2026-02-28T01:27:17","modified_gmt":"2026-02-28T04:27:17","slug":"derechos-sociales-grupos-vulnerables-y-procesos-politicos-latinoamericanos-ano-2019-396-pag-autor-humberto-nogueira-alcala-y-gonzalo-aguilar-cavallo","status":"publish","type":"product","link":"https:\/\/bibliotecajuridicavirtual.cl\/index.php\/product\/derechos-sociales-grupos-vulnerables-y-procesos-politicos-latinoamericanos-ano-2019-396-pag-autor-humberto-nogueira-alcala-y-gonzalo-aguilar-cavallo\/","title":{"rendered":"Derechos sociales, grupos vulnerables y procesos pol\u00edticos latinoamericanos. A\u00f1o 2019\/ 396 P\u00e1g. Autor Humberto Nogueira Alcal\u00e1 y Gonzalo Aguilar Cavallo"},"content":{"rendered":"<p>El derecho constitucional y el derecho internacional de los derechos humanos interact\u00faan y se compenetran en forma creciente. Este es un dato generalizado pero que aparece presente con especial intensidad en Europa y Am\u00e9rica. Sin duda, la existencia de dos sistemas de protecci\u00f3n de los derechos humanos en cada uno de estos continentes, respectivamente, contribuye a fomentar esta interacci\u00f3n entre estas dos \u00e1reas entre el derecho interno y el derecho internacional. Los mecanismos de control y protecci\u00f3n de los derechos humanos en Am\u00e9rica funcionan con regularidad y con una efectividad a distintas velocidades, dependiendo, fundamentalmente, del pa\u00eds de que se trate, como asimismo, de la materia de derechos humanos vulnerada. Estos dos aspectos, reflejan la mayor o menor predisposici\u00f3n de los Estados a cumplir con una determinada condena y reparaciones. Por ejemplo, una sanci\u00f3n a un Estado en materia de amnist\u00edas que implique la necesidad de adecuar su orden jur\u00eddico interno a los est\u00e1ndares internacionales, tradicionalmente ha planteado obst\u00e1culos en su cumplimiento.<br \/>\nUna situaci\u00f3n similar, podr\u00edan plantear casos de vulneraci\u00f3n de derechos que involucraran los derechos econ\u00f3micos, sociales y culturales, los grupos vulnerables y el ejercicio efectivo de la democracia y los procesos democr\u00e1ticos. Justamente, estos temas son los que se discuten en este libro, con un enfoque especial en la regi\u00f3n latinoamericana. En las diversas aportaciones se dan cuenta de los distintos desaf\u00edos que se presentan por delante, para los diferentes Estados de la regi\u00f3n.<br \/>\nEsta obra colectiva constituye un nuevo volumen de la colecci\u00f3n de obras jur\u00eddicas de la Red Interamericana sobre Derechos Fundamentales y Democracia (RED-IDD), sistematizada esta vez, por el Centro de Estudios Constitucionales de Chile de la Universidad de Talca.<\/p>\n<p>&nbsp;<\/p>\n","protected":false},"excerpt":{"rendered":"<p>El derecho constitucional y el derecho internacional de los derechos humanos interact\u00faan y se compenetran en forma creciente. Este es un dato generalizado pero que aparece presente con especial intensidad en Europa y Am\u00e9rica. Sin duda, la existencia de dos sistemas de protecci\u00f3n de los derechos humanos en cada uno de estos continentes, respectivamente, contribuye a fomentar esta interacci\u00f3n entre estas dos \u00e1reas entre el derecho interno y el derecho internacional. Los mecanismos de control y protecci\u00f3n de los derechos humanos en Am\u00e9rica funcionan con regularidad y con una efectividad a distintas velocidades, dependiendo, fundamentalmente, del pa\u00eds de que se trate, como asimismo, de la materia de derechos humanos vulnerada. Estos dos aspectos, reflejan la mayor o menor predisposici\u00f3n de los Estados a cumplir con una determinada condena y reparaciones. Por ejemplo, una sanci\u00f3n a un Estado en materia de amnist\u00edas que implique la necesidad de adecuar su orden jur\u00eddico interno a los est\u00e1ndares internacionales, tradicionalmente ha planteado obst\u00e1culos en su cumplimiento. Una situaci\u00f3n similar, podr\u00edan plantear casos de vulneraci\u00f3n de derechos que involucraran los derechos econ\u00f3micos, sociales y culturales, los grupos vulnerables y el ejercicio efectivo de la democracia y los procesos democr\u00e1ticos. Justamente, estos temas son los que se discuten en este libro, con un enfoque especial en la regi\u00f3n latinoamericana. En las diversas aportaciones se dan cuenta de los distintos desaf\u00edos que se presentan por delante, para los diferentes Estados de la regi\u00f3n. Esta obra colectiva constituye un nuevo volumen de la colecci\u00f3n de obras jur\u00eddicas de la Red Interamericana sobre Derechos Fundamentales y Democracia (RED-IDD), sistematizada esta vez, por el Centro de Estudios Constitucionales de Chile de la Universidad de Talca. &nbsp;<\/p>\n","protected":false},"featured_media":4626,"comment_status":"open","ping_status":"closed","template":"","meta":{"inline_featured_image":false,"_joinchat":[]},"product_brand":[],"product_cat":[33],"product_tag":[],"class_list":{"0":"post-4609","1":"product","2":"type-product","3":"status-publish","4":"has-post-thumbnail","6":"product_cat-constitucional","7":"product_shipping_class-a-convenir","9":"first","10":"instock","11":"shipping-taxable","12":"purchasable","13":"product-type-simple"},"_links":{"self":[{"href":"https:\/\/bibliotecajuridicavirtual.cl\/index.php\/wp-json\/wp\/v2\/product\/4609","targetHints":{"allow":["GET"]}}],"collection":[{"href":"https:\/\/bibliotecajuridicavirtual.cl\/index.php\/wp-json\/wp\/v2\/product"}],"about":[{"href":"https:\/\/bibliotecajuridicavirtual.cl\/index.php\/wp-json\/wp\/v2\/types\/product"}],"replies":[{"embeddable":true,"href":"https:\/\/bibliotecajuridicavirtual.cl\/index.php\/wp-json\/wp\/v2\/comments?post=4609"}],"wp:featuredmedia":[{"embeddable":true,"href":"https:\/\/bibliotecajuridicavirtual.cl\/index.php\/wp-json\/wp\/v2\/media\/4626"}],"wp:attachment":[{"href":"https:\/\/bibliotecajuridicavirtual.cl\/index.php\/wp-json\/wp\/v2\/media?parent=4609"}],"wp:term":[{"taxonomy":"product_brand","embeddable":true,"href":"https:\/\/bibliotecajuridicavirtual.cl\/index.php\/wp-json\/wp\/v2\/product_brand?post=4609"},{"taxonomy":"product_cat","embeddable":true,"href":"https:\/\/bibliotecajuridicavirtual.cl\/index.php\/wp-json\/wp\/v2\/product_cat?post=4609"},{"taxonomy":"product_tag","embeddable":true,"href":"https:\/\/bibliotecajuridicavirtual.cl\/index.php\/wp-json\/wp\/v2\/product_tag?post=4609"}],"curies":[{"name":"wp","href":"https:\/\/api.w.org\/{rel}","templated":true}]}}