{"id":4633,"date":"2026-02-28T01:27:58","date_gmt":"2026-02-28T04:27:58","guid":{"rendered":"https:\/\/bibliotecajuridicavirtual.cl\/?post_type=product&#038;p=4633"},"modified":"2026-02-28T01:28:02","modified_gmt":"2026-02-28T04:28:02","slug":"embargo-tercerias-y-realizacion-de-bienes-ano-2020-392-pag-autor-luis-gonzalo-navarrete-villegas","status":"publish","type":"product","link":"https:\/\/bibliotecajuridicavirtual.cl\/index.php\/product\/embargo-tercerias-y-realizacion-de-bienes-ano-2020-392-pag-autor-luis-gonzalo-navarrete-villegas\/","title":{"rendered":"Embargo, Tercer\u00edas y Realizaci\u00f3n de Bienes. A\u00f1o 2020\/ 392 P\u00e1g. Autor Luis Gonzalo Navarrete Villegas"},"content":{"rendered":"<p>Esta monograf\u00eda es pionera en nuestra \u00a0literatura procesal al haber tenido la \u00a0osad\u00eda de explicar el proceso de ejecuci\u00f3n con el prisma de las categor\u00edas de la moderna ciencia procesal. Esa forma de aproximarse se ha mantenido y perfeccionado en esta edici\u00f3n, que sustenta sus explicaciones en diversas fuentes doctrinales, nacionales y extranjeras, las que enriquecen las tesis del autor para solucionar varios problemas pr\u00e1cticos en relaci\u00f3n con el embargo y las tercer\u00edas.<br \/>\nLa idea central del trabajo es considerar el embargo como un acto procesal complejo, a partir del que se producen una serie de efectos que se resuelven con los instrumentos de la ciencia procesal. De igual forma, les da coherencia a varias propuestas asumir que el proceso de ejecuci\u00f3n consiste en una actividad de \u00a0sustituci\u00f3n del juez, para restablecer el desequilibrio que produce el incumplimiento de las obligaciones por el deudor.<br \/>\nLa primera parte examina la funci\u00f3n, caracter\u00edsticas, naturaleza del proceso de ejecuci\u00f3n, y quienes son partes en \u00e9l. La segunda se consagra al estudio \u00a0de la responsabilidad patrimonial, al embargo de bienes, destac\u00e1ndose el embargo de los derechos en sociedades de personas y del derecho a los beneficios o utilidades; y a las tercer\u00edas de dominio y de posesi\u00f3n.<br \/>\nConcluye, junto a las tercer\u00edas de prelaci\u00f3n y de pago, con el desarrollo de las formas de realizaci\u00f3n de los bienes embargados: la enajenaci\u00f3n forzosa o venta en p\u00fablica subasta; la adjudicaci\u00f3n en favor del ejecutante y en pago de su cr\u00e9dito; la prenda pretoria, y el arrendamiento de ciertos \u00a0bienes.<br \/>\nSe trata de una obra que es un aporte al estudio de la teor\u00eda y pr\u00e1ctica del proceso de ejecuci\u00f3n en nuestro ordenamiento, enriquecida con el tiempo y la perseverancia de su autor.<\/p>\n","protected":false},"excerpt":{"rendered":"<p>Se trata de una obra que es un aporte al estudio de la teor\u00eda y pr\u00e1ctica del proceso de ejecuci\u00f3n en nuestro ordenamiento, enriquecida con el tiempo y la perseverancia de su autor.<\/p>\n","protected":false},"featured_media":4647,"comment_status":"open","ping_status":"closed","template":"","meta":{"inline_featured_image":false,"_joinchat":[]},"product_brand":[],"product_cat":[27],"product_tag":[],"class_list":{"0":"post-4633","1":"product","2":"type-product","3":"status-publish","4":"has-post-thumbnail","6":"product_cat-civil","7":"product_shipping_class-a-convenir","9":"first","10":"instock","11":"shipping-taxable","12":"purchasable","13":"product-type-simple"},"_links":{"self":[{"href":"https:\/\/bibliotecajuridicavirtual.cl\/index.php\/wp-json\/wp\/v2\/product\/4633","targetHints":{"allow":["GET"]}}],"collection":[{"href":"https:\/\/bibliotecajuridicavirtual.cl\/index.php\/wp-json\/wp\/v2\/product"}],"about":[{"href":"https:\/\/bibliotecajuridicavirtual.cl\/index.php\/wp-json\/wp\/v2\/types\/product"}],"replies":[{"embeddable":true,"href":"https:\/\/bibliotecajuridicavirtual.cl\/index.php\/wp-json\/wp\/v2\/comments?post=4633"}],"wp:featuredmedia":[{"embeddable":true,"href":"https:\/\/bibliotecajuridicavirtual.cl\/index.php\/wp-json\/wp\/v2\/media\/4647"}],"wp:attachment":[{"href":"https:\/\/bibliotecajuridicavirtual.cl\/index.php\/wp-json\/wp\/v2\/media?parent=4633"}],"wp:term":[{"taxonomy":"product_brand","embeddable":true,"href":"https:\/\/bibliotecajuridicavirtual.cl\/index.php\/wp-json\/wp\/v2\/product_brand?post=4633"},{"taxonomy":"product_cat","embeddable":true,"href":"https:\/\/bibliotecajuridicavirtual.cl\/index.php\/wp-json\/wp\/v2\/product_cat?post=4633"},{"taxonomy":"product_tag","embeddable":true,"href":"https:\/\/bibliotecajuridicavirtual.cl\/index.php\/wp-json\/wp\/v2\/product_tag?post=4633"}],"curies":[{"name":"wp","href":"https:\/\/api.w.org\/{rel}","templated":true}]}}