{"id":4634,"date":"2026-02-28T01:27:58","date_gmt":"2026-02-28T04:27:58","guid":{"rendered":"https:\/\/bibliotecajuridicavirtual.cl\/?post_type=product&#038;p=4634"},"modified":"2026-02-28T01:28:03","modified_gmt":"2026-02-28T04:28:03","slug":"derecho-bancario-y-financiero-de-chile-jaime-gallegos-zuniga-2022-408-paginas","status":"publish","type":"product","link":"https:\/\/bibliotecajuridicavirtual.cl\/index.php\/product\/derecho-bancario-y-financiero-de-chile-jaime-gallegos-zuniga-2022-408-paginas\/","title":{"rendered":"Derecho Bancario y Financiero de Chile, Jaime Gallegos Z\u00fa\u00f1iga, 2022 &#8211; 408 P\u00e1ginas"},"content":{"rendered":"<p>El libro desarrolla, desde normas positivas, el Derecho Bancario y Financiero de Chile, estructurando<br \/>\nsistem\u00e1ticamente los preceptos aplicables, acompa\u00f1ados por diversos pronunciamientos de nuestros<br \/>\ntribunales, como tambi\u00e9n por las reflexiones que, sobre estos asuntos, han efectuado autoras y<br \/>\nautores nacionales.<br \/>\nEs una obra que voluntariamente ha sido concebida sin atender a profusas discusiones acad\u00e9micas<br \/>\nlocales y tampoco al Derecho comparado, puesto que se busc\u00f3 conseguir un instrumento fundamentalmente<br \/>\npr\u00e1ctico, que presente estructurada y racionalmente los aspectos centrales de la<br \/>\nfragmentada regulaci\u00f3n bancaria y financiera, permitiendo exhibir un panorama global y actualizado<br \/>\nde esta \u00e1rea en Chile.<\/p>\n","protected":false},"excerpt":{"rendered":"<p>El libro desarrolla, desde normas positivas, el Derecho Bancario y Financiero de Chile, estructurando sistem\u00e1ticamente los preceptos aplicables, acompa\u00f1ados por diversos pronunciamientos de nuestros tribunales, como tambi\u00e9n por las reflexiones que, sobre estos asuntos, han efectuado autoras y autores nacionales. Es una obra que voluntariamente ha sido concebida sin atender a profusas discusiones acad\u00e9micas locales y tampoco al Derecho comparado, puesto que se busc\u00f3 conseguir un instrumento fundamentalmente pr\u00e1ctico, que presente estructurada y racionalmente los aspectos centrales de la fragmentada regulaci\u00f3n bancaria y financiera, permitiendo exhibir un panorama global y actualizado de esta \u00e1rea en Chile.<\/p>\n","protected":false},"featured_media":4648,"comment_status":"open","ping_status":"closed","template":"","meta":{"inline_featured_image":false,"_joinchat":[]},"product_brand":[],"product_cat":[48],"product_tag":[],"class_list":{"0":"post-4634","1":"product","2":"type-product","3":"status-publish","4":"has-post-thumbnail","6":"product_cat-comercial","7":"product_shipping_class-a-convenir","9":"first","10":"instock","11":"shipping-taxable","12":"purchasable","13":"product-type-simple"},"_links":{"self":[{"href":"https:\/\/bibliotecajuridicavirtual.cl\/index.php\/wp-json\/wp\/v2\/product\/4634","targetHints":{"allow":["GET"]}}],"collection":[{"href":"https:\/\/bibliotecajuridicavirtual.cl\/index.php\/wp-json\/wp\/v2\/product"}],"about":[{"href":"https:\/\/bibliotecajuridicavirtual.cl\/index.php\/wp-json\/wp\/v2\/types\/product"}],"replies":[{"embeddable":true,"href":"https:\/\/bibliotecajuridicavirtual.cl\/index.php\/wp-json\/wp\/v2\/comments?post=4634"}],"wp:featuredmedia":[{"embeddable":true,"href":"https:\/\/bibliotecajuridicavirtual.cl\/index.php\/wp-json\/wp\/v2\/media\/4648"}],"wp:attachment":[{"href":"https:\/\/bibliotecajuridicavirtual.cl\/index.php\/wp-json\/wp\/v2\/media?parent=4634"}],"wp:term":[{"taxonomy":"product_brand","embeddable":true,"href":"https:\/\/bibliotecajuridicavirtual.cl\/index.php\/wp-json\/wp\/v2\/product_brand?post=4634"},{"taxonomy":"product_cat","embeddable":true,"href":"https:\/\/bibliotecajuridicavirtual.cl\/index.php\/wp-json\/wp\/v2\/product_cat?post=4634"},{"taxonomy":"product_tag","embeddable":true,"href":"https:\/\/bibliotecajuridicavirtual.cl\/index.php\/wp-json\/wp\/v2\/product_tag?post=4634"}],"curies":[{"name":"wp","href":"https:\/\/api.w.org\/{rel}","templated":true}]}}