{"id":4638,"date":"2026-02-28T01:27:58","date_gmt":"2026-02-28T04:27:58","guid":{"rendered":"https:\/\/bibliotecajuridicavirtual.cl\/?post_type=product&#038;p=4638"},"modified":"2026-03-15T18:14:24","modified_gmt":"2026-03-15T21:14:24","slug":"gps-seguros-guia-profesional-ano-2022-820-pag-autor-rodrigo-sapag-emilio-sahurie","status":"publish","type":"product","link":"https:\/\/bibliotecajuridicavirtual.cl\/index.php\/product\/gps-seguros-guia-profesional-ano-2022-820-pag-autor-rodrigo-sapag-emilio-sahurie\/","title":{"rendered":"GPS SEGUROS &#8211; Gu\u00eda Profesional, A\u00f1o 2022 \/820 P\u00e1g. Autor Rodrigo Sapag &#8211; Emilio Sahurie"},"content":{"rendered":"<p>Tirant lo Blanch ha desarrollado, en Chile, la exclusiva colecci\u00f3n de GPS, la gu\u00eda profesional de referencia para todos los operadores jur\u00eddicos del \u00e1mbito local.<br \/>\nEl objetivo de esta obra es brindar una herramienta jur\u00eddica de uso diario a quienes operan en cualquier \u00e1mbito profesional relacionado con el Derecho de Seguros. La estructura y el contenido son exclusivos y novedosos. Se trata de una obra organizada de forma singular, no con una exposici\u00f3n de temas te\u00f3ricos sino con el mismo \u00edter con el que se encontrar\u00e1 el asesor, el abogado, el jurista, adem\u00e1s de un muy f\u00e1cil manejo.<br \/>\nCada cap\u00edtulo contiene definiciones; normativa actualizada; jurisprudencia espec\u00edfica y cuestiones \u00fatiles relacionadas con la materia de estudio, todo ello expuesto con un uso l\u00e9xico y una estructura con se\u00f1al\u00e9tica de tr\u00e1nsito que facilita la comprensi\u00f3n del lector y proporciona una r\u00e1pida ubicaci\u00f3n en el tema requerido.<br \/>\nAsimismo, el \u00edndice final ofrece un sencillo sistema de b\u00fasqueda para localizar en el GPS el tema que se necesita. Todos los autores que participan en la presente obra tienen una amplia experiencia profesional en las materias que abordan, lo que se refleja en que los problemas abordados son los que realmente presentan dificultades pr\u00e1cticas, lo que convierte a este libro en una obra \u00fanica. Junto con el presente libro en edici\u00f3n impresa se da el acceso al libro digital y, a trav\u00e9s, de la biblioteca virtual Tirant, a las actualizaciones<br \/>\nque se vayan produciendo, para que el lector tenga siempre las \u00faltimas novedades y la herramienta que se pone en sus manos conserve la utilidad pr\u00e1ctica para la que ha sido dise\u00f1ada.<\/p>\n","protected":false},"excerpt":{"rendered":"<p>Buscas un libro Jur\u00eddico.? Lo puedes encontrar en nuestra tienda virtual.<br \/>\nContamos con prestigiosos autores y muchas alternativas en sus diferentes materias al igual que grandes descuentos.! Vis\u00edtanos en <a class=\"pwHwmXBqmofSClxsctVkNQQzvNIASaSVkFYLg \" tabindex=\"0\" href=\"https:\/\/lnkd.in\/eiAG7jdZ\" target=\"_blank\" rel=\"noopener\" data-test-app-aware-link=\"\">https:\/\/lnkd.in\/eiAG7jdZ<\/a><br \/>\nEscr\u00edbenos al +56930565235 \/ <a class=\"pwHwmXBqmofSClxsctVkNQQzvNIASaSVkFYLg \" tabindex=\"0\" href=\"mailto:ventaslegallexglobal@gmail.com\" target=\"_self\" data-test-app-aware-link=\"\">ventaslegallexglobal@gmail.com<\/a><br \/>\nHacemos env\u00edos a todo Chile \u2013 Starken o Correos Chile \/ Te esperamos.<\/p>\n","protected":false},"featured_media":4652,"comment_status":"open","ping_status":"closed","template":"","meta":{"inline_featured_image":false,"_joinchat":[]},"product_brand":[],"product_cat":[27,48],"product_tag":[],"class_list":{"0":"post-4638","1":"product","2":"type-product","3":"status-publish","4":"has-post-thumbnail","6":"product_cat-civil","7":"product_cat-comercial","8":"product_shipping_class-a-convenir","10":"first","11":"instock","12":"sale","13":"shipping-taxable","14":"purchasable","15":"product-type-simple"},"_links":{"self":[{"href":"https:\/\/bibliotecajuridicavirtual.cl\/index.php\/wp-json\/wp\/v2\/product\/4638","targetHints":{"allow":["GET"]}}],"collection":[{"href":"https:\/\/bibliotecajuridicavirtual.cl\/index.php\/wp-json\/wp\/v2\/product"}],"about":[{"href":"https:\/\/bibliotecajuridicavirtual.cl\/index.php\/wp-json\/wp\/v2\/types\/product"}],"replies":[{"embeddable":true,"href":"https:\/\/bibliotecajuridicavirtual.cl\/index.php\/wp-json\/wp\/v2\/comments?post=4638"}],"wp:featuredmedia":[{"embeddable":true,"href":"https:\/\/bibliotecajuridicavirtual.cl\/index.php\/wp-json\/wp\/v2\/media\/4652"}],"wp:attachment":[{"href":"https:\/\/bibliotecajuridicavirtual.cl\/index.php\/wp-json\/wp\/v2\/media?parent=4638"}],"wp:term":[{"taxonomy":"product_brand","embeddable":true,"href":"https:\/\/bibliotecajuridicavirtual.cl\/index.php\/wp-json\/wp\/v2\/product_brand?post=4638"},{"taxonomy":"product_cat","embeddable":true,"href":"https:\/\/bibliotecajuridicavirtual.cl\/index.php\/wp-json\/wp\/v2\/product_cat?post=4638"},{"taxonomy":"product_tag","embeddable":true,"href":"https:\/\/bibliotecajuridicavirtual.cl\/index.php\/wp-json\/wp\/v2\/product_tag?post=4638"}],"curies":[{"name":"wp","href":"https:\/\/api.w.org\/{rel}","templated":true}]}}