{"id":4639,"date":"2026-02-28T01:27:58","date_gmt":"2026-02-28T04:27:58","guid":{"rendered":"https:\/\/bibliotecajuridicavirtual.cl\/?post_type=product&#038;p=4639"},"modified":"2026-02-28T01:28:06","modified_gmt":"2026-02-28T04:28:06","slug":"derecho-indigena-tatiana-vargas-pinto-cuadernos-de-extencion-n33-364-pag-2022","status":"publish","type":"product","link":"https:\/\/bibliotecajuridicavirtual.cl\/index.php\/product\/derecho-indigena-tatiana-vargas-pinto-cuadernos-de-extencion-n33-364-pag-2022\/","title":{"rendered":"Derecho Ind\u00edgena. Tatiana Vargas Pinto  Cuadernos de Extenci\u00f3n N\u00b033 \/ 364 P\u00e1g. 2022"},"content":{"rendered":"<p>CUADERNOS DE EXTENSI\u00d3N JUR\u00cdDICA<\/p>\n<p>CONSTITUCI\u00d3N, SOBERAN\u00cdA NACIONAL. LOS EQUILIBRIOS DE LA CARTA GADITANA DE 1812, REVISADA EN TIEMPOS DE PLURICULTURALIDAD<\/p>\n<p>COMUNIDAD POL\u00cdTICA, CONSTITUCI\u00d3N Y REALIDADES PLURINACIONALES. TRES TESIS ERR\u00d3NEAS ALREDEDOR DE LA PLURINACIONALIDAD EN LA DOCTRINA LATINOAMERICANA ACTUAl<\/p>\n<p>ESTADO UNITARIO Y PLURINACIONALIDAD<\/p>\n<p>LA CONSULTA IND\u00cdGENA ANTE LA JURISPRUDENCIA NACIONAl<\/p>\n<p>CONSULTA IND\u00cdGENA Y PARTICIPACI\u00d3N CIUDADANA<\/p>\n<p>FRENTE A LA EXPROPIACI\u00d3N NO TODAS LAS PROPIEDADES SON IGUALES: LA PROPIEDAD IND\u00cdGENA COMO OBJETO DE LA EXPROPIACI\u00d3N<\/p>\n<p>REFLEXIONES EN TORNO AL LAICISMO Y LA PROTECCI\u00d3N DE LAS ESPIRITUALIDADES IND\u00cdGENAS<\/p>\n<p>EL CASO LHAKA HONHAT V. ARGENTINA, COMO EJEMPLO DE CONFRONTACI\u00d3N ENTRE DERECHOS SOCIALES Y DERECHOS CIVILES<\/p>\n<p>ALGUNAS CLAVES PARA ENTENDER LOS CONFLICTOS DEL DERECHO PENAL LIBERAL CHILENO EN UNA CULTURA MULTI\u00c9TNICA: UNA PRIMERA APROXIMACI\u00d3N DESDE LA TEOR\u00cdA DE LA DIVERSIDAD Y EL PLURALISMO JUR\u00cdDICO<\/p>\n<p>CALIFICACI\u00d3N REGISTRAL DE LAS TIERRAS SOMETIDAS AL ESTATUTO DE LA LEY N.\u00b0 19.253<\/p>\n","protected":false},"excerpt":{"rendered":"<p>CUADERNOS DE EXTENSI\u00d3N JUR\u00cdDICA CONSTITUCI\u00d3N, SOBERAN\u00cdA NACIONAL. LOS EQUILIBRIOS DE LA CARTA GADITANA DE 1812, REVISADA EN TIEMPOS DE PLURICULTURALIDAD COMUNIDAD POL\u00cdTICA, CONSTITUCI\u00d3N Y REALIDADES PLURINACIONALES. TRES TESIS ERR\u00d3NEAS ALREDEDOR DE LA PLURINACIONALIDAD EN LA DOCTRINA LATINOAMERICANA ACTUAl ESTADO UNITARIO Y PLURINACIONALIDAD LA CONSULTA IND\u00cdGENA ANTE LA JURISPRUDENCIA NACIONAl CONSULTA IND\u00cdGENA Y PARTICIPACI\u00d3N CIUDADANA FRENTE A LA EXPROPIACI\u00d3N NO TODAS LAS PROPIEDADES SON IGUALES: LA PROPIEDAD IND\u00cdGENA COMO OBJETO DE LA EXPROPIACI\u00d3N REFLEXIONES EN TORNO AL LAICISMO Y LA PROTECCI\u00d3N DE LAS ESPIRITUALIDADES IND\u00cdGENAS EL CASO LHAKA HONHAT V. ARGENTINA, COMO EJEMPLO DE CONFRONTACI\u00d3N ENTRE DERECHOS SOCIALES Y DERECHOS CIVILES ALGUNAS CLAVES PARA ENTENDER LOS CONFLICTOS DEL DERECHO PENAL LIBERAL CHILENO EN UNA CULTURA MULTI\u00c9TNICA: UNA PRIMERA APROXIMACI\u00d3N DESDE LA TEOR\u00cdA DE LA DIVERSIDAD Y EL PLURALISMO JUR\u00cdDICO CALIFICACI\u00d3N REGISTRAL DE LAS TIERRAS SOMETIDAS AL ESTATUTO DE LA LEY N.\u00b0 19.253<\/p>\n","protected":false},"featured_media":4653,"comment_status":"open","ping_status":"closed","template":"","meta":{"inline_featured_image":false,"_joinchat":[]},"product_brand":[],"product_cat":[27,33],"product_tag":[],"class_list":{"0":"post-4639","1":"product","2":"type-product","3":"status-publish","4":"has-post-thumbnail","6":"product_cat-civil","7":"product_cat-constitucional","9":"first","10":"instock","11":"shipping-taxable","12":"purchasable","13":"product-type-simple"},"_links":{"self":[{"href":"https:\/\/bibliotecajuridicavirtual.cl\/index.php\/wp-json\/wp\/v2\/product\/4639","targetHints":{"allow":["GET"]}}],"collection":[{"href":"https:\/\/bibliotecajuridicavirtual.cl\/index.php\/wp-json\/wp\/v2\/product"}],"about":[{"href":"https:\/\/bibliotecajuridicavirtual.cl\/index.php\/wp-json\/wp\/v2\/types\/product"}],"replies":[{"embeddable":true,"href":"https:\/\/bibliotecajuridicavirtual.cl\/index.php\/wp-json\/wp\/v2\/comments?post=4639"}],"wp:featuredmedia":[{"embeddable":true,"href":"https:\/\/bibliotecajuridicavirtual.cl\/index.php\/wp-json\/wp\/v2\/media\/4653"}],"wp:attachment":[{"href":"https:\/\/bibliotecajuridicavirtual.cl\/index.php\/wp-json\/wp\/v2\/media?parent=4639"}],"wp:term":[{"taxonomy":"product_brand","embeddable":true,"href":"https:\/\/bibliotecajuridicavirtual.cl\/index.php\/wp-json\/wp\/v2\/product_brand?post=4639"},{"taxonomy":"product_cat","embeddable":true,"href":"https:\/\/bibliotecajuridicavirtual.cl\/index.php\/wp-json\/wp\/v2\/product_cat?post=4639"},{"taxonomy":"product_tag","embeddable":true,"href":"https:\/\/bibliotecajuridicavirtual.cl\/index.php\/wp-json\/wp\/v2\/product_tag?post=4639"}],"curies":[{"name":"wp","href":"https:\/\/api.w.org\/{rel}","templated":true}]}}