{"id":4641,"date":"2026-02-28T01:27:58","date_gmt":"2026-02-28T04:27:58","guid":{"rendered":"https:\/\/bibliotecajuridicavirtual.cl\/?post_type=product&#038;p=4641"},"modified":"2026-02-28T01:28:07","modified_gmt":"2026-02-28T04:28:07","slug":"derecho-procesal-civil-parte-segunda-actos-juridicos-procesales-2a-edicion-2022-404-pag-arturo-f-onfray-vivanco","status":"publish","type":"product","link":"https:\/\/bibliotecajuridicavirtual.cl\/index.php\/product\/derecho-procesal-civil-parte-segunda-actos-juridicos-procesales-2a-edicion-2022-404-pag-arturo-f-onfray-vivanco\/","title":{"rendered":"Derecho Procesal Civil. Parte segunda. Actos Jur\u00eddicos Procesales 2\u00aa Edici\u00f3n 2022 \/ 404 P\u00e0g. Arturo F. Onfray Vivanco"},"content":{"rendered":"<p>Derecho Procesal Civil es una obra dividida en cuatro tomos: Introducci\u00f3n al Derecho Procesal Civil, Actos Jur\u00eddicos Procesales, Procedimientos Civiles y Recursos Procesales y Ejecuci\u00f3n. En ella, Arturo Felipe Onfray Vivanco ?formado en los \u00e1mbitos del Derecho, de la Sociolog\u00eda del Derecho y de la Teor\u00eda del Derecho, derroteros vinculados con una comprensi\u00f3n tridimensional del Derecho? sin olvidar las bases de la ciencia procesal ni tampoco los ejes que configuran la dimensi\u00f3n funcional de la misma, tiende puentes entre ella y otras disciplinas. Releva as\u00ed elementos que estima pertinentes para una mejor comprensi\u00f3n del Derecho procesal en los albores del siglo veintiuno, entre ellos la necesidad de introducir una perspectiva centrada en el conflicto as\u00ed como la importancia de promover la \u00e9tica, tanto de \u00a0abogados y de jueces, factores que adquieren especial relevancia en un contexto de reformas globales a los sistemas de Administraci\u00f3n de Justicia. De manera completa y ordenada el trabajo avanza desde la prevenci\u00f3n de los conflictos y las formas de soluci\u00f3n de los mismos, en el primer tomo, hasta las impugnaciones procesales, la ejecuci\u00f3n y las lecciones de los conflictos, en el \u00faltimo. Concordante con un ejercicio docente de m\u00e1s de treinta a\u00f1os, el texto procura, en un lenguaje claro, transmitir los aprendizajes adquiridos por el autor en dicho camino, considerando en cada secci\u00f3n instrumentos \u00fatiles para la reflexi\u00f3n a trav\u00e9s de preguntas y ejercicios; incorporando jurisprudencia reciente y los cambios normativos relevantes; am\u00e9n de referencias bibliogr\u00e1ficas e iconogr\u00e1ficas que pueden servir de invitaci\u00f3n a los lectores a profundizar en una rama del conocimiento que para quien escribe ha sido una querida compa\u00f1era de viaje y fuente de crecimiento personal y profesional.<\/p>\n<p>\u00ecndice<br \/>\nPr\u00f3logo\u00a0\u00a0 \u00a0\u00a0\u00a0 \u00a013<br \/>\nJaime Carrasco Poblete<br \/>\nSecci\u00f3n Primera<br \/>\nACTOS JUR\u00cdDICOS PROCESALES<br \/>\nI.\u00a0\u00a0 \u00a0Aspectos generales\u00a0\u00a0 \u00a0\u00a0\u00a0 \u00a019<br \/>\nI.1.\u00a0\u00a0 \u00a0El proceso y los actos jur\u00eddicos procesales\u00a0\u00a0 \u00a0\u00a0\u00a0 \u00a019<br \/>\nI.2.\u00a0\u00a0 \u00a0Hechos y actos jur\u00eddicos procesales\u00a0\u00a0 \u00a0\u00a0\u00a0 \u00a020<br \/>\nI.3.\u00a0\u00a0 \u00a0Entrecruces en los hechos jur\u00eddicos procesales y los actos jur\u00eddicos procesales\u00a0\u00a0 \u00a0\u00a0\u00a0 \u00a023<br \/>\nI.4.\u00a0\u00a0 \u00a0Actos jur\u00eddicos procesales y negocios jur\u00eddicos procesales\u00a0\u00a0 \u00a0\u00a0\u00a0 \u00a024<br \/>\nII.\u00a0\u00a0 \u00a0Caracter\u00edsticas de los actos jur\u00eddicos procesales\u00a0\u00a0 \u00a0\u00a0\u00a0 \u00a028<br \/>\nII.1.\u00a0\u00a0 \u00a0Los actos jur\u00eddicos procesales son aut\u00f3nomos y se rigen por normas procesales, en forma principal\u00a0\u00a0 \u00a0\u00a0\u00a0 \u00a028<br \/>\nII.2.\u00a0\u00a0 \u00a0Los actos jur\u00eddicos procesales son solemnes\u00a0\u00a0 \u00a0\u00a0\u00a0 \u00a029<br \/>\nII.3.\u00a0\u00a0 \u00a0Los actos jur\u00eddicos procesales son mayoritariamente unilaterales\u00a0\u00a0 \u00a0\u00a0\u00a0 \u00a036<br \/>\nII.4.\u00a0\u00a0 \u00a0Los actos jur\u00eddicos procesales configuran el proceso\u00a0\u00a0 \u00a0\u00a0\u00a0 \u00a037<br \/>\nIII.\u00a0\u00a0 \u00a0Elementos de los actos jur\u00eddicos procesales\u00a0\u00a0 \u00a0\u00a0\u00a0 \u00a040<br \/>\nIII.1.\u00a0\u00a0 \u00a0Elementos subjetivos de los actos jur\u00eddicos procesales\u00a0\u00a0 \u00a0\u00a0\u00a0 \u00a040<br \/>\nIII.2.\u00a0\u00a0 \u00a0Elementos objetivos de los actos jur\u00eddicos procesales\u00a0\u00a0 \u00a0\u00a0\u00a0 \u00a041<br \/>\nIII.3.\u00a0\u00a0 \u00a0Elementos de actividad de los actos jur\u00eddicos procesales\u00a0\u00a0 \u00a0\u00a0\u00a0 \u00a042<br \/>\nIV.\u00a0\u00a0 \u00a0Deber, obligaci\u00f3n y carga de realizar actos jur\u00eddicos procesales\u00a0\u00a0 \u00a0\u00a0\u00a0 \u00a045<br \/>\nIV.1.\u00a0\u00a0 \u00a0Deberes procesales\u00a0\u00a0 \u00a0\u00a0\u00a0 \u00a045<br \/>\nIV.2.\u00a0\u00a0 \u00a0Obligaciones procesales\u00a0\u00a0 \u00a0\u00a0\u00a0 \u00a052<br \/>\nIV.3.\u00a0\u00a0 \u00a0Cargas procesales\u00a0\u00a0 \u00a0\u00a0\u00a0 \u00a054<br \/>\nV.\u00a0\u00a0 \u00a0Requisitos de validez de los actos jur\u00eddicos procesales\u00a0\u00a0 \u00a0\u00a0\u00a0 \u00a055<br \/>\nV.1.\u00a0\u00a0 \u00a0La voluntad en los actos jur\u00eddicos procesales\u00a0\u00a0 \u00a0\u00a0\u00a0 \u00a055<br \/>\nV.2.\u00a0\u00a0 \u00a0La capacidad en los actos jur\u00eddicos procesales\u00a0\u00a0 \u00a0\u00a0\u00a0 \u00a060<br \/>\nV.3.\u00a0\u00a0 \u00a0La causa y el objeto en los actos jur\u00eddicos procesales\u00a0\u00a0 \u00a0\u00a0\u00a0 \u00a061<br \/>\nV.4.\u00a0\u00a0 \u00a0Las solemnidades en los actos jur\u00eddicos procesales\u00a0\u00a0 \u00a0\u00a0\u00a0 \u00a062<br \/>\nVI.\u00a0\u00a0 \u00a0Clasificaci\u00f3n de los actos jur\u00eddicos procesales\u00a0\u00a0 \u00a0\u00a0\u00a0 \u00a066<br \/>\nVI.1.\u00a0\u00a0 \u00a0Actos jur\u00eddicos procesales del tribunal\u00a0\u00a0 \u00a0\u00a0\u00a0 \u00a066<br \/>\nVI.2.\u00a0\u00a0 \u00a0Actos jur\u00eddicos procesales de las partes\u00a0\u00a0 \u00a0\u00a0\u00a0 \u00a067<br \/>\nVI.3.\u00a0\u00a0 \u00a0Actos jur\u00eddicos procesales de terceros\u00a0\u00a0 \u00a0\u00a0\u00a0 \u00a070<br \/>\nVII.\u00a0\u00a0 \u00a0Ineficacia de los actos jur\u00eddicos procesales\u00a0\u00a0 \u00a0\u00a0\u00a0 \u00a072<br \/>\nVII.1.\u00a0\u00a0 \u00a0La nulidad de Derecho p\u00fablico como v\u00eda de impugnaci\u00f3n de los actos jur\u00eddicos procesales\u00a0\u00a0 \u00a0\u00a0\u00a0 \u00a072<br \/>\nVII.2.\u00a0\u00a0 \u00a0La inexistencia del acto jur\u00eddico procesal\u00a0\u00a0 \u00a0\u00a0\u00a0 \u00a076<br \/>\nVII.3.\u00a0\u00a0 \u00a0La nulidad del acto jur\u00eddico procesal: la nulidad procesal\u00a0\u00a0 \u00a0\u00a0\u00a0 \u00a083<br \/>\nVII.3.a.\u00a0\u00a0 \u00a0Aspectos generales\u00a0\u00a0 \u00a0\u00a0\u00a0 \u00a083<br \/>\nVII.3.b.\u00a0\u00a0 \u00a0Caracter\u00edsticas de la nulidad procesal\u00a0\u00a0 \u00a0\u00a0\u00a0 \u00a086<br \/>\nVII.3.c.\u00a0\u00a0 \u00a0Medios para alegar la nulidad procesal\u00a0\u00a0 \u00a0\u00a0\u00a0 \u00a0100<br \/>\nVII.4.\u00a0\u00a0 \u00a0La preclusi\u00f3n\u00a0\u00a0 \u00a0\u00a0\u00a0 \u00a0108<br \/>\nVII.5.\u00a0\u00a0 \u00a0La inoponibilidad\u00a0\u00a0 \u00a0\u00a0\u00a0 \u00a0112<br \/>\nVIII.\u00a0\u00a0 \u00a0Actos procesales y disposiciones comunes a todo procedimiento\u00a0\u00a0 \u00a0\u00a0\u00a0 \u00a0115<br \/>\nActividades\u00a0\u00a0 \u00a0\u00a0\u00a0 \u00a0117<br \/>\nI.\u00a0\u00a0 \u00a0Palabras clave\u00a0\u00a0 \u00a0\u00a0\u00a0 \u00a0117<br \/>\nII.\u00a0\u00a0 \u00a0Preguntas\u00a0\u00a0 \u00a0\u00a0\u00a0 \u00a0118<br \/>\nIII.\u00a0\u00a0 \u00a0Casos\u00a0\u00a0 \u00a0\u00a0\u00a0 \u00a0119<br \/>\nBibliograf\u00eda complementaria de la Secci\u00f3n Primera\u00a0\u00a0 \u00a0\u00a0\u00a0 \u00a0122<br \/>\nSecci\u00f3n Segunda<br \/>\nLAS PARTES<br \/>\nI.\u00a0\u00a0 \u00a0Concepto\u00a0\u00a0 \u00a0\u00a0\u00a0 \u00a0133<br \/>\nII.\u00a0\u00a0 \u00a0Requisitos para ser parte en un proceso\u00a0\u00a0 \u00a0\u00a0\u00a0 \u00a0135<br \/>\nII.1.\u00a0\u00a0 \u00a0Inter\u00e9s jur\u00eddico que se persigue con el ejercicio de la acci\u00f3n\u00a0\u00a0 \u00a0\u00a0\u00a0 \u00a0135<br \/>\nII.2.\u00a0\u00a0 \u00a0Capacidad de quien ejerce la acci\u00f3n\u00a0\u00a0 \u00a0\u00a0\u00a0 \u00a0138<br \/>\nII.3.\u00a0\u00a0 \u00a0Legitimaci\u00f3n procesal\u00a0\u00a0 \u00a0\u00a0\u00a0 \u00a0142<br \/>\nIII.\u00a0\u00a0 \u00a0N\u00famero de partes en un proceso\u00a0\u00a0 \u00a0\u00a0\u00a0 \u00a0143<br \/>\nIV.\u00a0\u00a0 \u00a0Partes indirectas\u00a0\u00a0 \u00a0\u00a0\u00a0 \u00a0151<br \/>\nV.\u00a0\u00a0 \u00a0Comparecencia en juicio\u00a0\u00a0 \u00a0\u00a0\u00a0 \u00a0154<br \/>\nV.1.\u00a0\u00a0 \u00a0Concepto de comparecencia en juicio\u00a0\u00a0 \u00a0\u00a0\u00a0 \u00a0154<br \/>\nV.2.\u00a0\u00a0 \u00a0Formas de comparecencia en juicio\u00a0\u00a0 \u00a0\u00a0\u00a0 \u00a0154<br \/>\nV.3.\u00a0\u00a0 \u00a0El mandato judicial\u00a0\u00a0 \u00a0\u00a0\u00a0 \u00a0156<br \/>\nV.4.\u00a0\u00a0 \u00a0Formas de comparecencia seg\u00fan el tribunal ante que opere\u00a0\u00a0 \u00a0\u00a0\u00a0 \u00a0166<br \/>\nV.5.\u00a0\u00a0 \u00a0El patrocinio del abogado\u00a0\u00a0 \u00a0\u00a0\u00a0 \u00a0167<br \/>\nV.6.\u00a0\u00a0 \u00a0Formas especiales de representaci\u00f3n\u00a0\u00a0 \u00a0\u00a0\u00a0 \u00a0169<br \/>\nV.7.\u00a0\u00a0 \u00a0T\u00e9rmino de la representaci\u00f3n en juicio\u00a0\u00a0 \u00a0\u00a0\u00a0 \u00a0171<br \/>\nVI.\u00a0\u00a0 \u00a0Sobre la \u00e9tica del abogado\u00a0\u00a0 \u00a0\u00a0\u00a0 \u00a0173<br \/>\nActividades\u00a0\u00a0 \u00a0\u00a0\u00a0 \u00a0183<br \/>\nI.\u00a0\u00a0 \u00a0Palabras clave\u00a0\u00a0 \u00a0\u00a0\u00a0 \u00a0183<br \/>\nII.\u00a0\u00a0 \u00a0Preguntas\u00a0\u00a0 \u00a0\u00a0\u00a0 \u00a0184<br \/>\nIII.\u00a0\u00a0 \u00a0Casos\u00a0\u00a0 \u00a0\u00a0\u00a0 \u00a0184<br \/>\nBibliograf\u00eda Complementaria de la Secci\u00f3n Segunda\u00a0\u00a0 \u00a0\u00a0\u00a0 \u00a0187<br \/>\nSecci\u00f3n Tercera<br \/>\nLAS ACTUACIONES JUDICIALES<br \/>\nI.\u00a0\u00a0 \u00a0Concepto\u00a0\u00a0 \u00a0\u00a0\u00a0 \u00a0195<br \/>\nII.\u00a0\u00a0 \u00a0Requisitos de las actuaciones judiciales\u00a0\u00a0 \u00a0\u00a0\u00a0 \u00a0195<br \/>\nII.1.\u00a0\u00a0 \u00a0Realizaci\u00f3n de las actuaciones judiciales en d\u00edas y horas h\u00e1biles\u00a0\u00a0 \u00a0\u00a0\u00a0 \u00a0196<br \/>\nII.2.\u00a0\u00a0 \u00a0Constancia de las actuaciones judiciales en el proceso\u00a0\u00a0 \u00a0\u00a0\u00a0 \u00a0196<br \/>\nII.3.\u00a0\u00a0 \u00a0Pr\u00e1ctica de las actuaciones judiciales por el tribunal que conozca de la causa\u00a0\u00a0 \u00a0\u00a0\u00a0 \u00a0197<br \/>\nII.4.\u00a0\u00a0 \u00a0Autorizaci\u00f3n de las actuaciones judiciales por el ministro de fe o funcionario competente\u00a0\u00a0 \u00a0\u00a0\u00a0 \u00a0197<br \/>\nII.5.\u00a0\u00a0 \u00a0Cumplimiento de requisitos espec\u00edficos de las actuaciones judiciales\u00a0\u00a0 \u00a0\u00a0\u00a0 \u00a0199<br \/>\nII.6.\u00a0\u00a0 \u00a0Exhortos o cargas rogatorias\u00a0\u00a0 \u00a0\u00a0\u00a0 \u00a0205<br \/>\nII.7.\u00a0\u00a0 \u00a0De la comparecencia voluntaria en audiencias por medios remotos\u00a0\u00a0 \u00a0\u00a0\u00a0 \u00a0211<br \/>\nIII.\u00a0\u00a0 \u00a0Formas en que puede ordenarse una actuaci\u00f3n judicial\u00a0\u00a0 \u00a0\u00a0\u00a0 \u00a0218<br \/>\nIV.\u00a0\u00a0 \u00a0Las notificaciones judiciales\u00a0\u00a0 \u00a0\u00a0\u00a0 \u00a0220<br \/>\nIV.1.\u00a0\u00a0 \u00a0Aspectos generales\u00a0\u00a0 \u00a0\u00a0\u00a0 \u00a0220<br \/>\nIV.2.\u00a0\u00a0 \u00a0Clasificaci\u00f3n de las notificaciones\u00a0\u00a0 \u00a0\u00a0\u00a0 \u00a0224<br \/>\nIV.2.a.\u00a0\u00a0 \u00a0Clasificaci\u00f3n de las notificaciones seg\u00fan su finalidad\u00a0\u00a0 \u00a0\u00a0\u00a0 \u00a0224<br \/>\nIV.2.b.\u00a0\u00a0 \u00a0Clasificaci\u00f3n de las notificaciones seg\u00fan su forma\u00a0\u00a0 \u00a0\u00a0\u00a0 \u00a0225<br \/>\nIV.2.b.1.\u00a0\u00a0 \u00a0Notificaci\u00f3n personal\u00a0\u00a0 \u00a0\u00a0\u00a0 \u00a0225<br \/>\nIV.2.b.2.\u00a0\u00a0 \u00a0Notificaci\u00f3n personal subsidiaria\u00a0\u00a0 \u00a0\u00a0\u00a0 \u00a0228<br \/>\nIV.2.b.3.\u00a0\u00a0 \u00a0Notificaci\u00f3n por c\u00e9dula\u00a0\u00a0 \u00a0\u00a0\u00a0 \u00a0231<br \/>\nIV.2.b.4.\u00a0\u00a0 \u00a0Notificaci\u00f3n por el estado diario\u00a0\u00a0 \u00a0\u00a0\u00a0 \u00a0233<br \/>\nIV.2.b.5.\u00a0\u00a0 \u00a0Notificaci\u00f3n por avisos\u00a0\u00a0 \u00a0\u00a0\u00a0 \u00a0235<br \/>\nIV.2.b.6.\u00a0\u00a0 \u00a0Notificaci\u00f3n t\u00e1cita\u00a0\u00a0 \u00a0\u00a0\u00a0 \u00a0236<br \/>\nIV.2.b.7.\u00a0\u00a0 \u00a0Notificaci\u00f3n ficta o presunta legal\u00a0\u00a0 \u00a0\u00a0\u00a0 \u00a0237<br \/>\nIV.2.b.8.\u00a0\u00a0 \u00a0Notificaciones especiales\u00a0\u00a0 \u00a0\u00a0\u00a0 \u00a0238<br \/>\nV.\u00a0\u00a0 \u00a0El emplazamiento judicial\u00a0\u00a0 \u00a0\u00a0\u00a0 \u00a0240<br \/>\nV.1.\u00a0\u00a0 \u00a0Concepto\u00a0\u00a0 \u00a0\u00a0\u00a0 \u00a0240<br \/>\nV.2.\u00a0\u00a0 \u00a0Elementos del emplazamiento en primera instancia\u00a0\u00a0 \u00a0\u00a0\u00a0 \u00a0240<br \/>\nV.3.\u00a0\u00a0 \u00a0Efectos de la notificaci\u00f3n v\u00e1lida de la demanda\u00a0\u00a0 \u00a0\u00a0\u00a0 \u00a0241<br \/>\nVI.\u00a0\u00a0 \u00a0La paralizaci\u00f3n, la suspensi\u00f3n y la extinci\u00f3n de procedimiento\u00a0\u00a0 \u00a0\u00a0\u00a0 \u00a0242<br \/>\nVII.\u00a0\u00a0 \u00a0Formaci\u00f3n del proceso\u00a0\u00a0 \u00a0\u00a0\u00a0 \u00a0245<br \/>\nVIII.\u00a0\u00a0 \u00a0Los plazos\u00a0\u00a0 \u00a0\u00a0\u00a0 \u00a0249<br \/>\nVIII.1.\u00a0\u00a0 \u00a0Aspectos generales\u00a0\u00a0 \u00a0\u00a0\u00a0 \u00a0249<br \/>\nVIII.2.\u00a0\u00a0 \u00a0Clasificaci\u00f3n de los plazos\u00a0\u00a0 \u00a0\u00a0\u00a0 \u00a0250<br \/>\nIX.\u00a0\u00a0 \u00a0Resoluciones judiciales\u00a0\u00a0 \u00a0\u00a0\u00a0 \u00a0252<br \/>\nIX.1.\u00a0\u00a0 \u00a0Concepto de resoluci\u00f3n judicial\u00a0\u00a0 \u00a0\u00a0\u00a0 \u00a0252<br \/>\nIX.2.\u00a0\u00a0 \u00a0Clasificaci\u00f3n de las resoluciones judiciales\u00a0\u00a0 \u00a0\u00a0\u00a0 \u00a0253<br \/>\nIX.2.a.\u00a0\u00a0 \u00a0Diversas clasificaciones de las resoluciones judiciales\u00a0\u00a0 \u00a0\u00a0\u00a0 \u00a0253<br \/>\nIX.2.b.\u00a0\u00a0 \u00a0Clasificaci\u00f3n de las resoluciones judiciales en relaci\u00f3n con la cosa juzgada\u00a0\u00a0 \u00a0\u00a0\u00a0 \u00a0254<br \/>\nIX.2.c.\u00a0\u00a0 \u00a0Clasificaci\u00f3n de las resoluciones judiciales seg\u00fan su naturaleza\u00a0\u00a0 \u00a0\u00a0\u00a0 \u00a0257<br \/>\nIX.3.\u00a0\u00a0 \u00a0Forma de las resoluciones judiciales\u00a0\u00a0 \u00a0\u00a0\u00a0 \u00a0261<br \/>\nIX.4.\u00a0\u00a0 \u00a0Congruencia procesal\u00a0\u00a0 \u00a0\u00a0\u00a0 \u00a0266<br \/>\nIX.5.\u00a0\u00a0 \u00a0Sentencia con reserva\u00a0\u00a0 \u00a0\u00a0\u00a0 \u00a0270<br \/>\nIX.6.\u00a0\u00a0 \u00a0Efectos de las resoluciones judiciales\u00a0\u00a0 \u00a0\u00a0\u00a0 \u00a0272<br \/>\nIX.6.a.\u00a0\u00a0 \u00a0Aspectos generales\u00a0\u00a0 \u00a0\u00a0\u00a0 \u00a0272<br \/>\nIX.6.b.\u00a0\u00a0 \u00a0Desasimiento del tribunal\u00a0\u00a0 \u00a0\u00a0\u00a0 \u00a0273<br \/>\nIX.6.c.\u00a0\u00a0 \u00a0Cosa juzgada y resoluci\u00f3n firme o ejecutoriada\u00a0\u00a0 \u00a0\u00a0\u00a0 \u00a0274<br \/>\nIX.6.c.1.\u00a0\u00a0 \u00a0Concepto de cosa juzgada\u00a0\u00a0 \u00a0\u00a0\u00a0 \u00a0275<br \/>\nIX.6.c.2.\u00a0\u00a0 \u00a0Clases de cosa juzgada\u00a0\u00a0 \u00a0\u00a0\u00a0 \u00a0278<br \/>\nIX.6.c.3.\u00a0\u00a0 \u00a0Acci\u00f3n de cosa juzgada\u00a0\u00a0 \u00a0\u00a0\u00a0 \u00a0282<br \/>\nIX.6.c.4.\u00a0\u00a0 \u00a0Excepci\u00f3n de cosa juzgada\u00a0\u00a0 \u00a0\u00a0\u00a0 \u00a0283<br \/>\nIX.6.c.4.a.\u00a0\u00a0 \u00a0Aspectos generales\u00a0\u00a0 \u00a0\u00a0\u00a0 \u00a0283<br \/>\nIX.6.c.4.b.\u00a0\u00a0 \u00a0L\u00edmites subjetivos de la cosa juzgada\u00a0\u00a0 \u00a0\u00a0\u00a0 \u00a0284<br \/>\nIX.6.c.4.c.\u00a0\u00a0 \u00a0L\u00edmites objetivos de la cosa juzgada\u00a0\u00a0 \u00a0\u00a0\u00a0 \u00a0285<br \/>\nIX.6.c.5.\u00a0\u00a0 \u00a0Influencia de la cosa juzgada penal en lo civil\u00a0\u00a0 \u00a0\u00a0\u00a0 \u00a0287<br \/>\nIX.6.c.6.\u00a0\u00a0 \u00a0Vinculaci\u00f3n entre la parte considerativa y la parte resolutiva del fallo\u00a0\u00a0 \u00a0\u00a0\u00a0 \u00a0289<br \/>\nActividades\u00a0\u00a0 \u00a0\u00a0\u00a0 \u00a0292<br \/>\nI.\u00a0\u00a0 \u00a0Palabras clave\u00a0\u00a0 \u00a0\u00a0\u00a0 \u00a0292<br \/>\nII.\u00a0\u00a0 \u00a0Responda las siguientes preguntas\u00a0\u00a0 \u00a0\u00a0\u00a0 \u00a0293<br \/>\nIII.\u00a0\u00a0 \u00a0Casos\u00a0\u00a0 \u00a0\u00a0\u00a0 \u00a0294<br \/>\nBibliograf\u00eda complementaria de la Secci\u00f3n Tercera\u00a0\u00a0 \u00a0\u00a0\u00a0 \u00a0296<br \/>\nSecci\u00f3n Cuarta<br \/>\nLOS INCIDENTES<br \/>\nI.\u00a0\u00a0 \u00a0Los incidentes ordinarios\u00a0\u00a0 \u00a0\u00a0\u00a0 \u00a0303<br \/>\nI.1.\u00a0\u00a0 \u00a0Concepto\u00a0\u00a0 \u00a0\u00a0\u00a0 \u00a0303<br \/>\nI.2.\u00a0\u00a0 \u00a0Elementos de los incidentes\u00a0\u00a0 \u00a0\u00a0\u00a0 \u00a0304<br \/>\nI.3.\u00a0\u00a0 \u00a0Clasificaci\u00f3n de los incidentes\u00a0\u00a0 \u00a0\u00a0\u00a0 \u00a0307<br \/>\nI.4.\u00a0\u00a0 \u00a0Interposici\u00f3n de los incidentes\u00a0\u00a0 \u00a0\u00a0\u00a0 \u00a0311<br \/>\nI.5.\u00a0\u00a0 \u00a0Per\u00edodo de discusi\u00f3n\u00a0\u00a0 \u00a0\u00a0\u00a0 \u00a0315<br \/>\nI.6.\u00a0\u00a0 \u00a0Per\u00edodo de prueba\u00a0\u00a0 \u00a0\u00a0\u00a0 \u00a0315<br \/>\nI.7.\u00a0\u00a0 \u00a0Per\u00edodo de decisi\u00f3n\u00a0\u00a0 \u00a0\u00a0\u00a0 \u00a0318<br \/>\nI.8.\u00a0\u00a0 \u00a0Per\u00edodo de impugnaci\u00f3n\u00a0\u00a0 \u00a0\u00a0\u00a0 \u00a0318<br \/>\nII.\u00a0\u00a0 \u00a0LOS INCIDENTES ESPECIALES\u00a0\u00a0 \u00a0\u00a0\u00a0 \u00a0319<br \/>\nII.1.\u00a0\u00a0 \u00a0Acumulaci\u00f3n de autos\u00a0\u00a0 \u00a0\u00a0\u00a0 \u00a0320<br \/>\nII.1.a.\u00a0\u00a0 \u00a0Concepto\u00a0\u00a0 \u00a0\u00a0\u00a0 \u00a0320<br \/>\nII.1.b.\u00a0\u00a0 \u00a0Requisitos de procedencia\u00a0\u00a0 \u00a0\u00a0\u00a0 \u00a0322<br \/>\nII.1.c.\u00a0\u00a0 \u00a0Oportunidad para presentarla\u00a0\u00a0 \u00a0\u00a0\u00a0 \u00a0323<br \/>\nII.1.d.\u00a0\u00a0 \u00a0Tribunal competente\u00a0\u00a0 \u00a0\u00a0\u00a0 \u00a0323<br \/>\nII.1.e.\u00a0\u00a0 \u00a0Tramitaci\u00f3n del incidente\u00a0\u00a0 \u00a0\u00a0\u00a0 \u00a0323<br \/>\nII.1.f.\u00a0\u00a0 \u00a0Efectos de la acumulaci\u00f3n de autos\u00a0\u00a0 \u00a0\u00a0\u00a0 \u00a0324<br \/>\nII.2.\u00a0\u00a0 \u00a0Cuestiones de competencia\u00a0\u00a0 \u00a0\u00a0\u00a0 \u00a0325<br \/>\nII.2.a.\u00a0\u00a0 \u00a0Aspectos generales\u00a0\u00a0 \u00a0\u00a0\u00a0 \u00a0325<br \/>\nII.2.b.\u00a0\u00a0 \u00a0La declinatoria de competencia\u00a0\u00a0 \u00a0\u00a0\u00a0 \u00a0328<br \/>\nII.2.c.\u00a0\u00a0 \u00a0La inhibitoria de competencia\u00a0\u00a0 \u00a0\u00a0\u00a0 \u00a0329<br \/>\nII.3.\u00a0\u00a0 \u00a0Implicancias y recusaciones\u00a0\u00a0 \u00a0\u00a0\u00a0 \u00a0333<br \/>\nII.3.a.\u00a0\u00a0 \u00a0Concepto\u00a0\u00a0 \u00a0\u00a0\u00a0 \u00a0333<br \/>\nII.3.b.\u00a0\u00a0 \u00a0Fundamento\u00a0\u00a0 \u00a0\u00a0\u00a0 \u00a0333<br \/>\nII.3.c.\u00a0\u00a0 \u00a0Tramitaci\u00f3n\u00a0\u00a0 \u00a0\u00a0\u00a0 \u00a0340<br \/>\nII.4.\u00a0\u00a0 \u00a0Privilegio de pobreza\u00a0\u00a0 \u00a0\u00a0\u00a0 \u00a0348<br \/>\nII.4.a.\u00a0\u00a0 \u00a0Antecedentes generales\u00a0\u00a0 \u00a0\u00a0\u00a0 \u00a0348<br \/>\nII.4.b.\u00a0\u00a0 \u00a0Tribunal competente y oportunidad para solicitarlo\u00a0\u00a0 \u00a0\u00a0\u00a0 \u00a0354<br \/>\nII.4.c.\u00a0\u00a0 \u00a0Tramitaci\u00f3n\u00a0\u00a0 \u00a0\u00a0\u00a0 \u00a0355<br \/>\nII.4.d.\u00a0\u00a0 \u00a0Efectos de la resoluci\u00f3n que concede el privilegio de pobreza\u00a0\u00a0 \u00a0\u00a0\u00a0 \u00a0357<br \/>\nII.5.\u00a0\u00a0 \u00a0Las costas\u00a0\u00a0 \u00a0\u00a0\u00a0 \u00a0357<br \/>\nII.5.a.\u00a0\u00a0 \u00a0Aspectos generales\u00a0\u00a0 \u00a0\u00a0\u00a0 \u00a0357<br \/>\nII.5.b.\u00a0\u00a0 \u00a0Situaci\u00f3n de las costas durante la tramitaci\u00f3n del juicio\u00a0\u00a0 \u00a0\u00a0\u00a0 \u00a0363<br \/>\nII.5.c.\u00a0\u00a0 \u00a0Situaci\u00f3n de las costas una vez que el juicio ha terminado\u00a0\u00a0 \u00a0\u00a0\u00a0 \u00a0364<br \/>\nII.5.d.\u00a0\u00a0 \u00a0Determinaci\u00f3n y objeci\u00f3n de las costas\u00a0\u00a0 \u00a0\u00a0\u00a0 \u00a0367<br \/>\nII.6.\u00a0\u00a0 \u00a0Desistimiento de la demanda\u00a0\u00a0 \u00a0\u00a0\u00a0 \u00a0369<br \/>\nII.6.a.\u00a0\u00a0 \u00a0Concepto de desistimiento de la demanda\u00a0\u00a0 \u00a0\u00a0\u00a0 \u00a0369<br \/>\nII.6.b.\u00a0\u00a0 \u00a0Requisitos del desistimiento de la demanda\u00a0\u00a0 \u00a0\u00a0\u00a0 \u00a0370<br \/>\nII.6.c.\u00a0\u00a0 \u00a0Tramitaci\u00f3n del desistimiento de la demanda\u00a0\u00a0 \u00a0\u00a0\u00a0 \u00a0372<br \/>\nII.6.d.\u00a0\u00a0 \u00a0Naturaleza jur\u00eddica de la resoluci\u00f3n que se pronuncia sobre el desistimiento de la demanda\u00a0\u00a0 \u00a0\u00a0\u00a0 \u00a0373<br \/>\nII.6.e.\u00a0\u00a0 \u00a0Efectos de la resoluci\u00f3n que se pronuncia sobre el desistimiento de la demanda\u00a0\u00a0 \u00a0\u00a0\u00a0 \u00a0374<br \/>\nII.7.\u00a0\u00a0 \u00a0Abandono del procedimiento\u00a0\u00a0 \u00a0\u00a0\u00a0 \u00a0374<br \/>\nII.7.a.\u00a0\u00a0 \u00a0Concepto de abandono del procedimiento\u00a0\u00a0 \u00a0\u00a0\u00a0 \u00a0374<br \/>\nII.7.b.\u00a0\u00a0 \u00a0Fundamento del abandono del procedimiento\u00a0\u00a0 \u00a0\u00a0\u00a0 \u00a0379<br \/>\nII.7.c.\u00a0\u00a0 \u00a0Requisitos del abandono del procedimiento\u00a0\u00a0 \u00a0\u00a0\u00a0 \u00a0385<br \/>\nII.7.d.\u00a0\u00a0 \u00a0Oportunidad para hacer valer el abandono del procedimiento\u00a0\u00a0 \u00a0\u00a0\u00a0 \u00a0389<br \/>\nII.7.e.\u00a0\u00a0 \u00a0Tribunal competente para conocer del abandono del procedimiento\u00a0\u00a0 \u00a0\u00a0\u00a0 \u00a0390<br \/>\nII.7.f.\u00a0\u00a0 \u00a0Formas de alegar el abandono del procedimiento\u00a0\u00a0 \u00a0\u00a0\u00a0 \u00a0390<br \/>\nII.7.g.\u00a0\u00a0 \u00a0Tramitaci\u00f3n de la solicitud de abandono del procedimiento\u00a0\u00a0 \u00a0\u00a0\u00a0 \u00a0391<br \/>\nII.7.h.\u00a0\u00a0 \u00a0Naturaleza jur\u00eddica de la resoluci\u00f3n que resuelve el abandono de procedimiento\u00a0\u00a0 \u00a0\u00a0\u00a0 \u00a0391<br \/>\nII.7.i.\u00a0\u00a0 \u00a0Efectos de la declaraci\u00f3n del abandono de procedimiento\u00a0\u00a0 \u00a0\u00a0\u00a0 \u00a0392<br \/>\nII.7.j.\u00a0\u00a0 \u00a0Normas especiales\u00a0\u00a0 \u00a0\u00a0\u00a0 \u00a0392<br \/>\nActividades\u00a0\u00a0 \u00a0\u00a0\u00a0 \u00a0393<br \/>\nI.\u00a0\u00a0 \u00a0Palabras clave\u00a0\u00a0 \u00a0\u00a0\u00a0 \u00a0393<br \/>\nII.\u00a0\u00a0 \u00a0Preguntas\u00a0\u00a0 \u00a0\u00a0\u00a0 \u00a0394<br \/>\nIII.\u00a0\u00a0 \u00a0Casos\u00a0\u00a0 \u00a0\u00a0\u00a0 \u00a0395<br \/>\nBibliograf\u00eda complementaria de la Secci\u00f3n Cuarta\u00a0\u00a0 \u00a0\u00a0\u00a0 \u00a0397<\/p>\n","protected":false},"excerpt":{"rendered":"<p>Buscas un libro Jur\u00eddico.? Lo puedes encontrar en nuestra tienda virtual.<br \/>\nContamos con prestigiosos autores y muchas alternativas en sus diferentes materias al igual que grandes descuentos.! Vis\u00edtanos en <a class=\"pwHwmXBqmofSClxsctVkNQQzvNIASaSVkFYLg \" tabindex=\"0\" href=\"https:\/\/lnkd.in\/eiAG7jdZ\" target=\"_blank\" rel=\"noopener\" data-test-app-aware-link=\"\">https:\/\/lnkd.in\/eiAG7jdZ<\/a><br \/>\nEscr\u00edbenos al +56930565235 \/ <a class=\"pwHwmXBqmofSClxsctVkNQQzvNIASaSVkFYLg \" tabindex=\"0\" href=\"mailto:ventaslegallexglobal@gmail.com\" target=\"_self\" data-test-app-aware-link=\"\">ventaslegallexglobal@gmail.com<\/a><br \/>\nHacemos env\u00edos a todo Chile \u2013 Starken o Correos Chile \/ Te esperamos.<\/p>\n","protected":false},"featured_media":4655,"comment_status":"open","ping_status":"closed","template":"","meta":{"inline_featured_image":false,"_joinchat":[]},"product_brand":[],"product_cat":[39],"product_tag":[],"class_list":{"0":"post-4641","1":"product","2":"type-product","3":"status-publish","4":"has-post-thumbnail","6":"product_cat-procesal-civil","7":"product_shipping_class-a-convenir","9":"first","10":"instock","11":"sale","12":"shipping-taxable","13":"purchasable","14":"product-type-simple"},"_links":{"self":[{"href":"https:\/\/bibliotecajuridicavirtual.cl\/index.php\/wp-json\/wp\/v2\/product\/4641","targetHints":{"allow":["GET"]}}],"collection":[{"href":"https:\/\/bibliotecajuridicavirtual.cl\/index.php\/wp-json\/wp\/v2\/product"}],"about":[{"href":"https:\/\/bibliotecajuridicavirtual.cl\/index.php\/wp-json\/wp\/v2\/types\/product"}],"replies":[{"embeddable":true,"href":"https:\/\/bibliotecajuridicavirtual.cl\/index.php\/wp-json\/wp\/v2\/comments?post=4641"}],"wp:featuredmedia":[{"embeddable":true,"href":"https:\/\/bibliotecajuridicavirtual.cl\/index.php\/wp-json\/wp\/v2\/media\/4655"}],"wp:attachment":[{"href":"https:\/\/bibliotecajuridicavirtual.cl\/index.php\/wp-json\/wp\/v2\/media?parent=4641"}],"wp:term":[{"taxonomy":"product_brand","embeddable":true,"href":"https:\/\/bibliotecajuridicavirtual.cl\/index.php\/wp-json\/wp\/v2\/product_brand?post=4641"},{"taxonomy":"product_cat","embeddable":true,"href":"https:\/\/bibliotecajuridicavirtual.cl\/index.php\/wp-json\/wp\/v2\/product_cat?post=4641"},{"taxonomy":"product_tag","embeddable":true,"href":"https:\/\/bibliotecajuridicavirtual.cl\/index.php\/wp-json\/wp\/v2\/product_tag?post=4641"}],"curies":[{"name":"wp","href":"https:\/\/api.w.org\/{rel}","templated":true}]}}