{"id":5123,"date":"2026-03-06T11:49:02","date_gmt":"2026-03-06T14:49:02","guid":{"rendered":"https:\/\/bibliotecajuridicavirtual.cl\/?post_type=product&#038;p=5123"},"modified":"2026-03-06T12:50:59","modified_gmt":"2026-03-06T15:50:59","slug":"el-dano-moral-carmen-dominguez-hidalgo-edicion-ano-2000-670-paginas","status":"publish","type":"product","link":"https:\/\/bibliotecajuridicavirtual.cl\/index.php\/product\/el-dano-moral-carmen-dominguez-hidalgo-edicion-ano-2000-670-paginas\/","title":{"rendered":"El Da\u00f1o Moral * Carmen Dom\u00ednguez Hidalgo &#8211; edici\u00f3n a\u00f1o 2000 * 670 P\u00e1ginas"},"content":{"rendered":"<p style=\"font-weight: 400;\">Se observa la importancia que adquiere entre nosotros tratar del da\u00f1o moral en su actual perspectiva. No es que se trate de una materia absolutamente novedosa en el derecho comparado. Precisamente se trata en esta obra de tomar las ense\u00f1anzas de derechos que en esta cuesti\u00f3n han tenido ya una larga y fruct\u00edfera evoluci\u00f3n y de mostrar las orientaciones actuales en la reparaci\u00f3n del da\u00f1o moral.<\/p>\n<p style=\"font-weight: 400;\"><b><strong>PRIMERA PARTE<\/strong><\/b><br \/>\n<b><strong>BASES PARA LA REPARACI\u00d3N POR DA\u00d1O MORAL<\/strong><\/b><\/p>\n<p style=\"font-weight: 400;\"><b><strong>CAP\u00cdTULO 1<\/strong><\/b><br \/>\n<b><strong>EL CONCEPTO DE DA\u00d1O MORAL<\/strong><\/b><\/p>\n<p style=\"font-weight: 400;\">1.1. Las dificultades para llegar a una noci\u00f3n de da\u00f1o moral<\/p>\n<p>1.2. Criterios propuestos para definir el da\u00f1o moral<br \/>\n1.2.1. Concepciones que niegan la autonom\u00eda del da\u00f1o moral respecto del da\u00f1o<br \/>\n1.2.2. Concepciones que distinguen al da\u00f1o moral como un perjuicio aut\u00f3nomo<br \/>\n1.2.2.1. Concepciones negativas<br \/>\nA) Da\u00f1o moral es todo perjuicio cuyo objeto no es un inter\u00e9s patrimonial<br \/>\nB) Da\u00f1o moral es todo da\u00f1o que no repercute en el patrimonio<br \/>\nC) Da\u00f1o moral es todo da\u00f1o que carece de equivalencia pecuniaria<br \/>\nD) Cr\u00edticas comunes a todas las concepciones negativas<br \/>\n1.2.2.2. Concepciones positivas<br \/>\nA) Da\u00f1o moral como pretium doloris<br \/>\nB) Da\u00f1o moral como menoscabo de un derecho extrapatrimonial<br \/>\nC) Da\u00f1o moral como menoscabo a los bienes de la personalidad<br \/>\nD) Criterio que toma en consideraci\u00f3n el car\u00e1cter no patrimonial del inter\u00e9s lesionado<br \/>\nE) Doctrina que toma en cuenta el resultado que la acci\u00f3n da\u00f1osa provoca en la persona<br \/>\n1.2.3. Criterios distintivos al interior de los da\u00f1os no patrimoniales<\/p>\n<p>1.3. Concepto admitido. En particular, da\u00f1o moral derivado de contrato<\/p>\n<p style=\"font-weight: 400;\"><b><strong>CAP\u00cdTULO 2<\/strong><\/b><br \/>\n<b><strong>LA ADMISIBILIDAD DE UNA CONDENA CIVIL POR DA\u00d1O MORAL<\/strong><\/b><\/p>\n<p style=\"font-weight: 400;\">2.1. En cuanto a la admisibilidad de una sanci\u00f3n civil de car\u00e1cter punitivo para el da\u00f1o moral<br \/>\n2.1.1. La sanci\u00f3n civil del perjuicio moral es una pena privada<br \/>\n2.1.2. La condena por da\u00f1o moral es una reparaci\u00f3n<br \/>\n2.1.3. Teor\u00edas intermedias o mixtas<br \/>\n2.1.4. Consideraciones actuales sobre esta cuesti\u00f3n<br \/>\n2.1.4.1. La condena pecuniaria de da\u00f1os en el Common Law<br \/>\n2.1.4.2. La indemnizaci\u00f3n por da\u00f1o moral en los derechos codificados<br \/>\nA) El car\u00e1cter reparatorio de la indemnizaci\u00f3n por da\u00f1o moral<br \/>\nA.1) La finalidad punitiva de la condena por da\u00f1o moral<br \/>\nA.2) El fundamento de la condena por da\u00f1o moral: la culpa<br \/>\nA.3) La ausencia de equivalencia exacta entre la indemnizaci\u00f3n y el perjuicio impide considerarlo como una reparaci\u00f3n<br \/>\nB) La soluci\u00f3n al problema en la pr\u00e1ctica: \u00bfcar\u00e1cter mixto de la condena pecuniaria por da\u00f1o moral?<br \/>\nC) La indemnizaci\u00f3n del da\u00f1o moral como reconocimiento de un derecho<\/p>\n<p>2.2. La admisibilidad de una sanci\u00f3n civil del da\u00f1o moral estrictamente reparatoria<br \/>\n2.2.1. Las teor\u00edas negativas<br \/>\n2.2.2. Teor\u00edas favorables a la reparaci\u00f3n del da\u00f1o moral<br \/>\n2.2.2.1. Concepci\u00f3n unitaria<br \/>\n2.2.2.2. Concepci\u00f3n dualista del contenido de la reparaci\u00f3n<br \/>\n2.2.3. Teor\u00eda intermedia: la reparaci\u00f3n restringida a los da\u00f1os morales que admiten una equivalencia cualitativa primaria<\/p>\n<p>2.3. Reconducci\u00f3n de esta cuesti\u00f3n<br \/>\n2.3.1. La reparaci\u00f3n no es nunca equivalente al cumplimiento \u00edntegro de la obligaci\u00f3n<br \/>\n2.3.2. La reparaci\u00f3n es siempre una compensaci\u00f3n<br \/>\n2.3.3. La reparaci\u00f3n por da\u00f1o moral es una compensaci\u00f3n satisfactoria<\/p>\n<p style=\"font-weight: 400;\"><b><strong><br \/>\nSEGUNDA PARTE<br \/>\nLA DOCTRINA DE LA NO RESARCIBILIDAD DEL DA\u00d1O MORAL DERIVADO DE CONTRATO<\/strong><\/b><\/p>\n<p style=\"font-weight: 400;\"><b><strong>CAP\u00cdTULO 3<\/strong><\/b><br \/>\n<b><strong>LA PATRIMONIALIDAD DE LA PRESTACI\u00d3N Y EL DA\u00d1O MORAL<\/strong><\/b><\/p>\n<p style=\"font-weight: 400;\">3.1. La pretendida patrimonialidad del inter\u00e9s del acreedor o de la prestaci\u00f3n en que consiste toda obligaci\u00f3n jur\u00eddica<br \/>\n3.1.1. Sus fundamentos<br \/>\n3.1.2. Cr\u00edticas a la doctrina cl\u00e1sica<\/p>\n<p>3.2. Doctrina que rechaza la exigencia de patrimonialidad de las obligaciones, admitiendo la extrapatrimonialidad de las prestaciones y del inter\u00e9s de los acreedores<br \/>\n3.2.1. Sus fundamentos<br \/>\n3.2.2. Cr\u00edticas a la doctrina de la no patrimonialidad de la prestaci\u00f3n y del inter\u00e9s<br \/>\n3.3. Doctrina intermedia que admite un inter\u00e9s extrapatrimonial en la obligaci\u00f3n pero exige, ineludiblemente, una prestaci\u00f3n de orden pecuniario<br \/>\n3.3.1. Sus fundamentos<br \/>\n3.3.2. Cr\u00edticas a la doctrina intermedia<\/p>\n<p>3.4. Notas sobre la patrimonialidad en el Derecho comparado<\/p>\n<p>3.5. Consideraciones generales sobre la patrimonialidad. Sus consecuencias para la admisi\u00f3n del da\u00f1o moral derivado de contrato<br \/>\n3.5.1. El alcance de la exigencia de patrimonialidad<br \/>\n3.5.2. Los fundamentos de la exigencia de patrimonialidad en la prestaci\u00f3n<br \/>\n3.5.2.1. La patrimonialidad como garant\u00eda de la efectividad de la obligaci\u00f3n<br \/>\n3.5.2.2. Como elemento distintivo de los v\u00ednculos jur\u00eddicos pertenecientes al Derecho de obligaciones<br \/>\n3.5.2.3. Otras funciones asignadas a la patrimonialidad de la prestaci\u00f3n<br \/>\n3.5.3. La exigencia de patrimonialidad en la obligaci\u00f3n como obst\u00e1culo para la reparaci\u00f3n del da\u00f1o moral derivado de contrato. Cr\u00edticas a las teor\u00edas en que se funda esa objeci\u00f3n<br \/>\n3.5.3.1. En cuanto a la patrimonialidad como garant\u00eda para la efectividad de la obligaci\u00f3n<br \/>\n3.5.3.2. En cuanto a la patrimonialidad como caracter\u00edstica principal del Derecho de obligaciones<br \/>\n3.5.3.3. En cuanto a las nuevas funciones asignadas a la patrimonialidad<br \/>\n3.5.4. Consideraciones finales<\/p>\n<p style=\"font-weight: 400;\"><b><strong>CAP\u00cdTULO 4<\/strong><\/b><br \/>\n<b><strong>LAS NORMAS LEGALES COMO OBST\u00c1CULO A LA REPARACI\u00d3N DEL DA\u00d1O MORAL DERIVADO DE CONTRATO<\/strong><\/b><\/p>\n<p style=\"font-weight: 400;\">4.1. La interpretaci\u00f3n restrictiva del r\u00e9gimen reparatorio de los da\u00f1os derivados del incumplimiento contractual propuesta por la doctrina francesa<br \/>\n4.1.1. La recepci\u00f3n de la interpretaci\u00f3n restrictiva del r\u00e9gimen reparatorio en los derechos inspirados en el Code<br \/>\n4.1.1.1. C\u00f3digo Civil chileno de 1855<br \/>\n4.1.1.2. C\u00f3digo Civil italiano de 1865<br \/>\n4.1.1.3. C\u00f3digo Civil argentino de 1869<br \/>\n4.1.1.4. C\u00f3digo Civil espa\u00f1ol de 1889<\/p>\n<p>4.2. La interpretaci\u00f3n amplia de las normas referidas a los da\u00f1os derivados de incumplimiento contractual sustentada en el Derecho franc\u00e9s del siglo XX (segunda mitad)<br \/>\n4.2.1. La recepci\u00f3n de la interpretaci\u00f3n amplia en los derechos inspirados en el Code<\/p>\n<p>4.3. Consideraciones generales en cuanto a los textos legales<\/p>\n<p style=\"font-weight: 400;\"><b><strong>TERCERA PARTE<\/strong><\/b><br \/>\n<b><strong>TENDENCIAS ACTUALES EN MATERIA DE DA\u00d1O MORAL DERIVADO DE CONTRATO<\/strong><\/b><\/p>\n<p style=\"font-weight: 400;\"><b><strong>CAP\u00cdTULO 5<\/strong><\/b><br \/>\n<b><strong>EL DA\u00d1O MORAL DERIVADO DE CONTRATO EN EL COMMON LAW<\/strong><\/b><\/p>\n<p style=\"font-weight: 400;\">5.1. La reparaci\u00f3n del \u201cnon economic loss\u201d en materia contractual. Doctrina del Common Law<br \/>\n5.2. El principio contractual de la previsibilidad en el Common Law<br \/>\n5.3. Contratos que dan lugar a la reparaci\u00f3n por da\u00f1o moral<br \/>\n5.4. El caso especial de la legislaci\u00f3n civil de Louisiana<br \/>\n5.5. Consideraciones finales en cuanto al Common Law<\/p>\n<p style=\"font-weight: 400;\"><b><strong>CAP\u00cdTULO 6<\/strong><\/b><br \/>\n<b><strong>EL DA\u00d1O MORAL DERIVADO DE CONTRATO EN EL DERECHO CIVIL CODIFICADO<\/strong><\/b><\/p>\n<p style=\"font-weight: 400;\">6.1. Legislaciones que niegan la reparaci\u00f3n del da\u00f1o moral derivado de contrato<br \/>\n6.1.1. El da\u00f1o moral derivado de contrato en el Derecho italiano<br \/>\n6.1.1.1. La tesis cl\u00e1sica: reconocimiento restrictivo del da\u00f1o no patrimonial derivado de incumplimiento<br \/>\n6.1.1.2. Desarrollo reciente de la tesis cl\u00e1sica<br \/>\nA) Reformulaciones del concepto de da\u00f1o resarcible<br \/>\nA.1) Tentativas doctrinales para introducir una categor\u00eda intermedia de perjuicios<br \/>\nA.2) Tentativas doctrinales amplificadoras del da\u00f1o patrimonial<br \/>\nB) Inconstitucionalidad del art. 2059<br \/>\n6.1.1.3. Tesis modernas favorables a la reparaci\u00f3n del da\u00f1o no patrimonial en sede contractual<\/p>\n<p style=\"font-weight: 400;\">6.2. Ordenamientos carentes de una regulaci\u00f3n legal del da\u00f1o moral derivado de contrato<br \/>\n6.2.1. Ordenamientos codificados reacios a la reparaci\u00f3n del da\u00f1o moral derivado de contrato<br \/>\n6.2.1.1 La tesis jurisprudencial mayoritaria: rechazo a la reparaci\u00f3n del da\u00f1o moral derivado de contrato. Sus fundamentos<br \/>\nA) El tenor de las normas legales que regulan los efectos de las obligaciones<br \/>\nB) La interpretaci\u00f3n extensiva de los preceptos de la responsabilidad extracontractual a la contractual<br \/>\n6.2.1.2. Tesis jurisprudenciales minoritarias<br \/>\nA) Da\u00f1o moral causado por el incumplimiento de un contrato de transporte<br \/>\nB) Da\u00f1o moral sobrevenido como consecuencia de un accidente del trabajo<br \/>\n6.2.1.3. Las opiniones doctrinales favorables a la reparaci\u00f3n del da\u00f1o moral derivado de contrato<br \/>\nA) Interpretaci\u00f3n amplia de las reglas reparatorias<br \/>\nB) Aplicaci\u00f3n de las reglas de integraci\u00f3n<br \/>\nC) Reforma del C\u00f3digo en esta materia<br \/>\n6.2.1.4. La indemnizaci\u00f3n del da\u00f1o moral derivado de contrato en el sistema chileno: \u00bfhacia una plena aceptaci\u00f3n?<br \/>\nA) Abandono de la cl\u00e1sica interpretaci\u00f3n literal del art. 1556<br \/>\nB) Abandono de la interpretaci\u00f3n o aplicaci\u00f3n extensiva de los preceptos de la responsabilidad extracontractual a la contractual<br \/>\nC) Abandono de la concepci\u00f3n patrimonialista del Derecho de obligaciones<br \/>\n6.2.1.5. Nuestras observaciones<br \/>\n6.2.2. Sistemas intermedios<br \/>\n6.2.2.1. El da\u00f1o moral en el sistema espa\u00f1ol<br \/>\nA) En sede extracontractual. Apunte general<br \/>\nB) El reconocimiento del da\u00f1o moral en sede contractual<br \/>\nB.1) El principio de admisi\u00f3n<br \/>\nB.1.1) La opini\u00f3n doctrinal<br \/>\nB.1.2) La opini\u00f3n jurisprudencial<br \/>\nB.2) Problemas que subsisten<br \/>\nB.2.1) Discrepancias doctrinales<br \/>\nB.2.2) La dubitativa aceptaci\u00f3n jurisprudencial<br \/>\nB.3) Alternativas propuestas para la soluci\u00f3n de estos problemas<br \/>\nB.3.1) La restricci\u00f3n de los da\u00f1os contractuales a aquellos realizados dentro de la \u201crigurosa \u00f3rbita de lo pactado\u201d<br \/>\nB.3.2) La prueba del da\u00f1o moral<br \/>\nB.3.3) En cuanto a las dem\u00e1s distorsiones del sistema<br \/>\n6.2.3. Ordenamientos jur\u00eddicos codificados con pleno reconocimiento del da\u00f1o moral derivado de contrato<br \/>\n6.2.3.1. El da\u00f1o moral derivado de contrato en el Derecho franc\u00e9s<br \/>\nA) De su negaci\u00f3n a su admisibilidad<br \/>\nB) Desarrollo actual<br \/>\nB.1) La p\u00e9rdida de agrado (pr\u00e9judice d\u2019agr\u00e9ment)<br \/>\nB.2) Perjuicio est\u00e9tico (pr\u00e9judice esth\u00e9tique)<br \/>\nB.3) Pretium doloris<br \/>\nB.4) Perjuicio de afecto (pr\u00e9judice d\u2019affection)<br \/>\nB.5) Perjuicio sexual (pr\u00e9judice sexuel)<br \/>\nB.6) Perjuicio juvenil (pr\u00e9judice juvenile)<br \/>\nB.7) Otras categor\u00edas<br \/>\nC) Observaciones finales<\/p>\n<p style=\"font-weight: 400;\">6.3. Legislaciones con reconocimiento expreso del da\u00f1o moral derivado de contrato<br \/>\n6.3.1. El Derecho civil argentino<br \/>\n6.3.1.1. La reparaci\u00f3n del da\u00f1o moral en la legislaci\u00f3n civil argentina anterior a la reforma de 1968<br \/>\n6.3.1.2. El da\u00f1o moral derivado de contrato con posterioridad a la Ley 17.711, de 1968<br \/>\nA) El pol\u00e9mico art\u00edculo 522<br \/>\nB) La unidad o dualidad del r\u00e9gimen reparatorio del da\u00f1o moral<\/p>\n<p style=\"font-weight: 400;\"><b><strong>CUARTA PARTE<\/strong><\/b><br \/>\n<b><strong>LA UNIFICACION DEL QUANTUM RESARCITORIO<\/strong><\/b><\/p>\n<p style=\"font-weight: 400;\"><b><strong>CAP\u00cdTULO 7<\/strong><\/b><br \/>\n<b><strong>LA PREVISIBILIDAD CONTRACTUAL COMO L\u00cdMITE AL PLENO RESARCIMIENTO DEL DA\u00d1O MORAL<\/strong><\/b><\/p>\n<p style=\"font-weight: 400;\">7.1. El principio de reparaci\u00f3n del perjuicio contractual previsible<br \/>\n7.1.1. Sus antecedentes hist\u00f3ricos<br \/>\n7.1.2. Su fundamentaci\u00f3n te\u00f3rica<br \/>\n7.1.2.1. Justificaciones propuestas a la limitaci\u00f3n de la indemnizaci\u00f3n contractual a los perjuicios previsibles<br \/>\nA) La restricci\u00f3n es una directa aplicaci\u00f3n del principio de respeto a la voluntad contractual<br \/>\nB) La limitaci\u00f3n es una manifestaci\u00f3n de la inexistencia de la responsabilidad contractual<br \/>\nC) En el Common Law, es el resultado de distintas tendencias pol\u00edtico-jur\u00eddicas del siglo XIX<br \/>\n7.1.2.2. Justificaciones esgrimidas para la agravaci\u00f3n de la responsabilidad del deudor en caso de actuaci\u00f3n dolosa<br \/>\nA) El dolo convierte la responsabilidad del deudor en extracontractual<br \/>\nB) La agravaci\u00f3n de la responsabilidad es una verdadera pena privada<br \/>\nC) La agravaci\u00f3n de la reparaci\u00f3n debida por el deudor doloso es una consecuencia de ciertos principios contractuales<br \/>\n7.1.3. Sus consecuencias<\/p>\n<p style=\"font-weight: 400;\">7.2. La previsibilidad como limitaci\u00f3n a la reparaci\u00f3n contractual de los perjuicios morales<\/p>\n<p style=\"font-weight: 400;\">7.3. El principio de la restricci\u00f3n de la responsabilidad derivada de incumplimiento a los perjuicios previsibles en su recepci\u00f3n moderna<br \/>\n7.3.1. Su progresiva atenuaci\u00f3n<br \/>\n7.3.1.1. Mediante la ampliaci\u00f3n del concepto de dolo<br \/>\n7.3.1.2. Por una constante reinterpretaci\u00f3n del alcance de la previsibilidad<br \/>\nA) La previsibilidad se ha limitado a ciertos elementos del perjuicio<br \/>\nB) La previsibilidad comprende tambi\u00e9n los perjuicios morales<br \/>\nB.1) Su previsibilidad puede provenir de la naturaleza de la obligaci\u00f3n o de las circunstancias que rodean a esta \u00faltima<br \/>\nB.2) Su previsibilidad puede nacer del incumplimiento de una obligaci\u00f3n de seguridad<br \/>\nB.3) Su previsibilidad depende del contenido del contrato<br \/>\n7.3.2. La modificaci\u00f3n de sus fundamentos<br \/>\n7.3.2.1. El respeto a la voluntad contractual como justificaci\u00f3n de la regla de la previsibilidad<br \/>\n7.3.2.2. La regla de la previsibilidad como refuerzo de la seguridad contractual y fomento del comercio<br \/>\n7.3.2.3. La regla de la previsibilidad como instrumento de moderaci\u00f3n de la carga indemnizatoria del deudor<\/p>\n<p style=\"font-weight: 400;\">7.4. La previsibilidad es una limitaci\u00f3n al quantum resarcitorio en profunda revisi\u00f3n<br \/>\n7.4.1. Su derogaci\u00f3n<br \/>\n7.4.2. Su reformulaci\u00f3n<\/p>\n<p style=\"font-weight: 400;\"><b><strong>CAP\u00cdTULO 8<\/strong><\/b><br \/>\n<b><strong>LA ELECCI\u00d3N DE LA V\u00cdA RESARCITORIA<\/strong><\/b><\/p>\n<p style=\"font-weight: 400;\">8.1. El problema de la concurrencia de responsabilidades por da\u00f1o moral<\/p>\n<p style=\"font-weight: 400;\">8.2. Las respuestas jur\u00eddicas al problema de la concurrencia<br \/>\n8.2.1. Teor\u00eda de la opci\u00f3n o del concurso de acciones<br \/>\n8.2.2. Teor\u00eda de la absorci\u00f3n o incompatibilidad<br \/>\n8.2.3. Teor\u00eda del concurso de normas<\/p>\n<p style=\"font-weight: 400;\">8.3. Fundamentos para la calificaci\u00f3n del da\u00f1o moral fronterizo dentro de una u otra teor\u00eda<br \/>\n8.3.1. Razones para una calificaci\u00f3n extracontractual del da\u00f1o moral fronterizo<br \/>\n8.3.2. Razones para una calificaci\u00f3n contractual del da\u00f1o moral fronterizo<\/p>\n<p style=\"font-weight: 400;\">8.4. La delimitaci\u00f3n de la responsabilidad contractual por da\u00f1o moral<\/p>\n<p style=\"font-weight: 400;\">8.5. La unificaci\u00f3n de la responsabilidad por da\u00f1o moral<\/p>\n<p style=\"font-weight: 400;\"><b><strong><br \/>\nQUINTA PARTE<br \/>\nEXTREMOS PENDIENTES DE LA TEOR\u00cdA DEL DA\u00d1O MORAL<\/strong><\/b><\/p>\n<p style=\"font-weight: 400;\"><b><strong>CAP\u00cdTULO 9<\/strong><\/b><br \/>\n<b><strong>LA DETERMINACI\u00d3N DEL QUANTUM INDEMNIZATORIO POR DA\u00d1O MORAL<\/strong><\/b><\/p>\n<p style=\"font-weight: 400;\">9.1. La evaluaci\u00f3n del da\u00f1o moral en el derecho comparado<br \/>\n9.1.1. En el Common Law<br \/>\n9.1.2. La familia de origen romano-germ\u00e1nico<br \/>\n9.1.2.1. Derecho chileno<br \/>\nA) Concepto restrictivo de da\u00f1o moral. Ausencia de distintas categor\u00edas de da\u00f1o no patrimonial<br \/>\nB) Falta de fundamentaci\u00f3n de las decisiones: La indemnizaci\u00f3n en globo<br \/>\nC) Ausencia de criterios de evaluaci\u00f3n<br \/>\nD) Montos indemnizatorios variables y prudenciales<br \/>\nE) Ausencia de exigencias probatorias<br \/>\nF) La evaluaci\u00f3n de los tribunales de instancia puede ser revisada en casaci\u00f3n<br \/>\n9.1.2.2. Derecho espa\u00f1ol<br \/>\n9.1.2.3. Derecho franc\u00e9s<\/p>\n<p style=\"font-weight: 400;\">9.2. Soluciones modernas. Hacia una evaluaci\u00f3n m\u00e1s objetiva del da\u00f1o moral<br \/>\n9.2.1. Abandono de las condenas gen\u00e9ricas por da\u00f1o moral. Exigencia de una fundamentaci\u00f3n judicial a la indemnizaci\u00f3n concedida9.2.2. Reconocimiento manifiesto del principio de la reparaci\u00f3n integral<br \/>\n9.2.3. Progresiva precisi\u00f3n legislativa de los criterios de evaluaci\u00f3n que deben ser considerados por el tribunal. Abandono de los factores punitivos<br \/>\n9.2.4. Elaboraci\u00f3n de baremos estad\u00edsticos<br \/>\n9.2.5. Publicaci\u00f3n peri\u00f3dica de las indemnizaciones judiciales o transaccionales acordadas para cada rubro de da\u00f1o no patrimonial<br \/>\n9.2.6. Armonizaci\u00f3n de la fecha o el momento en que debe situarse el juez al efectuar la evaluaci\u00f3n<\/p>\n<p style=\"font-weight: 400;\">9.3. La tarea evaluadora: problemas, principios y l\u00edmites<br \/>\n9.3.1. Problemas comunes<br \/>\nA) Ausencia en las codificaciones civiles de criterios espec\u00edficos de medici\u00f3n de los da\u00f1os<br \/>\nB) Existencia de abusos que llevan a cuestionar la partida<br \/>\nC) Implicancias para el sistema indemnizatorio global<br \/>\nD) La funci\u00f3n evaluadora no es exclusivamente jur\u00eddica<br \/>\n9.3.2. Principios y l\u00edmites de la funci\u00f3n de evaluaci\u00f3n de los da\u00f1os no patrimoniales<\/p>\n<p style=\"font-weight: 400;\"><b><strong>CAP\u00cdTULO 10<\/strong><\/b><br \/>\n<b><strong>CUESTIONES PROPIAS A LA TITULARIDAD ACTIVA EN EL DA\u00d1O MORAL<\/strong><\/b><\/p>\n<p style=\"font-weight: 400;\">10.1. El da\u00f1o moral y las personas jur\u00eddicas<\/p>\n<p style=\"font-weight: 400;\">10.2. La acci\u00f3n en caso de da\u00f1o por muerte o lesiones corporales<br \/>\n10.2.1. La transmisibilidad de la acci\u00f3n por da\u00f1o moral<br \/>\n10.2.2. La acci\u00f3n por da\u00f1o moral de las v\u00edctimas por repercusi\u00f3n<\/p>\n<p>&nbsp;<\/p>\n","protected":false},"excerpt":{"rendered":"<p>Buscas un libro Jur\u00eddico.? Lo puedes encontrar en nuestra tienda virtual.<br \/>\nContamos con prestigiosos autores y muchas alternativas en sus diferentes materias al igual que grandes descuentos.! Vis\u00edtanos en <a class=\"DgglOATYhCmWccaPlwcHGEisYksYZHAeVPhfZM \" tabindex=\"0\" href=\"https:\/\/lnkd.in\/eiAG7jdZ\" target=\"_blank\" rel=\"noopener\" data-test-app-aware-link=\"\">https:\/\/lnkd.in\/eiAG7jdZ<\/a><br \/>\nEscr\u00edbenos al +56930565235 \/ <a class=\"DgglOATYhCmWccaPlwcHGEisYksYZHAeVPhfZM \" tabindex=\"0\" href=\"mailto:ventaslegallexglobal@gmail.com\" target=\"_self\" data-test-app-aware-link=\"\">ventaslegallexglobal@gmail.com<\/a><br \/>\nHacemos env\u00edos a todo Chile \u2013 Starken o Correos Chile \/ Te esperamos.<\/p>\n<p>&nbsp;<\/p>\n","protected":false},"featured_media":5133,"comment_status":"open","ping_status":"closed","template":"","meta":{"inline_featured_image":false,"_joinchat":[]},"product_brand":[],"product_cat":[27,26],"product_tag":[],"class_list":{"0":"post-5123","1":"product","2":"type-product","3":"status-publish","4":"has-post-thumbnail","6":"product_cat-civil","7":"product_cat-derecho","9":"first","10":"instock","11":"shipping-taxable","12":"purchasable","13":"product-type-simple"},"_links":{"self":[{"href":"https:\/\/bibliotecajuridicavirtual.cl\/index.php\/wp-json\/wp\/v2\/product\/5123","targetHints":{"allow":["GET"]}}],"collection":[{"href":"https:\/\/bibliotecajuridicavirtual.cl\/index.php\/wp-json\/wp\/v2\/product"}],"about":[{"href":"https:\/\/bibliotecajuridicavirtual.cl\/index.php\/wp-json\/wp\/v2\/types\/product"}],"replies":[{"embeddable":true,"href":"https:\/\/bibliotecajuridicavirtual.cl\/index.php\/wp-json\/wp\/v2\/comments?post=5123"}],"wp:featuredmedia":[{"embeddable":true,"href":"https:\/\/bibliotecajuridicavirtual.cl\/index.php\/wp-json\/wp\/v2\/media\/5133"}],"wp:attachment":[{"href":"https:\/\/bibliotecajuridicavirtual.cl\/index.php\/wp-json\/wp\/v2\/media?parent=5123"}],"wp:term":[{"taxonomy":"product_brand","embeddable":true,"href":"https:\/\/bibliotecajuridicavirtual.cl\/index.php\/wp-json\/wp\/v2\/product_brand?post=5123"},{"taxonomy":"product_cat","embeddable":true,"href":"https:\/\/bibliotecajuridicavirtual.cl\/index.php\/wp-json\/wp\/v2\/product_cat?post=5123"},{"taxonomy":"product_tag","embeddable":true,"href":"https:\/\/bibliotecajuridicavirtual.cl\/index.php\/wp-json\/wp\/v2\/product_tag?post=5123"}],"curies":[{"name":"wp","href":"https:\/\/api.w.org\/{rel}","templated":true}]}}