{"id":5174,"date":"2026-03-07T12:46:46","date_gmt":"2026-03-07T15:46:46","guid":{"rendered":"https:\/\/bibliotecajuridicavirtual.cl\/?post_type=product&#038;p=5174"},"modified":"2026-03-07T12:46:46","modified_gmt":"2026-03-07T15:46:46","slug":"integridad-publica-francisco-javier-aldunate-ramos-edicion-ano-2026-620-pag","status":"publish","type":"product","link":"https:\/\/bibliotecajuridicavirtual.cl\/index.php\/product\/integridad-publica-francisco-javier-aldunate-ramos-edicion-ano-2026-620-pag\/","title":{"rendered":"Integridad P\u00fablica * Francisco Javier Aldunate Ramos &#8211; edici\u00f3n a\u00f1o 2026 * 620 P\u00e1g."},"content":{"rendered":"<p>En momento hist\u00f3ricos como el que vivimos, en el cual la desconfianza en las instituciones p\u00fablicas y la duda acerca de los intereses que sirven los personeros p\u00fablicos, es vital enfrentarnos al problema de la integridad p\u00fablica y como este concepto engloba diversas acciones y elementos que no s\u00f3lo apuntan a la probidad administrativa como un \u201cdeber actuar\u201d dentro de la Administraci\u00f3n del Estado, sino tambi\u00e9n a una cultura \u00e9tica y pol\u00edtica que brega contra la corrupci\u00f3n.<\/p>\n<p>La integridad p\u00fablica, como nos se\u00f1ala Francisco Aldunate en este libro, es m\u00e1s que una mirada al sector p\u00fablico y a sus funcionarios, es una mirada tambi\u00e9n al sector privado y a la sociedad en su conjunto y c\u00f3mo nos relacionamos. Cuando entendemos que la corrupci\u00f3n es una enfermedad que puede nacer en cada uno de nosotros y que nos afecta a todos, como personas, como organizaciones, como sociedad y finalmente como pa\u00eds, entendemos la necesidad de definir e implementar acciones que no solo reaccionen a la corrupci\u00f3n, sino que sirvan dentro de un ecosistema de control y \u00e9tica, para prevenir conductas corruptas.<\/p>\n<p>PROBIDAD ADMINISTRATIVA \/ INTEGRIDAD P\u00daBLICA<\/p>\n<p>PREVENCI\u00d3N CONFLICTOS DE INTER\u00c9S<\/p>\n<p>PROTECCI\u00d3N AL FUNCIONARIO DENUNCIANTE<\/p>\n<p>FUNCI\u00d3N P\u00daBLICA<\/p>\n<p>RESPONSABILIDAD ADMINISTRATIVA<\/p>\n<p>PROCEDIMIENTOS DISCIPLINARIOS<\/p>\n<p><strong><u>CAP\u00cdTULO I<\/u><\/strong><strong><br \/>\nCONCEPTOS GENERALES<\/strong><\/p>\n<ol>\n<li>Pre\u00e1mbulo. La integridad p\u00fablica, al parecer no basta con el estricto cumplimiento del principio de probidad administrativa<\/li>\n<li>Panorama en torno a la probidad y corrupci\u00f3n en Chile. Un \u201cpaisaje\u201d desolador3. Integridad p\u00fablica<br \/>\n\u2022 Funci\u00f3n P\u00fablica<br \/>\n\u2022 Recursos P\u00fablicos<br \/>\n\u2022 Transparencia<br \/>\n\u2022 Pol\u00edtica<br \/>\n\u2022 Sector Privado<\/li>\n<li>\u00bfQu\u00e9 debemos entender por corrupci\u00f3n?<\/li>\n<li>Enfoques para arribar a un concepto de probidad<br \/>\n1. Desde el punto de vista de la \u00e9tica del Servicio P\u00fablico<br \/>\n2. Desde el punto de vista de la ciencia de la administraci\u00f3n<br \/>\n3. Desde el punto de vista del derecho&nbsp;<\/p>\n<p>6. Probidad y Corrupci\u00f3n<br \/>\n\u2022 Significado del t\u00e9rmino probidad<br \/>\n\u2022 Significado de la voz corrupci\u00f3n<br \/>\n\u2022 Distintas connotaciones de la corrupci\u00f3n<br \/>\na) Corrupci\u00f3n individual<br \/>\nb) Corrupci\u00f3n generalizada en el Estado<br \/>\nc) Sist\u00e9mica, subsist\u00e9mica y dispersa<br \/>\nd) Pol\u00edtica y administrativa<br \/>\ne) Individual y corporativa<\/p>\n<p>7. Consagraci\u00f3n en el derecho positivo del principio de probidad y transparencia<br \/>\n\u2022 Inhabilidades<br \/>\n\u2022 Incompatibilidades<\/li>\n<li>\u00c1mbito de aplicaci\u00f3n del principio de probidad \u00bfQui\u00e9nes est\u00e1n sujetos al principio de probidad?<\/li>\n<li>La transgresi\u00f3n al principio de \u00e9tica o probidad es una realidad con la que la sociedad convive<\/li>\n<li>El Whistleblowing<\/li>\n<li>Compliance<\/li>\n<li>Contralor\u00eda General de la Rep\u00fablica<strong><u>CAP\u00cdTULO II<br \/>\n<\/u><\/strong><strong>ADMINISTRACI\u00d3N P\u00daBLICA Y FUNCI\u00d3N P\u00daBLICA<\/strong><\/li>\n<li>Breve introducci\u00f3n<br \/>\n2. \u00bfQu\u00e9 entendemos por administraci\u00f3n y administraci\u00f3n p\u00fablica?<br \/>\n3. La funci\u00f3n p\u00fablica<br \/>\n4. Regulaci\u00f3n normativa de la funci\u00f3n p\u00fablica<br \/>\n5. Principios que informan la funci\u00f3n p\u00fablica<br \/>\n6. Principios jur\u00eddicos que informan la funci\u00f3n p\u00fablica&nbsp;<\/p>\n<p><strong><u>CAP\u00cdTULO III<br \/>\n<\/u><\/strong><strong>RESPONSABILIDAD ADMINISTRATIVA LAS OBLIGACIONES FUNCIONARIAS<\/strong><\/li>\n<li>Consideraciones generales2. Garant\u00edas o principios que constituyen l\u00edmite y\/u orientan el ejercicio de la potestad disciplinaria<br \/>\na) El debido proceso<br \/>\nb) El derecho a defensa<br \/>\nc) Independencia de las sanciones<br \/>\nd) La proporcionalidad de las sanciones<br \/>\ne) La legalidad de las sanciones<br \/>\nf) El principio pro reo<br \/>\ng) Imparcialidad y Objetividad<br \/>\nh) Instancias diferenciadas<br \/>\ni) Universalidad<br \/>\nj) El principio de inexcusabilidad<br \/>\nk) Principio de Interdicci\u00f3n de la Arbitrariedad<\/p>\n<p>3. Deberes y obligaciones funcionarias<\/p>\n<p>4. Revisi\u00f3n de las obligaciones funcionarias<br \/>\n\u2022 Art\u00edculo 61. Ser\u00e1n obligaciones de cada funcionario<br \/>\n\u2022 Obligaciones propias de autoridades y jefaturas (art\u00edculo 64)<\/li>\n<li>Prohibiciones funcionarias<\/li>\n<li>Persecuci\u00f3n de la responsabilidad administrativa<\/li>\n<li>\u00d3rganos competentes<\/li>\n<li>Procedimiento<strong><u>CAP\u00cdTULO IV<br \/>\n<\/u><\/strong><strong>ESTATUTO DE PROTECCI\u00d3N AL FUNCIONARIO\/A QUE DENUNCIA. PILAR PARA AVANZAR EN UN ECOSISTEMA DE INTEGRIDAD<\/strong><\/li>\n<li>Introducci\u00f3n<\/li>\n<li>Aplicaci\u00f3n del estatuto de protecci\u00f3n. Art\u00edculos 90a y 90b del estatuto administrativo en caso de denuncias, por acoso o maltrato laboral y\/o acoso sexual<\/li>\n<li>Resumen estatuto de protecci\u00f3n. Obligaciones que nacen en el \u00e1mbito administrativo y penal, conforme lo dispone la Ley No 21.643<br \/>\n\u2022 \u00bfQu\u00e9 ordena la ley respecto a la canalizaci\u00f3n de las denuncias sobre faltas a la probidad y corrupci\u00f3n?<br \/>\n\u2022 \u00bfQu\u00e9 debe contener la denuncia?<br \/>\n\u2022 \u00bfLa protecci\u00f3n es un derecho del denunciante? .<br \/>\n\u2022 \u00bfQu\u00e9 sigue despu\u00e9s de la denuncia?<br \/>\n\u2022 \u00bfQu\u00e9 pasa si la Contralor\u00eda advierte un delito?<br \/>\n\u2022 \u00bfC\u00f3mo opera la reserva de la denuncia?<br \/>\n\u2022 \u00bfEl personal de la administraci\u00f3n del Estado tiene el deber de denunciar?<br \/>\n\u2022 \u00bfQu\u00e9 medidas preventivas de protecci\u00f3n existen a favor del personal de la administraci\u00f3n del Estado?<br \/>\n\u2022 \u00bfPuede un denunciante alegar que sufri\u00f3 represalias?<br \/>\n\u2022 \u00bfC\u00f3mo opera la cooperaci\u00f3n eficaz?<br \/>\n\u2022 \u00bfSe puede denunciar a empresas a trav\u00e9s del canal?<br \/>\n\u2022 \u00bfQu\u00e9 cambio se incorpora al estatuto administrativo?<br \/>\n\u2022 \u00bfC\u00f3mo se mantendr\u00e1 la reserva de identidad en los procesos penales?<br \/>\n\u2022 \u00bfEl imputado puede pedir que se anule la reserva de identidad del denunciante?<br \/>\n\u2022 \u00bfQu\u00e9 sanciones se aplican por denuncias maliciosamente falsas?&nbsp;<\/p>\n<p><strong><u>CAP\u00cdTULO V<br \/>\n<\/u><\/strong><strong>NORMATIVA SOBRE PROBIDAD, TRANSPARENCIA Y PREVENCI\u00d3N DE CONFLICTOS DE INTER\u00c9S. MANIFESTACI\u00d3N DEL SISTEMA DE INTEGRIDAD P\u00daBLICA<\/strong><\/li>\n<li>Prevenci\u00f3n de conflictos de inter\u00e9s<br \/>\na. Conflicto real<br \/>\nb. Conflicto aparente<br \/>\nc. Conflicto potencial<\/li>\n<li>Inhabilidades de ingreso<\/li>\n<li>Inhabilidades de ingreso relacionadas con el principio de probidad administrativa<br \/>\n\u2022 Cese anterior en un cargo p\u00fablico por mala calificaci\u00f3n o por destituci\u00f3n<br \/>\n\u2022 Condena por crimen o simple delito o inhabilitaci\u00f3n para ejercer funciones o cargos p\u00fablicos<br \/>\n\u2022 Conflictos de inter\u00e9s (contratos, litigios y parentesco)<br \/>\n\u2013 Contratistas<br \/>\n\u2013 Litigantes<br \/>\n\u2013 Familiares<br \/>\n\u2013 Dependencia de las drogas<\/li>\n<li>Inhabilidad\/prohibici\u00f3n especial Ley No 19.995<\/li>\n<li>Prohibiciones en el marco de la ley de probidad<\/li>\n<li>\u00bfC\u00f3mo acredita una persona no estar incluida en alguna causal de inhabilidad?<\/li>\n<li>\u00bfQu\u00e9 pasa si de todas formas se nombra o contrata a una persona que incurre en una causal de inhabilidad? El funcionario de hecho<\/li>\n<li>\u00bfSe aplican estas inhabilidades a las personas contratadas a honorarios o seg\u00fan el C\u00f3digo del Trabajo?<\/li>\n<li>Personas contratadas mediante un contrato del trabajo<\/li>\n<li>\u00bfQu\u00e9 pasa si alguna de las inhabilidades relacionadas directamente con la probidad se presenta despu\u00e9s que la persona ingres\u00f3 a la administraci\u00f3n?<\/li>\n<li>Incompatibilidades<br \/>\n\u2022 Incompatibilidad entre empleos p\u00fablicos<\/li>\n<li>Ley No 20.880<br \/>\n\u2022 Autoridades y funcionarios obligados a presentar la declaraci\u00f3n de intereses y la declaraci\u00f3n de patrimonio<br \/>\n\u2022 Oportunidad de la declaraci\u00f3n<br \/>\n\u2022 Forma de realizar la declaraci\u00f3n<br \/>\n\u2022 Contenido del formulario<br \/>\n\u2022 Contenido de la declaraci\u00f3n<br \/>\n\u2022 Responsabilidades y sanciones por infracciones al deber de efectuar la declaraci\u00f3n de intereses y patrimonio de las autoridades y funcionarios de la administraci\u00f3n del Estado<br \/>\n\u2022 Procedimiento sancionatorio, en caso de incumplimiento del deber de declarar<br \/>\n\u2022 Infracciones a las normas de mandato y obligaciones de enajenar<br \/>\n\u2022 El mandato de administraci\u00f3n<br \/>\n\u2022 De las enajenaciones a que obliga esta ley<\/li>\n<li>Ley No 20.730<br \/>\n\u2022 \u00bfQu\u00e9 es una gesti\u00f3n de inter\u00e9s particular?<br \/>\n\u2022 Sujetos pasivos de lobby<br \/>\n\u2022 \u00bfSobre qu\u00e9 decisiones puede ejercerse el lobby?<br \/>\n\u2022 \u00bfQu\u00e9 deberes tienen los sujetos pasivos?<br \/>\n\u2022 \u00bfEn qu\u00e9 consiste la obligaci\u00f3n de registro de los sujetos pasivos?<br \/>\n\u2022 \u00bfQu\u00e9 sanciones contempla la ley para los sujetos pasivos que no cumplen con los deberes establecidos en la ley?<br \/>\n\u2022 \u00bfQu\u00e9 actividades no regula la ley?<\/li>\n<li>Ley No 21.634<br \/>\n\u2022 Canal de denuncia reservada<\/li>\n<li>Ley No 20.285<strong><u>CAP\u00cdTULO VI<br \/>\n<\/u><\/strong><strong>PROCEDIMIENTOS DISCIPLINARIOS<\/strong><\/li>\n<li>Conceptos introductorios<\/li>\n<li>La potestad disciplinaria. Fundamentos3. Modificaciones introducidas por la Ley Karin, a los procedimientos disciplinarios<br \/>\na) El acoso sexual<br \/>\nb) El acoso laboral<br \/>\nc) La violencia en el trabajo<\/li>\n<li>Procedimientos disciplinarios<\/li>\n<li>La investigaci\u00f3n sumaria<br \/>\nA. Instalaci\u00f3n del investigador<br \/>\nB. Etapa indagatoria<br \/>\nC. Etapa acusatoria<br \/>\nD. Informaci\u00f3n a la autoridad superior<br \/>\nE. Etapa resolutiva<br \/>\nF. Etapa de impugnaci\u00f3n<br \/>\n\u2013 Caracter\u00edsticas de la investigaci\u00f3n sumaria<br \/>\n\u2013 Objeto de la investigaci\u00f3n sumaria<br \/>\n\u2013 Notificaciones durante la investigaci\u00f3n sumaria<br \/>\n\u2013 Sanciones<br \/>\n\u2013 Los plazos<br \/>\n\u2013 Paso a sumario administrativo<\/li>\n<li>El sumario administrativo<\/li>\n<li>Descripci\u00f3n esquem\u00e1tica de la tramitaci\u00f3n de un sumario administrativo<br \/>\n\u2022 Etapa Indagatoria<br \/>\n\u2022 Etapa Acusatoria<br \/>\n\u2022 Etapa Informativa<br \/>\n\u2022 Etapa Resolutiva<br \/>\n\u2022 Etapa de Recursiva<\/li>\n<li>Las medidas o sanciones disciplinarias<br \/>\n\u2022 La censura<br \/>\n\u2022 La multa<br \/>\n\u2022 La suspensi\u00f3n<br \/>\n\u2022 La destituci\u00f3n<br \/>\n\u2022 Autoridad llamada a instruir sumario administrativo<br \/>\n\u2022 Caracter\u00edsticas del sumario administrativo<br \/>\n\u2013 Inicio de sumario administrativo<br \/>\n\u2013 Designaci\u00f3n de fiscal ad hoc<br \/>\n\u2013 Foliaci\u00f3n del sumario<br \/>\n\u2013 Notificaciones dentro del sumario<br \/>\n\u2013 Recusaci\u00f3n o implicancia del fiscal o del actuario<br \/>\n\u2013 Facultades del fiscal<br \/>\n\u2013 Plazo de investigaci\u00f3n<br \/>\n\u2013 Suspensi\u00f3n de funciones<br \/>\n\u2013 T\u00e9rmino de la etapa de investigaci\u00f3n<br \/>\n\u2013 Sobreseimiento<br \/>\n\u2013 Formulaci\u00f3n de cargos<br \/>\n\u2013 Notificaci\u00f3n de cargos<br \/>\n\u2013 Solicitud de rendici\u00f3n de prueba<br \/>\n\u2013 Dictamen del fiscal<br \/>\n\u2013 Remisi\u00f3n de antecedentes a justicia ordinaria<br \/>\n\u2013 Impugnaci\u00f3n de la resoluci\u00f3n<br \/>\n\u2013 Vicios de procedimiento<br \/>\n\u2022 Tramitaci\u00f3n de los procedimientos disciplinarios. Modelo esquem\u00e1tico<br \/>\n\u2022 Breve descripci\u00f3n de las caracter\u00edsticas de los procedimientos disciplinarios<br \/>\n\u2022 Bolet\u00edn No 17927-06<br \/>\n\u2022 Formularios para la tramitaci\u00f3n de procedimientos disciplinarios<br \/>\n1. Instruye investigaci\u00f3n sumaria o sumario administrativo<br \/>\n2. Formulario de aceptaci\u00f3n del cargo<br \/>\n3. Citaci\u00f3n a declarar<br \/>\n4. Acta de Declaraci\u00f3n<br \/>\n5. Acta de notificaci\u00f3n personal<br \/>\n6. Formulaci\u00f3n de cargos<br \/>\n7. Dictamen fiscal<br \/>\n8. Acoge recusaci\u00f3n<br \/>\n9. Acta de careo<br \/>\n10. Destinaci\u00f3n transitoria del inculpado<br \/>\n11. Suspensi\u00f3n del inculpado<br \/>\n12. Cierre investigaci\u00f3n<br \/>\n13. Copia expediente<br \/>\n14. Modelo tipo certificaci\u00f3n actuaciones<\/li>\n<\/ol>\n","protected":false},"excerpt":{"rendered":"<p>Buscas un libro Jur\u00eddico.? Lo puedes encontrar en nuestra tienda virtual.<br \/>\nContamos con prestigiosos autores y muchas alternativas en sus diferentes materias al igual que grandes descuentos.! Vis\u00edtanos en <a class=\"VBLqHsHvuoZghLmlWyQapBMyykOxWXk \" tabindex=\"0\" href=\"https:\/\/lnkd.in\/eiAG7jdZ\" target=\"_blank\" rel=\"noopener\" data-test-app-aware-link=\"\">https:\/\/lnkd.in\/eiAG7jdZ<\/a><br \/>\nEscr\u00edbenos al +56930565235 \/ <a class=\"VBLqHsHvuoZghLmlWyQapBMyykOxWXk \" tabindex=\"0\" href=\"mailto:ventaslegallexglobal@gmail.com\" target=\"_self\" data-test-app-aware-link=\"\">ventaslegallexglobal@gmail.com<\/a><br \/>\nHacemos env\u00edos a todo Chile \u2013 Starken o Correos Chile \/ Te esperamos.<\/p>\n","protected":false},"featured_media":5175,"comment_status":"open","ping_status":"closed","template":"","meta":{"inline_featured_image":false,"_joinchat":[]},"product_brand":[],"product_cat":[45,27,26],"product_tag":[],"class_list":{"0":"post-5174","1":"product","2":"type-product","3":"status-publish","4":"has-post-thumbnail","6":"product_cat-administrativo","7":"product_cat-civil","8":"product_cat-derecho","10":"first","11":"instock","12":"shipping-taxable","13":"purchasable","14":"product-type-simple"},"_links":{"self":[{"href":"https:\/\/bibliotecajuridicavirtual.cl\/index.php\/wp-json\/wp\/v2\/product\/5174","targetHints":{"allow":["GET"]}}],"collection":[{"href":"https:\/\/bibliotecajuridicavirtual.cl\/index.php\/wp-json\/wp\/v2\/product"}],"about":[{"href":"https:\/\/bibliotecajuridicavirtual.cl\/index.php\/wp-json\/wp\/v2\/types\/product"}],"replies":[{"embeddable":true,"href":"https:\/\/bibliotecajuridicavirtual.cl\/index.php\/wp-json\/wp\/v2\/comments?post=5174"}],"wp:featuredmedia":[{"embeddable":true,"href":"https:\/\/bibliotecajuridicavirtual.cl\/index.php\/wp-json\/wp\/v2\/media\/5175"}],"wp:attachment":[{"href":"https:\/\/bibliotecajuridicavirtual.cl\/index.php\/wp-json\/wp\/v2\/media?parent=5174"}],"wp:term":[{"taxonomy":"product_brand","embeddable":true,"href":"https:\/\/bibliotecajuridicavirtual.cl\/index.php\/wp-json\/wp\/v2\/product_brand?post=5174"},{"taxonomy":"product_cat","embeddable":true,"href":"https:\/\/bibliotecajuridicavirtual.cl\/index.php\/wp-json\/wp\/v2\/product_cat?post=5174"},{"taxonomy":"product_tag","embeddable":true,"href":"https:\/\/bibliotecajuridicavirtual.cl\/index.php\/wp-json\/wp\/v2\/product_tag?post=5174"}],"curies":[{"name":"wp","href":"https:\/\/api.w.org\/{rel}","templated":true}]}}