{"id":5200,"date":"2026-03-08T13:00:59","date_gmt":"2026-03-08T16:00:59","guid":{"rendered":"https:\/\/bibliotecajuridicavirtual.cl\/?post_type=product&#038;p=5200"},"modified":"2026-03-08T13:00:59","modified_gmt":"2026-03-08T16:00:59","slug":"compendio-tributario-y-laboral-at-2026-version-papel-digital-dr-german-pinto-perry-ingrid-araya-mora","status":"publish","type":"product","link":"https:\/\/bibliotecajuridicavirtual.cl\/index.php\/product\/compendio-tributario-y-laboral-at-2026-version-papel-digital-dr-german-pinto-perry-ingrid-araya-mora\/","title":{"rendered":"Compendio Tributario y Laboral AT 2026  Versi\u00f3n Papel + Digital * Dr. Germ\u00e1n Pinto Perry \u2013 Ingrid Araya Mora *"},"content":{"rendered":"<p>Este libro contiene una recopilaci\u00f3n de las principales leyes tributarias y Laborales necesarias para estudio de la especialidad, adem\u00e1s de un importante apoyo para todos aquellos profesionales que se enfrentar\u00e1n al exigente proceso de operaci\u00f3n renta 2026. El Compendio Tributario y Laboral AT2026 es una selecci\u00f3n especialmente pensada para las PYMES ya que adem\u00e1s contener leyes tiene un set de ejercicios afines especialmente preparada por los autores.<\/p>\n<p>INCLUYE ANEXO CON EJERCICIOS TRIBUTARIOS Y LABORALES PREPARADOS POR LOS AUTORES DEL LIBRO<\/p>\n<p>. EJERCICIOS TRIBUTARIOS<br \/>\n1.- Ejercicio contribuyente 14D3<\/p>\n<p>Este ejercicio ilustra la secuencia completa de un contribuyente 14D3 (B.I.\/RRE\/Declaraci\u00f3n due\u00f1os) evaluando la tributaci\u00f3n de conceptos que deben ser considerados como ingrosos o egresos, as\u00ed tambi\u00e9n como gastos rechazados. Tambi\u00e9n ilustra la aplicaci\u00f3n del cr\u00e9dito de IRPC generado por dividendos de empresas 14 A o 14 D3<\/p>\n<p>2.- Ejercicio contribuyente 14D3<\/p>\n<p>Este ejercicio ilustra la situaci\u00f3n de un contribuyente 14D3 se\u00f1alando los conceptos b\u00e1sicos aplicables<\/p>\n<p>3.- EJERCICIO CONTRIBUYENTE 14 A<br \/>\nEste ejercicio ilustra la situaci\u00f3n de un contribuyente 14 A, para ilustrar la aplicaci\u00f3n del cr\u00e9dito del IRPC cuando es percibido por este tipo de contribuyentes<\/p>\n<p>EJERCICIOS LABORALES<br \/>\n1. Remuneraciones<br \/>\n2. Horas Extraordinarias,<br \/>\n3. Semana Corrida,<br \/>\n4. Gratificaciones<br \/>\n\u2013\u00a0 30% de las utilidades (Art. 47 \u2013 C\u00f3digo del Trabajo)<br \/>\n\u2013 25% de las remuneraciones con tope de 4,75 IMM (Art. 50 \u2013 C\u00f3digo del Trabajo)<br \/>\n5. Descuentos<br \/>\n6. Deudas Laborales. Reajustabilidad e intereses<br \/>\n7. Calculo Indemnizaciones<\/p>\n<p>Leyes Principales:<\/p>\n<p>\u2013 D.L. N\u00b0 830 C\u00f3digo Tributario<br \/>\n\u2013 D.L. N\u00b0 824 Sobre impuesto a la Renta<br \/>\n\u2013 D.L. N\u00b0 825 Sobre Impuesto a las ventas y servicios<br \/>\n-D.F.L N\u00b0 1 C\u00f3digo del Trabajo<\/p>\n<p>Otras Normas Complementarias o Extractadas:<\/p>\n<p>\u2013 DICTAMEN 1682\/18 Reliquidaci\u00f3n de las Gratificaciones<br \/>\n\u2013 DICTAMEN N\u00b0 877\/6 Libro de Remuneraciones Electr\u00f3nico<br \/>\n\u2013 LEY N\u00b0 21.751, IMM, La AF. y SUF<br \/>\n\u2013 D.S. N\u00b0 1.156 \u2013 Determina, tramos ingresos mensuales<br \/>\n\u2013 D.L.N\u00b0 3500 Establece sistema de pensiones<br \/>\n\u2013 Ley N\u00b0 21.735 Crea Sistema de Pensiones<br \/>\n\u2013 Ley N\u00b0 20.338 Crea Subsidio Empleo<br \/>\n\u2013 Ley N\u00b0 20.595 Ingreso Familiar \u00e9tico<\/p>\n<p>&nbsp;<\/p>\n<p>Los Autores<\/p>\n<p>Dr. Germ\u00e1n Pinto Perry: Doctor en Ciencias de la Administraci\u00f3n, Universidad de Santiago de Chile, Mag\u00edster en Planificaci\u00f3n y Gesti\u00f3n Tributaria. Postitulado en Legislaci\u00f3n Tributaria. Contador P\u00fablico y Auditor, Universidad de Santiago de Chile. Licenciado en Contabilidad y Auditor\u00eda.<\/p>\n<p>Ingrid Araya Mora: Consultora y autora en Derecho Laboral chileno con m\u00faltiples publicaciones en Thomson Reuters, especializada en compliance y soluciones pr\u00e1cticas para el sector empresarial.<\/p>\n","protected":false},"excerpt":{"rendered":"<p>865 P\u00e1ginas * edici\u00f3n actualizada a\u00f1o 2026<\/p>\n<p>Buscas un libro Jur\u00eddico.? Lo puedes encontrar en nuestra tienda virtual.<br \/>\nContamos con prestigiosos autores y muchas alternativas en sus diferentes materias al igual que grandes descuentos.! Vis\u00edtanos en <a class=\"VBLqHsHvuoZghLmlWyQapBMyykOxWXk \" tabindex=\"0\" href=\"https:\/\/lnkd.in\/eiAG7jdZ\" target=\"_blank\" rel=\"noopener\" data-test-app-aware-link=\"\">https:\/\/lnkd.in\/eiAG7jdZ<\/a><br \/>\nEscr\u00edbenos al +56930565235 \/ <a class=\"VBLqHsHvuoZghLmlWyQapBMyykOxWXk \" tabindex=\"0\" href=\"mailto:ventaslegallexglobal@gmail.com\" target=\"_self\" data-test-app-aware-link=\"\">ventaslegallexglobal@gmail.com<\/a><br \/>\nHacemos env\u00edos a todo Chile \u2013 Starken o Correos Chile \/ Te esperamos.<\/p>\n","protected":false},"featured_media":5201,"comment_status":"open","ping_status":"closed","template":"","meta":{"inline_featured_image":false,"_joinchat":[]},"product_brand":[],"product_cat":[26,41,28],"product_tag":[],"class_list":{"0":"post-5200","1":"product","2":"type-product","3":"status-publish","4":"has-post-thumbnail","6":"product_cat-derecho","7":"product_cat-laboral","8":"product_cat-tributario","10":"first","11":"instock","12":"shipping-taxable","13":"purchasable","14":"product-type-simple"},"_links":{"self":[{"href":"https:\/\/bibliotecajuridicavirtual.cl\/index.php\/wp-json\/wp\/v2\/product\/5200","targetHints":{"allow":["GET"]}}],"collection":[{"href":"https:\/\/bibliotecajuridicavirtual.cl\/index.php\/wp-json\/wp\/v2\/product"}],"about":[{"href":"https:\/\/bibliotecajuridicavirtual.cl\/index.php\/wp-json\/wp\/v2\/types\/product"}],"replies":[{"embeddable":true,"href":"https:\/\/bibliotecajuridicavirtual.cl\/index.php\/wp-json\/wp\/v2\/comments?post=5200"}],"wp:featuredmedia":[{"embeddable":true,"href":"https:\/\/bibliotecajuridicavirtual.cl\/index.php\/wp-json\/wp\/v2\/media\/5201"}],"wp:attachment":[{"href":"https:\/\/bibliotecajuridicavirtual.cl\/index.php\/wp-json\/wp\/v2\/media?parent=5200"}],"wp:term":[{"taxonomy":"product_brand","embeddable":true,"href":"https:\/\/bibliotecajuridicavirtual.cl\/index.php\/wp-json\/wp\/v2\/product_brand?post=5200"},{"taxonomy":"product_cat","embeddable":true,"href":"https:\/\/bibliotecajuridicavirtual.cl\/index.php\/wp-json\/wp\/v2\/product_cat?post=5200"},{"taxonomy":"product_tag","embeddable":true,"href":"https:\/\/bibliotecajuridicavirtual.cl\/index.php\/wp-json\/wp\/v2\/product_tag?post=5200"}],"curies":[{"name":"wp","href":"https:\/\/api.w.org\/{rel}","templated":true}]}}