{"id":5267,"date":"2026-03-15T21:28:02","date_gmt":"2026-03-16T00:28:02","guid":{"rendered":"https:\/\/bibliotecajuridicavirtual.cl\/?post_type=product&#038;p=5267"},"modified":"2026-03-18T00:26:52","modified_gmt":"2026-03-18T03:26:52","slug":"el-deber-de-motivacion-en-el-contexto-del-error-judicial-ramon-beltran-calfurrapa-1-edicion-ano-2026-444-pag","status":"publish","type":"product","link":"https:\/\/bibliotecajuridicavirtual.cl\/index.php\/product\/el-deber-de-motivacion-en-el-contexto-del-error-judicial-ramon-beltran-calfurrapa-1-edicion-ano-2026-444-pag\/","title":{"rendered":"El Deber de Motivaci\u00f3n en el Contexto del Error Judicial * Ram\u00f3n Beltr\u00e1n Calfurrapa &#8211; 1\u00b0 edici\u00f3n a\u00f1o 2026 * 444 P\u00e1g."},"content":{"rendered":"<h2>Descripci\u00f3n<\/h2>\n<p>La motivaci\u00f3n de las resoluciones judiciales constituye una garant\u00eda esencial del debido proceso y un pilar de la legitimidad del sistema judicial, asegurando que los ciudadanos sean juzgados sobre la base de razones y no de meras suposiciones. Sin embargo, no todas las declaraciones alcanzan este est\u00e1ndar. Deficiencias en la motivaci\u00f3n f\u00e1ctica o normativa pueden socavar su razonabilidad y abrir paso a un posible error judicial, sobre todo en el \u00e1mbito punitivo, donde este d\u00e9ficit adquiere su forma m\u00e1s dram\u00e1tica la p\u00e9rdida de la libertad, e incluso, en ciertos casos, de la vida de quienes son sometidos a enjuiciamiento.<\/p>\n<p>Conscientes de este desaf\u00edo, la presente obra re\u00fane a destacados acad\u00e9micos nacionales e internacionales, quienes, desde una mirada cr\u00edtica y comparada, examinan la estructura de la motivaci\u00f3n judicial, sus patolog\u00edas m\u00e1s frecuentes y las tensiones que se generan en el contexto del error judicial. Su objetivo consolida la motivaci\u00f3n judicial como una aut\u00e9ntica garant\u00eda de justicia epist\u00e9mica.<\/p>\n<p>Una obra rigurosa y necesaria, imprescindible para juristas, acad\u00e9micos y profesionales del Derecho que buscan repensar el deber de motivaci\u00f3n en la prevenci\u00f3n de los yerros adjudicativos.<\/p>\n<p>Contenido:<\/p>\n<p>Primera Parte<\/p>\n<p>El deber de Motivaci\u00f3n desde una perspectiva comparada<\/p>\n<p>Segunda Parte<\/p>\n<p>Los vicios de la motivaci\u00f3n como causa del error judicial<\/p>\n<p>&nbsp;<\/p>\n","protected":false},"excerpt":{"rendered":"<p>Buscas un libro Jur\u00eddico.? Lo puedes encontrar en nuestra tienda virtual.<br \/>\nContamos con prestigiosos autores y muchas alternativas en sus diferentes materias al igual que grandes descuentos.! Vis\u00edtanos en <a class=\"aAIDarVlJjjXEMUykBwFgJhXtzETCscLwRim \" tabindex=\"0\" href=\"https:\/\/lnkd.in\/eiAG7jdZ\" target=\"_blank\" rel=\"noopener\" data-test-app-aware-link=\"\">https:\/\/lnkd.in\/eiAG7jdZ<\/a><br \/>\nEscr\u00edbenos al +56930565235 \/ <a class=\"aAIDarVlJjjXEMUykBwFgJhXtzETCscLwRim \" tabindex=\"0\" href=\"mailto:ventaslegallexglobal@gmail.com\" target=\"_self\" data-test-app-aware-link=\"\">ventaslegallexglobal@gmail.com<\/a><br \/>\nHacemos env\u00edos a todo Chile \u2013 Starken o Correos Chile \/ Te esperamos.<\/p>\n","protected":false},"featured_media":5295,"comment_status":"open","ping_status":"closed","template":"","meta":{"inline_featured_image":false,"_joinchat":[]},"product_brand":[],"product_cat":[27,26],"product_tag":[],"class_list":{"0":"post-5267","1":"product","2":"type-product","3":"status-publish","4":"has-post-thumbnail","6":"product_cat-civil","7":"product_cat-derecho","9":"first","10":"instock","11":"shipping-taxable","12":"purchasable","13":"product-type-simple"},"_links":{"self":[{"href":"https:\/\/bibliotecajuridicavirtual.cl\/index.php\/wp-json\/wp\/v2\/product\/5267","targetHints":{"allow":["GET"]}}],"collection":[{"href":"https:\/\/bibliotecajuridicavirtual.cl\/index.php\/wp-json\/wp\/v2\/product"}],"about":[{"href":"https:\/\/bibliotecajuridicavirtual.cl\/index.php\/wp-json\/wp\/v2\/types\/product"}],"replies":[{"embeddable":true,"href":"https:\/\/bibliotecajuridicavirtual.cl\/index.php\/wp-json\/wp\/v2\/comments?post=5267"}],"wp:featuredmedia":[{"embeddable":true,"href":"https:\/\/bibliotecajuridicavirtual.cl\/index.php\/wp-json\/wp\/v2\/media\/5295"}],"wp:attachment":[{"href":"https:\/\/bibliotecajuridicavirtual.cl\/index.php\/wp-json\/wp\/v2\/media?parent=5267"}],"wp:term":[{"taxonomy":"product_brand","embeddable":true,"href":"https:\/\/bibliotecajuridicavirtual.cl\/index.php\/wp-json\/wp\/v2\/product_brand?post=5267"},{"taxonomy":"product_cat","embeddable":true,"href":"https:\/\/bibliotecajuridicavirtual.cl\/index.php\/wp-json\/wp\/v2\/product_cat?post=5267"},{"taxonomy":"product_tag","embeddable":true,"href":"https:\/\/bibliotecajuridicavirtual.cl\/index.php\/wp-json\/wp\/v2\/product_tag?post=5267"}],"curies":[{"name":"wp","href":"https:\/\/api.w.org\/{rel}","templated":true}]}}