{"id":5272,"date":"2026-03-15T23:32:00","date_gmt":"2026-03-16T02:32:00","guid":{"rendered":"https:\/\/bibliotecajuridicavirtual.cl\/?post_type=product&#038;p=5272"},"modified":"2026-03-18T00:26:14","modified_gmt":"2026-03-18T03:26:14","slug":"procedimientos-declarativos-civiles-luis-andres-marambio-herrera-1-edicion-ano-2026-256-pag","status":"publish","type":"product","link":"https:\/\/bibliotecajuridicavirtual.cl\/index.php\/product\/procedimientos-declarativos-civiles-luis-andres-marambio-herrera-1-edicion-ano-2026-256-pag\/","title":{"rendered":"Procedimientos Declarativos Civiles * Luis Andr\u00e9s Marambio Herrera &#8211; 1\u00b0 edici\u00f3n a\u00f1o 2026 * 256 P\u00e1g."},"content":{"rendered":"<h2>Descripci\u00f3n<\/h2>\n<p>Este libro ofrece una herramienta clara para el estudio del Derecho Procesal, en dos \u00e1mbitos, el juicio ordinario y juicios especiales, respondiendo esta obra con una aplicaci\u00f3n pr\u00e1ctica, con una perspectiva cr\u00edtica conforme a la normativa y jurisprudencia vigentes.<\/p>\n<p>El juicio ordinario ha sido abordado en detalle, partiendo por las medidas prejudiciales, pasando por todas las etapas del juicio, hasta llegar a la sentencia definitiva, incluyendo los plazos procesales, y las estrategias que permiten una defensa eficaz de los derechos en disputa.<\/p>\n<p>Por otra parte, los juicios especiales que por su naturaleza, objeto o sujetos procesales involucrados requieren una atenci\u00f3n especial, en este texto se analizan juicio de arrendamiento , juicio sumario, denuncia de obra nueva, denuncia de otra ruinosa, entre otros, donde se han identificado todos sus elementos y problem\u00e1ticas pr\u00e1cticas y recurrentes.<\/p>\n<p>Este libro est\u00e1 dirigido principalmente a estudiantes de Derecho, abogados y acad\u00e9micos que quieran actualizar sus conocimientos, esperando que les sea de gran utilidad.<\/p>\n","protected":false},"excerpt":{"rendered":"<p>Buscas un libro Jur\u00eddico.? Lo puedes encontrar en nuestra tienda virtual.<br \/>\nContamos con prestigiosos autores y muchas alternativas en sus diferentes materias al igual que grandes descuentos.! Vis\u00edtanos en <a class=\"aAIDarVlJjjXEMUykBwFgJhXtzETCscLwRim \" tabindex=\"0\" href=\"https:\/\/lnkd.in\/eiAG7jdZ\" target=\"_blank\" rel=\"noopener\" data-test-app-aware-link=\"\">https:\/\/lnkd.in\/eiAG7jdZ<\/a><br \/>\nEscr\u00edbenos al +56930565235 \/ <a class=\"aAIDarVlJjjXEMUykBwFgJhXtzETCscLwRim \" tabindex=\"0\" href=\"mailto:ventaslegallexglobal@gmail.com\" target=\"_self\" data-test-app-aware-link=\"\">ventaslegallexglobal@gmail.com<\/a><br \/>\nHacemos env\u00edos a todo Chile \u2013 Starken o Correos Chile \/ Te esperamos.<\/p>\n","protected":false},"featured_media":5293,"comment_status":"open","ping_status":"closed","template":"","meta":{"inline_featured_image":false,"_joinchat":[]},"product_brand":[],"product_cat":[27,26],"product_tag":[],"class_list":{"0":"post-5272","1":"product","2":"type-product","3":"status-publish","4":"has-post-thumbnail","6":"product_cat-civil","7":"product_cat-derecho","9":"first","10":"instock","11":"shipping-taxable","12":"purchasable","13":"product-type-simple"},"_links":{"self":[{"href":"https:\/\/bibliotecajuridicavirtual.cl\/index.php\/wp-json\/wp\/v2\/product\/5272","targetHints":{"allow":["GET"]}}],"collection":[{"href":"https:\/\/bibliotecajuridicavirtual.cl\/index.php\/wp-json\/wp\/v2\/product"}],"about":[{"href":"https:\/\/bibliotecajuridicavirtual.cl\/index.php\/wp-json\/wp\/v2\/types\/product"}],"replies":[{"embeddable":true,"href":"https:\/\/bibliotecajuridicavirtual.cl\/index.php\/wp-json\/wp\/v2\/comments?post=5272"}],"wp:featuredmedia":[{"embeddable":true,"href":"https:\/\/bibliotecajuridicavirtual.cl\/index.php\/wp-json\/wp\/v2\/media\/5293"}],"wp:attachment":[{"href":"https:\/\/bibliotecajuridicavirtual.cl\/index.php\/wp-json\/wp\/v2\/media?parent=5272"}],"wp:term":[{"taxonomy":"product_brand","embeddable":true,"href":"https:\/\/bibliotecajuridicavirtual.cl\/index.php\/wp-json\/wp\/v2\/product_brand?post=5272"},{"taxonomy":"product_cat","embeddable":true,"href":"https:\/\/bibliotecajuridicavirtual.cl\/index.php\/wp-json\/wp\/v2\/product_cat?post=5272"},{"taxonomy":"product_tag","embeddable":true,"href":"https:\/\/bibliotecajuridicavirtual.cl\/index.php\/wp-json\/wp\/v2\/product_tag?post=5272"}],"curies":[{"name":"wp","href":"https:\/\/api.w.org\/{rel}","templated":true}]}}