{"id":5310,"date":"2026-03-22T21:54:35","date_gmt":"2026-03-23T00:54:35","guid":{"rendered":"https:\/\/bibliotecajuridicavirtual.cl\/?post_type=product&#038;p=5310"},"modified":"2026-03-22T21:57:03","modified_gmt":"2026-03-23T00:57:03","slug":"la-expropiacion-manual-de-estudio-alejandro-carcamo-righetti-marzo-ano-2026-173-pag","status":"publish","type":"product","link":"https:\/\/bibliotecajuridicavirtual.cl\/index.php\/product\/la-expropiacion-manual-de-estudio-alejandro-carcamo-righetti-marzo-ano-2026-173-pag\/","title":{"rendered":"La Expropiaci\u00f3n * Manual de Estudio &#8211; Alejandro C\u00e1rcamo Righetti * Marzo a\u00f1o 2026 &#8211; 173 P\u00e1g."},"content":{"rendered":"<p style=\"font-weight: 400;\">La Expropiaci\u00f3n aborda los principales t\u00f3picos normativos, jurisprudenciales, dogm\u00e1ticos y pr\u00e1cticos que involucra el estudio y an\u00e1lisis de la expropiaci\u00f3n en el medio jur\u00eddico nacional. El texto se encuentra estructurado o dividido pedag\u00f3gicamente en cinco breves cap\u00edtulos o ac\u00e1pites.<\/p>\n<p>En el primero de ellos se estudian algunos aspectos generales de la expropiaci\u00f3n, incluyendo su concepto y finalidad, sus principales fundamentos constitucionales, legales y doctrinarios, analizando la instituci\u00f3n tanto como potestad administrativa, como procedimiento administrativo, como acto administrativo, y como t\u00edtulo y modo de adquirir el dominio.<\/p>\n<p>El segundo cap\u00edtulo est\u00e1 destinado a la revisi\u00f3n y estudio de las etapas del procedimiento expropiatorio, incluyendo dentro de estas, los actos preparatorios de la expropiaci\u00f3n, la conformaci\u00f3n de la comisi\u00f3n de peritos y la determinaci\u00f3n del monto de indemnizaci\u00f3n provisional, la dictaci\u00f3n del acto administrativo expropiatorio y su comunicaci\u00f3n, el pago de la indemnizaci\u00f3n, la toma de posesi\u00f3n material del bien expropiado y la liquidaci\u00f3n de la indemnizaci\u00f3n.<\/p>\n<p>En el tercer ac\u00e1pite se revisan y sistematizan sucintamente los efectos de la expropiaci\u00f3n, tanto respecto del expropiado, del expropiante, como de los terceros. En el cuarto cap\u00edtulo se estudian y analizan las distintas acciones jurisdiccionales expropiatorias, como la acci\u00f3n de reclamaci\u00f3n por ilegalidad del acto expropiatorio, la acci\u00f3n de ampliaci\u00f3n material de la expropiaci\u00f3n y la acci\u00f3n de reclamaci\u00f3n por el monto de indemnizaci\u00f3n provisional, abordando su regulaci\u00f3n constitucional y legal.<\/p>\n<p>Finalmente, en el quinto ac\u00e1pite se revisan brevemente algunos aspectos regulatorios adicionales vinculados con la expropiaci\u00f3n, como lo son la noci\u00f3n de indemnizaci\u00f3n definitiva, el desistimiento y cesaci\u00f3n de los efectos de la expropiaci\u00f3n, la reversi\u00f3n o retrocesi\u00f3n expropiatoria, entre otros.<\/p>\n<p><b><strong><u>PRIMERA PARTE<br \/>\n<\/u><\/strong><\/b><b><strong>ASPECTOS GENERALES DE LA EXPROPIACI\u00d3N<br \/>\n<\/strong><\/b><\/p>\n<ol>\n<li style=\"font-weight: 400;\">La adquisici\u00f3n de bienes por parte del Estado. Aspectos generales<\/li>\n<li style=\"font-weight: 400;\">Concepto y notas esenciales de la expropiaci\u00f3n3. Fundamentos constitucionales y legales de la expropiaci\u00f3n. Fuentes normativas<br \/>\n3.1. Constituci\u00f3n Pol\u00edtica de la Rep\u00fablica<br \/>\n3.2. Decreto Ley N\u00ba 2.186, Aprueba ley org\u00e1nica de procedimiento de expropiaciones<br \/>\n3.3. Ley general o especial que autoriza la expropiaci\u00f3n<br \/>\n3.4. Acto administrativo expropiatorio<\/li>\n<li style=\"font-weight: 400;\">La expropiaci\u00f3n como potestad p\u00fablica, acto, procedimiento y t\u00edtulo y modo de adquirir el dominio<br \/>\n4.1. La expropiaci\u00f3n como potestad p\u00fablica. Caracter\u00edsticas<br \/>\n4.2. La expropiaci\u00f3n como acto administrativo. Caracter\u00edsticas<br \/>\n4.3. La expropiaci\u00f3n como procedimiento administrativo. Caracter\u00edsticas<br \/>\n4.4. La expropiaci\u00f3n como t\u00edtulo y modo de adquirir el dominio. Caracter\u00edsticas<\/li>\n<\/ol>\n<p style=\"font-weight: 400;\"><b><strong><u>SEGUNDA PARTE<\/u><\/strong><\/b><b><strong><br \/>\nETAPAS DEL PROCEDIMIENTO EXPROPIATORIO<\/strong><\/b><\/p>\n<p>1. Actos preparatorios de la expropiaci\u00f3n<br \/>\n2. La conformaci\u00f3n de la comisi\u00f3n de peritos y de la determinaci\u00f3n monto de indemnizaci\u00f3n provisional<br \/>\n3. La producci\u00f3n y dictaci\u00f3n del acto administrativo expropiatorio<br \/>\n4. La comunicaci\u00f3n del acto administrativo expropiatorio<br \/>\n5. Pago de la indemnizaci\u00f3n<br \/>\n6. Toma de posesi\u00f3n material e inscripci\u00f3n del acto expropiatorio<br \/>\n7. Liquidaci\u00f3n de la indemnizaci\u00f3n<\/p>\n<p><b><strong><u>TERCERA PARTE<br \/>\n<\/u><\/strong><\/b><b><strong>LOS EFECTOS DE LA EXPROPIACI\u00d3N<\/strong><\/b><\/p>\n<p>1. Principales efectos respecto del expropiado<br \/>\n2. Principales efectos respecto del Estado<br \/>\n3. Principales efectos respecto de terceros<\/p>\n<p><b><strong><u>CUARTA PARTE<br \/>\n<\/u><\/strong><\/b><b><strong>ACCIONES JURISDICCIONALES EXPROPIATORIAS<\/strong><\/b><\/p>\n<ol>\n<li style=\"font-weight: 400;\">Aspectos generales<br \/>\n2. Acci\u00f3n de reclamaci\u00f3n por ilegalidad del acto expropiatorio<br \/>\n3. Acci\u00f3n de ampliaci\u00f3n material de la expropiaci\u00f3n<br \/>\n4. Acci\u00f3n de reclamaci\u00f3n por el monto de indemnizaci\u00f3n provisional fijado<b><strong><u>QUINTA PARTE<br \/>\n<\/u><\/strong><\/b><b><strong>OTROS ASPECTOS RELEVANTES DE LA REGULACI\u00d3N DE LA EXPROPIACI\u00d3N<\/strong><\/b><\/li>\n<li style=\"font-weight: 400;\">Indemnizaci\u00f3n definitiva<br \/>\n2. Desistimiento y cesaci\u00f3n de los efectos de la expropiaci\u00f3n<br \/>\n3. De la peque\u00f1a propiedad urbana y r\u00fastica, y de los talleres artesanales y peque\u00f1a empresa industrial, extractiva o comercial<br \/>\n4. Disposiciones generales en el Decreto Ley N\u00ba 2.186. En especial: noci\u00f3n de indemnizaci\u00f3n jurisprudencia judicial, tribunales competentes y c\u00f3mputo de plazos<br \/>\n5. La extinci\u00f3n del acto expropiatorio<br \/>\n6. La reversi\u00f3n o retrocesi\u00f3n expropiatoria<\/li>\n<\/ol>\n<p style=\"font-weight: 400;\">Bibliograf\u00eda<\/p>\n<p style=\"font-weight: 400;\"><b><strong>\u0391\u039d\u0395\u03a7\u039f<\/strong><\/b><br \/>\nDecreto Ley N\u00ba 2.186, Aprueba Ley Org\u00e1nica de Procedimiento de Expropiaciones<\/p>\n","protected":false},"excerpt":{"rendered":"<p>Buscas un libro Jur\u00eddico.? Lo puedes encontrar en nuestra tienda virtual.<br \/>\nContamos con prestigiosos autores y muchas alternativas en sus diferentes materias al igual que grandes descuentos.! Vis\u00edtanos en <a class=\"QPSBGRTTCToxrpUoVsOUnfwcbljCvWXALY \" tabindex=\"0\" href=\"https:\/\/lnkd.in\/eiAG7jdZ\" target=\"_blank\" rel=\"noopener\" data-test-app-aware-link=\"\">https:\/\/lnkd.in\/eiAG7jdZ<\/a><br \/>\nEscr\u00edbenos al +56930565235 \/ <a class=\"QPSBGRTTCToxrpUoVsOUnfwcbljCvWXALY \" tabindex=\"0\" href=\"mailto:ventaslegallexglobal@gmail.com\" target=\"_self\" data-test-app-aware-link=\"\">ventaslegallexglobal@gmail.com<\/a><br \/>\nHacemos env\u00edos a todo Chile \u2013 Starken o Correos Chile \/ Te esperamos.<\/p>\n","protected":false},"featured_media":5312,"comment_status":"open","ping_status":"closed","template":"","meta":{"inline_featured_image":false,"_joinchat":[]},"product_brand":[],"product_cat":[27,26],"product_tag":[],"class_list":{"0":"post-5310","1":"product","2":"type-product","3":"status-publish","4":"has-post-thumbnail","6":"product_cat-civil","7":"product_cat-derecho","9":"first","10":"instock","11":"shipping-taxable","12":"purchasable","13":"product-type-simple"},"_links":{"self":[{"href":"https:\/\/bibliotecajuridicavirtual.cl\/index.php\/wp-json\/wp\/v2\/product\/5310","targetHints":{"allow":["GET"]}}],"collection":[{"href":"https:\/\/bibliotecajuridicavirtual.cl\/index.php\/wp-json\/wp\/v2\/product"}],"about":[{"href":"https:\/\/bibliotecajuridicavirtual.cl\/index.php\/wp-json\/wp\/v2\/types\/product"}],"replies":[{"embeddable":true,"href":"https:\/\/bibliotecajuridicavirtual.cl\/index.php\/wp-json\/wp\/v2\/comments?post=5310"}],"wp:featuredmedia":[{"embeddable":true,"href":"https:\/\/bibliotecajuridicavirtual.cl\/index.php\/wp-json\/wp\/v2\/media\/5312"}],"wp:attachment":[{"href":"https:\/\/bibliotecajuridicavirtual.cl\/index.php\/wp-json\/wp\/v2\/media?parent=5310"}],"wp:term":[{"taxonomy":"product_brand","embeddable":true,"href":"https:\/\/bibliotecajuridicavirtual.cl\/index.php\/wp-json\/wp\/v2\/product_brand?post=5310"},{"taxonomy":"product_cat","embeddable":true,"href":"https:\/\/bibliotecajuridicavirtual.cl\/index.php\/wp-json\/wp\/v2\/product_cat?post=5310"},{"taxonomy":"product_tag","embeddable":true,"href":"https:\/\/bibliotecajuridicavirtual.cl\/index.php\/wp-json\/wp\/v2\/product_tag?post=5310"}],"curies":[{"name":"wp","href":"https:\/\/api.w.org\/{rel}","templated":true}]}}