{"id":5334,"date":"2026-03-26T18:05:53","date_gmt":"2026-03-26T21:05:53","guid":{"rendered":"https:\/\/bibliotecajuridicavirtual.cl\/?post_type=product&#038;p=5334"},"modified":"2026-03-26T18:05:53","modified_gmt":"2026-03-26T21:05:53","slug":"ley-sobre-proteccion-de-los-derechos-de-los-consumidores-5a-ed-actualizada-y-ampliada-anotada-concordada-indice-analitico-y-nota-preliminar","status":"publish","type":"product","link":"https:\/\/bibliotecajuridicavirtual.cl\/index.php\/product\/ley-sobre-proteccion-de-los-derechos-de-los-consumidores-5a-ed-actualizada-y-ampliada-anotada-concordada-indice-analitico-y-nota-preliminar\/","title":{"rendered":"Ley Sobre Protecci\u00f3n de los Derechos de los Consumidores *  5\u00aa ed. actualizada y ampliada. Anotada, Concordada, \u00edndice anal\u00edtico y Nota Preliminar"},"content":{"rendered":"<p>Ley sobre protecci\u00f3n de los derechos de los consumidores<\/p>\n<p>5\u00aa Edici\u00f3n actualizada y ampliada<\/p>\n<p>Edici\u00f3n anotada, concordada, \u00edndice anal\u00edtico y nota preliminar<\/p>\n<p>Con tablas y cuadros sin\u00f3pticos<\/p>\n<p>Texto a dos colores resaltando las \u00faltimas modificaciones<\/p>\n<p>Informe Corte Suprema sobre Proyecto &#8220;SERNAC TE PROTEGE&#8221;<br \/>\nTexto de la Ley N\u00ba 19.496 a dos colores resaltando los art\u00edculos modificados por la LEY PROCONSUMIDOR y las modificaciones posteriores. Ley N\u00ba 19.496 actualizada con las reformas de 2025 (Ley N\u00ba 21.755)<br \/>\nLey sobre responsabilidad por tarjetas de pago<br \/>\nLey sobre portabilidad financiera y su reglamento<br \/>\nLey que regula la competencia desleal<br \/>\nLey que fija normas especiales para las PYMEs<br \/>\nReglamento sobre Derecho de retracto en las ventas y servicios<br \/>\nReglamento sobre procedimientos voluntarios<br \/>\nReglamento sobre mediaci\u00f3n, conciliaci\u00f3n y arbitraje<br \/>\nReglamento sobre an\u00e1lisis de solvencia econ\u00f3mica<br \/>\nReglamento sobre informaci\u00f3n al consumidor de cr\u00e9ditos hipotecarios<\/p>\n","protected":false},"excerpt":{"rendered":"<p>Autor: Alfredo Ferrante * a\u00f1o 2026<\/p>\n<p>Buscas un libro Jur\u00eddico.? Lo puedes encontrar en nuestra tienda virtual.<br \/>\nContamos con prestigiosos autores y muchas alternativas en sus diferentes materias al igual que grandes descuentos.! Vis\u00edtanos en <a class=\"seVZkUMdlXHExvaoRUqmIRWAjXpYSHRBY \" tabindex=\"0\" href=\"https:\/\/lnkd.in\/eiAG7jdZ\" target=\"_blank\" rel=\"noopener\" data-test-app-aware-link=\"\">https:\/\/lnkd.in\/eiAG7jdZ<\/a><br \/>\nEscr\u00edbenos al +56930565235 \/ <a class=\"seVZkUMdlXHExvaoRUqmIRWAjXpYSHRBY \" tabindex=\"0\" href=\"mailto:ventaslegallexglobal@gmail.com\" target=\"_self\" data-test-app-aware-link=\"\">ventaslegallexglobal@gmail.com<\/a><br \/>\nHacemos env\u00edos a todo Chile \u2013 Starken o Correos Chile \/ Te esperamos.<\/p>\n","protected":false},"featured_media":5335,"comment_status":"open","ping_status":"closed","template":"","meta":{"inline_featured_image":false,"_joinchat":[]},"product_brand":[],"product_cat":[27,26],"product_tag":[],"class_list":{"0":"post-5334","1":"product","2":"type-product","3":"status-publish","4":"has-post-thumbnail","6":"product_cat-civil","7":"product_cat-derecho","9":"first","10":"instock","11":"shipping-taxable","12":"purchasable","13":"product-type-simple"},"_links":{"self":[{"href":"https:\/\/bibliotecajuridicavirtual.cl\/index.php\/wp-json\/wp\/v2\/product\/5334","targetHints":{"allow":["GET"]}}],"collection":[{"href":"https:\/\/bibliotecajuridicavirtual.cl\/index.php\/wp-json\/wp\/v2\/product"}],"about":[{"href":"https:\/\/bibliotecajuridicavirtual.cl\/index.php\/wp-json\/wp\/v2\/types\/product"}],"replies":[{"embeddable":true,"href":"https:\/\/bibliotecajuridicavirtual.cl\/index.php\/wp-json\/wp\/v2\/comments?post=5334"}],"wp:featuredmedia":[{"embeddable":true,"href":"https:\/\/bibliotecajuridicavirtual.cl\/index.php\/wp-json\/wp\/v2\/media\/5335"}],"wp:attachment":[{"href":"https:\/\/bibliotecajuridicavirtual.cl\/index.php\/wp-json\/wp\/v2\/media?parent=5334"}],"wp:term":[{"taxonomy":"product_brand","embeddable":true,"href":"https:\/\/bibliotecajuridicavirtual.cl\/index.php\/wp-json\/wp\/v2\/product_brand?post=5334"},{"taxonomy":"product_cat","embeddable":true,"href":"https:\/\/bibliotecajuridicavirtual.cl\/index.php\/wp-json\/wp\/v2\/product_cat?post=5334"},{"taxonomy":"product_tag","embeddable":true,"href":"https:\/\/bibliotecajuridicavirtual.cl\/index.php\/wp-json\/wp\/v2\/product_tag?post=5334"}],"curies":[{"name":"wp","href":"https:\/\/api.w.org\/{rel}","templated":true}]}}