{"id":5433,"date":"2026-04-15T13:46:39","date_gmt":"2026-04-15T17:46:39","guid":{"rendered":"https:\/\/bibliotecajuridicavirtual.cl\/?post_type=product&#038;p=5433"},"modified":"2026-04-15T13:47:51","modified_gmt":"2026-04-15T17:47:51","slug":"razonabilidad-y-proporcionalidad-en-el-derecho-estudios-y-comentarios-1-edicion-actualizada-ano-2026-384-paginas","status":"publish","type":"product","link":"https:\/\/bibliotecajuridicavirtual.cl\/index.php\/product\/razonabilidad-y-proporcionalidad-en-el-derecho-estudios-y-comentarios-1-edicion-actualizada-ano-2026-384-paginas\/","title":{"rendered":"Razonabilidad y Proporcionalidad en el Derecho. Estudios y comentarios * 1\u00b0 edici\u00f3n actualizada a\u00f1o 2026 * 384 P\u00e1ginas"},"content":{"rendered":"<p>\u00cdndice<br \/>\nPresentaci\u00f3n\u00a0\u00a0 \u00a0\u00a0\u00a0 \u00a015<br \/>\nEl proporcionalismo en la \u00e9tica y en el Derecho<br \/>\nALEJANDRO MIRANDA M.<br \/>\nINTRODUCCI\u00d3N\u00a0\u00a0 \u00a0\u00a0\u00a0 \u00a017<br \/>\nI.\u00a0\u00a0 \u00a0EL PROPORCIONALISMO EN LA \u00c9TICA\u00a0\u00a0 \u00a0\u00a0\u00a0 \u00a018<br \/>\n1.\u00a0\u00a0 \u00a0Origen y significado del proporcionalismo\u00a0\u00a0 \u00a0\u00a0\u00a0 \u00a018<br \/>\n2.\u00a0\u00a0 \u00a0Juicios de proporcionalidad sin proporcionalismo: la teor\u00eda escol\u00e1stica de la ley natural\u00a0\u00a0 \u00a0\u00a0\u00a0 \u00a022<br \/>\nII.\u00a0\u00a0 \u00a0EL PROPORCIONALISMO EN EL DERECHO\u00a0\u00a0 \u00a0\u00a0\u00a0 \u00a027<br \/>\n1.\u00a0\u00a0 \u00a0La proporcionalidad y los derechos absolutos en Robert Alexy\u00a0\u00a0 \u00a0\u00a0\u00a0 \u00a028<br \/>\n2.\u00a0\u00a0 \u00a0La proporcionalidad y los derechos absolutos en Aharon Barak\u00a0\u00a0 \u00a0\u00a0\u00a0 \u00a031<br \/>\nCONCLUSIONES\u00a0\u00a0 \u00a0\u00a0\u00a0 \u00a037<br \/>\nREFERENCIAS BIBLIOGR\u00c1FICAS\u00a0\u00a0 \u00a0\u00a0\u00a0 \u00a038<br \/>\nLa Fuente de la equidad en la Teor\u00eda Constitucional comparada con los Principios de Razonabilidad y Proporcionalidad<br \/>\nCARLOS HAKANSSON NIETO<br \/>\nI.\u00a0\u00a0 \u00a0LA ADMINISTRACI\u00d3N DE JUSTICIA NO SE REDUCE A LA ESTRICTA APLICACI\u00d3N DE LA LEY\u00a0\u00a0 \u00a0\u00a0\u00a0 \u00a041<br \/>\nII.\u00a0\u00a0 \u00a0LA EQUIDAD COMO FUENTE DEL CONSTITUCIONALISMO BRIT\u00c1NICO\u00a0\u00a0 \u00a0\u00a0\u00a0 \u00a044<br \/>\n1.\u00a0\u00a0 \u00a0La importancia de la equidad como fuente jur\u00eddica\u00a0\u00a0 \u00a0\u00a0\u00a0 \u00a045<br \/>\n2.\u00a0\u00a0 \u00a0La influencia de la equidad en el derecho brit\u00e1nico\u00a0\u00a0 \u00a0\u00a0\u00a0 \u00a047<br \/>\nIII.\u00a0\u00a0 \u00a0LAS PRUEBAS DE RAZONABILIDAD Y PROPORCIONALIDAD\u00a0\u00a0 \u00a0\u00a0\u00a0 \u00a048<br \/>\n1.\u00a0\u00a0 \u00a0La prueba de razonabilidad\u00a0\u00a0 \u00a0\u00a0\u00a0 \u00a050<br \/>\n2.\u00a0\u00a0 \u00a0La prueba de proporcionalidad\u00a0\u00a0 \u00a0\u00a0\u00a0 \u00a052<br \/>\nIV.\u00a0\u00a0 \u00a0LA CONSOLIDACI\u00d3N DE LAS PRUEBAS EN EL DERECHO CONSTITUCIONAL\u00a0\u00a0 \u00a0\u00a0\u00a0 \u00a054<br \/>\n1.\u00a0\u00a0 \u00a0El principio de proporcionalidad en el derecho internacional\u00a0\u00a0 \u00a0\u00a0\u00a0 \u00a056<br \/>\n2.\u00a0\u00a0 \u00a0Las aplicaciones contempor\u00e1neas de ambas pruebas\u00a0\u00a0 \u00a0\u00a0\u00a0 \u00a058<br \/>\n3.\u00a0\u00a0 \u00a0La proporcionalidad en el discurso legal\u00a0\u00a0 \u00a0\u00a0\u00a0 \u00a058<br \/>\nV.\u00a0\u00a0 \u00a0LA COMPARACI\u00d3N ENTRE LA FUENTE DE EQUIDAD<br \/>\nY LA PRUEBA DE PROPORCIONALIDAD\u00a0\u00a0 \u00a0\u00a0\u00a0 \u00a059<br \/>\n1.\u00a0\u00a0 \u00a0La fuente jur\u00eddica de la equidad\u00a0\u00a0 \u00a0\u00a0\u00a0 \u00a060<br \/>\n2.\u00a0\u00a0 \u00a0La prueba de proporcionalidad\u00a0\u00a0 \u00a0\u00a0\u00a0 \u00a060<br \/>\nVI.\u00a0\u00a0 \u00a0LA COMPARACI\u00d3N ENTRE LA EQUIDAD Y LA RAZONABILIDAD\u00a0\u00a0 \u00a0\u00a0\u00a0 \u00a061<br \/>\n1.\u00a0\u00a0 \u00a0La fuente jur\u00eddica de la equidad\u00a0\u00a0 \u00a0\u00a0\u00a0 \u00a061<br \/>\n2.\u00a0\u00a0 \u00a0La prueba de razonabilidad\u00a0\u00a0 \u00a0\u00a0\u00a0 \u00a062<br \/>\nVII.\u00a0\u00a0 \u00a0LOS DESAF\u00cdOS ACTUALES Y SINERGIAS ENTRE LA EQUIDAD, RAZONABILIDAD Y PROPORCIONALIDAD\u00a0\u00a0 \u00a0\u00a0\u00a0 \u00a063<br \/>\nREFERENCIAS BIBLIOGR\u00c1FICAS\u00a0\u00a0 \u00a0\u00a0\u00a0 \u00a065<br \/>\n\u00bfRazonar o justificar?<br \/>\nUna introducci\u00f3n cr\u00edtica para tomarse en serio el an\u00e1lisis<br \/>\nde la ponderaci\u00f3n jur\u00eddica<br \/>\n\u00c9DGAR HERN\u00c1N FUENTES-CONTRERAS<br \/>\nLUZ ELIYER C\u00c1RDENAS-CONTRERAS<br \/>\nINTRODUCCI\u00d3N\u00a0\u00a0 \u00a0\u00a0\u00a0 \u00a067<br \/>\nI.\u00a0\u00a0 \u00a0EL CONCEPTO DE LA PONDERACI\u00d3N COMO HERRAMIENTA\u00a0\u00a0 \u00a0\u00a0\u00a0 \u00a071<br \/>\nII.\u00a0\u00a0 \u00a0TIPOLOG\u00cdAS DE LA PONDERACI\u00d3N EN EL RAZONAMIENTO JUR\u00cdDICO\u00a0\u00a0 \u00a0\u00a0\u00a0 \u00a076<br \/>\nIII.\u00a0\u00a0 \u00a0LA FRAGILIDAD DEL MODELO PONDERATIVO: L\u00cdMITES Y DISTORSIONES\u00a0\u00a0 \u00a0\u00a0\u00a0 \u00a083<br \/>\nCONCLUSIONES\u00a0\u00a0 \u00a0\u00a0\u00a0 \u00a094<br \/>\nREFERENCIAS BIBLIOGR\u00c1FICAS\u00a0\u00a0 \u00a0\u00a0\u00a0 \u00a095<br \/>\nDerechos inviolables frente a la ponderaci\u00f3n<br \/>\nUna relaci\u00f3n incompatible entre la inviolabilidad<br \/>\ny la ponderaci\u00f3n de derechos<br \/>\nNATANAEL LANDAETA S\u00c1NCHEZ<br \/>\nINTRODUCCI\u00d3N\u00a0\u00a0 \u00a0\u00a0\u00a0 \u00a0103<br \/>\nI.\u00a0\u00a0 \u00a0LA ESTRUCTURA DE LAS NORMAS DE DERECHO FUNDAMENTAL EN EL DERECHO CONSTITUCIONAL CHILENO\u00a0\u00a0 \u00a0\u00a0\u00a0 \u00a0104<br \/>\nII.\u00a0\u00a0 \u00a0LA PONDERACI\u00d3N FRENTE A LA INVIOLABILIDAD DE LOS DERECHOS FUNDAMENTALES\u00a0\u00a0 \u00a0\u00a0\u00a0 \u00a0113<br \/>\nIII.\u00a0\u00a0 \u00a0LA PONDERACI\u00d3N DE DERECHOS FUNDAMENTALES FRENTE AL PRINCIPIO FAVOR PERSONA\u00a0\u00a0 \u00a0\u00a0\u00a0 \u00a0118<br \/>\nCONCLUSIONES\u00a0\u00a0 \u00a0\u00a0\u00a0 \u00a0121<br \/>\nREFERENCIAS BIBLIOGR\u00c1FICAS\u00a0\u00a0 \u00a0\u00a0\u00a0 \u00a0123<br \/>\nLa ponderaci\u00f3n alexiana, los derechos sociales y la libertad f\u00e1ctica<br \/>\n\u00bfun peligro para la libertad pol\u00edtica?<br \/>\nRODRIGO ANDR\u00c9S POYANCO BUGUE\u00d1O<br \/>\nINTRODUCCI\u00d3N\u00a0\u00a0 \u00a0\u00a0\u00a0 \u00a0125<br \/>\nI.\u00a0\u00a0 \u00a0LA PONDERACI\u00d3N ALEXIANA Y LOS DERECHOS SOCIALES\u00a0\u00a0 \u00a0\u00a0\u00a0 \u00a0126<br \/>\nII.\u00a0\u00a0 \u00a0LA IDEA DE LIBERTAD F\u00c1CTICA COMO CONCEPTO EXTRAJUR\u00cdDICO\u00a0\u00a0 \u00a0\u00a0\u00a0 \u00a0130<br \/>\nIII.\u00a0\u00a0 \u00a0LA PONDERACI\u00d3N ALEXIANA Y LA VARIANTE IDEOL\u00d3GICA: \u00bfSE PUEDE \u201cAFECTAR LA DEMOCRACIA\u201d?\u00a0\u00a0 \u00a0\u00a0\u00a0 \u00a0137<br \/>\nIV.\u00a0\u00a0 \u00a0LA PONDERACI\u00d3N ALEXIANA Y LA LIBERTAD \u00a0\u00a0 \u00a0\u00a0\u00a0 \u00a0146<br \/>\nEP\u00cdLOGO\u00a0\u00a0 \u00a0\u00a0\u00a0 \u00a0153<br \/>\nREFERENCIAS BIBLIOGR\u00c1FICAS\u00a0\u00a0 \u00a0\u00a0\u00a0 \u00a0154<br \/>\nConsideraciones Generales sobre la proporcionalidad<br \/>\nen el Derecho Penal<br \/>\nGONZALO GARC\u00cdA PALOMINOS<br \/>\nINTRODUCCI\u00d3N\u00a0\u00a0 \u00a0\u00a0\u00a0 \u00a0159<br \/>\nI.\u00a0\u00a0 \u00a0LA INTENSIDAD DEL DERECHO PENAL\u00a0\u00a0 \u00a0\u00a0\u00a0 \u00a0163<br \/>\n1.\u00a0\u00a0 \u00a0Contenido simb\u00f3lico del derecho penal y su intensidad en los derechos de las personas\u00a0\u00a0 \u00a0\u00a0\u00a0 \u00a0163<br \/>\n2.\u00a0\u00a0 \u00a0Perspectiva normativa y la intensidad de la amenaza penal\u00a0\u00a0 \u00a0\u00a0\u00a0 \u00a0168<br \/>\nII.\u00a0\u00a0 \u00a0LAS PROPUESTAS DE LEGITIMACI\u00d3N POR PROPORCIONALIDAD DEL DERECHO PENAL\u00a0\u00a0 \u00a0\u00a0\u00a0 \u00a0173<br \/>\n1.\u00a0\u00a0 \u00a0Generalidades\u00a0\u00a0 \u00a0\u00a0\u00a0 \u00a0173<br \/>\n2.\u00a0\u00a0 \u00a0Perspectiva de la proporcionalidad para la \u201ccriminalizaci\u00f3n\u201d: la soluci\u00f3n desde la teor\u00eda de la da\u00f1osidad social\u00a0\u00a0 \u00a0\u00a0\u00a0 \u00a0179<br \/>\n3.\u00a0\u00a0 \u00a0Perspectiva de la proporcionalidad para efectos de la aplicaci\u00f3n del derecho penal y la pena al caso concreto\u00a0\u00a0 \u00a0\u00a0\u00a0 \u00a0189<br \/>\nCONCLUSIONES\u00a0\u00a0 \u00a0\u00a0\u00a0 \u00a0209<br \/>\nREFERENCIAS BIBLIOGR\u00c1FICAS\u00a0\u00a0 \u00a0\u00a0\u00a0 \u00a0210<br \/>\nRazonabilidad, Proporcionalidad y Sanciones Administrativas<br \/>\nCriterios jurisprudenciales del Tribunal Constitucional frente<br \/>\nal Derecho Administrativo Sancionador<br \/>\nJAIME ARANCIBIA MATTAR<br \/>\n\u00c9DGAR HERN\u00c1N FUENTES-CONTRERAS<br \/>\nJOS\u00c9 IGNACIO MART\u00cdNEZ ESTAY<br \/>\nINTRODUCCI\u00d3N\u00a0\u00a0 \u00a0\u00a0\u00a0 \u00a0219<br \/>\nI.\u00a0\u00a0 \u00a0RAZONABILIDAD Y PROPORCIONALIDAD COMO L\u00cdMITES AL PODER ESTATAL\u00a0\u00a0 \u00a0\u00a0\u00a0 \u00a0220<br \/>\nII.\u00a0\u00a0 \u00a0LA POTESTAD SANCIONADORA DE LA ADMINISTRACI\u00d3N\u00a0\u00a0 \u00a0\u00a0\u00a0 \u00a0224<br \/>\nIII.\u00a0\u00a0 \u00a0RAZONABILIDAD Y PROPORCIONALIDAD EN LA POTESTAD SANCIONADORA DE LA ADMINISTRACI\u00d3N\u00a0\u00a0 \u00a0\u00a0\u00a0 \u00a0235<br \/>\nIV.\u00a0\u00a0 \u00a0CRITERIOS DOGM\u00c1TICOS OPERATIVOS PARA LA APLICACI\u00d3N DEL PRINCIPIO DE PROPORCIONALIDAD EN LA POTESTAD SANCIONADORA DE LA ADMINISTRACI\u00d3N \u00a0\u00a0 \u00a0\u00a0\u00a0 \u00a0241<br \/>\n1.\u00a0\u00a0 \u00a0Criterios generales\u00a0\u00a0 \u00a0\u00a0\u00a0 \u00a0242<br \/>\n2.\u00a0\u00a0 \u00a0Criterios aplicables a la racionalidad legislativa\u00a0\u00a0 \u00a0\u00a0\u00a0 \u00a0251<br \/>\n3.\u00a0\u00a0 \u00a0Criterios aplicables a la racionalidad decisoria al momento de imponer o no una sanci\u00f3n\u00a0\u00a0 \u00a0\u00a0\u00a0 \u00a0259<br \/>\nCONCLUSIONES\u00a0\u00a0 \u00a0\u00a0\u00a0 \u00a0262<br \/>\nREFERENCIAS BIBLIOGR\u00c1FICAS\u00a0\u00a0 \u00a0\u00a0\u00a0 \u00a0264<br \/>\nPrincipio de proporcionalidad en materia penal<br \/>\nPosibilidades de aplicaci\u00f3n, interpretaci\u00f3n y creaci\u00f3n de reglas<br \/>\nRODRIGO ANDR\u00c9S GUERRA ESPINOSA<br \/>\nI.\u00a0\u00a0 \u00a0PRINCIPIO DE PROPORCIONALIDAD EN MATERIA PENAL. UN PANORAMA GENERAL\u00a0\u00a0 \u00a0\u00a0\u00a0 \u00a0269<br \/>\nII.\u00a0\u00a0 \u00a0DETERMINACI\u00d3N DE LA PENA\u00a0\u00a0 \u00a0\u00a0\u00a0 \u00a0272<br \/>\nIII.\u00a0\u00a0 \u00a0MEDIDA DE PRISI\u00d3N PREVENTIVA \u00a0\u00a0 \u00a0\u00a0\u00a0 \u00a0276<br \/>\nIV.\u00a0\u00a0 \u00a0MOTIVACI\u00d3N DE LAS DECISIONES JUDICIALES \u00a0\u00a0 \u00a0\u00a0\u00a0 \u00a0281<br \/>\nV.\u00a0\u00a0 \u00a0LEG\u00cdTIMA DEFENSA Y ESTADO DE NECESIDAD\u00a0\u00a0 \u00a0\u00a0\u00a0 \u00a0283<br \/>\nVI.\u00a0\u00a0 \u00a0CREACI\u00d3N DE REGLAS DE CONDUCTA \u00a0\u00a0 \u00a0\u00a0\u00a0 \u00a0285<br \/>\nBALANCE Y CONCLUSIONES\u00a0\u00a0 \u00a0\u00a0\u00a0 \u00a0288<br \/>\nREFERENCIAS BIBLIOGR\u00c1FICAS\u00a0\u00a0 \u00a0\u00a0\u00a0 \u00a0290<br \/>\nProporcionalidad y reserva legal tributaria<br \/>\nA prop\u00f3sito del impuesto especial a las bebidas analcoh\u00f3licas<br \/>\nFRANCISCO MEDINA KRAUSE<br \/>\nINTRODUCCI\u00d3N\u00a0\u00a0 \u00a0\u00a0\u00a0 \u00a0293<br \/>\nI.\u00a0\u00a0 \u00a0PROPORCIONALIDAD Y RESERVA LEGAL TRIBUTARIA \u00a0\u00a0 \u00a0\u00a0\u00a0 \u00a0294<br \/>\nII.\u00a0\u00a0 \u00a0EL CASO EMBOTELLADORAS CHILENAS UNIDAS S.A\u00a0\u00a0 \u00a0\u00a0\u00a0 \u00a0299<br \/>\nIII.\u00a0\u00a0 \u00a0PROPORCIONALIDAD Y LEGALIDAD DE LA MEDIDA EN EL CASO EXAMINADO\u00a0\u00a0 \u00a0\u00a0\u00a0 \u00a0302<br \/>\nCONCLUSIONES\u00a0\u00a0 \u00a0\u00a0\u00a0 \u00a0311<br \/>\nREFERENCIAS BIBLIOGR\u00c1FICAS\u00a0\u00a0 \u00a0\u00a0\u00a0 \u00a0312<br \/>\nReevaluando la proporcionalidad en la tutela laboral<br \/>\nde derechos fundamentales<br \/>\nIGNACIO COVARRUBIAS CUEVAS<br \/>\nLUC\u00cdA MAR\u00cdA DEBESA ARREGUI<br \/>\nI.\u00a0\u00a0 \u00a0LA NECESIDAD DE REEVALUAR LA CONCEPCI\u00d3N DE PROPORCIONALIDAD EN LA TUTELA LABORAL\u00a0\u00a0 \u00a0\u00a0\u00a0 \u00a0313<br \/>\n1.\u00a0\u00a0 \u00a0No hay un traje \u00fanico para todas las tallas\u00a0\u00a0 \u00a0\u00a0\u00a0 \u00a0313<br \/>\n2.\u00a0\u00a0 \u00a0El problema de la disyunci\u00f3n entre ponderaci\u00f3n y subsunci\u00f3n\u00a0\u00a0 \u00a0\u00a0\u00a0 \u00a0315<br \/>\n3.\u00a0\u00a0 \u00a0La inevitabilidad de subsumir en casos que involucran derechos fundamentales del trabajador\u00a0\u00a0 \u00a0\u00a0\u00a0 \u00a0318<br \/>\n4.\u00a0\u00a0 \u00a0Ejemplo de articulaci\u00f3n entre subsunci\u00f3n y ponderaci\u00f3n no optimizadora\u00a0\u00a0 \u00a0\u00a0\u00a0 \u00a0321<br \/>\n5.\u00a0\u00a0 \u00a0El fin marca la pauta, no solo de la proporcionalidad de una medida, sino tambi\u00e9n de las condiciones de posibilidad de los derechos de los trabajadores\u00a0\u00a0 \u00a0\u00a0\u00a0 \u00a0323<br \/>\n6.\u00a0\u00a0 \u00a0Los promotores de la proporcionalidad optimizadora tampoco la emplean de modo universal\u00a0\u00a0 \u00a0\u00a0\u00a0 \u00a0327<br \/>\nII.\u00a0\u00a0 \u00a0CRITERIOS PARA EVALUAR LA LEGITIMIDAD DE LAS MEDIDAS DEL EMPLEADOR EN MATERIA DE TUTELA LABORAL\u00a0\u00a0 \u00a0\u00a0\u00a0 \u00a0329<br \/>\n1.\u00a0\u00a0 \u00a0Alcance de las nociones \u201cfacultades\u201d y \u201cmedidas\u201d contenidas en los art\u00edculos 485 y 493 del C\u00f3digo del Trabajo\u00a0\u00a0 \u00a0\u00a0\u00a0 \u00a0329<br \/>\n2.\u00a0\u00a0 \u00a0Sobre la \u201carbitrariedad\u201d, \u201cjustificaci\u00f3n\u201d y \u201cproporcionalidad\u201d de la medida\u00a0\u00a0 \u00a0\u00a0\u00a0 \u00a0332<br \/>\n3.\u00a0\u00a0 \u00a0La falta de justificaci\u00f3n como criterio relevante para derribar la legitimidad de una medida\u00a0\u00a0 \u00a0\u00a0\u00a0 \u00a0341<br \/>\n4.\u00a0\u00a0 \u00a0Las medidas tambi\u00e9n pueden ser invocadas por los trabajadores como indicios suficientes. En tal caso, la legitimidad de estas \u2014y los criterios asociados a ellas\u2014 se evaluar\u00e1 al momento de valorarse la prueba de dicha parte\u00a0\u00a0 \u00a0\u00a0\u00a0 \u00a0344<br \/>\nCONCLUSIONES\u00a0\u00a0 \u00a0\u00a0\u00a0 \u00a0347<br \/>\nREFERENCIAS BIBLIOGR\u00c1FICAS\u00a0\u00a0 \u00a0\u00a0\u00a0 \u00a0349<br \/>\n\u00bfHasta d\u00f3nde se pueden limitar los derechos fundamentales?<br \/>\nUn An\u00e1lisis de la aplicaci\u00f3n del Test de Proporcionalidad<br \/>\nen la sentencia T-311 de 2019<br \/>\nCAMILO HUMBERTO PRIETO FETIVA<br \/>\nINTRODUCCI\u00d3N\u00a0\u00a0 \u00a0\u00a0\u00a0 \u00a0357<br \/>\nI.\u00a0\u00a0 \u00a0OR\u00cdGENES Y ESTRUCTURA DEL TEST DE PROPORCIONALIDAD\u00a0\u00a0 \u00a0\u00a0\u00a0 \u00a0361<br \/>\nII.\u00a0\u00a0 \u00a0LA SENTENCIA T-311 DE 2019 Y EL TEST DE PROPORCIONALIDAD\u00a0\u00a0 \u00a0\u00a0\u00a0 \u00a0366<br \/>\nIII.\u00a0\u00a0 \u00a0ALGUNAS CONSIDERACIONES REFLEXIVAS\u00a0\u00a0 \u00a0\u00a0\u00a0 \u00a0373<br \/>\nCONCLUSIONES\u00a0\u00a0 \u00a0\u00a0\u00a0 \u00a0376<br \/>\nREFERENCIAS BIBLIOGR\u00c1FICAS\u00a0\u00a0 \u00a0\u00a0\u00a0 \u00a0378<\/p>\n","protected":false},"excerpt":{"rendered":"<p>Jaime Arancibia Mattar C\u00e1rdenas * Contreras, Luz Eliyer * Covarrubias Cuevas, Ignacio \/ Autor.<\/p>\n<p>Editor: Jos\u00e9 Ignacio Mart\u00ednez Estay *\u00a0 Edgar Hern\u00e1n Fuentes-Contreras,<\/p>\n<p>Buscas un libro Jur\u00eddico.? Lo puedes encontrar en nuestra tienda virtual.<br \/>\nContamos con prestigiosos autores y muchas alternativas en sus diferentes materias al igual que grandes descuentos.! Vis\u00edtanos en <a class=\"aRNTmLbkEcaZXyEMkVwCJQwonOeCJVuwGE \" tabindex=\"0\" href=\"https:\/\/lnkd.in\/eiAG7jdZ\" target=\"_blank\" rel=\"noopener\" data-test-app-aware-link=\"\">https:\/\/lnkd.in\/eiAG7jdZ<\/a><br \/>\nEscr\u00edbenos al +56930565235 \/ <a class=\"aRNTmLbkEcaZXyEMkVwCJQwonOeCJVuwGE \" tabindex=\"0\" href=\"mailto:ventaslegallexglobal@gmail.com\" target=\"_self\" data-test-app-aware-link=\"\">ventaslegallexglobal@gmail.com<\/a><br \/>\nHacemos env\u00edos a todo Chile \u2013 Starken o Correos Chile \/ Te esperamos<\/p>\n<p>&nbsp;<\/p>\n","protected":false},"featured_media":5435,"comment_status":"open","ping_status":"closed","template":"","meta":{"inline_featured_image":false,"_joinchat":[]},"product_brand":[],"product_cat":[27,26,15],"product_tag":[],"class_list":{"0":"post-5433","1":"product","2":"type-product","3":"status-publish","4":"has-post-thumbnail","6":"product_cat-civil","7":"product_cat-derecho","8":"product_cat-uncategorized","10":"first","11":"instock","12":"shipping-taxable","13":"purchasable","14":"product-type-simple"},"_links":{"self":[{"href":"https:\/\/bibliotecajuridicavirtual.cl\/index.php\/wp-json\/wp\/v2\/product\/5433","targetHints":{"allow":["GET"]}}],"collection":[{"href":"https:\/\/bibliotecajuridicavirtual.cl\/index.php\/wp-json\/wp\/v2\/product"}],"about":[{"href":"https:\/\/bibliotecajuridicavirtual.cl\/index.php\/wp-json\/wp\/v2\/types\/product"}],"replies":[{"embeddable":true,"href":"https:\/\/bibliotecajuridicavirtual.cl\/index.php\/wp-json\/wp\/v2\/comments?post=5433"}],"wp:featuredmedia":[{"embeddable":true,"href":"https:\/\/bibliotecajuridicavirtual.cl\/index.php\/wp-json\/wp\/v2\/media\/5435"}],"wp:attachment":[{"href":"https:\/\/bibliotecajuridicavirtual.cl\/index.php\/wp-json\/wp\/v2\/media?parent=5433"}],"wp:term":[{"taxonomy":"product_brand","embeddable":true,"href":"https:\/\/bibliotecajuridicavirtual.cl\/index.php\/wp-json\/wp\/v2\/product_brand?post=5433"},{"taxonomy":"product_cat","embeddable":true,"href":"https:\/\/bibliotecajuridicavirtual.cl\/index.php\/wp-json\/wp\/v2\/product_cat?post=5433"},{"taxonomy":"product_tag","embeddable":true,"href":"https:\/\/bibliotecajuridicavirtual.cl\/index.php\/wp-json\/wp\/v2\/product_tag?post=5433"}],"curies":[{"name":"wp","href":"https:\/\/api.w.org\/{rel}","templated":true}]}}