{"id":5471,"date":"2026-04-21T18:53:24","date_gmt":"2026-04-21T22:53:24","guid":{"rendered":"https:\/\/bibliotecajuridicavirtual.cl\/?post_type=product&#038;p=5471"},"modified":"2026-04-21T19:11:08","modified_gmt":"2026-04-21T23:11:08","slug":"estudios-de-arbitrajes-libro-homenaje-al-profesor-patricio-aylwin-azocar-eduardo-picand-albonico-1-edicion-2026-999","status":"publish","type":"product","link":"https:\/\/bibliotecajuridicavirtual.cl\/index.php\/product\/estudios-de-arbitrajes-libro-homenaje-al-profesor-patricio-aylwin-azocar-eduardo-picand-albonico-1-edicion-2026-999\/","title":{"rendered":"Estudios de Arbitrajes, Libro Homenaje al Profesor Patricio Aylwin Az\u00f3car * Eduardo Picand Alb\u00f3nico &#8211; 3\u00b0 edici\u00f3n 2026 * 999 P\u00e1ginas"},"content":{"rendered":"<h2>Descripci\u00f3n<\/h2>\n<p>Han transcurrido veinte a\u00f1os desde la fecha en que fuera publicado por primera vez el libro Estudios de Arbitraje, homenaje al Presidente de la Rep\u00fablica de Chile, Sr. Patricio Aylwin Az\u00f3car, bajo el sello de la Editorial Jur\u00eddica de Chile (2006).<\/p>\n<p>Varias fueron las razones que motivaron esa iniciativa acad\u00e9mica, siendo la principal de ellas la de reconocer la trayectoria jur\u00eddica del homenajeado en nuestro pa\u00eds y el inmenso aporte que realiz\u00f3 desde la aparici\u00f3n de su tesis de licenciatura El juicio arbitral (1943) al desarrollo del arbitraje en Hispanoam\u00e9rica, lugar en donde es considerado pionero en esta materia y uno de los \u201cpadres\u201d del Derecho arbitral moderno.<\/p>\n<p>Participaron en esa primera edici\u00f3n un total de 53 autores chilenos y extranjeros, quienes con entusiasmo y alegr\u00eda aceptaron la propuesta de elaborar este libro, entregando estudios cient\u00edficos sobre arbitraje de primer nivel que permitieron que la obra no s\u00f3lo se difundiera r\u00e1pidamente por toda Am\u00e9rica Latina, sino tambi\u00e9n que al cabo de pocos meses se encontrara absolutamente agotada en las librer\u00edas de nuestro pa\u00eds.<\/p>\n<p>La segunda edici\u00f3n fue publicada el a\u00f1o 2014 y participaron en ella m\u00e1s de 70 autores de Chile y el extranjero, agot\u00e1ndose r\u00e1pidamente en las librer\u00edas de nuestro pa\u00eds.<\/p>\n<p>Esta nueva edici\u00f3n de Estudios de Arbitraje, con nuevos autores y trabajos, adem\u00e1s de los incorporados en la primera y segunda edici\u00f3n, responde a la petici\u00f3n que recibi\u00e9ramos durante todos estos a\u00f1os de parte de jueces, \u00e1rbitros, acad\u00e9micos y abogados, en orden a entregar nuevamente a la comunidad jur\u00eddica nacional un libro\u00a0cuyos autores y aportes lo han convertido sin lugar a dudas en un cl\u00e1sico de la literatura jur\u00eddica en esta materia.<\/p>\n<p>Contenido.<\/p>\n<p><em>\u2013 El arbitraje como regla general de soluci\u00f3n de conflictos en los contratos civiles y comerciales<\/em><br \/>\nGonzalo Figueroa Y\u00e1\u00f1ez<\/p>\n<p><em>\u2013 El arbitraje y las obligaciones de las partes y del \u00e1rbitro<\/em><br \/>\nRen\u00e9 Abeliuk Manasevic<\/p>\n<p><em>\u2013 Antecedentes hist\u00f3ricos sobre la regulaci\u00f3n del arbitraje en Chile<\/em><br \/>\nAntonio Dougnac Rodr\u00edguez<\/p>\n<p><em>\u2013 Reflexiones sobre la justicia<\/em><br \/>\nLuis Bates Hidalgo<\/p>\n<p><em>\u2013 Sociedades complejas y arbitraje organizacional<\/em><br \/>\nRodrigo R\u00edos \u00c1lvarez<\/p>\n<p><em>\u2013 La justicia arbitral ante la Constituci\u00f3n<\/em><br \/>\nAlejandro Silva Bascu\u00f1\u00e1n<\/p>\n<p><em>\u2013 Principios informativos del proceso arbitral<\/em><br \/>\nJuan Colombo Campbell<\/p>\n<p><em>\u2013 Arbitraje de derecho y arbitraje de equidad<\/em><br \/>\nAlejandro Romero Seguel<\/p>\n<p><em>\u2013 Los costos en el arbitraje<\/em><br \/>\nJorge Carey, Gonzalo Fern\u00e1ndez<\/p>\n<p><em>\u2013 Arbitraje societario y arbitraje forzoso en el anteproyecto de ley de arbitraje interno. Algunas propuestas<\/em><br \/>\nEduardo Jequier Lehued\u00e9<\/p>\n<p><em>\u2013 La autonom\u00eda de la voluntad en el instituto arbitral chileno: entre su reconocimiento, su imprecisi\u00f3n y la negaci\u00f3n<\/em><br \/>\nMar\u00eda Fernanda V\u00e1squez Palma<\/p>\n<p><em>\u2013 Consecuencias del incumplimiento del acuerdo arbitral<\/em><br \/>\nRoque J. Caivano, Ver\u00f3nica Sandler Obreg\u00f3n<\/p>\n<p><em>\u2013 Expansi\u00f3n y l\u00edmites del arbitraje en el \u00e1mbito de la propiedad industrial<\/em><br \/>\nPedro Alberto de Miguel Asensio<\/p>\n<p><em>\u2013 El prurito del perito<\/em><br \/>\nFrancisco Gonz\u00e1lez de Coss\u00edo<\/p>\n<p><em>\u2013 Aspectos penales del arbitraje<\/em><br \/>\nAlfredo Etcheberry<\/p>\n<p><em>\u2013 Notas sobre el arbitraje laboral<\/em><br \/>\nWilliam Thayer Arteaga<\/p>\n<p><em>\u2013 Soluci\u00f3n de conflictos tributarios por \u00e1rbitros de Derecho<\/em><br \/>\nPatricio Figueroa Velasco<\/p>\n<p><em>\u2013 El arbitraje en materia de arrendamiento de predios urbanos<\/em><br \/>\nAntonio Bascu\u00f1\u00e1n Vald\u00e9s<\/p>\n<p><em>\u2013 Del arbitraje en general y en particular en el contrato de seguro en el \u00e1mbito de la vida del comercio<\/em><br \/>\nRafael G\u00f3mez Balmaceda<\/p>\n<p><em>\u2013 El arbitraje concursal en la nueva Ley No 20.720<\/em><br \/>\n\u00d3scar Torres Zagal<\/p>\n<p><em>\u2013 Problemas del juez ecl\u00e9ctico con el recurso de apelaci\u00f3n<\/em><br \/>\nRen\u00e9 Luis \u00d1\u00fa\u00f1ez \u00c1vila<\/p>\n<p><em>\u2013 Los riesgos de la prueba pericial en el arbitraje dom\u00e9stico chileno<\/em><br \/>\nRam\u00f3n Rojas de Azevedo<\/p>\n<p><b><strong><u>ESTUDIOS DE ARBITRAJE INTERNACIONAL<\/u><\/strong><\/b><\/p>\n<p><em>\u2013 Reflexiones sobre el aporte de don Patricio Aylwin al desarrollo del arbitraje comercial internacional en Latinoam\u00e9rica<\/em><br \/>\nCarlos Eugenio Jorquiera<\/p>\n<p><em>\u2013 La institucionalidad chilena y el arbitraje internacional<\/em><br \/>\nGonzalo Biggs<\/p>\n<p><em>\u2013 Historia de la Ley No 19.971 sobre arbitraje comercial internacional<\/em><br \/>\nRicardo Sateler<\/p>\n<p><em>\u2013 T\u00f3picos de la Ley No 19.971 sobre arbitraje comercial internacional<\/em><br \/>\nJuan Eduardo Figueroa Vald\u00e9s<\/p>\n<p><em>\u2013 Mercantilidad y el arbitraje comercial internacional<\/em><br \/>\nJuan Esteban Puga Vial<\/p>\n<p><em>\u2013 El arbitraje en los tratados de libre comercio suscritos por Chile<\/em><br \/>\nJaime Irarr\u00e1zabal Covarrubias<\/p>\n<p><em>\u2013 De la uniformidad a la armonizaci\u00f3n de las disposiciones aplicables al arbitraje internacional en la regi\u00f3n<\/em><br \/>\nFernando Cantuarias S.<\/p>\n<p><em>\u2013 El \u00e1rbitro internacional y el contenido del derecho aplicable al fondo<\/em><br \/>\nIves Derains<\/p>\n<p><em>\u2013 La Corte Permanente de Arbitraje de La Haya<\/em><br \/>\nHugo Llanos Mansilla<\/p>\n<p><em>\u2013 La Comisi\u00f3n Interamericana de Arbitraje Comercial (CIAC)<\/em><br \/>\nUlises Montoya Alberti<\/p>\n<p><em>\u2013 La irretroactividad del arbitraje en el sistema CIADI. Los casos Clar\u00edn y Lucchetti<\/em><br \/>\nRoberto Mayorga Lorca<\/p>\n<p><em>\u2013 La CNUDMI modifica su Ley Modelo sobre Arbitraje Comercial Internacional<\/em><br \/>\nJos\u00e9 Luis Siqueiros<\/p>\n<p><em>\u2013 Notas pr\u00e1cticas sobre arbitraje y contrataci\u00f3n internacionales<\/em><br \/>\nJorge L\u00f3pez Santa Mar\u00eda<\/p>\n<p><em>\u2013 Arbitraje internacional: del arbitraje comercial internacional al arbitraje de protecci\u00f3n de inversiones<\/em><br \/>\nBernardo M. Cremades<\/p>\n<p><em>\u2013 Brisas favorables de orientaci\u00f3n estatal impulsan, a vela desplegada, el arbitraje comercial internacional en la regi\u00f3n<\/em><br \/>\nRub\u00e9n Santos Belandro<\/p>\n<p><em>\u2013 Arbitraje electr\u00f3nico: una mirada al futuro<\/em><br \/>\nSara Feldstein de C\u00e1rdenas<\/p>\n<p><em>\u2013 \u00bfArbitraje Comercial Internacional, quo vadis?<\/em><br \/>\nHoracio Grigera Na\u00f3n<\/p>\n<p><em>\u2013 \u00bfLa muerte programada del Estado sede del arbitraje?<\/em><br \/>\nLeonel Pereznieto Castro, James Graham<\/p>\n<p><em>\u2013 La lex mercatoria y los principios UNIDROIT en el arbitraje comercial internacional. An\u00e1lisis de una nueva tendencia jurisprudencial<\/em><br \/>\nIgnacio Garc\u00eda Pujol<\/p>\n<p><em>\u2013 Algunas reflexiones sobre la cl\u00e1usula compromisoria en el arbitraje comercial internacional y sobre las cl\u00e1usulas patol\u00f3gicas en particular<\/em><br \/>\nRoberto Guerrero del R\u00edo<\/p>\n<p><em>\u2013 La jurisdicci\u00f3n cautelar en el arbitraje comercial internacional<\/em><br \/>\nFelipe Ossa Guzm\u00e1n<\/p>\n<p><em>\u2013 El Centro de Arbitraje y Mediaci\u00f3n de la OMPI<\/em><br \/>\nMarino Porzio<\/p>\n<p><em>\u2013 Tratado de Libre Comercio Chile-Estados Unidos. Inversi\u00f3n extranjera en servicios financieros, un curioso mecanismo de soluci\u00f3n de controversias inversionista-Estado<\/em><br \/>\nJoaqu\u00edn Morales Godoy<\/p>\n<p><em>\u2013 El convenio arbitral: entre la estabilidad y el desatino<\/em><br \/>\nJos\u00e9 Carlos Fern\u00e1ndez Rozas<\/p>\n<p><em>\u2013 Los exhortos internacionales en el juicio arbitral<\/em><br \/>\nEduardo Picand Alb\u00f3nico<\/p>\n<p><em>\u2013 Algunas reflexiones sobre la \u201cInternacionalidad pactada\u201d en la Ley No 19.971 sobre arbitraje comercial internacional<\/em><br \/>\nEduardo Picand Alb\u00f3nico, Sebasti\u00e1n Coulon Bauer<\/p>\n<p><em>\u2013 La excepci\u00f3n de manifiesta falta de m\u00e9rito jur\u00eddico en el arbitraje CIADI<\/em><br \/>\nEduardo Picand Alb\u00f3nico, Pablo A. Mahu Mart\u00ednez<\/p>\n<p><em>\u2013 Los medios de impugnaci\u00f3n en la Ley de Arbitraje Comercial Internacional<\/em><br \/>\nCristi\u00e1n Maturana Miquel<\/p>\n<p><em>\u2013 El \u201cCaso EDFI\u201d. Breves comentarios a la sentencia de exequ\u00e1tur Rol No 4390-2010<\/em><br \/>\nEduardo Picand Alb\u00f3nico, Camila Fernanda Quintana Castillo<\/p>\n<p><em>\u2013 Disputas tributarias internacionales: un esfuerzo de armonizaci\u00f3n de los mecanismos de los mecanismos de soluci\u00f3n de controversias del derecho tributario internacional, de las inversiones internacionales y del comercio internacional<\/em><br \/>\nEduardo Picand Alb\u00f3nico, Franco Palavecino Mu\u00f1oz<\/p>\n<p><em>\u2013 La ejecuci\u00f3n de sentencias en la Ley de Arbitraje Comercial Internacional y el orden p\u00fablico como causal denegatoria, a la luz de la Ley Modelo y del C\u00f3digo de Bustamante<\/em><br \/>\nRa\u00fal Tavolari Oliveros<\/p>\n<p><b><strong><u>ESTUDIOS DE ARBITRAJE COMPARADO<\/u><\/strong><\/b><\/p>\n<p><em>\u2013 A arbitragem no Brasil: dez anos de consolida\u00e7\u00e3o do instituto<br \/>\n<\/em>Selma Ferreira Lemes<\/p>\n<p><em>\u2013 An\u00e1lisis comparativo de los sistemas arbitrales internacionales<br \/>\n<\/em>Arturo Yrarr\u00e1zaval Covarrubias<\/p>\n<p><em>\u2013 Panorama jur\u00eddico del procedimiento de arbitraje en M\u00e9xico<br \/>\n<\/em>Eskandar Ganem Hern\u00e1ndez<\/p>\n<p><em>\u2013 La configuraci\u00f3n actual del arbitraje interno espa\u00f1ol. Una soluci\u00f3n hetero compositiva de conflictos jur\u00eddicos de lento desarrollo<\/em><br \/>\nJuan-Luis G\u00f3mez Colomer<\/p>\n","protected":false},"excerpt":{"rendered":"<p>Buscas un libro Jur\u00eddico.? Lo puedes encontrar en nuestra tienda virtual.<br \/>\nContamos con prestigiosos autores y muchas alternativas en sus diferentes materias al igual que grandes descuentos.! Vis\u00edtanos en <a class=\"LzOggbcGDJzwAinOcasNavZGXtBXczaKvq \" tabindex=\"0\" href=\"https:\/\/lnkd.in\/eiAG7jdZ\" target=\"_blank\" rel=\"noopener\" data-test-app-aware-link=\"\">https:\/\/lnkd.in\/eiAG7jdZ<\/a><br \/>\nEscr\u00edbenos al +56930565235 \/ <a class=\"LzOggbcGDJzwAinOcasNavZGXtBXczaKvq \" tabindex=\"0\" href=\"mailto:ventaslegallexglobal@gmail.com\" target=\"_self\" data-test-app-aware-link=\"\">ventaslegallexglobal@gmail.com<\/a><br \/>\nHacemos env\u00edos a todo Chile \u2013 Starken o Correos Chile \/ Te esperamos.<\/p>\n","protected":false},"featured_media":5472,"comment_status":"open","ping_status":"closed","template":"","meta":{"inline_featured_image":false,"_joinchat":[]},"product_brand":[],"product_cat":[26,64,15],"product_tag":[],"class_list":{"0":"post-5471","1":"product","2":"type-product","3":"status-publish","4":"has-post-thumbnail","6":"product_cat-derecho","7":"product_cat-derecho-arbitral-derecho-arbitral","8":"product_cat-uncategorized","10":"first","11":"instock","12":"shipping-taxable","13":"purchasable","14":"product-type-simple"},"_links":{"self":[{"href":"https:\/\/bibliotecajuridicavirtual.cl\/index.php\/wp-json\/wp\/v2\/product\/5471","targetHints":{"allow":["GET"]}}],"collection":[{"href":"https:\/\/bibliotecajuridicavirtual.cl\/index.php\/wp-json\/wp\/v2\/product"}],"about":[{"href":"https:\/\/bibliotecajuridicavirtual.cl\/index.php\/wp-json\/wp\/v2\/types\/product"}],"replies":[{"embeddable":true,"href":"https:\/\/bibliotecajuridicavirtual.cl\/index.php\/wp-json\/wp\/v2\/comments?post=5471"}],"wp:featuredmedia":[{"embeddable":true,"href":"https:\/\/bibliotecajuridicavirtual.cl\/index.php\/wp-json\/wp\/v2\/media\/5472"}],"wp:attachment":[{"href":"https:\/\/bibliotecajuridicavirtual.cl\/index.php\/wp-json\/wp\/v2\/media?parent=5471"}],"wp:term":[{"taxonomy":"product_brand","embeddable":true,"href":"https:\/\/bibliotecajuridicavirtual.cl\/index.php\/wp-json\/wp\/v2\/product_brand?post=5471"},{"taxonomy":"product_cat","embeddable":true,"href":"https:\/\/bibliotecajuridicavirtual.cl\/index.php\/wp-json\/wp\/v2\/product_cat?post=5471"},{"taxonomy":"product_tag","embeddable":true,"href":"https:\/\/bibliotecajuridicavirtual.cl\/index.php\/wp-json\/wp\/v2\/product_tag?post=5471"}],"curies":[{"name":"wp","href":"https:\/\/api.w.org\/{rel}","templated":true}]}}