{"id":5497,"date":"2026-04-27T18:40:01","date_gmt":"2026-04-27T22:40:01","guid":{"rendered":"https:\/\/bibliotecajuridicavirtual.cl\/?post_type=product&#038;p=5497"},"modified":"2026-04-27T18:40:01","modified_gmt":"2026-04-27T22:40:01","slug":"examen-de-grado-conceptos-fundamentales-derecho-civil-y-derecho-procesal-adrian-mendoza-torres-2edicion-2026-451-paginas","status":"publish","type":"product","link":"https:\/\/bibliotecajuridicavirtual.cl\/index.php\/product\/examen-de-grado-conceptos-fundamentales-derecho-civil-y-derecho-procesal-adrian-mendoza-torres-2edicion-2026-451-paginas\/","title":{"rendered":"Examen de Grado, Conceptos Fundamentales, Derecho Civil y Derecho Procesal * Adri\u00e1n Mendoza Torres &#8211; 2\u00b0edici\u00f3n 2026 * 451 P\u00e1ginas"},"content":{"rendered":"<h2>Descripci\u00f3n<\/h2>\n<p>\u00ab<em>Desde un principio, en mi experiencia de m\u00e1s de una d\u00e9cada preparando a egresados de derecho para su examen de grado, se me hizo imperiosa la necesidad de elaborar apuntes sint\u00e9ticos y esquem\u00e1ticos en cada uno de los ramos de derecho civil y procesal, con el objeto de guiar a los alumnos en su largo proceso de estudio y as\u00ed, de una manera simple, lograr que pudieran distinguir n\u00edtidamente las materias principales, b\u00e1sicas y esenciales del examen de grado, de aquellas que son m\u00e1s bien accesorias.<\/em><\/p>\n<p><em>Este libro es producto de esos apuntes, enriquecido con las sugerencias e inquietudes de los innumerables alumnos que he tenido durante todos estos a\u00f1os. Adem\u00e1s, su contenido contempla las \u00faltimas modificaciones legales en materia civil y procesal, como las incorporadas por la Ley 21.394 que introduce \u201creformas al sistema de justicia\u201d y por la Ley 21.400 que consagra el \u201cmatrimonio igualitario\u201d.<\/em><\/p>\n<p><em>La obra no tiene como pretensi\u00f3n agotar los temas aqu\u00ed presentados, ni menos sustituir los valiosos tratados y manuales doctrinarios que existen en cada ramo de derecho civil y procesal, sino m\u00e1s bien, entregar una s\u00edntesis ordenada y esquematizada de las materias b\u00e1sicas y esenciales de esos ramos, que los alumnos deben saber, comprender y relacionar con claridad si pretenden rendir con \u00e9xito su examen de grado.<\/em><\/p>\n<p><em>El libro consta de dos partes: la primera, de \u201cDerecho Civil\u201d, que comprende los ramos de introducci\u00f3n al derecho civil, los actos jur\u00eddicos, los bienes, las obligaciones, los contratos, derecho de familia y derecho sucesorio; y la segunda, de \u201cDerecho Procesal\u201d, que comprende los ramos de derecho procesal org\u00e1nico, disposiciones comunes a todo procedimiento, los juicios, recursos procesales civiles y derecho procesal penal.<\/em>\u00ab<\/p>\n<p><b><strong>PRIMERA PARTE<br \/>\n<\/strong><\/b><b><strong>DERECHO CIVIL<\/strong><\/b><b><strong><br \/>\n<\/strong><\/b><br \/>\n<b><strong>CAP\u00cdTULO 1<br \/>\nINTRODUCCI\u00d3N AL DERECHO CIVIL<\/strong><\/b><\/p>\n<p>DERECHO<\/p>\n<p>DERECHO CIVIL<\/p>\n<p>LA LEY<\/p>\n<p>APLICACI\u00d3N DE LA LEY EN EL TIEMPO<\/p>\n<p>INTERPRETACI\u00d3N DE LA LEY<\/p>\n<p>LAS PERSONAS<\/p>\n<p><b><strong>CAP\u00cdTULO 2<\/strong><\/b><br \/>\n<b><strong>LOS ACTOS JUR\u00cdDICOS<\/strong><\/b><\/p>\n<p>HECHOS<\/p>\n<p>ACTO JUR\u00cdDICO<\/p>\n<p>VOLUNTAD<\/p>\n<p>CONSENTIMIENTO<\/p>\n<p>VICIOS DEL CONSENTIMIENTO<\/p>\n<p>CAPACIDAD<\/p>\n<p>OBJETO<\/p>\n<p>CAUSA<\/p>\n<p>SOLEMNIDADES<\/p>\n<p>LA REPRESENTACI\u00d3N<\/p>\n<p>LA NULIDAD<\/p>\n<p>INOPONIBILIDAD<\/p>\n<p>SIMULACI\u00d3N<\/p>\n<p>LA PRUEBA<\/p>\n<p><b><strong>CAP\u00cdTULO 3<br \/>\nLOS BIENES<\/strong><\/b><\/p>\n<p>COSA<\/p>\n<p>BIEN<\/p>\n<p>CLASIFICACI\u00d3N DE LOS BIENES<\/p>\n<p>DERECHO REAL DE DOMINIO<\/p>\n<p>MODOS DE ADQUIRIR EL DOMINIO<\/p>\n<p>LA OCUPACI\u00d3N<\/p>\n<p>LA ACCESI\u00d3N<\/p>\n<p>LA TRADICI\u00d3N<\/p>\n<p>EL REGISTRO CONSERVATORIO DE BIENES RA\u00cdCES<\/p>\n<p>LA POSESI\u00d3N<\/p>\n<p>LA PRESCRIPCI\u00d3N<\/p>\n<p>PRESCRIPCI\u00d3N ADQUISITIVA<\/p>\n<p>ACCI\u00d3N REIVINDICATORIA<\/p>\n<p>ACCIONES POSESORIAS<\/p>\n<p><b><strong>CAP\u00cdTULO 4<br \/>\nLAS OBLIGACIONES<\/strong><\/b><\/p>\n<p>CONCEPTO<\/p>\n<p>ELEMENTOS DE LAS OBLIGACIONES<\/p>\n<p>FUENTES DE LAS OBLIGACIONES<\/p>\n<p>CLASIFICACI\u00d3N DE LAS OBLIGACIONES<\/p>\n<p>EFECTOS DE LAS OBLIGACIONES<\/p>\n<p>EXTINCI\u00d3N DE LAS OBLIGACIONES<b><\/b><\/p>\n<p>&nbsp;<\/p>\n<p><b><strong>CAP\u00cdTULO 5<\/strong><\/b><br \/>\n<b><strong>LOS CONTRATOS<\/strong><\/b><\/p>\n<p>CONTRATOS<\/p>\n<p>CLASIFICACI\u00d3N DE LOS CONTRATOS<\/p>\n<p>EFECTOS DE LOS CONTRATOS<\/p>\n<p>INTERPRETACI\u00d3N DE\u00a0LOS CONTRATOS<\/p>\n<p>LA PROMESA<\/p>\n<p>LA COMPRAVENTA<\/p>\n<p>LA PERMUTA<\/p>\n<p>EL ARRENDAMIENTO<\/p>\n<p>LA HIPOTECA<\/p>\n<p>LA FIANZA<\/p>\n<p>EL MANDATO<\/p>\n<p>RESPONSABILIDAD EXTRACONTRACTUAL<\/p>\n<p><b><strong>CAP\u00cdTULO 6<br \/>\nDERECHO DE FAMILIA<\/strong><\/b><\/p>\n<p>EL MATRIMONIO<\/p>\n<p>REQUISITOS DEL MATRIMONIO<\/p>\n<p>DE LA SEPARACI\u00d3N DE LOS C\u00d3NYUGES<\/p>\n<p>DE LA TERMINACI\u00d3N DEL MATRIMONIO<\/p>\n<p>EFECTOS DEL MATRIMONIO<\/p>\n<p>DERECHOS Y OBLIGACIONES ENTRE LOS C\u00d3NYUGES<\/p>\n<p>R\u00c9GIMEN MATRIMONIAL<\/p>\n<p>SOCIEDAD CONYUGAL<\/p>\n<p>SEPARACI\u00d3N DE BIENES<\/p>\n<p>PARTICIPACI\u00d3N EN LOS GANANCIALES<\/p>\n<p>LOS BIENES FAMILIARES<\/p>\n<p>LA FILIACI\u00d3N<\/p>\n<p>EFECTOS DE LA FILIACI\u00d3N<\/p>\n<p>EL ESTADO CIVIL<\/p>\n<p><b><strong>CAP\u00cdTULO 7<br \/>\nDERECHO SUCESORIO<\/strong><\/b><\/p>\n<p>SUCESI\u00d3N POR CAUSA DE MUERTE<\/p>\n<p>ASIGNACIONES Y ASIGNATARIOS<\/p>\n<p>APERTURA DE LA SUCESI\u00d3N<\/p>\n<p>DELACI\u00d3N DE LAS ASIGNACIONES<\/p>\n<p>ACEPTACI\u00d3N O REPUDIACI\u00d3N DE LAS ASIGNACIONES<\/p>\n<p>DERECHOS QUE CONCURREN EN LA SUCESI\u00d3N<\/p>\n<p>DERECHO REAL DE HERENCIA<\/p>\n<p>LOS ACERVOS<\/p>\n<p>INCAPACIDADES E INDIGNIDADES PARA SUCEDER<\/p>\n<p>LA SUCESI\u00d3N INTESTADA<\/p>\n<p>SUCESI\u00d3N PARTE TESTADA Y PARTE INTESTADA<\/p>\n<p>LA SUCESI\u00d3N TESTAMENTARIA<\/p>\n<p>ASIGNACIONES TESTAMENTARIAS<\/p>\n<p>ASIGNACIONES A T\u00cdTULO UNIVERSAL Y A T\u00cdTULO SINGULAR<\/p>\n<p>ASIGNACIONES FORZOSAS<\/p>\n<p>EL DESHEREDAMIENTO<\/p>\n<p>ACCI\u00d3N DE REFORMA DEL TESTAMENTO<\/p>\n<p>ACCI\u00d3N DE PETICI\u00d3N DE HERENCIA<\/p>\n<p><b><strong><br \/>\nSEGUNDA PARTE<br \/>\nDERECHO PROCESAL<\/strong><\/b><\/p>\n<p><b><strong>CAP\u00cdTULO 1<br \/>\nDERECHO PROCESAL ORG\u00c1NICO<\/strong><\/b><\/p>\n<p>DERECHO PROCESAL<\/p>\n<p>FORMA DE RESOLVER LOS CONFLICTOS<\/p>\n<p>ALGUNOS CONCEPTOS PREVIOS<\/p>\n<p>LA JURISDICCI\u00d3N<\/p>\n<p>LA COMPETENCIA<\/p>\n<p>PRINCIPIOS GENERALES DE LA COMPETENCIA<\/p>\n<p>FACTORES O ELEMENTOS DE COMPETENCIA<\/p>\n<p>PR\u00d3RROGA DE COMPETENCIA<\/p>\n<p>PARALELO ENTRE JURISDICCI\u00d3N Y COMPETENCIA<\/p>\n<p>TRIBUNALES DE JUSTICIA<\/p>\n<p>TRIBUNALES ORDINARIOS<\/p>\n<p>TRIBUNALES ARBITRALES<b><\/b><\/p>\n<p>&nbsp;<\/p>\n<p><b><strong>CAP\u00cdTULO 2<br \/>\nDISPOSICIONES COMUNES A TODO PROCEDIMIENTO<\/strong><\/b><\/p>\n<p>ESTRUCTURA DEL CPC<\/p>\n<p>FORMA EN QUE SE APLICAN LAS NORMAS DEL CPC<\/p>\n<p>LA ACCI\u00d3N<\/p>\n<p>EL PROCESO<\/p>\n<p>LAS PARTES DEL PROCESO<\/p>\n<p>LA COMPARECENCIA<\/p>\n<p>FORMACI\u00d3N DEL PROCESO<\/p>\n<p>LOS PLAZOS<\/p>\n<p>RESOLUCIONES JUDICIALES<\/p>\n<p>NOTIFICACIONES<\/p>\n<p>EFECTO DE LAS RESOLUCIONES JUDICIALES<\/p>\n<p>PREPARACI\u00d3N Y ASEGURAMIENTO DE LOS JUICIOS<\/p>\n<p>COMPARECENCIA VOLUNTARIA EN AUDIENCIAS POR MEDIOS REMOTOS<\/p>\n<p><b><strong>CAP\u00cdTULO 3<br \/>\nLOS JUICIOS<\/strong><\/b><\/p>\n<p>JUICIO ORDINARIO<\/p>\n<p>CARACTER\u00cdSTICAS<\/p>\n<p>ETAPAS<\/p>\n<p>FORMAS DE INICIAR EL JUICIO ORDINARIO<\/p>\n<p>DEMANDA<\/p>\n<p>EMPLAZAMIENTO<\/p>\n<p>ACTITUDES DEL DEMANDADO UNA VEZ NOTIFICADA LA DEMANDA<\/p>\n<p>LA CONCILIACI\u00d3N<\/p>\n<p>CERRADO EL DEBATE<\/p>\n<p>RECEPCI\u00d3N DE LA CAUSA A PRUEBA<\/p>\n<p>T\u00c9RMINO PROBATORIO<\/p>\n<p>LA PRUEBA<\/p>\n<p>TR\u00c1MITES POSTERIORES A LA PRUEBA<\/p>\n<p>CITACI\u00d3N PARA O\u00cdR SENTENCIA<\/p>\n<p>FORMAS DE PONER T\u00c9RMINO AL JUICIO ORDINARIO<\/p>\n<p>MEDIDAS PARA MEJOR RESOLVER<\/p>\n<p>PROCEDIMIENTO INCIDENTAL<\/p>\n<p>INCIDENTES<\/p>\n<p>JUICIO SUMARIO<\/p>\n<p>OTROS TEMAS DEL JUICIO SUMARIO<\/p>\n<p>JUICIO EJECUTIVO<\/p>\n<p>JUICIO EJECUTIVO EN LAS OBLIGACIONES DE DAR<\/p>\n<p>TRAMITACI\u00d3N DEL JUICIO EJECUTIVO<\/p>\n<p>ACTOS JUDICIALES NO CONTENCIOSOS<\/p>\n<p>ACTO JUDICIAL NO CONTENCIOSO<\/p>\n<p><b><strong>CAP\u00cdTULO 4<br \/>\nRECURSOS PROCESALES CIVILES<\/strong><\/b><\/p>\n<p>GENERALIDADES SOBRE RECURSOS<\/p>\n<p>RECURSO DE REPOSICI\u00d3N<\/p>\n<p>RECURSO DE ACLARACI\u00d3N, RECTIFICACI\u00d3N O ENMIENDA<\/p>\n<p>RECURSO DE APELACI\u00d3N<\/p>\n<p>RECURSO DE HECHO<\/p>\n<p>LA QUEJA DISCIPLINARIA<\/p>\n<p>RECURSO DE QUEJA<\/p>\n<p>RECURSO DE CASACI\u00d3N<\/p>\n<p>RECURSO DE CASACI\u00d3N EN LA FORMA<\/p>\n<p>RECURSO DE CASACI\u00d3N EN EL FONDO<\/p>\n<p>LA NULIDAD PROCESAL<\/p>\n<p><b><strong>CAP\u00cdTULO 5<br \/>\nDERECHO PROCESAL PENAL<\/strong><\/b><\/p>\n<p>ESTRUCTURA DEL C\u00d3DIGO PROCESAL PENAL<\/p>\n<p>PRINCIPIOS DEL C\u00d3DIGO PROCESAL PENAL<\/p>\n<p>LA ACCI\u00d3N PENAL<\/p>\n<p>LA ACCI\u00d3N CIVIL<\/p>\n<p>LOS SUJETOS PROCESALES<\/p>\n<p>LAS MEDIDAS CAUTELARES<\/p>\n<p>LA NULIDAD PROCESAL<\/p>\n<p>LA ETAPA DE INVESTIGACI\u00d3N<\/p>\n<p>LA PREPARACI\u00d3N DEL JUICIO ORAL<\/p>\n<p>EL JUICIO ORAL<\/p>\n<p>LOS RECURSOS<\/p>\n<p>LOS PROCEDIMIENTOS ESPECIALES<\/p>\n<p>\u2026<\/p>\n<p><b><strong>ANEXOS<\/strong><\/b><\/p>\n<p>ANEXO 1<br \/>\nCONCEPTOS DE DERECHO CIVIL<\/p>\n<p>ANEXO 2<br \/>\nCONCEPTOS DE DERECHO PROCESAL<\/p>\n","protected":false},"excerpt":{"rendered":"<p>Buscas un libro Jur\u00eddico.? Lo puedes encontrar en nuestra tienda virtual.<br \/>\nContamos con prestigiosos autores y muchas alternativas en sus diferentes materias al igual que grandes descuentos.! Vis\u00edtanos en <a class=\"xwxVfcRwnBUeGipgoiZPeKPJMrvzgAVqE \" tabindex=\"0\" href=\"https:\/\/lnkd.in\/eiAG7jdZ\" target=\"_blank\" rel=\"noopener\" data-test-app-aware-link=\"\">https:\/\/lnkd.in\/eiAG7jdZ<\/a><br \/>\nEscr\u00edbenos al +56930565235 \/ <a class=\"xwxVfcRwnBUeGipgoiZPeKPJMrvzgAVqE \" tabindex=\"0\" href=\"mailto:ventaslegallexglobal@gmail.com\" target=\"_self\" data-test-app-aware-link=\"\">ventaslegallexglobal@gmail.com<\/a><br \/>\nHacemos env\u00edos a todo Chile \u2013 Starken o Correos Chile \/ Te esperamos<\/p>\n","protected":false},"featured_media":5498,"comment_status":"open","ping_status":"closed","template":"","meta":{"inline_featured_image":false,"_joinchat":[]},"product_brand":[],"product_cat":[27,26],"product_tag":[],"class_list":{"0":"post-5497","1":"product","2":"type-product","3":"status-publish","4":"has-post-thumbnail","6":"product_cat-civil","7":"product_cat-derecho","9":"first","10":"instock","11":"shipping-taxable","12":"purchasable","13":"product-type-simple"},"_links":{"self":[{"href":"https:\/\/bibliotecajuridicavirtual.cl\/index.php\/wp-json\/wp\/v2\/product\/5497","targetHints":{"allow":["GET"]}}],"collection":[{"href":"https:\/\/bibliotecajuridicavirtual.cl\/index.php\/wp-json\/wp\/v2\/product"}],"about":[{"href":"https:\/\/bibliotecajuridicavirtual.cl\/index.php\/wp-json\/wp\/v2\/types\/product"}],"replies":[{"embeddable":true,"href":"https:\/\/bibliotecajuridicavirtual.cl\/index.php\/wp-json\/wp\/v2\/comments?post=5497"}],"wp:featuredmedia":[{"embeddable":true,"href":"https:\/\/bibliotecajuridicavirtual.cl\/index.php\/wp-json\/wp\/v2\/media\/5498"}],"wp:attachment":[{"href":"https:\/\/bibliotecajuridicavirtual.cl\/index.php\/wp-json\/wp\/v2\/media?parent=5497"}],"wp:term":[{"taxonomy":"product_brand","embeddable":true,"href":"https:\/\/bibliotecajuridicavirtual.cl\/index.php\/wp-json\/wp\/v2\/product_brand?post=5497"},{"taxonomy":"product_cat","embeddable":true,"href":"https:\/\/bibliotecajuridicavirtual.cl\/index.php\/wp-json\/wp\/v2\/product_cat?post=5497"},{"taxonomy":"product_tag","embeddable":true,"href":"https:\/\/bibliotecajuridicavirtual.cl\/index.php\/wp-json\/wp\/v2\/product_tag?post=5497"}],"curies":[{"name":"wp","href":"https:\/\/api.w.org\/{rel}","templated":true}]}}