{"id":5499,"date":"2026-04-27T18:45:25","date_gmt":"2026-04-27T22:45:25","guid":{"rendered":"https:\/\/bibliotecajuridicavirtual.cl\/?post_type=product&#038;p=5499"},"modified":"2026-04-27T18:45:25","modified_gmt":"2026-04-27T22:45:25","slug":"curso-de-derecho-procesal-penal-ignacio-ried-undurraga-2da-edicion-ano-2026-760-paginas","status":"publish","type":"product","link":"https:\/\/bibliotecajuridicavirtual.cl\/index.php\/product\/curso-de-derecho-procesal-penal-ignacio-ried-undurraga-2da-edicion-ano-2026-760-paginas\/","title":{"rendered":"Curso de Derecho Procesal Penal * Ignacio Ried Undurraga 2da. edici\u00f3n a\u00f1o 2026 * 760 P\u00e1ginas"},"content":{"rendered":"<h2>Descripci\u00f3n<\/h2>\n<p>En un contexto de constantes reformas y desaf\u00edos judiciales, Curso de Derecho Procesal Penal de Ignacio Ried ofrece una visi\u00f3n completa y actualizada del sistema chileno. Con un enfoque centrado en la protecci\u00f3n de garant\u00edas fundamentales, el autor analiza en profundidad las principales instituciones del proceso penal, desde la investigaci\u00f3n inicial hasta la ejecuci\u00f3n de la sentencia. Adem\u00e1s, aborda temas clave como la prisi\u00f3n preventiva y los recursos procesales, ofreciendo ejemplos pr\u00e1cticos y referencias a la jurisprudencia reciente.<\/p>\n<p>Este libro no solo es una herramienta indispensable para estudiantes de derecho y acad\u00e9micos, sino tambi\u00e9n para abogados, fiscales y jueces que deseen profundizar en la aplicaci\u00f3n pr\u00e1ctica del C\u00f3digo Procesal Penal. Con un lenguaje claro y preciso, Ignacio Ried logra conjugar el rigor acad\u00e9mico con una perspectiva cr\u00edtica, invitando al lector a reflexionar sobre los alcances y limitaciones del sistema judicial chileno.<\/p>\n<p><b><strong><u>CAP\u00cdTULO I<\/u><\/strong><\/b><b><strong><br \/>\nASPECTOS GENERALES<\/strong><\/b><\/p>\n<p>1.Referencia hist\u00f3rica<br \/>\n2.Relaciones del derecho procesal penal con el derecho penal, constitucional y administrativo<br \/>\n3.Aplicaci\u00f3n de la ley procesal penal en el tiempo y espacio<br \/>\n4.Interpretaci\u00f3n e integraci\u00f3n de la ley procesal penal<br \/>\n5.Estructura y etapas del proceso penal<\/p>\n<p><b><strong><u>CAP\u00cdTULO II<\/u><\/strong><\/b><b><strong><br \/>\nACCIONES PENALES Y CIVILES<\/strong><\/b><\/p>\n<p>1.Concepto de acci\u00f3n y pretensi\u00f3n<br \/>\n2.Relevancia y utilidad del concepto de acci\u00f3n y pretensi\u00f3n penal<br \/>\n3.Acciones penales (P\u00fablica, Previa instancia particular, Privada)<br \/>\n4.Acciones civiles<br \/>\n5.Diferencias entre la acci\u00f3n civil y la penal<br \/>\n6.Competencia de tribunales civiles<br \/>\n7.Aspectos procedimentales del ejercicio de la acci\u00f3n civil en el proceso penal<br \/>\n8.Renuncia de la acci\u00f3n penal<br \/>\n9.Destino de la acci\u00f3n civil si el caso no llega a juicio oral<br \/>\n10.La acci\u00f3n civil en la etapa preparatoria y en el juicio oral<br \/>\n11.Vinculaci\u00f3n de la acci\u00f3n civil respecto de la absoluci\u00f3n o condena penal<br \/>\n12.Responsabilidad civil y salidas alternativas<br \/>\n13.Cuestiones prejudiciales civiles<br \/>\n14.El comiso como acci\u00f3n civil<br \/>\n15.Acciones civiles respecto de delitos econ\u00f3micos (Ley 21.595)<\/p>\n<p><b><strong><u>CAP\u00cdTULO III<\/u><\/strong><\/b><b><strong><br \/>\nCONTROL DE GARANT\u00cdAS EN EL C\u00d3DIGO PROCESAL PENAL<\/strong><\/b><\/p>\n<p>1.Aspectos generales<br \/>\n2.Cautela de garant\u00edas (Art. 10 CPP)<br \/>\n3.Amparo ante el juez de garant\u00eda (Art. 95 CPP) y amparo constitucional<br \/>\n4.Autorizaci\u00f3n judicial de diligencias de investigaci\u00f3n (medidas intrusivas)<br \/>\n5.Recurso de nulidad<br \/>\n6.Nulidad procesal<\/p>\n<p><b><strong><u>CAP\u00cdTULO IV<\/u><br \/>\nINTERVINIENTES Y SUJETOS PROCESALES EN EL \u00c1MBITO PENAL<\/strong><\/b><\/p>\n<p>1.Aspectos generales<br \/>\n2.Ministerio P\u00fablico (Fiscal\u00eda Supraterritorial, etc.)<br \/>\n3.Imputado<br \/>\n4.Abogado defensor<br \/>\n5.Defensor\u00eda Penal P\u00fablica<br \/>\n6.V\u00edctima y querellante<br \/>\n7.Polic\u00edas<br \/>\n8.Tribunales con competencia penal (Juez de garant\u00eda, TOP, etc.)<\/p>\n<p><b><strong><u>CAP\u00cdTULO V<\/u><\/strong><\/b><b><strong><br \/>\nSALIDAS ALTERNATIVAS Y ANTICIPADAS<\/strong><\/b><\/p>\n<p>1.Aspectos generales<br \/>\n2.Archivo provisional<br \/>\n3.Facultad de no iniciar investigaci\u00f3n<br \/>\n4.Principio de oportunidad<br \/>\n5.Acuerdos reparatorios<br \/>\n6.Suspensi\u00f3n condicional del procedimiento<\/p>\n<p><b><strong><u>CAP\u00cdTULO VI<\/u><\/strong><\/b><b><strong><br \/>\nNORMAS COMUNES A LOS PROCEDIMIENTOS PENALES<\/strong><\/b><\/p>\n<p>1.Plazos<br \/>\n2.Comunicaciones entre autoridades y tribunales<br \/>\n3.Notificaciones y citaciones<br \/>\n4.Resoluciones y actuaciones judiciales<br \/>\n5.Cr\u00edticas al sistema de audiencias<br \/>\n6.Costas<br \/>\n7.Tramitaci\u00f3n Electr\u00f3nica (Ley 20.886)<br \/>\n8.Aplicaci\u00f3n supletoria del CPC (p\u00e1g. 230)<\/p>\n<p><b><strong><u>CAP\u00cdTULO VII<\/u><\/strong><\/b><b><strong><br \/>\nINVESTIGACI\u00d3N<\/strong><\/b><\/p>\n<p>1.Formas de inicio de la investigaci\u00f3n<br \/>\n2.Formalizaci\u00f3n de la investigaci\u00f3n<br \/>\n3.Aspectos generales de la investigaci\u00f3n<br \/>\n4.Estudio particular de diligencias de investigaci\u00f3n (testigos, peritajes, interceptaciones, etc.)<br \/>\n5.Cierre y reapertura de la investigaci\u00f3n<br \/>\n6.Decisi\u00f3n de no perseverar y forzamiento de la acusaci\u00f3n<br \/>\n7.Sobreseimiento definitivo y temporal<\/p>\n<p><b><strong><u>CAP\u00cdTULO VIII<\/u><\/strong><\/b><b><strong><br \/>\nESTUDIO GENERAL DE LAS MEDIDAS CAUTELARES PERSONALES Y, EN PARTICULAR, DE LA CITACI\u00d3N Y LA DETENCI\u00d3N<\/strong><\/b><\/p>\n<p>1.Concepto<br \/>\n2.Aspectos generales<br \/>\n3.Principios: Legalidad, Jurisdiccionalidad, Fundamentaci\u00f3n, Proporcionalidad y Requisitos<br \/>\n4.Estudio particular de las medidas cautelares personales de citaci\u00f3n y de detenci\u00f3n<\/p>\n<p><b><strong><u>CAP\u00cdTULO IX<\/u><\/strong><\/b><b><strong><br \/>\nPRISI\u00d3N PREVENTIVA<\/strong><\/b><\/p>\n<p>1.Aspectos generales<br \/>\n2.Requisitos copulativos para la imposici\u00f3n de la prisi\u00f3n preventiva<br \/>\n3.Procedimiento para decretar la prisi\u00f3n preventiva<br \/>\n4.Recursos procesales en contra de la resoluci\u00f3n que se pronuncia sobre la prisi\u00f3n preventiva<br \/>\n5.Condiciones para el cumplimiento: Estatuto del preso e internaci\u00f3n provisoria<\/p>\n<p><b><strong><u>CAP\u00cdTULO X<\/u><\/strong><\/b><b><strong><br \/>\nMEDIDAS CAUTELARES DEL ART\u00cdCULO 155 DEL C\u00d3DIGO PROCESAL PENAL Y DE OTROS CUERPOS LEGALES<\/strong><\/b><\/p>\n<p>1.Aspectos generales<br \/>\n2.Estudio particular de las medidas cautelares personales del art\u00edculo 155<br \/>\n3.Medidas cautelares personales especiales reguladas en otros cuerpos legales<br \/>\n4.Requisitos para el otorgamiento de estas medidas cautelares personales especiales<\/p>\n<p><b><strong><u>CAP\u00cdTULO XI<\/u><\/strong><\/b><b><strong><br \/>\nMEDIDAS CAUTELARES REALES Y SUS REFORMAS A PARTIR DE LAS LEYES 21.577 Y 21.595 DE 2023<\/strong><\/b><\/p>\n<p><b><strong><u>CAP\u00cdTULO XII<\/u><\/strong><\/b><b><strong><br \/>\nETAPA PREPARATORIA<\/strong><\/b><\/p>\n<p>1.Aspectos generales<br \/>\n2.Fase escrita: Acusaci\u00f3n fiscal, adhesi\u00f3n y acusaci\u00f3n particular<br \/>\n3.Fase oral: Audiencia preparatoria de juicio, principios y desarrollo<br \/>\n4.El auto de apertura del juicio oral<\/p>\n<p><b><strong>CAP\u00cdTULO XIII<\/strong><\/b><br \/>\n<b><strong>EL JUICIO ORAL<\/strong><\/b><\/p>\n<p>1.Aspectos generales<br \/>\n2.Principios generales del juicio oral<br \/>\n3.Estructura general del juicio oral<br \/>\n4.La prueba en el juicio oral<\/p>\n<p><b><strong><u>CAP\u00cdTULO XIV<\/u><\/strong><\/b><b><strong><br \/>\nLA SENTENCIA DEFINITIVA<\/strong><\/b><\/p>\n<p>1.istema de valoraci\u00f3n de la prueba y convicci\u00f3n para condenar: Sana cr\u00edtica y duda razonable<b><strong><br \/>\n<\/strong><\/b>2.Los tres momentos en el pronunciamiento: Veredicto, audiencia de determinaci\u00f3n de pena y sentencia definitiva<\/p>\n<p><b><strong><u>CAP\u00cdTULO XV<\/u><\/strong><\/b><b><strong><br \/>\nEJECUCI\u00d3N DE LAS SENTENCIAS<\/strong><\/b><\/p>\n<p>1.Ejecuci\u00f3n de la sentencia de condena<br \/>\n2.Ejecuci\u00f3n de la sentencia civil pronunciada en el proceso penal<br \/>\n3.Ejecuci\u00f3n del comiso<br \/>\n4.Ejecuci\u00f3n de las medidas de seguridad<\/p>\n<p><b><strong><u>CAP\u00cdTULO XVI<\/u><\/strong><\/b><b><strong><br \/>\nRECURSOS PROCESALES<\/strong><\/b><\/p>\n<p>1.Caracter\u00edsticas generales del sistema de recursos procesales en el proceso penal<br \/>\n2.Reglas comunes aplicables al sistema de recursos del CPP<br \/>\n3.Estudio particular de los recursos procesales<\/p>\n<p><b><strong><u>CAP\u00cdTULO XVII<\/u><\/strong><\/b><b><strong><br \/>\nPROCEDIMIENTOS ESPECIALES<\/strong><\/b><\/p>\n<p>1.Aspectos generales<br \/>\n2.Procedimiento abreviado<br \/>\n3.Procedimiento simplificado<br \/>\n4.Procedimiento monitorio<br \/>\n5.Procedimiento por delito de acci\u00f3n penal privada<br \/>\n6.Desafuero y querella de cap\u00edtulos<br \/>\n7.Extradici\u00f3n<\/p>\n","protected":false},"excerpt":{"rendered":"<p>Buscas un libro Jur\u00eddico.? Lo puedes encontrar en nuestra tienda virtual.<br \/>\nContamos con prestigiosos autores y muchas alternativas en sus diferentes materias al igual que grandes descuentos.! Vis\u00edtanos en <a class=\"xwxVfcRwnBUeGipgoiZPeKPJMrvzgAVqE \" tabindex=\"0\" href=\"https:\/\/lnkd.in\/eiAG7jdZ\" target=\"_blank\" rel=\"noopener\" data-test-app-aware-link=\"\">https:\/\/lnkd.in\/eiAG7jdZ<\/a><br \/>\nEscr\u00edbenos al +56930565235 \/ <a class=\"xwxVfcRwnBUeGipgoiZPeKPJMrvzgAVqE \" tabindex=\"0\" href=\"mailto:ventaslegallexglobal@gmail.com\" target=\"_self\" data-test-app-aware-link=\"\">ventaslegallexglobal@gmail.com<\/a><br \/>\nHacemos env\u00edos a todo Chile \u2013 Starken o Correos Chile \/ Te esperamos.<\/p>\n","protected":false},"featured_media":5500,"comment_status":"open","ping_status":"closed","template":"","meta":{"inline_featured_image":false,"_joinchat":[]},"product_brand":[],"product_cat":[35,34],"product_tag":[],"class_list":{"0":"post-5499","1":"product","2":"type-product","3":"status-publish","4":"has-post-thumbnail","6":"product_cat-categoria","7":"product_cat-procesal-penal","9":"first","10":"instock","11":"shipping-taxable","12":"purchasable","13":"product-type-simple"},"_links":{"self":[{"href":"https:\/\/bibliotecajuridicavirtual.cl\/index.php\/wp-json\/wp\/v2\/product\/5499","targetHints":{"allow":["GET"]}}],"collection":[{"href":"https:\/\/bibliotecajuridicavirtual.cl\/index.php\/wp-json\/wp\/v2\/product"}],"about":[{"href":"https:\/\/bibliotecajuridicavirtual.cl\/index.php\/wp-json\/wp\/v2\/types\/product"}],"replies":[{"embeddable":true,"href":"https:\/\/bibliotecajuridicavirtual.cl\/index.php\/wp-json\/wp\/v2\/comments?post=5499"}],"wp:featuredmedia":[{"embeddable":true,"href":"https:\/\/bibliotecajuridicavirtual.cl\/index.php\/wp-json\/wp\/v2\/media\/5500"}],"wp:attachment":[{"href":"https:\/\/bibliotecajuridicavirtual.cl\/index.php\/wp-json\/wp\/v2\/media?parent=5499"}],"wp:term":[{"taxonomy":"product_brand","embeddable":true,"href":"https:\/\/bibliotecajuridicavirtual.cl\/index.php\/wp-json\/wp\/v2\/product_brand?post=5499"},{"taxonomy":"product_cat","embeddable":true,"href":"https:\/\/bibliotecajuridicavirtual.cl\/index.php\/wp-json\/wp\/v2\/product_cat?post=5499"},{"taxonomy":"product_tag","embeddable":true,"href":"https:\/\/bibliotecajuridicavirtual.cl\/index.php\/wp-json\/wp\/v2\/product_tag?post=5499"}],"curies":[{"name":"wp","href":"https:\/\/api.w.org\/{rel}","templated":true}]}}