{"id":5543,"date":"2026-05-07T19:21:12","date_gmt":"2026-05-07T23:21:12","guid":{"rendered":"https:\/\/bibliotecajuridicavirtual.cl\/?post_type=product&#038;p=5543"},"modified":"2026-05-07T19:24:23","modified_gmt":"2026-05-07T23:24:23","slug":"constitucion-politica-de-la-republica-de-chile-nueva-version-anillada-javier-barrientos-grandon-1-edicion-actualizada-a-marzo-ano-2026-289-pag","status":"publish","type":"product","link":"https:\/\/bibliotecajuridicavirtual.cl\/index.php\/product\/constitucion-politica-de-la-republica-de-chile-nueva-version-anillada-javier-barrientos-grandon-1-edicion-actualizada-a-marzo-ano-2026-289-pag\/","title":{"rendered":"Constituci\u00f3n Pol\u00edtica de la Rep\u00fablica de Chile, Nueva Versi\u00f3n Anillada * Javier Barrientos Grandon &#8211; 1\u00b0 edici\u00f3n Actualizada a Marzo a\u00f1o 2026 &#8211; 289 P\u00e1g."},"content":{"rendered":"<p>INTRODUCCI\u00d3N<\/p>\n<p>Esta edici\u00f3n de la Constituci\u00f3n Pol\u00edtica de Rep\u00fablica ofrece su texto actualizado, de<\/p>\n<p>manera que en \u00e9l se han incorporado todas sus reformas, las que se indican en las co-<br \/>\nrrespondientes notas a pie de p\u00e1gina, que remiten a las leyes de reforma constitucional<\/p>\n<p>que han substituido o modificado el texto. Estas notas, salvo indicaci\u00f3n expresa, toman<br \/>\ncomo punto de partida el texto originario de la Constituci\u00f3n, seg\u00fan se conten\u00eda en el<br \/>\nDecreto Ley No 3.464, publicado en el Diario Oficial de 11 de agosto de 1980 y en su<br \/>\ntexto publicado en el Diario Oficial de 24 de octubre de 1980. En ellas, igualmente,<\/p>\n<p>se destaca cuando corresponde la nueva numeraci\u00f3n u ordenaci\u00f3n derivada de las re-<br \/>\nformas introducidas por la Ley No 20.050, de reforma constitucional publicada en el<\/p>\n<p>Diario Oficial de 26 de agosto de 2005, debidamente reflejadas en el texto refundido,<\/p>\n<p>coordinado y sistematizado de la Constituci\u00f3n Pol\u00edtica de la Rep\u00fablica, fijado por De-<br \/>\ncreto No 100, publicado en el Diario Oficial de 22 de septiembre de 2005.<\/p>\n<p>Las notas, por regla general, incorporan los textos anteriores al vigente en la actuali-<br \/>\ndad, y en todos los casos la referencia concreta a la ley que ha modificado la disposici\u00f3n<\/p>\n<p>de la que se trata, con indicaci\u00f3n de su publicaci\u00f3n en el Diario Oficial y, cuando es<br \/>\nprocedente, las advertencias tocantes a la entrada en vigor de las modificaciones. De<br \/>\neste modo, en las notas se contiene una especie de historia textual de la Constituci\u00f3n.<br \/>\nEl texto de los art\u00edculos va precedido de una r\u00fabrica que, por no formar parte del<\/p>\n<p>texto constitucional, se coloca entre corchetes, cuya funci\u00f3n es proporcionar una des-<br \/>\ncripci\u00f3n breve y compendiada de la disposici\u00f3n. Solo se prescinde de las r\u00fabricas en<\/p>\n<p>aquellos casos en los que la propia disposici\u00f3n cuenta con un encabezado de contenido,<\/p>\n<p>como ocurre con los art\u00edculos incorporados en alguna de las \u00faltimas reformas consti-<br \/>\ntucionales.<\/p>\n<p>Por el prop\u00f3sito de ofrecer con esta edici\u00f3n un texto que permita su acceso al texto<br \/>\nvigente y facilite su estudio y examen, se ha incorporado para cada disposici\u00f3n un<br \/>\napartado b\u00e1sico de referencias, a otros textos de la misma Constituci\u00f3n y, en su caso, a<br \/>\nlos principales textos legales que le est\u00e1n relacionados. Ese mismo prop\u00f3sito es el que<\/p>\n<p>explica que, para el art\u00edculo 19, se indiquen esas referencias en cada uno de sus n\u00fame-<br \/>\nros de manera separada.<\/p>\n<p>Finalmente, en muchos de los art\u00edculos se ha incluido un apartado de referencias a<br \/>\nlas sentencias del Tribunal Constitucional (Stc), que se han pronunciado sobre ellos o<br \/>\nsobre algunas de las materias de las que tratan. Se ha dado preferencia a las sentencias<\/p>\n<p>10 CONSTITUCI\u00d3N POL\u00cdTICA DE LA REP\u00daBLICA DE CHILE<\/p>\n<p>m\u00e1s recientes y, en particular, a aquellas que reciben los criterios o principios expre-<br \/>\nsados en fallos anteriores, y van precedidas de una breve r\u00fabrica que indica la materia<\/p>\n<p>sobre la que versan.<\/p>\n<p>&nbsp;<\/p>\n<p>\u00cdNDICE<\/p>\n<p>INTRODUCCI\u00d3N&#8230;&#8230;&#8230;&#8230;&#8230;&#8230;&#8230;&#8230;&#8230;&#8230;&#8230;&#8230;&#8230;&#8230;&#8230;&#8230;&#8230;&#8230;&#8230;&#8230;&#8230;&#8230;&#8230;&#8230;&#8230;&#8230;&#8230;&#8230;&#8230;&#8230;&#8230;&#8230;&#8230;&#8230;&#8230;. 9<br \/>\nD. No 100 del Ministerio Secretar\u00eda General de la Presidencia.<br \/>\nFija el texto refundido, coordinado y sistematizado de<br \/>\nla Constituci\u00f3n Pol\u00edtica de la Rep\u00fablica de Chile&#8230;&#8230;&#8230;&#8230;&#8230;&#8230;&#8230;&#8230;&#8230;&#8230;&#8230;&#8230;&#8230;&#8230;&#8230;&#8230;&#8230;&#8230;&#8230;&#8230;.. 11<br \/>\nCAP\u00cdTULO I<br \/>\nBASES DE LA INSTITUCIONALIDAD&#8230;&#8230;&#8230;&#8230;&#8230;&#8230;&#8230;&#8230;&#8230;&#8230;&#8230;&#8230;&#8230;&#8230;&#8230;&#8230;&#8230;&#8230;&#8230;&#8230;&#8230;&#8230;&#8230;&#8230;. 13<br \/>\nCAP\u00cdTULO II<br \/>\nNACIONALIDAD Y CIUDADAN\u00cdA&#8230;&#8230;&#8230;&#8230;&#8230;&#8230;&#8230;&#8230;&#8230;&#8230;&#8230;&#8230;&#8230;&#8230;&#8230;&#8230;&#8230;&#8230;&#8230;&#8230;&#8230;&#8230;&#8230;&#8230;&#8230;&#8230;. 23<br \/>\nCAP\u00cdTULO III<br \/>\nDE LOS DERECHOS Y DEBERES CONSTITUCIONALES&#8230;&#8230;&#8230;&#8230;&#8230;&#8230;&#8230;&#8230;&#8230;&#8230;&#8230;&#8230;&#8230;.. 33<br \/>\nCAP\u00cdTULO IV<br \/>\nGOBIERNO&#8230;&#8230;&#8230;&#8230;&#8230;&#8230;&#8230;&#8230;&#8230;&#8230;&#8230;&#8230;&#8230;&#8230;&#8230;&#8230;&#8230;&#8230;&#8230;&#8230;&#8230;&#8230;&#8230;&#8230;&#8230;&#8230;&#8230;&#8230;&#8230;&#8230;&#8230;&#8230;&#8230;&#8230;&#8230;&#8230;&#8230;&#8230;&#8230;.. 61<br \/>\nPresidente de la Rep\u00fablica &#8230;&#8230;&#8230;&#8230;&#8230;&#8230;&#8230;&#8230;&#8230;&#8230;&#8230;&#8230;&#8230;&#8230;&#8230;&#8230;&#8230;&#8230;&#8230;&#8230;&#8230;&#8230;&#8230;&#8230;&#8230;&#8230;&#8230;&#8230;&#8230;&#8230;. 61<br \/>\nMinistros de Estado&#8230;&#8230;&#8230;&#8230;&#8230;&#8230;&#8230;&#8230;&#8230;&#8230;&#8230;&#8230;&#8230;&#8230;&#8230;&#8230;&#8230;&#8230;&#8230;&#8230;&#8230;&#8230;&#8230;&#8230;&#8230;&#8230;&#8230;&#8230;&#8230;&#8230;&#8230;&#8230;&#8230;&#8230; 74<br \/>\nBases generales de la Administraci\u00f3n del Estado &#8230;&#8230;&#8230;&#8230;&#8230;&#8230;&#8230;&#8230;&#8230;&#8230;&#8230;&#8230;&#8230;&#8230;&#8230;&#8230;&#8230;&#8230;.. 78<br \/>\nEstados de excepci\u00f3n constitucional&#8230;&#8230;&#8230;&#8230;&#8230;&#8230;&#8230;&#8230;&#8230;&#8230;&#8230;&#8230;&#8230;&#8230;&#8230;&#8230;&#8230;&#8230;&#8230;&#8230;&#8230;&#8230;&#8230;&#8230;&#8230;. 79<br \/>\nCAP\u00cdTULO V<br \/>\nCONGRESO NACIONAL&#8230;&#8230;&#8230;&#8230;&#8230;&#8230;&#8230;&#8230;&#8230;&#8230;&#8230;&#8230;&#8230;&#8230;&#8230;&#8230;&#8230;&#8230;&#8230;&#8230;&#8230;&#8230;&#8230;&#8230;&#8230;&#8230;&#8230;&#8230;&#8230;&#8230;&#8230;&#8230; 85<br \/>\nComposici\u00f3n y generaci\u00f3n de la C\u00e1mara de Diputados y del Senado&#8230;&#8230;&#8230;&#8230;&#8230;&#8230;&#8230;&#8230;. 85<br \/>\nAtribuciones exclusivas de la C\u00e1mara de Diputados&#8230;&#8230;&#8230;&#8230;&#8230;&#8230;&#8230;&#8230;&#8230;&#8230;&#8230;&#8230;&#8230;&#8230;&#8230;&#8230;&#8230; 90<br \/>\nAtribuciones exclusivas del Senado&#8230;&#8230;&#8230;&#8230;&#8230;&#8230;&#8230;&#8230;&#8230;&#8230;&#8230;&#8230;&#8230;&#8230;&#8230;&#8230;&#8230;&#8230;&#8230;&#8230;&#8230;&#8230;&#8230;&#8230;&#8230;.. 92<br \/>\nAtribuciones exclusivas del Congreso &#8230;&#8230;&#8230;&#8230;&#8230;&#8230;&#8230;&#8230;&#8230;&#8230;&#8230;&#8230;&#8230;&#8230;&#8230;&#8230;&#8230;&#8230;&#8230;&#8230;&#8230;&#8230;&#8230;&#8230; 95<br \/>\nFuncionamiento del Congreso &#8230;&#8230;&#8230;&#8230;&#8230;&#8230;&#8230;&#8230;&#8230;&#8230;&#8230;&#8230;&#8230;&#8230;&#8230;&#8230;&#8230;&#8230;&#8230;&#8230;&#8230;&#8230;&#8230;&#8230;&#8230;&#8230;&#8230;&#8230;. 97<br \/>\nNormas comunes para los diputados y senadores &#8230;&#8230;&#8230;&#8230;&#8230;&#8230;&#8230;&#8230;&#8230;&#8230;&#8230;&#8230;&#8230;&#8230;&#8230;&#8230;&#8230;&#8230;. 98<br \/>\nMaterias de Ley &#8230;&#8230;&#8230;&#8230;&#8230;&#8230;&#8230;&#8230;&#8230;&#8230;&#8230;&#8230;&#8230;&#8230;&#8230;&#8230;&#8230;&#8230;&#8230;&#8230;&#8230;&#8230;&#8230;&#8230;&#8230;&#8230;&#8230;&#8230;&#8230;&#8230;&#8230;&#8230;&#8230;&#8230;&#8230;.. 106<br \/>\nFormaci\u00f3n de la Ley &#8230;&#8230;&#8230;&#8230;&#8230;&#8230;&#8230;&#8230;&#8230;&#8230;&#8230;&#8230;&#8230;&#8230;&#8230;&#8230;&#8230;&#8230;&#8230;&#8230;&#8230;&#8230;&#8230;&#8230;&#8230;&#8230;&#8230;&#8230;&#8230;&#8230;&#8230;&#8230;&#8230;. 109<br \/>\nCAP\u00cdTULO VI<br \/>\nPODER JUDICIAL&#8230;&#8230;&#8230;&#8230;&#8230;&#8230;&#8230;&#8230;&#8230;&#8230;&#8230;&#8230;&#8230;&#8230;&#8230;&#8230;&#8230;&#8230;&#8230;&#8230;&#8230;&#8230;&#8230;&#8230;&#8230;&#8230;&#8230;&#8230;&#8230;&#8230;&#8230;&#8230;&#8230;&#8230;&#8230;&#8230; 117<\/p>\n<p>6 CONSTITUCI\u00d3N POL\u00cdTICA DE LA REP\u00daBLICA DE CHILE<br \/>\nCAP\u00cdTULO VII<br \/>\nMINISTERIO P\u00daBLICO &#8230;&#8230;&#8230;&#8230;&#8230;&#8230;&#8230;&#8230;&#8230;&#8230;&#8230;&#8230;&#8230;&#8230;&#8230;&#8230;&#8230;&#8230;&#8230;&#8230;&#8230;&#8230;&#8230;&#8230;&#8230;&#8230;&#8230;&#8230;&#8230;&#8230;&#8230;&#8230;.. 125<br \/>\nCAP\u00cdTULO VIII<br \/>\nTRIBUNAL CONSTITUCIONAL&#8230;&#8230;&#8230;&#8230;&#8230;&#8230;&#8230;&#8230;&#8230;&#8230;&#8230;&#8230;&#8230;&#8230;&#8230;&#8230;&#8230;&#8230;&#8230;&#8230;&#8230;&#8230;&#8230;&#8230;&#8230;&#8230;&#8230;&#8230; 133<br \/>\nCAP\u00cdTULO IX<br \/>\nSISTEMA ELECTORAL Y JUSTICIA ELECTORAL&#8230;&#8230;&#8230;&#8230;&#8230;&#8230;&#8230;&#8230;&#8230;&#8230;&#8230;&#8230;&#8230;&#8230;&#8230;&#8230;&#8230;.. 141<br \/>\nCAP\u00cdTULO X<br \/>\nCONTRALOR\u00cdA GENERAL DE LA REP\u00daBLICA&#8230;&#8230;&#8230;&#8230;&#8230;&#8230;&#8230;&#8230;&#8230;&#8230;&#8230;&#8230;&#8230;&#8230;&#8230;&#8230;&#8230;&#8230;.. 145<br \/>\nCAP\u00cdTULO XI<br \/>\nFUERZAS ARMADAS, DE ORDEN Y SEGURIDAD P\u00daBLICA&#8230;&#8230;&#8230;&#8230;&#8230;&#8230;&#8230;&#8230;&#8230;&#8230;&#8230; 147<br \/>\nCAP\u00cdTULO XII<br \/>\nCONSEJO DE SEGURIDAD NACIONAL&#8230;&#8230;&#8230;&#8230;&#8230;&#8230;&#8230;&#8230;&#8230;&#8230;&#8230;&#8230;&#8230;&#8230;&#8230;&#8230;&#8230;&#8230;&#8230;&#8230;&#8230;&#8230;&#8230;. 151<br \/>\nCAP\u00cdTULO XIII<br \/>\nBANCO CENTRAL&#8230;&#8230;&#8230;&#8230;&#8230;&#8230;&#8230;&#8230;&#8230;&#8230;&#8230;&#8230;&#8230;&#8230;&#8230;&#8230;&#8230;&#8230;&#8230;&#8230;&#8230;&#8230;&#8230;&#8230;&#8230;&#8230;&#8230;&#8230;&#8230;&#8230;&#8230;&#8230;&#8230;&#8230;&#8230;. 153<br \/>\nCAP\u00cdTULO XIV<br \/>\nGOBIERNO Y ADMINISTRACI\u00d3N INTERIOR DEL ESTADO&#8230;&#8230;&#8230;&#8230;&#8230;&#8230;&#8230;&#8230;&#8230;&#8230;&#8230;.. 155<br \/>\nGobierno y Administraci\u00f3n Regional&#8230;&#8230;&#8230;&#8230;&#8230;&#8230;&#8230;&#8230;&#8230;&#8230;&#8230;&#8230;&#8230;&#8230;&#8230;&#8230;&#8230;&#8230;&#8230;&#8230;&#8230;&#8230;&#8230;&#8230;&#8230; 155<br \/>\nGobierno y Administraci\u00f3n Provincial&#8230;&#8230;&#8230;&#8230;&#8230;&#8230;&#8230;&#8230;&#8230;&#8230;&#8230;&#8230;&#8230;&#8230;&#8230;&#8230;&#8230;&#8230;&#8230;&#8230;&#8230;&#8230;&#8230;&#8230;. 161<br \/>\nAdministraci\u00f3n comunal &#8230;&#8230;&#8230;&#8230;&#8230;&#8230;&#8230;&#8230;&#8230;&#8230;&#8230;&#8230;&#8230;&#8230;&#8230;&#8230;&#8230;&#8230;&#8230;&#8230;&#8230;&#8230;&#8230;&#8230;&#8230;&#8230;&#8230;&#8230;&#8230;&#8230;&#8230;. 162<br \/>\nDisposiciones generales &#8230;&#8230;&#8230;&#8230;&#8230;&#8230;&#8230;&#8230;&#8230;&#8230;&#8230;&#8230;&#8230;&#8230;&#8230;&#8230;&#8230;&#8230;&#8230;&#8230;&#8230;&#8230;&#8230;&#8230;&#8230;&#8230;&#8230;&#8230;&#8230;&#8230;&#8230;.. 166<br \/>\nDisposiciones especiales&#8230;&#8230;&#8230;&#8230;&#8230;&#8230;&#8230;&#8230;&#8230;&#8230;&#8230;&#8230;&#8230;&#8230;&#8230;&#8230;&#8230;&#8230;&#8230;&#8230;&#8230;&#8230;&#8230;&#8230;&#8230;&#8230;&#8230;&#8230;&#8230;&#8230;&#8230;. 170<br \/>\nCAP\u00cdTULO XV<br \/>\nREFORMA DE LA CONSTITUCI\u00d3N Y DEL PROCEDIMIENTO<br \/>\nPARA ELABORAR UNA NUEVA CONSTITUCI\u00d3N DE LA REP\u00daBLICA&#8230;&#8230;&#8230;&#8230;&#8230;.. 171<br \/>\nReforma de la Constituci\u00f3n &#8230;&#8230;&#8230;&#8230;&#8230;&#8230;&#8230;&#8230;&#8230;&#8230;&#8230;&#8230;&#8230;&#8230;&#8230;&#8230;&#8230;&#8230;&#8230;&#8230;&#8230;&#8230;&#8230;&#8230;&#8230;&#8230;&#8230;&#8230;&#8230;.. 171<br \/>\nDel procedimiento para elaborar una Nueva Constituci\u00f3n Pol\u00edtica de la Rep\u00fablica &#8230; 173<br \/>\nDel nuevo procedimiento para elaborar una Constituci\u00f3n Pol\u00edtica de la Rep\u00fablica&#8230;. 185<br \/>\nDel Consejo Constitucional &#8230;&#8230;&#8230;&#8230;&#8230;&#8230;&#8230;&#8230;&#8230;&#8230;&#8230;&#8230;&#8230;&#8230;&#8230;&#8230;&#8230;&#8230;&#8230;&#8230;&#8230;&#8230;&#8230;&#8230;&#8230;&#8230;&#8230;&#8230;&#8230;. 185<br \/>\nDe la Comisi\u00f3n Experta &#8230;&#8230;&#8230;&#8230;&#8230;&#8230;&#8230;&#8230;&#8230;&#8230;&#8230;&#8230;&#8230;&#8230;&#8230;&#8230;&#8230;&#8230;&#8230;&#8230;&#8230;&#8230;&#8230;&#8230;&#8230;&#8230;&#8230;&#8230;&#8230;&#8230;&#8230;. 193<br \/>\nDel Comit\u00e9 T\u00e9cnico de Admisibilidad &#8230;&#8230;&#8230;&#8230;&#8230;&#8230;&#8230;&#8230;&#8230;&#8230;&#8230;&#8230;&#8230;&#8230;&#8230;&#8230;&#8230;&#8230;&#8230;&#8230;&#8230;&#8230;&#8230;&#8230; 193<br \/>\nReglas aplicables a los integrantes del Consejo Constitucional,<br \/>\nComisi\u00f3n Experta y Comit\u00e9 T\u00e9cnico de Admisibilidad &#8230;&#8230;&#8230;&#8230;&#8230;&#8230;&#8230;&#8230;&#8230;&#8230;&#8230;&#8230;&#8230;&#8230;&#8230;. 194<br \/>\nDel procedimiento &#8230;&#8230;&#8230;&#8230;&#8230;&#8230;&#8230;&#8230;&#8230;&#8230;&#8230;&#8230;&#8230;&#8230;&#8230;&#8230;&#8230;&#8230;&#8230;&#8230;&#8230;&#8230;&#8230;&#8230;&#8230;&#8230;&#8230;&#8230;&#8230;&#8230;&#8230;&#8230;&#8230;&#8230;. 196<\/p>\n<p>CONSTITUCI\u00d3N POL\u00cdTICA DE LA REP\u00daBLICA DE CHILE 7<br \/>\nDel requerimiento ante el Comit\u00e9 T\u00e9cnico de Admisibilidad &#8230;&#8230;&#8230;&#8230;&#8230;&#8230;&#8230;&#8230;&#8230;&#8230;&#8230;&#8230;. 200<br \/>\nDel funcionamiento y disoluci\u00f3n del Consejo Constitucional,<br \/>\nla Comisi\u00f3n Experta y el Comit\u00e9 T\u00e9cnico de Admisibilidad &#8230;&#8230;&#8230;&#8230;&#8230;&#8230;&#8230;&#8230;&#8230;&#8230;&#8230;&#8230;.. 201<br \/>\nDel plebiscito constitucional &#8230;&#8230;&#8230;&#8230;&#8230;&#8230;&#8230;&#8230;&#8230;&#8230;&#8230;&#8230;&#8230;&#8230;&#8230;&#8230;&#8230;&#8230;&#8230;&#8230;&#8230;&#8230;&#8230;&#8230;&#8230;&#8230;&#8230;&#8230;&#8230; 202<br \/>\nDISPOSICIONES TRANSITORIAS &#8230;&#8230;&#8230;&#8230;&#8230;&#8230;&#8230;&#8230;&#8230;&#8230;&#8230;&#8230;&#8230;&#8230;&#8230;&#8230;&#8230;&#8230;&#8230;&#8230;&#8230;&#8230;&#8230;&#8230;. 207<br \/>\nLEYES DE REFORMA CONSTITUCIONAL<br \/>\nINCORPORADAS EN ESTA EDICI\u00d3N &#8230;&#8230;&#8230;&#8230;&#8230;&#8230;&#8230;&#8230;&#8230;&#8230;&#8230;&#8230;&#8230;&#8230;&#8230;&#8230;&#8230;&#8230;&#8230;&#8230;&#8230;&#8230;. 251<\/p>\n","protected":false},"excerpt":{"rendered":"<p>Edici\u00f3n actualizada al 1 de marzo de 2026, concordada y anotada, con r\u00fabricas de art\u00edculos y remisiones a jurisprudencia.<\/p>\n<p>Buscas un libro Jur\u00eddico.? Lo puedes encontrar en nuestra tienda virtual.<br \/>\nContamos con prestigiosos autores y muchas alternativas en sus diferentes materias al igual que grandes descuentos.! Vis\u00edtanos en <a class=\"RGJGMvQfeXbqYCuKFscEcQGjxIzjdhbqwc \" tabindex=\"0\" href=\"https:\/\/lnkd.in\/eiAG7jdZ\" target=\"_blank\" rel=\"noopener\" data-test-app-aware-link=\"\">https:\/\/lnkd.in\/eiAG7jdZ<\/a><br \/>\nEscr\u00edbenos al +56930565235 \/ <a class=\"RGJGMvQfeXbqYCuKFscEcQGjxIzjdhbqwc \" tabindex=\"0\" href=\"mailto:ventaslegallexglobal@gmail.com\" target=\"_self\" data-test-app-aware-link=\"\">ventaslegallexglobal@gmail.com<\/a><br \/>\nHacemos env\u00edos a todo Chile \u2013 Starken o Correos Chile \/ Te esperamos<\/p>\n","protected":false},"featured_media":5544,"comment_status":"open","ping_status":"closed","template":"","meta":{"inline_featured_image":false,"_joinchat":[]},"product_brand":[],"product_cat":[33,26],"product_tag":[],"class_list":{"0":"post-5543","1":"product","2":"type-product","3":"status-publish","4":"has-post-thumbnail","6":"product_cat-constitucional","7":"product_cat-derecho","9":"first","10":"instock","11":"shipping-taxable","12":"purchasable","13":"product-type-simple"},"_links":{"self":[{"href":"https:\/\/bibliotecajuridicavirtual.cl\/index.php\/wp-json\/wp\/v2\/product\/5543","targetHints":{"allow":["GET"]}}],"collection":[{"href":"https:\/\/bibliotecajuridicavirtual.cl\/index.php\/wp-json\/wp\/v2\/product"}],"about":[{"href":"https:\/\/bibliotecajuridicavirtual.cl\/index.php\/wp-json\/wp\/v2\/types\/product"}],"replies":[{"embeddable":true,"href":"https:\/\/bibliotecajuridicavirtual.cl\/index.php\/wp-json\/wp\/v2\/comments?post=5543"}],"wp:featuredmedia":[{"embeddable":true,"href":"https:\/\/bibliotecajuridicavirtual.cl\/index.php\/wp-json\/wp\/v2\/media\/5544"}],"wp:attachment":[{"href":"https:\/\/bibliotecajuridicavirtual.cl\/index.php\/wp-json\/wp\/v2\/media?parent=5543"}],"wp:term":[{"taxonomy":"product_brand","embeddable":true,"href":"https:\/\/bibliotecajuridicavirtual.cl\/index.php\/wp-json\/wp\/v2\/product_brand?post=5543"},{"taxonomy":"product_cat","embeddable":true,"href":"https:\/\/bibliotecajuridicavirtual.cl\/index.php\/wp-json\/wp\/v2\/product_cat?post=5543"},{"taxonomy":"product_tag","embeddable":true,"href":"https:\/\/bibliotecajuridicavirtual.cl\/index.php\/wp-json\/wp\/v2\/product_tag?post=5543"}],"curies":[{"name":"wp","href":"https:\/\/api.w.org\/{rel}","templated":true}]}}